{"id":31548,"date":"2022-12-08T11:25:23","date_gmt":"2022-12-08T10:25:23","guid":{"rendered":"https:\/\/fobizz.com\/?page_id=31548"},"modified":"2025-07-14T11:20:03","modified_gmt":"2025-07-14T09:20:03","slug":"anfrage-paedagogischer-tag","status":"publish","type":"page","link":"https:\/\/fobizz.com\/de\/anfrage-paedagogischer-tag\/","title":{"rendered":"Anfrage P\u00e4dagogischer Tag"},"content":{"rendered":"<div id='av_section_1'  class='avia-section av-18pnrt4-22da100d074ecc0961ceec15698d68b2 main_color avia-section-default avia-no-border-styling  avia-builder-el-0  avia-builder-el-no-sibling  avia-bg-style-scroll container_wrap sidebar_right'  ><div class='container av-section-cont-open' ><main  role=\"main\" itemprop=\"mainContentOfPage\"  class='template-page content  av-content-small alpha units'><div class='post-entry post-entry-type-page post-entry-31548'><div class='entry-content-wrapper clearfix'>\n\n<style type=\"text\/css\" data-created_by=\"avia_inline_auto\" id=\"style-css-av-2h3vt6y-d1687804364fcf2a1d313bc3e5588665\">\n.flex_column.av-2h3vt6y-d1687804364fcf2a1d313bc3e5588665{\nborder-radius:0px 0px 0px 0px;\npadding:0px 0px 0px 0px;\n}\n<\/style>\n<div  class='flex_column av-2h3vt6y-d1687804364fcf2a1d313bc3e5588665 av_four_fifth  avia-builder-el-1  el_before_av_one_fifth  avia-builder-el-first  first flex_column_div av-zero-column-padding  '     ><section  class='av_textblock_section av-lkm7hpyl-185582617073dbe91548a7d17cbe79bf '   itemscope=\"itemscope\" itemtype=\"https:\/\/schema.org\/CreativeWork\" ><div class='avia_textblock newdesign_h1'  itemprop=\"text\" ><h1>Anfrage P\u00e4dagogischer Tag<\/h1>\n<\/div><\/section><br \/>\n<section  class='av_textblock_section av-mcndwmm2-d63ba0a38ea00d059f02084ced1590e2 '   itemscope=\"itemscope\" itemtype=\"https:\/\/schema.org\/CreativeWork\" ><div class='avia_textblock'  itemprop=\"text\" ><p>Als Schule <strong>ohne Schullizenz<\/strong> k\u00f6nnen Sie am P\u00e4dagogischen Tag alle Angebote von fobizz und to teach 15 Tage lang kostenfrei nutzen. Weitere Infos zu diesem Angebot finden Sie <a href=\"https:\/\/fobizz.com\/de\/paedagogische-tage\/\" target=\"_blank\" rel=\"noopener\">hier<\/a>.<\/p>\n<p>Als Schule <strong>mit Schullizenz<\/strong> finden Sie <a href=\"https:\/\/fobizz.com\/de\/paedagogische-tage\/#material\" target=\"_blank\" rel=\"noopener\">hier<\/a> passendes Material zur Planung Ihres P\u00e4dagogischen Tages.<\/p>\n<p>Gerne unterst\u00fctzen wir Sie am P\u00e4dagogischen Tag mit einem <a href=\"https:\/\/fobizz.com\/de\/workshops-vortraege\/\" target=\"_blank\" rel=\"noopener\">digitalen Workshop oder Vortrag<\/a> zum Thema K\u00fcnstliche Intelligenz oder anderen Schwerpunkten.<\/p>\n<p><strong>Bitte beachten Sie:<\/strong> Der kostenfreie P\u00e4dagogischer Tag mit fobizz kann <strong>pro Schule nur einmal<\/strong>\u00a0durchgef\u00fchrt werden.<\/p>\n<\/div><\/section><\/p><\/div>\n<style type=\"text\/css\" data-created_by=\"avia_inline_auto\" id=\"style-css-av-7e3al8-467c605b1ac9b7620a89bbaf9e3b342e\">\n.flex_column.av-7e3al8-467c605b1ac9b7620a89bbaf9e3b342e{\nborder-radius:0px 0px 0px 0px;\npadding:0px 0px 0px 0px;\n}\n<\/style>\n<div  class='flex_column av-7e3al8-467c605b1ac9b7620a89bbaf9e3b342e av_one_fifth  avia-builder-el-4  el_after_av_four_fifth  el_before_av_three_fifth  flex_column_div av-zero-column-padding  '     ><\/div>\n<style type=\"text\/css\" data-created_by=\"avia_inline_auto\" id=\"style-css-av-1paru1o-1d200eac0f61e779f61abd81c94bd8bc\">\n.flex_column.av-1paru1o-1d200eac0f61e779f61abd81c94bd8bc{\nborder-radius:0px 0px 0px 0px;\npadding:0px 0px 0px 0px;\n}\n<\/style>\n<div  class='flex_column av-1paru1o-1d200eac0f61e779f61abd81c94bd8bc av_three_fifth  avia-builder-el-5  el_after_av_one_fifth  el_before_av_two_fifth  first flex_column_div av-zero-column-padding  column-top-margin'     ><\/div>\n<style type=\"text\/css\" data-created_by=\"avia_inline_auto\" id=\"style-css-av-klwx98-365154e2c20fb143923059b69043cbbf\">\n.flex_column.av-klwx98-365154e2c20fb143923059b69043cbbf{\nborder-radius:0px 0px 0px 0px;\npadding:0px 0px 0px 0px;\n}\n<\/style>\n<div  class='flex_column av-klwx98-365154e2c20fb143923059b69043cbbf av_two_fifth  avia-builder-el-7  el_after_av_three_fifth  avia-builder-el-last  flex_column_div av-zero-column-padding  column-top-margin'     ><\/div><\/div><\/div><\/main><!-- close content main element --><\/div><\/div><div id='after_section_1'  class='main_color av_default_container_wrap container_wrap sidebar_right'  ><div class='container av-section-cont-open' ><div class='template-page content  av-content-small alpha units'><div class='post-entry post-entry-type-page post-entry-31548'><div class='entry-content-wrapper clearfix'>\n","protected":false},"excerpt":{"rendered":"","protected":false},"author":15,"featured_media":0,"parent":0,"menu_order":0,"comment_status":"closed","ping_status":"closed","template":"","meta":{"_monsterinsights_skip_tracking":false,"_monsterinsights_sitenote_active":false,"_monsterinsights_sitenote_note":"","_monsterinsights_sitenote_category":0,"_uf_show_specific_survey":0,"_uf_disable_surveys":false,"footnotes":""},"class_list":["post-31548","page","type-page","status-publish","hentry"],"acf":[],"yoast_head":"<!-- This site is optimized with the Yoast SEO Premium plugin v26.2 (Yoast SEO v27.3) - https:\/\/yoast.com\/product\/yoast-seo-premium-wordpress\/ -->\n<title>P\u00e4dagogischen Tag anfragen<\/title>\n<meta name=\"description\" content=\"Nutzen Sie dieses Formular f\u00fcr eine unverbindliche Anfrage f\u00fcr einen kostenfreien P\u00e4dagogischen Tag mit fobizz und to teach.\" \/>\n<meta name=\"robots\" content=\"noindex, nofollow\" \/>\n<meta name=\"twitter:card\" content=\"summary_large_image\" \/>\n<meta name=\"twitter:title\" content=\"P\u00e4dagogischer Tag mit fobizz\" \/>\n<meta name=\"twitter:description\" content=\"Nutzen Sie dieses Formular f\u00fcr eine unverbindliche Anfrage f\u00fcr einen kostenfreien P\u00e4dagogischen Tag mit fobizz und to teach.\" \/>\n<meta name=\"twitter:image\" content=\"https:\/\/fobizz.com\/wp-content\/uploads\/2022\/12\/Fallberatung.png\" \/>\n<meta name=\"twitter:site\" content=\"@fobizz\" \/>\n<meta name=\"twitter:label1\" content=\"Gesch\u00e4tzte Lesezeit\" \/>\n\t<meta name=\"twitter:data1\" content=\"1\u00a0Minute\" \/>\n<script type=\"application\/ld+json\" class=\"yoast-schema-graph\">{\"@context\":\"https:\\\/\\\/schema.org\",\"@graph\":[{\"@type\":\"WebPage\",\"@id\":\"https:\\\/\\\/fobizz.com\\\/de\\\/anfrage-paedagogischer-tag\\\/\",\"url\":\"https:\\\/\\\/fobizz.com\\\/de\\\/anfrage-paedagogischer-tag\\\/\",\"name\":\"P\u00e4dagogischen Tag anfragen\",\"isPartOf\":{\"@id\":\"https:\\\/\\\/fobizz.com\\\/de\\\/#website\"},\"datePublished\":\"2022-12-08T10:25:23+00:00\",\"dateModified\":\"2025-07-14T09:20:03+00:00\",\"description\":\"Nutzen Sie dieses Formular f\u00fcr eine unverbindliche Anfrage f\u00fcr einen kostenfreien P\u00e4dagogischen Tag mit fobizz und to teach.\",\"breadcrumb\":{\"@id\":\"https:\\\/\\\/fobizz.com\\\/de\\\/anfrage-paedagogischer-tag\\\/#breadcrumb\"},\"inLanguage\":\"de\",\"potentialAction\":[{\"@type\":\"ReadAction\",\"target\":[\"https:\\\/\\\/fobizz.com\\\/de\\\/anfrage-paedagogischer-tag\\\/\"]}]},{\"@type\":\"BreadcrumbList\",\"@id\":\"https:\\\/\\\/fobizz.com\\\/de\\\/anfrage-paedagogischer-tag\\\/#breadcrumb\",\"itemListElement\":[{\"@type\":\"ListItem\",\"position\":1,\"name\":\"Startseite\",\"item\":\"https:\\\/\\\/fobizz.com\\\/de\\\/startpage\\\/\"},{\"@type\":\"ListItem\",\"position\":2,\"name\":\"Anfrage P\u00e4dagogischer Tag\"}]},{\"@type\":\"WebSite\",\"@id\":\"https:\\\/\\\/fobizz.com\\\/de\\\/#website\",\"url\":\"https:\\\/\\\/fobizz.com\\\/de\\\/\",\"name\":\"fobizz\",\"description\":\"AI &amp; digital Tools for Teachers\",\"publisher\":{\"@id\":\"https:\\\/\\\/fobizz.com\\\/de\\\/#organization\"},\"potentialAction\":[{\"@type\":\"SearchAction\",\"target\":{\"@type\":\"EntryPoint\",\"urlTemplate\":\"https:\\\/\\\/fobizz.com\\\/de\\\/?s={search_term_string}\"},\"query-input\":{\"@type\":\"PropertyValueSpecification\",\"valueRequired\":true,\"valueName\":\"search_term_string\"}}],\"inLanguage\":\"de\"},{\"@type\":\"Organization\",\"@id\":\"https:\\\/\\\/fobizz.com\\\/de\\\/#organization\",\"name\":\"fobizz\",\"url\":\"https:\\\/\\\/fobizz.com\\\/de\\\/\",\"logo\":{\"@type\":\"ImageObject\",\"inLanguage\":\"de\",\"@id\":\"https:\\\/\\\/fobizz.com\\\/de\\\/#\\\/schema\\\/logo\\\/image\\\/\",\"url\":\"https:\\\/\\\/fobizz.com\\\/wp-content\\\/uploads\\\/2023\\\/07\\\/fobi_autor_fobizz.png\",\"contentUrl\":\"https:\\\/\\\/fobizz.com\\\/wp-content\\\/uploads\\\/2023\\\/07\\\/fobi_autor_fobizz.png\",\"width\":200,\"height\":200,\"caption\":\"fobizz\"},\"image\":{\"@id\":\"https:\\\/\\\/fobizz.com\\\/de\\\/#\\\/schema\\\/logo\\\/image\\\/\"},\"sameAs\":[\"https:\\\/\\\/www.facebook.com\\\/fobizz\\\/\",\"https:\\\/\\\/x.com\\\/fobizz\",\"https:\\\/\\\/www.instagram.com\\\/fobizz_com\\\/\",\"https:\\\/\\\/www.youtube.com\\\/@fobizz702\",\"https:\\\/\\\/www.pinterest.de\\\/fobizz_com\"]}]}<\/script>\n<!-- \/ Yoast SEO Premium plugin. -->","yoast_head_json":{"title":"P\u00e4dagogischen Tag anfragen","description":"Nutzen Sie dieses Formular f\u00fcr eine unverbindliche Anfrage f\u00fcr einen kostenfreien P\u00e4dagogischen Tag mit fobizz und to teach.","robots":{"index":"noindex","follow":"nofollow"},"twitter_card":"summary_large_image","twitter_title":"P\u00e4dagogischer Tag mit fobizz","twitter_description":"Nutzen Sie dieses Formular f\u00fcr eine unverbindliche Anfrage f\u00fcr einen kostenfreien P\u00e4dagogischen Tag mit fobizz und to teach.","twitter_image":"https:\/\/fobizz.com\/wp-content\/uploads\/2022\/12\/Fallberatung.png","twitter_site":"@fobizz","twitter_misc":{"Gesch\u00e4tzte Lesezeit":"1\u00a0Minute"},"schema":{"@context":"https:\/\/schema.org","@graph":[{"@type":"WebPage","@id":"https:\/\/fobizz.com\/de\/anfrage-paedagogischer-tag\/","url":"https:\/\/fobizz.com\/de\/anfrage-paedagogischer-tag\/","name":"P\u00e4dagogischen Tag anfragen","isPartOf":{"@id":"https:\/\/fobizz.com\/de\/#website"},"datePublished":"2022-12-08T10:25:23+00:00","dateModified":"2025-07-14T09:20:03+00:00","description":"Nutzen Sie dieses Formular f\u00fcr eine unverbindliche Anfrage f\u00fcr einen kostenfreien P\u00e4dagogischen Tag mit fobizz und to teach.","breadcrumb":{"@id":"https:\/\/fobizz.com\/de\/anfrage-paedagogischer-tag\/#breadcrumb"},"inLanguage":"de","potentialAction":[{"@type":"ReadAction","target":["https:\/\/fobizz.com\/de\/anfrage-paedagogischer-tag\/"]}]},{"@type":"BreadcrumbList","@id":"https:\/\/fobizz.com\/de\/anfrage-paedagogischer-tag\/#breadcrumb","itemListElement":[{"@type":"ListItem","position":1,"name":"Startseite","item":"https:\/\/fobizz.com\/de\/startpage\/"},{"@type":"ListItem","position":2,"name":"Anfrage P\u00e4dagogischer Tag"}]},{"@type":"WebSite","@id":"https:\/\/fobizz.com\/de\/#website","url":"https:\/\/fobizz.com\/de\/","name":"fobizz","description":"AI &amp; digital Tools for Teachers","publisher":{"@id":"https:\/\/fobizz.com\/de\/#organization"},"potentialAction":[{"@type":"SearchAction","target":{"@type":"EntryPoint","urlTemplate":"https:\/\/fobizz.com\/de\/?s={search_term_string}"},"query-input":{"@type":"PropertyValueSpecification","valueRequired":true,"valueName":"search_term_string"}}],"inLanguage":"de"},{"@type":"Organization","@id":"https:\/\/fobizz.com\/de\/#organization","name":"fobizz","url":"https:\/\/fobizz.com\/de\/","logo":{"@type":"ImageObject","inLanguage":"de","@id":"https:\/\/fobizz.com\/de\/#\/schema\/logo\/image\/","url":"https:\/\/fobizz.com\/wp-content\/uploads\/2023\/07\/fobi_autor_fobizz.png","contentUrl":"https:\/\/fobizz.com\/wp-content\/uploads\/2023\/07\/fobi_autor_fobizz.png","width":200,"height":200,"caption":"fobizz"},"image":{"@id":"https:\/\/fobizz.com\/de\/#\/schema\/logo\/image\/"},"sameAs":["https:\/\/www.facebook.com\/fobizz\/","https:\/\/x.com\/fobizz","https:\/\/www.instagram.com\/fobizz_com\/","https:\/\/www.youtube.com\/@fobizz702","https:\/\/www.pinterest.de\/fobizz_com"]}]}},"_links":{"self":[{"href":"https:\/\/fobizz.com\/de\/wp-json\/wp\/v2\/pages\/31548","targetHints":{"allow":["GET"]}}],"collection":[{"href":"https:\/\/fobizz.com\/de\/wp-json\/wp\/v2\/pages"}],"about":[{"href":"https:\/\/fobizz.com\/de\/wp-json\/wp\/v2\/types\/page"}],"author":[{"embeddable":true,"href":"https:\/\/fobizz.com\/de\/wp-json\/wp\/v2\/users\/15"}],"replies":[{"embeddable":true,"href":"https:\/\/fobizz.com\/de\/wp-json\/wp\/v2\/comments?post=31548"}],"version-history":[{"count":5,"href":"https:\/\/fobizz.com\/de\/wp-json\/wp\/v2\/pages\/31548\/revisions"}],"predecessor-version":[{"id":55785,"href":"https:\/\/fobizz.com\/de\/wp-json\/wp\/v2\/pages\/31548\/revisions\/55785"}],"wp:attachment":[{"href":"https:\/\/fobizz.com\/de\/wp-json\/wp\/v2\/media?parent=31548"}],"curies":[{"name":"wp","href":"https:\/\/api.w.org\/{rel}","templated":true}]}}