{"id":31748,"date":"2023-01-02T14:45:00","date_gmt":"2023-01-02T13:45:00","guid":{"rendered":"https:\/\/fobizz.com\/?page_id=31748"},"modified":"2024-02-23T17:56:41","modified_gmt":"2024-02-23T16:56:41","slug":"sem-das-schulentwicklungsmagazin","status":"publish","type":"page","link":"https:\/\/fobizz.com\/de\/sem-das-schulentwicklungsmagazin\/","title":{"rendered":"SEM \u2013 das Schulentwicklungs-Magazin"},"content":{"rendered":"<div id='av_section_1'  class='avia-section av-av_section-9cd3a7ca64bd5fcf1030d2c25798811c main_color avia-section-default avia-no-border-styling  avia-builder-el-0  avia-builder-el-no-sibling  newdesign_hero-banner avia-bg-style-scroll container_wrap sidebar_right'  ><div class='container av-section-cont-open' ><main  role=\"main\" itemprop=\"mainContentOfPage\"  class='template-page content  av-content-small alpha units'><div class='post-entry post-entry-type-page post-entry-31748'><div class='entry-content-wrapper clearfix'>\n\n<style type=\"text\/css\" data-created_by=\"avia_inline_auto\" id=\"style-css-av-av_three_fifth-53b0b300fb3685750664fb085c5ad19d\">\n.flex_column.av-av_three_fifth-53b0b300fb3685750664fb085c5ad19d{\nborder-radius:0px 0px 0px 0px;\npadding:0px 0px 0px 0px;\n}\n<\/style>\n<div  class='flex_column av-av_three_fifth-53b0b300fb3685750664fb085c5ad19d av_three_fifth  avia-builder-el-1  el_before_av_two_fifth  avia-builder-el-first  first flex_column_div av-zero-column-padding  '     ><section  class='av_textblock_section av-lsyvj4jh-89f88e3bf78be25ff0e07119a391b568 '   itemscope=\"itemscope\" itemtype=\"https:\/\/schema.org\/CreativeWork\" ><div class='avia_textblock newdesign_h1'  itemprop=\"text\" ><h1>Schulentwicklungsmagazin<\/h1>\n<\/div><\/section><br \/>\n<section  class='av_textblock_section av-lbnahgnp-9d886513bfa235b66fccd690256f66f5 '   itemscope=\"itemscope\" itemtype=\"https:\/\/schema.org\/CreativeWork\" ><div class='avia_textblock'  itemprop=\"text\" ><p>Im Schulentwicklungs-Magazin von fobizz besch\u00e4ftigen wir uns mit Inspirationen und Herausforderungen rund um die Schulentwicklung, sprechen mit klugen K\u00f6pfen und Vorreiter*innen und schauen besonders auf die Bedeutung von Kommunikation &amp; Kollaboration f\u00fcr die Schulentwicklung.<\/p>\n<\/div><\/section><br \/>\n<section  class='av_textblock_section av-lbnaimvh-301b65cd4ed89f30707d1b0c0cb1e38b '   itemscope=\"itemscope\" itemtype=\"https:\/\/schema.org\/CreativeWork\" ><div class='avia_textblock'  itemprop=\"text\" ><p>Das SEM kann <strong>kostenfrei heruntergeladen<\/strong>\u00a0werden! Gerne weitersagen!<\/p>\n<\/div><\/section><br \/>\n<div  class='avia-button-wrap av-lsyvszfx-a80b170d5a5e786c246448dea9eb9766-wrap avia-button-left  avia-builder-el-5  el_after_av_textblock  avia-builder-el-last '><a href='https:\/\/fobizz.com\/wp-content\/uploads\/2023\/01\/schulentwicklungsmagazin_no1_2022_fobizz.pdf'  class='avia-button av-lsyvszfx-a80b170d5a5e786c246448dea9eb9766 av-link-btn avia-icon_select-no avia-size-small avia-position-left avia-color-theme-color'   aria-label=\"Jetzt kostenfrei herunterladen\"><span class='avia_iconbox_title' >Jetzt kostenfrei herunterladen<\/span><\/a><\/div><\/p><\/div>\n<style type=\"text\/css\" data-created_by=\"avia_inline_auto\" id=\"style-css-av-av_two_fifth-7984035d50f0055e2d8c0f71fa3ebd04\">\n.flex_column.av-av_two_fifth-7984035d50f0055e2d8c0f71fa3ebd04{\nborder-radius:0px 0px 0px 0px;\npadding:0px 0px 0px 0px;\n}\n<\/style>\n<div  class='flex_column av-av_two_fifth-7984035d50f0055e2d8c0f71fa3ebd04 av_two_fifth  avia-builder-el-6  el_after_av_three_fifth  avia-builder-el-last  flex_column_div av-zero-column-padding  '     ><style type=\"text\/css\" data-created_by=\"avia_inline_auto\" id=\"style-css-av-lsyw2ov5-97be5d204932b06c0df1eabdae7a7846\">\n.avia-image-container.av-lsyw2ov5-97be5d204932b06c0df1eabdae7a7846 img.avia_image{\nbox-shadow:none;\n}\n.avia-image-container.av-lsyw2ov5-97be5d204932b06c0df1eabdae7a7846 .av-image-caption-overlay-center{\ncolor:#ffffff;\n}\n<\/style>\n<div  class='avia-image-container av-lsyw2ov5-97be5d204932b06c0df1eabdae7a7846 av-styling- avia-align-center  avia-builder-el-7  avia-builder-el-no-sibling '   itemprop=\"image\" itemscope=\"itemscope\" itemtype=\"https:\/\/schema.org\/ImageObject\" ><div class=\"avia-image-container-inner\"><div class=\"avia-image-overlay-wrap\"><img fetchpriority=\"high\" class='wp-image-47204 avia-img-lazy-loading-not-47204 avia_image ' src='https:\/\/fobizz.com\/wp-content\/uploads\/2024\/02\/SEM-Cover.png' alt='Cover des fobizz Schulentwicklungsmagazins' title='SEM Cover'  height=\"800\" width=\"1200\"  itemprop=\"thumbnailUrl\"  \/><\/div><\/div><\/div><\/div><\/div><\/div><\/main><!-- close content main element --><\/div><\/div><div id='after_section_1'  class='main_color av_default_container_wrap container_wrap sidebar_right'  ><div class='container av-section-cont-open' ><div class='template-page content  av-content-small alpha units'><div class='post-entry post-entry-type-page post-entry-31748'><div class='entry-content-wrapper clearfix'>\n","protected":false},"excerpt":{"rendered":"","protected":false},"author":16,"featured_media":24963,"parent":0,"menu_order":0,"comment_status":"closed","ping_status":"closed","template":"","meta":{"_monsterinsights_skip_tracking":false,"_monsterinsights_sitenote_active":false,"_monsterinsights_sitenote_note":"","_monsterinsights_sitenote_category":0,"_uf_show_specific_survey":0,"_uf_disable_surveys":false,"footnotes":""},"class_list":["post-31748","page","type-page","status-publish","has-post-thumbnail","hentry"],"acf":[],"yoast_head":"<!-- This site is optimized with the Yoast SEO Premium plugin v26.2 (Yoast SEO v27.2) - https:\/\/yoast.com\/product\/yoast-seo-premium-wordpress\/ -->\n<title>Das Schulentwicklungsmagazin von fobizz<\/title>\n<meta name=\"description\" content=\"Kommunikation und Kollaboration \u2013 ohne funktioniert keine Schulentwicklung. Das Schulentwicklungsmagazin befasst sich genau damit. Kostenfrei herunterladen!\" \/>\n<meta name=\"robots\" content=\"index, follow, max-snippet:-1, max-image-preview:large, max-video-preview:-1\" \/>\n<link rel=\"canonical\" href=\"https:\/\/fobizz.com\/de\/sem-das-schulentwicklungsmagazin\/\" \/>\n<meta name=\"twitter:card\" content=\"summary_large_image\" \/>\n<meta name=\"twitter:title\" content=\"Das Schulentwicklungsmagazin von fobizz\" \/>\n<meta name=\"twitter:description\" content=\"Kommunikation und Kollaboration \u2013 ohne funktioniert keine Schulentwicklung. Das Schulentwicklungsmagazin befasst sich genau damit. Kostenfrei herunterladen!\" \/>\n<meta name=\"twitter:image\" content=\"https:\/\/fobizz.com\/wp-content\/uploads\/2023\/11\/header_arbeitende-menschen.png\" \/>\n<meta name=\"twitter:site\" content=\"@fobizz\" \/>\n<meta name=\"twitter:label1\" content=\"Gesch\u00e4tzte Lesezeit\" \/>\n\t<meta name=\"twitter:data1\" content=\"1\u00a0Minute\" \/>\n<script type=\"application\/ld+json\" class=\"yoast-schema-graph\">{\"@context\":\"https:\/\/schema.org\",\"@graph\":[{\"@type\":\"WebPage\",\"@id\":\"https:\/\/fobizz.com\/de\/sem-das-schulentwicklungsmagazin\/\",\"url\":\"https:\/\/fobizz.com\/de\/sem-das-schulentwicklungsmagazin\/\",\"name\":\"Das Schulentwicklungsmagazin von fobizz\",\"isPartOf\":{\"@id\":\"https:\/\/fobizz.com\/de\/#website\"},\"primaryImageOfPage\":{\"@id\":\"https:\/\/fobizz.com\/de\/sem-das-schulentwicklungsmagazin\/#primaryimage\"},\"image\":{\"@id\":\"https:\/\/fobizz.com\/de\/sem-das-schulentwicklungsmagazin\/#primaryimage\"},\"thumbnailUrl\":\"https:\/\/fobizz.com\/wp-content\/uploads\/2023\/11\/header_arbeitende-menschen.png\",\"datePublished\":\"2023-01-02T13:45:00+00:00\",\"dateModified\":\"2024-02-23T16:56:41+00:00\",\"description\":\"Kommunikation und Kollaboration \u2013 ohne funktioniert keine Schulentwicklung. Das Schulentwicklungsmagazin befasst sich genau damit. Kostenfrei herunterladen!\",\"breadcrumb\":{\"@id\":\"https:\/\/fobizz.com\/de\/sem-das-schulentwicklungsmagazin\/#breadcrumb\"},\"inLanguage\":\"de\",\"potentialAction\":[{\"@type\":\"ReadAction\",\"target\":[\"https:\/\/fobizz.com\/de\/sem-das-schulentwicklungsmagazin\/\"]}]},{\"@type\":\"ImageObject\",\"inLanguage\":\"de\",\"@id\":\"https:\/\/fobizz.com\/de\/sem-das-schulentwicklungsmagazin\/#primaryimage\",\"url\":\"https:\/\/fobizz.com\/wp-content\/uploads\/2023\/11\/header_arbeitende-menschen.png\",\"contentUrl\":\"https:\/\/fobizz.com\/wp-content\/uploads\/2023\/11\/header_arbeitende-menschen.png\",\"width\":565,\"height\":460,\"caption\":\"Mensch vor Computer\"},{\"@type\":\"BreadcrumbList\",\"@id\":\"https:\/\/fobizz.com\/de\/sem-das-schulentwicklungsmagazin\/#breadcrumb\",\"itemListElement\":[{\"@type\":\"ListItem\",\"position\":1,\"name\":\"Startseite\",\"item\":\"https:\/\/fobizz.com\/de\/startpage\/\"},{\"@type\":\"ListItem\",\"position\":2,\"name\":\"SEM \u2013 das Schulentwicklungs-Magazin\"}]},{\"@type\":\"WebSite\",\"@id\":\"https:\/\/fobizz.com\/de\/#website\",\"url\":\"https:\/\/fobizz.com\/de\/\",\"name\":\"fobizz\",\"description\":\"AI &amp; digital Tools for Teachers\",\"publisher\":{\"@id\":\"https:\/\/fobizz.com\/de\/#organization\"},\"potentialAction\":[{\"@type\":\"SearchAction\",\"target\":{\"@type\":\"EntryPoint\",\"urlTemplate\":\"https:\/\/fobizz.com\/de\/?s={search_term_string}\"},\"query-input\":{\"@type\":\"PropertyValueSpecification\",\"valueRequired\":true,\"valueName\":\"search_term_string\"}}],\"inLanguage\":\"de\"},{\"@type\":\"Organization\",\"@id\":\"https:\/\/fobizz.com\/de\/#organization\",\"name\":\"fobizz\",\"url\":\"https:\/\/fobizz.com\/de\/\",\"logo\":{\"@type\":\"ImageObject\",\"inLanguage\":\"de\",\"@id\":\"https:\/\/fobizz.com\/de\/#\/schema\/logo\/image\/\",\"url\":\"https:\/\/fobizz.com\/wp-content\/uploads\/2023\/07\/fobi_autor_fobizz.png\",\"contentUrl\":\"https:\/\/fobizz.com\/wp-content\/uploads\/2023\/07\/fobi_autor_fobizz.png\",\"width\":200,\"height\":200,\"caption\":\"fobizz\"},\"image\":{\"@id\":\"https:\/\/fobizz.com\/de\/#\/schema\/logo\/image\/\"},\"sameAs\":[\"https:\/\/www.facebook.com\/fobizz\/\",\"https:\/\/x.com\/fobizz\",\"https:\/\/www.instagram.com\/fobizz_com\/\",\"https:\/\/www.youtube.com\/@fobizz702\",\"https:\/\/www.pinterest.de\/fobizz_com\"]}]}<\/script>\n<!-- \/ Yoast SEO Premium plugin. -->","yoast_head_json":{"title":"Das Schulentwicklungsmagazin von fobizz","description":"Kommunikation und Kollaboration \u2013 ohne funktioniert keine Schulentwicklung. Das Schulentwicklungsmagazin befasst sich genau damit. Kostenfrei herunterladen!","robots":{"index":"index","follow":"follow","max-snippet":"max-snippet:-1","max-image-preview":"max-image-preview:large","max-video-preview":"max-video-preview:-1"},"canonical":"https:\/\/fobizz.com\/de\/sem-das-schulentwicklungsmagazin\/","twitter_card":"summary_large_image","twitter_title":"Das Schulentwicklungsmagazin von fobizz","twitter_description":"Kommunikation und Kollaboration \u2013 ohne funktioniert keine Schulentwicklung. Das Schulentwicklungsmagazin befasst sich genau damit. Kostenfrei herunterladen!","twitter_image":"https:\/\/fobizz.com\/wp-content\/uploads\/2023\/11\/header_arbeitende-menschen.png","twitter_site":"@fobizz","twitter_misc":{"Gesch\u00e4tzte Lesezeit":"1\u00a0Minute"},"schema":{"@context":"https:\/\/schema.org","@graph":[{"@type":"WebPage","@id":"https:\/\/fobizz.com\/de\/sem-das-schulentwicklungsmagazin\/","url":"https:\/\/fobizz.com\/de\/sem-das-schulentwicklungsmagazin\/","name":"Das Schulentwicklungsmagazin von fobizz","isPartOf":{"@id":"https:\/\/fobizz.com\/de\/#website"},"primaryImageOfPage":{"@id":"https:\/\/fobizz.com\/de\/sem-das-schulentwicklungsmagazin\/#primaryimage"},"image":{"@id":"https:\/\/fobizz.com\/de\/sem-das-schulentwicklungsmagazin\/#primaryimage"},"thumbnailUrl":"https:\/\/fobizz.com\/wp-content\/uploads\/2023\/11\/header_arbeitende-menschen.png","datePublished":"2023-01-02T13:45:00+00:00","dateModified":"2024-02-23T16:56:41+00:00","description":"Kommunikation und Kollaboration \u2013 ohne funktioniert keine Schulentwicklung. Das Schulentwicklungsmagazin befasst sich genau damit. Kostenfrei herunterladen!","breadcrumb":{"@id":"https:\/\/fobizz.com\/de\/sem-das-schulentwicklungsmagazin\/#breadcrumb"},"inLanguage":"de","potentialAction":[{"@type":"ReadAction","target":["https:\/\/fobizz.com\/de\/sem-das-schulentwicklungsmagazin\/"]}]},{"@type":"ImageObject","inLanguage":"de","@id":"https:\/\/fobizz.com\/de\/sem-das-schulentwicklungsmagazin\/#primaryimage","url":"https:\/\/fobizz.com\/wp-content\/uploads\/2023\/11\/header_arbeitende-menschen.png","contentUrl":"https:\/\/fobizz.com\/wp-content\/uploads\/2023\/11\/header_arbeitende-menschen.png","width":565,"height":460,"caption":"Mensch vor Computer"},{"@type":"BreadcrumbList","@id":"https:\/\/fobizz.com\/de\/sem-das-schulentwicklungsmagazin\/#breadcrumb","itemListElement":[{"@type":"ListItem","position":1,"name":"Startseite","item":"https:\/\/fobizz.com\/de\/startpage\/"},{"@type":"ListItem","position":2,"name":"SEM \u2013 das Schulentwicklungs-Magazin"}]},{"@type":"WebSite","@id":"https:\/\/fobizz.com\/de\/#website","url":"https:\/\/fobizz.com\/de\/","name":"fobizz","description":"AI &amp; digital Tools for Teachers","publisher":{"@id":"https:\/\/fobizz.com\/de\/#organization"},"potentialAction":[{"@type":"SearchAction","target":{"@type":"EntryPoint","urlTemplate":"https:\/\/fobizz.com\/de\/?s={search_term_string}"},"query-input":{"@type":"PropertyValueSpecification","valueRequired":true,"valueName":"search_term_string"}}],"inLanguage":"de"},{"@type":"Organization","@id":"https:\/\/fobizz.com\/de\/#organization","name":"fobizz","url":"https:\/\/fobizz.com\/de\/","logo":{"@type":"ImageObject","inLanguage":"de","@id":"https:\/\/fobizz.com\/de\/#\/schema\/logo\/image\/","url":"https:\/\/fobizz.com\/wp-content\/uploads\/2023\/07\/fobi_autor_fobizz.png","contentUrl":"https:\/\/fobizz.com\/wp-content\/uploads\/2023\/07\/fobi_autor_fobizz.png","width":200,"height":200,"caption":"fobizz"},"image":{"@id":"https:\/\/fobizz.com\/de\/#\/schema\/logo\/image\/"},"sameAs":["https:\/\/www.facebook.com\/fobizz\/","https:\/\/x.com\/fobizz","https:\/\/www.instagram.com\/fobizz_com\/","https:\/\/www.youtube.com\/@fobizz702","https:\/\/www.pinterest.de\/fobizz_com"]}]}},"_links":{"self":[{"href":"https:\/\/fobizz.com\/de\/wp-json\/wp\/v2\/pages\/31748","targetHints":{"allow":["GET"]}}],"collection":[{"href":"https:\/\/fobizz.com\/de\/wp-json\/wp\/v2\/pages"}],"about":[{"href":"https:\/\/fobizz.com\/de\/wp-json\/wp\/v2\/types\/page"}],"author":[{"embeddable":true,"href":"https:\/\/fobizz.com\/de\/wp-json\/wp\/v2\/users\/16"}],"replies":[{"embeddable":true,"href":"https:\/\/fobizz.com\/de\/wp-json\/wp\/v2\/comments?post=31748"}],"version-history":[{"count":1,"href":"https:\/\/fobizz.com\/de\/wp-json\/wp\/v2\/pages\/31748\/revisions"}],"predecessor-version":[{"id":59255,"href":"https:\/\/fobizz.com\/de\/wp-json\/wp\/v2\/pages\/31748\/revisions\/59255"}],"wp:featuredmedia":[{"embeddable":true,"href":"https:\/\/fobizz.com\/de\/wp-json\/wp\/v2\/media\/24963"}],"wp:attachment":[{"href":"https:\/\/fobizz.com\/de\/wp-json\/wp\/v2\/media?parent=31748"}],"curies":[{"name":"wp","href":"https:\/\/api.w.org\/{rel}","templated":true}]}}