{"id":34684,"date":"2023-04-17T09:33:57","date_gmt":"2023-04-17T07:33:57","guid":{"rendered":"https:\/\/fobizz.com\/?page_id=34684"},"modified":"2023-07-28T12:41:01","modified_gmt":"2023-07-28T10:41:01","slug":"workshop-anfrage","status":"publish","type":"page","link":"https:\/\/fobizz.com\/de\/workshop-anfrage\/","title":{"rendered":"Workshop Anfrage"},"content":{"rendered":"<div id='av_section_1'  class='avia-section av-18pnrt4-22da100d074ecc0961ceec15698d68b2 main_color avia-section-default avia-no-border-styling  avia-builder-el-0  avia-builder-el-no-sibling  avia-bg-style-scroll container_wrap sidebar_right'  ><div class='container av-section-cont-open' ><main  role=\"main\" itemprop=\"mainContentOfPage\"  class='template-page content  av-content-small alpha units'><div class='post-entry post-entry-type-page post-entry-34684'><div class='entry-content-wrapper clearfix'>\n\n<style type=\"text\/css\" data-created_by=\"avia_inline_auto\" id=\"style-css-av-33sdo7e-d700d22da6fa4f3efc234b5b97b82c68\">\n.flex_column.av-33sdo7e-d700d22da6fa4f3efc234b5b97b82c68{\nborder-radius:0px 0px 0px 0px;\npadding:0px 0px 0px 0px;\n}\n<\/style>\n<div  class='flex_column av-33sdo7e-d700d22da6fa4f3efc234b5b97b82c68 av_one_fifth  avia-builder-el-1  el_before_av_three_fifth  avia-builder-el-first  first flex_column_div av-zero-column-padding  '     ><\/div>\n<style type=\"text\/css\" data-created_by=\"avia_inline_auto\" id=\"style-css-av-2h3vt6y-f52dfbf3a279973c0948c2691af590cd\">\n.flex_column.av-2h3vt6y-f52dfbf3a279973c0948c2691af590cd{\nborder-radius:0px 0px 0px 0px;\npadding:0px 0px 0px 0px;\n}\n<\/style>\n<div  class='flex_column av-2h3vt6y-f52dfbf3a279973c0948c2691af590cd av_three_fifth  avia-builder-el-2  el_after_av_one_fifth  el_before_av_one_fifth  flex_column_div av-zero-column-padding  '     ><section  class='av_textblock_section av-lkmamiod-8cfc660a6ec312cce9dea35d688fed15 '   itemscope=\"itemscope\" itemtype=\"https:\/\/schema.org\/CreativeWork\" ><div class='avia_textblock newdesign_h1'  itemprop=\"text\" ><h1>Anfrageformular Workshop<\/h1>\n<\/div><\/section><br \/>\n\n<style type=\"text\/css\" data-created_by=\"avia_inline_auto\" id=\"style-css-av-oi2f97-1b326358553c1e745537c0daf20bc6de\">\n#top .hr.hr-invisible.av-oi2f97-1b326358553c1e745537c0daf20bc6de{\nheight:25px;\n}\n<\/style>\n<div  class='hr av-oi2f97-1b326358553c1e745537c0daf20bc6de hr-invisible  avia-builder-el-4  el_after_av_textblock  el_before_av_codeblock '><span class='hr-inner '><span class=\"hr-inner-style\"><\/span><\/span><\/div><br \/>\n<br \/>\n\n<style type=\"text\/css\" data-created_by=\"avia_inline_auto\" id=\"style-css-av-klc4qxsn-d9923aaf5f5b3879988455ec5665b1bf\">\n#top .hr.hr-invisible.av-klc4qxsn-d9923aaf5f5b3879988455ec5665b1bf{\nheight:25px;\n}\n<\/style>\n<div  class='hr av-klc4qxsn-d9923aaf5f5b3879988455ec5665b1bf hr-invisible  avia-builder-el-6  el_after_av_codeblock  avia-builder-el-last '><span class='hr-inner '><span class=\"hr-inner-style\"><\/span><\/span><\/div><\/p><\/div>\n<style type=\"text\/css\" data-created_by=\"avia_inline_auto\" id=\"style-css-av-286z64q-a2b69b86e9a347fe41c5fe8ba11d585e\">\n.flex_column.av-286z64q-a2b69b86e9a347fe41c5fe8ba11d585e{\nborder-radius:0px 0px 0px 0px;\npadding:0px 0px 0px 0px;\n}\n<\/style>\n<div  class='flex_column av-286z64q-a2b69b86e9a347fe41c5fe8ba11d585e av_one_fifth  avia-builder-el-7  el_after_av_three_fifth  avia-builder-el-last  flex_column_div av-zero-column-padding  '     ><\/div><\/div><\/div><\/main><!-- close content main element --><\/div><\/div><div id='after_section_1'  class='main_color av_default_container_wrap container_wrap sidebar_right'  ><div class='container av-section-cont-open' ><div class='template-page content  av-content-small alpha units'><div class='post-entry post-entry-type-page post-entry-34684'><div class='entry-content-wrapper clearfix'>\n","protected":false},"excerpt":{"rendered":"","protected":false},"author":15,"featured_media":0,"parent":0,"menu_order":0,"comment_status":"closed","ping_status":"closed","template":"","meta":{"_monsterinsights_skip_tracking":false,"_monsterinsights_sitenote_active":false,"_monsterinsights_sitenote_note":"","_monsterinsights_sitenote_category":0,"_uf_show_specific_survey":0,"_uf_disable_surveys":false,"footnotes":""},"class_list":["post-34684","page","type-page","status-publish","hentry"],"acf":[],"yoast_head":"<!-- This site is optimized with the Yoast SEO Premium plugin v26.2 (Yoast SEO v27.5) - https:\/\/yoast.com\/product\/yoast-seo-premium-wordpress\/ -->\n<title>Workshop Anfrage - fobizz<\/title>\n<meta name=\"description\" content=\"Bei fobizz finden Sie eine Auswahl an virtuellen Workshops und Vortr\u00e4gen f\u00fcr Ihr Kollegium, die sie unkompliziert anfragen k\u00f6nnen.\" \/>\n<meta name=\"robots\" content=\"noindex, nofollow\" \/>\n<meta name=\"twitter:card\" content=\"summary_large_image\" \/>\n<meta name=\"twitter:title\" content=\"Workshop Anfrage - fobizz\" \/>\n<meta name=\"twitter:description\" content=\"Bei fobizz finden Sie eine Auswahl an virtuellen Workshops und Vortr\u00e4gen f\u00fcr Ihr Kollegium, die sie unkompliziert anfragen k\u00f6nnen.\" \/>\n<meta name=\"twitter:site\" content=\"@fobizz\" \/>\n<meta name=\"twitter:label1\" content=\"Gesch\u00e4tzte Lesezeit\" \/>\n\t<meta name=\"twitter:data1\" content=\"2\u00a0Minuten\" \/>\n<script type=\"application\/ld+json\" class=\"yoast-schema-graph\">{\"@context\":\"https:\\\/\\\/schema.org\",\"@graph\":[{\"@type\":\"WebPage\",\"@id\":\"https:\\\/\\\/fobizz.com\\\/de\\\/workshop-anfrage\\\/\",\"url\":\"https:\\\/\\\/fobizz.com\\\/de\\\/workshop-anfrage\\\/\",\"name\":\"Workshop Anfrage - fobizz\",\"isPartOf\":{\"@id\":\"https:\\\/\\\/fobizz.com\\\/de\\\/#website\"},\"datePublished\":\"2023-04-17T07:33:57+00:00\",\"dateModified\":\"2023-07-28T10:41:01+00:00\",\"description\":\"Bei fobizz finden Sie eine Auswahl an virtuellen Workshops und Vortr\u00e4gen f\u00fcr Ihr Kollegium, die sie unkompliziert anfragen k\u00f6nnen.\",\"breadcrumb\":{\"@id\":\"https:\\\/\\\/fobizz.com\\\/de\\\/workshop-anfrage\\\/#breadcrumb\"},\"inLanguage\":\"de\",\"potentialAction\":[{\"@type\":\"ReadAction\",\"target\":[\"https:\\\/\\\/fobizz.com\\\/de\\\/workshop-anfrage\\\/\"]}]},{\"@type\":\"BreadcrumbList\",\"@id\":\"https:\\\/\\\/fobizz.com\\\/de\\\/workshop-anfrage\\\/#breadcrumb\",\"itemListElement\":[{\"@type\":\"ListItem\",\"position\":1,\"name\":\"Startseite\",\"item\":\"https:\\\/\\\/fobizz.com\\\/de\\\/startpage\\\/\"},{\"@type\":\"ListItem\",\"position\":2,\"name\":\"Workshop Anfrage\"}]},{\"@type\":\"WebSite\",\"@id\":\"https:\\\/\\\/fobizz.com\\\/de\\\/#website\",\"url\":\"https:\\\/\\\/fobizz.com\\\/de\\\/\",\"name\":\"fobizz\",\"description\":\"AI &amp; digital Tools for Teachers\",\"publisher\":{\"@id\":\"https:\\\/\\\/fobizz.com\\\/de\\\/#organization\"},\"potentialAction\":[{\"@type\":\"SearchAction\",\"target\":{\"@type\":\"EntryPoint\",\"urlTemplate\":\"https:\\\/\\\/fobizz.com\\\/de\\\/?s={search_term_string}\"},\"query-input\":{\"@type\":\"PropertyValueSpecification\",\"valueRequired\":true,\"valueName\":\"search_term_string\"}}],\"inLanguage\":\"de\"},{\"@type\":\"Organization\",\"@id\":\"https:\\\/\\\/fobizz.com\\\/de\\\/#organization\",\"name\":\"fobizz\",\"url\":\"https:\\\/\\\/fobizz.com\\\/de\\\/\",\"logo\":{\"@type\":\"ImageObject\",\"inLanguage\":\"de\",\"@id\":\"https:\\\/\\\/fobizz.com\\\/de\\\/#\\\/schema\\\/logo\\\/image\\\/\",\"url\":\"https:\\\/\\\/fobizz.com\\\/wp-content\\\/uploads\\\/2023\\\/07\\\/fobi_autor_fobizz.png\",\"contentUrl\":\"https:\\\/\\\/fobizz.com\\\/wp-content\\\/uploads\\\/2023\\\/07\\\/fobi_autor_fobizz.png\",\"width\":200,\"height\":200,\"caption\":\"fobizz\"},\"image\":{\"@id\":\"https:\\\/\\\/fobizz.com\\\/de\\\/#\\\/schema\\\/logo\\\/image\\\/\"},\"sameAs\":[\"https:\\\/\\\/www.facebook.com\\\/fobizz\\\/\",\"https:\\\/\\\/x.com\\\/fobizz\",\"https:\\\/\\\/www.instagram.com\\\/fobizz_com\\\/\",\"https:\\\/\\\/www.youtube.com\\\/@fobizz702\",\"https:\\\/\\\/www.pinterest.de\\\/fobizz_com\"]}]}<\/script>\n<!-- \/ Yoast SEO Premium plugin. -->","yoast_head_json":{"title":"Workshop Anfrage - fobizz","description":"Bei fobizz finden Sie eine Auswahl an virtuellen Workshops und Vortr\u00e4gen f\u00fcr Ihr Kollegium, die sie unkompliziert anfragen k\u00f6nnen.","robots":{"index":"noindex","follow":"nofollow"},"twitter_card":"summary_large_image","twitter_title":"Workshop Anfrage - fobizz","twitter_description":"Bei fobizz finden Sie eine Auswahl an virtuellen Workshops und Vortr\u00e4gen f\u00fcr Ihr Kollegium, die sie unkompliziert anfragen k\u00f6nnen.","twitter_site":"@fobizz","twitter_misc":{"Gesch\u00e4tzte Lesezeit":"2\u00a0Minuten"},"schema":{"@context":"https:\/\/schema.org","@graph":[{"@type":"WebPage","@id":"https:\/\/fobizz.com\/de\/workshop-anfrage\/","url":"https:\/\/fobizz.com\/de\/workshop-anfrage\/","name":"Workshop Anfrage - fobizz","isPartOf":{"@id":"https:\/\/fobizz.com\/de\/#website"},"datePublished":"2023-04-17T07:33:57+00:00","dateModified":"2023-07-28T10:41:01+00:00","description":"Bei fobizz finden Sie eine Auswahl an virtuellen Workshops und Vortr\u00e4gen f\u00fcr Ihr Kollegium, die sie unkompliziert anfragen k\u00f6nnen.","breadcrumb":{"@id":"https:\/\/fobizz.com\/de\/workshop-anfrage\/#breadcrumb"},"inLanguage":"de","potentialAction":[{"@type":"ReadAction","target":["https:\/\/fobizz.com\/de\/workshop-anfrage\/"]}]},{"@type":"BreadcrumbList","@id":"https:\/\/fobizz.com\/de\/workshop-anfrage\/#breadcrumb","itemListElement":[{"@type":"ListItem","position":1,"name":"Startseite","item":"https:\/\/fobizz.com\/de\/startpage\/"},{"@type":"ListItem","position":2,"name":"Workshop Anfrage"}]},{"@type":"WebSite","@id":"https:\/\/fobizz.com\/de\/#website","url":"https:\/\/fobizz.com\/de\/","name":"fobizz","description":"AI &amp; digital Tools for Teachers","publisher":{"@id":"https:\/\/fobizz.com\/de\/#organization"},"potentialAction":[{"@type":"SearchAction","target":{"@type":"EntryPoint","urlTemplate":"https:\/\/fobizz.com\/de\/?s={search_term_string}"},"query-input":{"@type":"PropertyValueSpecification","valueRequired":true,"valueName":"search_term_string"}}],"inLanguage":"de"},{"@type":"Organization","@id":"https:\/\/fobizz.com\/de\/#organization","name":"fobizz","url":"https:\/\/fobizz.com\/de\/","logo":{"@type":"ImageObject","inLanguage":"de","@id":"https:\/\/fobizz.com\/de\/#\/schema\/logo\/image\/","url":"https:\/\/fobizz.com\/wp-content\/uploads\/2023\/07\/fobi_autor_fobizz.png","contentUrl":"https:\/\/fobizz.com\/wp-content\/uploads\/2023\/07\/fobi_autor_fobizz.png","width":200,"height":200,"caption":"fobizz"},"image":{"@id":"https:\/\/fobizz.com\/de\/#\/schema\/logo\/image\/"},"sameAs":["https:\/\/www.facebook.com\/fobizz\/","https:\/\/x.com\/fobizz","https:\/\/www.instagram.com\/fobizz_com\/","https:\/\/www.youtube.com\/@fobizz702","https:\/\/www.pinterest.de\/fobizz_com"]}]}},"_links":{"self":[{"href":"https:\/\/fobizz.com\/de\/wp-json\/wp\/v2\/pages\/34684","targetHints":{"allow":["GET"]}}],"collection":[{"href":"https:\/\/fobizz.com\/de\/wp-json\/wp\/v2\/pages"}],"about":[{"href":"https:\/\/fobizz.com\/de\/wp-json\/wp\/v2\/types\/page"}],"author":[{"embeddable":true,"href":"https:\/\/fobizz.com\/de\/wp-json\/wp\/v2\/users\/15"}],"replies":[{"embeddable":true,"href":"https:\/\/fobizz.com\/de\/wp-json\/wp\/v2\/comments?post=34684"}],"version-history":[{"count":0,"href":"https:\/\/fobizz.com\/de\/wp-json\/wp\/v2\/pages\/34684\/revisions"}],"wp:attachment":[{"href":"https:\/\/fobizz.com\/de\/wp-json\/wp\/v2\/media?parent=34684"}],"curies":[{"name":"wp","href":"https:\/\/api.w.org\/{rel}","templated":true}]}}