{"id":49594,"date":"2024-06-04T10:08:48","date_gmt":"2024-06-04T08:08:48","guid":{"rendered":"https:\/\/fobizz.com\/?page_id=49594"},"modified":"2025-05-23T15:22:37","modified_gmt":"2025-05-23T13:22:37","slug":"rheinland-pfalz_newsletter","status":"publish","type":"page","link":"https:\/\/fobizz.com\/de\/rheinland-pfalz_newsletter\/","title":{"rendered":"fobizz Newsletter f\u00fcr Rheinland-Pfalz"},"content":{"rendered":"<div id='av_section_1'  class='avia-section av-apnuj62-7a159fe2f5cc7623b7b08462decc0ef9 main_color avia-section-default avia-no-border-styling  avia-builder-el-0  avia-builder-el-no-sibling  newdesign_hero-banner avia-bg-style-scroll container_wrap sidebar_right'  ><div class='container av-section-cont-open' ><main  role=\"main\" itemprop=\"mainContentOfPage\"  class='template-page content  av-content-small alpha units'><div class='post-entry post-entry-type-page post-entry-49594'><div class='entry-content-wrapper clearfix'>\n\n<style type=\"text\/css\" data-created_by=\"avia_inline_auto\" id=\"style-css-av-aemyzbe-61aa2fbd7398fd869733c92c135c63de\">\n.flex_column.av-aemyzbe-61aa2fbd7398fd869733c92c135c63de{\nborder-radius:0px 0px 0px 0px;\npadding:0px 0px 0px 0px;\n}\n<\/style>\n<div  class='flex_column av-aemyzbe-61aa2fbd7398fd869733c92c135c63de av_three_fifth  avia-builder-el-1  el_before_av_two_fifth  avia-builder-el-first  first flex_column_div av-zero-column-padding  '     ><p>\n<style type=\"text\/css\" data-created_by=\"avia_inline_auto\" id=\"style-css-av-lkgscqq2-74daff1bf283b897a2c221e893e9c70a\">\n#top .av_textblock_section.av-lkgscqq2-74daff1bf283b897a2c221e893e9c70a .avia_textblock{\ncolor:#999999;\n}\n<\/style>\n<section  class='av_textblock_section av-lkgscqq2-74daff1bf283b897a2c221e893e9c70a '   itemscope=\"itemscope\" itemtype=\"https:\/\/schema.org\/CreativeWork\" ><div class='avia_textblock newdesign_subtitle av_inherit_color'  itemprop=\"text\" ><p>Personalisierte Tipps f\u00fcr dich<\/p>\n<\/div><\/section><br \/>\n<section  class='av_textblock_section av-lkgsdehu-a1058e7b581a3632823cfab76716ae74 '   itemscope=\"itemscope\" itemtype=\"https:\/\/schema.org\/CreativeWork\" ><div class='avia_textblock newdesign_h1'  itemprop=\"text\" ><h1>Sch\u00f6n, dass du weiterhin dabei bist!<\/h1>\n<\/div><\/section><br \/>\n<section  class='av_textblock_section av-lkgse3vg-4f932c2dfcf09b046a1866dc17f11632 '   itemscope=\"itemscope\" itemtype=\"https:\/\/schema.org\/CreativeWork\" ><div class='avia_textblock'  itemprop=\"text\" ><p>Wir freuen uns, dass du weiterhin personalisierte Tipps zu Fortbildungen, digitalen Tools und Unterrichtsmaterialien f\u00fcr deine F\u00e4cher erhalten m\u00f6chtest.<\/p>\n<\/div><\/section><br \/>\n<div  class='avia-button-wrap av-lx04k0my-55b9fd6a7b9cde2c855b1f693712a0be-wrap avia-button-left  avia-builder-el-5  el_after_av_textblock  avia-builder-el-last '><a href='http:\/\/plattform.fobizz.com'  class='avia-button av-lx04k0my-55b9fd6a7b9cde2c855b1f693712a0be av-link-btn avia-icon_select-no avia-size-small avia-position-left avia-color-theme-color-highlight'   aria-label=\"Weiter durchstarten\"><span class='avia_iconbox_title' >Weiter durchstarten<\/span><\/a><\/div><\/p><\/div>\n<style type=\"text\/css\" data-created_by=\"avia_inline_auto\" id=\"style-css-av-9wx10mi-eefdda4f4946548ca7bbd181b0c2bfa8\">\n.flex_column.av-9wx10mi-eefdda4f4946548ca7bbd181b0c2bfa8{\nborder-radius:0px 0px 0px 0px;\npadding:0px 0px 0px 0px;\n}\n<\/style>\n<div  class='flex_column av-9wx10mi-eefdda4f4946548ca7bbd181b0c2bfa8 av_two_fifth  avia-builder-el-6  el_after_av_three_fifth  avia-builder-el-last  flex_column_div av-zero-column-padding  '     ><style type=\"text\/css\" data-created_by=\"avia_inline_auto\" id=\"style-css-av-9egneoa-47362020f5a1c1f1d94a6d279484992a\">\n.avia-image-container.av-9egneoa-47362020f5a1c1f1d94a6d279484992a img.avia_image{\nbox-shadow:none;\n}\n.avia-image-container.av-9egneoa-47362020f5a1c1f1d94a6d279484992a .av-image-caption-overlay-center{\ncolor:#ffffff;\n}\n<\/style>\n<div  class='avia-image-container av-9egneoa-47362020f5a1c1f1d94a6d279484992a av-styling- avia-align-center  avia-builder-el-7  avia-builder-el-no-sibling '   itemprop=\"image\" itemscope=\"itemscope\" itemtype=\"https:\/\/schema.org\/ImageObject\" ><div class=\"avia-image-container-inner\"><div class=\"avia-image-overlay-wrap\"><img fetchpriority=\"high\" class='wp-image-40858 avia-img-lazy-loading-not-40858 avia_image ' src='https:\/\/fobizz.com\/wp-content\/uploads\/2023\/07\/icon_email_blau.svg' alt='Email' title='icon_email_blau'   itemprop=\"thumbnailUrl\"  \/><\/div><\/div><\/div><\/div><\/div><\/div><\/main><!-- close content main element --><\/div><\/div><div id='after_section_1'  class='main_color av_default_container_wrap container_wrap sidebar_right'  ><div class='container av-section-cont-open' ><div class='template-page content  av-content-small alpha units'><div class='post-entry post-entry-type-page post-entry-49594'><div class='entry-content-wrapper clearfix'>\n","protected":false},"excerpt":{"rendered":"","protected":false},"author":28,"featured_media":40858,"parent":0,"menu_order":0,"comment_status":"closed","ping_status":"closed","template":"","meta":{"_monsterinsights_skip_tracking":false,"_monsterinsights_sitenote_active":false,"_monsterinsights_sitenote_note":"","_monsterinsights_sitenote_category":0,"_uf_show_specific_survey":0,"_uf_disable_surveys":false,"footnotes":""},"class_list":["post-49594","page","type-page","status-publish","has-post-thumbnail","hentry"],"acf":[],"yoast_head":"<!-- This site is optimized with the Yoast SEO Premium plugin v26.2 (Yoast SEO v27.5) - https:\/\/yoast.com\/product\/yoast-seo-premium-wordpress\/ -->\n<title>fobizz Newsletter f\u00fcr Rheinland-Pfalz<\/title>\n<meta name=\"description\" content=\"Erhalte personalisierte Tipps zu Fortbildungen, digitalen Tools und Unterrichtsmaterialien f\u00fcr deine F\u00e4cher.\" \/>\n<meta name=\"robots\" content=\"noindex, nofollow\" \/>\n<meta name=\"twitter:card\" content=\"summary_large_image\" \/>\n<meta name=\"twitter:title\" content=\"fobizz Newsletter f\u00fcr Rheinland-Pfalz\" \/>\n<meta name=\"twitter:description\" content=\"Erhalte personalisierte Tipps zu Fortbildungen, digitalen Tools und Unterrichtsmaterialien f\u00fcr deine F\u00e4cher.\" \/>\n<meta name=\"twitter:site\" content=\"@fobizz\" \/>\n<meta name=\"twitter:label1\" content=\"Gesch\u00e4tzte Lesezeit\" \/>\n\t<meta name=\"twitter:data1\" content=\"1\u00a0Minute\" \/>\n<script type=\"application\/ld+json\" class=\"yoast-schema-graph\">{\"@context\":\"https:\\\/\\\/schema.org\",\"@graph\":[{\"@type\":\"WebPage\",\"@id\":\"https:\\\/\\\/fobizz.com\\\/de\\\/rheinland-pfalz_newsletter\\\/\",\"url\":\"https:\\\/\\\/fobizz.com\\\/de\\\/rheinland-pfalz_newsletter\\\/\",\"name\":\"fobizz Newsletter f\u00fcr Rheinland-Pfalz\",\"isPartOf\":{\"@id\":\"https:\\\/\\\/fobizz.com\\\/de\\\/#website\"},\"primaryImageOfPage\":{\"@id\":\"https:\\\/\\\/fobizz.com\\\/de\\\/rheinland-pfalz_newsletter\\\/#primaryimage\"},\"image\":{\"@id\":\"https:\\\/\\\/fobizz.com\\\/de\\\/rheinland-pfalz_newsletter\\\/#primaryimage\"},\"thumbnailUrl\":\"https:\\\/\\\/fobizz.com\\\/wp-content\\\/uploads\\\/2023\\\/07\\\/icon_email_blau.svg\",\"datePublished\":\"2024-06-04T08:08:48+00:00\",\"dateModified\":\"2025-05-23T13:22:37+00:00\",\"description\":\"Erhalte personalisierte Tipps zu Fortbildungen, digitalen Tools und Unterrichtsmaterialien f\u00fcr deine F\u00e4cher.\",\"breadcrumb\":{\"@id\":\"https:\\\/\\\/fobizz.com\\\/de\\\/rheinland-pfalz_newsletter\\\/#breadcrumb\"},\"inLanguage\":\"de\",\"potentialAction\":[{\"@type\":\"ReadAction\",\"target\":[\"https:\\\/\\\/fobizz.com\\\/de\\\/rheinland-pfalz_newsletter\\\/\"]}]},{\"@type\":\"ImageObject\",\"inLanguage\":\"de\",\"@id\":\"https:\\\/\\\/fobizz.com\\\/de\\\/rheinland-pfalz_newsletter\\\/#primaryimage\",\"url\":\"https:\\\/\\\/fobizz.com\\\/wp-content\\\/uploads\\\/2023\\\/07\\\/icon_email_blau.svg\",\"contentUrl\":\"https:\\\/\\\/fobizz.com\\\/wp-content\\\/uploads\\\/2023\\\/07\\\/icon_email_blau.svg\",\"caption\":\"Email\"},{\"@type\":\"BreadcrumbList\",\"@id\":\"https:\\\/\\\/fobizz.com\\\/de\\\/rheinland-pfalz_newsletter\\\/#breadcrumb\",\"itemListElement\":[{\"@type\":\"ListItem\",\"position\":1,\"name\":\"Startseite\",\"item\":\"https:\\\/\\\/fobizz.com\\\/de\\\/startpage\\\/\"},{\"@type\":\"ListItem\",\"position\":2,\"name\":\"fobizz Newsletter f\u00fcr Rheinland-Pfalz\"}]},{\"@type\":\"WebSite\",\"@id\":\"https:\\\/\\\/fobizz.com\\\/de\\\/#website\",\"url\":\"https:\\\/\\\/fobizz.com\\\/de\\\/\",\"name\":\"fobizz\",\"description\":\"AI &amp; digital Tools for Teachers\",\"publisher\":{\"@id\":\"https:\\\/\\\/fobizz.com\\\/de\\\/#organization\"},\"potentialAction\":[{\"@type\":\"SearchAction\",\"target\":{\"@type\":\"EntryPoint\",\"urlTemplate\":\"https:\\\/\\\/fobizz.com\\\/de\\\/?s={search_term_string}\"},\"query-input\":{\"@type\":\"PropertyValueSpecification\",\"valueRequired\":true,\"valueName\":\"search_term_string\"}}],\"inLanguage\":\"de\"},{\"@type\":\"Organization\",\"@id\":\"https:\\\/\\\/fobizz.com\\\/de\\\/#organization\",\"name\":\"fobizz\",\"url\":\"https:\\\/\\\/fobizz.com\\\/de\\\/\",\"logo\":{\"@type\":\"ImageObject\",\"inLanguage\":\"de\",\"@id\":\"https:\\\/\\\/fobizz.com\\\/de\\\/#\\\/schema\\\/logo\\\/image\\\/\",\"url\":\"https:\\\/\\\/fobizz.com\\\/wp-content\\\/uploads\\\/2023\\\/07\\\/fobi_autor_fobizz.png\",\"contentUrl\":\"https:\\\/\\\/fobizz.com\\\/wp-content\\\/uploads\\\/2023\\\/07\\\/fobi_autor_fobizz.png\",\"width\":200,\"height\":200,\"caption\":\"fobizz\"},\"image\":{\"@id\":\"https:\\\/\\\/fobizz.com\\\/de\\\/#\\\/schema\\\/logo\\\/image\\\/\"},\"sameAs\":[\"https:\\\/\\\/www.facebook.com\\\/fobizz\\\/\",\"https:\\\/\\\/x.com\\\/fobizz\",\"https:\\\/\\\/www.instagram.com\\\/fobizz_com\\\/\",\"https:\\\/\\\/www.youtube.com\\\/@fobizz702\",\"https:\\\/\\\/www.pinterest.de\\\/fobizz_com\"]}]}<\/script>\n<!-- \/ Yoast SEO Premium plugin. -->","yoast_head_json":{"title":"fobizz Newsletter f\u00fcr Rheinland-Pfalz","description":"Erhalte personalisierte Tipps zu Fortbildungen, digitalen Tools und Unterrichtsmaterialien f\u00fcr deine F\u00e4cher.","robots":{"index":"noindex","follow":"nofollow"},"twitter_card":"summary_large_image","twitter_title":"fobizz Newsletter f\u00fcr Rheinland-Pfalz","twitter_description":"Erhalte personalisierte Tipps zu Fortbildungen, digitalen Tools und Unterrichtsmaterialien f\u00fcr deine F\u00e4cher.","twitter_site":"@fobizz","twitter_misc":{"Gesch\u00e4tzte Lesezeit":"1\u00a0Minute"},"schema":{"@context":"https:\/\/schema.org","@graph":[{"@type":"WebPage","@id":"https:\/\/fobizz.com\/de\/rheinland-pfalz_newsletter\/","url":"https:\/\/fobizz.com\/de\/rheinland-pfalz_newsletter\/","name":"fobizz Newsletter f\u00fcr Rheinland-Pfalz","isPartOf":{"@id":"https:\/\/fobizz.com\/de\/#website"},"primaryImageOfPage":{"@id":"https:\/\/fobizz.com\/de\/rheinland-pfalz_newsletter\/#primaryimage"},"image":{"@id":"https:\/\/fobizz.com\/de\/rheinland-pfalz_newsletter\/#primaryimage"},"thumbnailUrl":"https:\/\/fobizz.com\/wp-content\/uploads\/2023\/07\/icon_email_blau.svg","datePublished":"2024-06-04T08:08:48+00:00","dateModified":"2025-05-23T13:22:37+00:00","description":"Erhalte personalisierte Tipps zu Fortbildungen, digitalen Tools und Unterrichtsmaterialien f\u00fcr deine F\u00e4cher.","breadcrumb":{"@id":"https:\/\/fobizz.com\/de\/rheinland-pfalz_newsletter\/#breadcrumb"},"inLanguage":"de","potentialAction":[{"@type":"ReadAction","target":["https:\/\/fobizz.com\/de\/rheinland-pfalz_newsletter\/"]}]},{"@type":"ImageObject","inLanguage":"de","@id":"https:\/\/fobizz.com\/de\/rheinland-pfalz_newsletter\/#primaryimage","url":"https:\/\/fobizz.com\/wp-content\/uploads\/2023\/07\/icon_email_blau.svg","contentUrl":"https:\/\/fobizz.com\/wp-content\/uploads\/2023\/07\/icon_email_blau.svg","caption":"Email"},{"@type":"BreadcrumbList","@id":"https:\/\/fobizz.com\/de\/rheinland-pfalz_newsletter\/#breadcrumb","itemListElement":[{"@type":"ListItem","position":1,"name":"Startseite","item":"https:\/\/fobizz.com\/de\/startpage\/"},{"@type":"ListItem","position":2,"name":"fobizz Newsletter f\u00fcr Rheinland-Pfalz"}]},{"@type":"WebSite","@id":"https:\/\/fobizz.com\/de\/#website","url":"https:\/\/fobizz.com\/de\/","name":"fobizz","description":"AI &amp; digital Tools for Teachers","publisher":{"@id":"https:\/\/fobizz.com\/de\/#organization"},"potentialAction":[{"@type":"SearchAction","target":{"@type":"EntryPoint","urlTemplate":"https:\/\/fobizz.com\/de\/?s={search_term_string}"},"query-input":{"@type":"PropertyValueSpecification","valueRequired":true,"valueName":"search_term_string"}}],"inLanguage":"de"},{"@type":"Organization","@id":"https:\/\/fobizz.com\/de\/#organization","name":"fobizz","url":"https:\/\/fobizz.com\/de\/","logo":{"@type":"ImageObject","inLanguage":"de","@id":"https:\/\/fobizz.com\/de\/#\/schema\/logo\/image\/","url":"https:\/\/fobizz.com\/wp-content\/uploads\/2023\/07\/fobi_autor_fobizz.png","contentUrl":"https:\/\/fobizz.com\/wp-content\/uploads\/2023\/07\/fobi_autor_fobizz.png","width":200,"height":200,"caption":"fobizz"},"image":{"@id":"https:\/\/fobizz.com\/de\/#\/schema\/logo\/image\/"},"sameAs":["https:\/\/www.facebook.com\/fobizz\/","https:\/\/x.com\/fobizz","https:\/\/www.instagram.com\/fobizz_com\/","https:\/\/www.youtube.com\/@fobizz702","https:\/\/www.pinterest.de\/fobizz_com"]}]}},"_links":{"self":[{"href":"https:\/\/fobizz.com\/de\/wp-json\/wp\/v2\/pages\/49594","targetHints":{"allow":["GET"]}}],"collection":[{"href":"https:\/\/fobizz.com\/de\/wp-json\/wp\/v2\/pages"}],"about":[{"href":"https:\/\/fobizz.com\/de\/wp-json\/wp\/v2\/types\/page"}],"author":[{"embeddable":true,"href":"https:\/\/fobizz.com\/de\/wp-json\/wp\/v2\/users\/28"}],"replies":[{"embeddable":true,"href":"https:\/\/fobizz.com\/de\/wp-json\/wp\/v2\/comments?post=49594"}],"version-history":[{"count":2,"href":"https:\/\/fobizz.com\/de\/wp-json\/wp\/v2\/pages\/49594\/revisions"}],"predecessor-version":[{"id":59297,"href":"https:\/\/fobizz.com\/de\/wp-json\/wp\/v2\/pages\/49594\/revisions\/59297"}],"wp:featuredmedia":[{"embeddable":true,"href":"https:\/\/fobizz.com\/de\/wp-json\/wp\/v2\/media\/40858"}],"wp:attachment":[{"href":"https:\/\/fobizz.com\/de\/wp-json\/wp\/v2\/media?parent=49594"}],"curies":[{"name":"wp","href":"https:\/\/api.w.org\/{rel}","templated":true}]}}