{"id":50716,"date":"2024-08-16T12:59:46","date_gmt":"2024-08-16T10:59:46","guid":{"rendered":"https:\/\/fobizz.com\/?page_id=50716"},"modified":"2026-04-07T08:52:43","modified_gmt":"2026-04-07T06:52:43","slug":"buss-und-bettag-webinarangebot","status":"publish","type":"page","link":"https:\/\/fobizz.com\/de\/buss-und-bettag-webinarangebot\/","title":{"rendered":"Bu\u00df-und Bettag Webinar-Angebot 2026"},"content":{"rendered":"<div id='av_section_1'  class='avia-section av-3zdbnor-b08b8be0a651440d9f98dabe60fae0fe main_color avia-section-default avia-no-border-styling  avia-builder-el-0  el_before_av_section  avia-builder-el-first  newdesign_hero-banner avia-bg-style-scroll container_wrap sidebar_right'  ><div class='container av-section-cont-open' ><main  role=\"main\" itemprop=\"mainContentOfPage\"  class='template-page content  av-content-small alpha units'><div class='post-entry post-entry-type-page post-entry-50716'><div class='entry-content-wrapper clearfix'>\n\n<style type=\"text\/css\" data-created_by=\"avia_inline_auto\" id=\"style-css-av-3cx1ktn-2d628484da6c90712a4ec547d10f0ca9\">\n.flex_column.av-3cx1ktn-2d628484da6c90712a4ec547d10f0ca9{\nborder-radius:0px 0px 0px 0px;\npadding:0px 0px 0px 0px;\n}\n<\/style>\n<div  class='flex_column av-3cx1ktn-2d628484da6c90712a4ec547d10f0ca9 av_three_fifth  avia-builder-el-1  el_before_av_two_fifth  avia-builder-el-first  first flex_column_div av-zero-column-padding  '     ><p>\n<style type=\"text\/css\" data-created_by=\"avia_inline_auto\" id=\"style-css-av-32ozenf-600848447efcd00aff2c3cb1d68623dd\">\n#top .av_textblock_section.av-32ozenf-600848447efcd00aff2c3cb1d68623dd .avia_textblock{\ncolor:#999999;\n}\n<\/style>\n<section  class='av_textblock_section av-32ozenf-600848447efcd00aff2c3cb1d68623dd '   itemscope=\"itemscope\" itemtype=\"https:\/\/schema.org\/CreativeWork\" ><div class='avia_textblock newdesign_subtitle av_inherit_color'  itemprop=\"text\" ><p>Mit fobizz und to teach den Unterricht vereinfachen<\/p>\n<\/div><\/section><br \/>\n<section  class='av_textblock_section av-2fk1zcb-38af1062808e8c211e955dfea212e87f '   itemscope=\"itemscope\" itemtype=\"https:\/\/schema.org\/CreativeWork\" ><div class='avia_textblock newdesign_h1'  itemprop=\"text\" ><h1>Webinar-Angebot am Bu\u00df- und Bettag<\/h1>\n<\/div><\/section><br \/>\n<section  class='av_textblock_section av-lkqw516h-2cc84823694746ac48ec41880537a15b '   itemscope=\"itemscope\" itemtype=\"https:\/\/schema.org\/CreativeWork\" ><div class='avia_textblock'  itemprop=\"text\" ><div class=\"page\" title=\"Page 1\">\n<div class=\"layoutArea\">\n<div class=\"column\">\n<p>Am 18. November 2026 haben Schulen die M\u00f6glichkeit, an unserem umfangreichen Webinar-Angebot teilzunehmen. Gemeinsam mit Ihrem Kollegium k\u00f6nnen Sie aus einer Vielzahl von Webinaren am Bu\u00df- und Bettag w\u00e4hlen. Nutzen Sie diese Gelegenheit f\u00fcr wertvolle Impulse und den Austausch im Kollegium. Das Webinarprogramm f\u00fcr 2026 stellen wir gerade f\u00fcr Sie zusammen. Als R\u00fcckblick finden Sie hier unseren <a href=\"https:\/\/fobizz.com\/wp-content\/uploads\/2025\/07\/Ablaufplan-Buss-und-Bettag-mit-fobizz.pdf\" target=\"_blank\" rel=\"noopener\">Ablaufplan von 2025<\/a>.<\/p>\n<\/div>\n<\/div>\n<\/div>\n<\/div><\/section><br \/>\n<div  class='avia-button-wrap av-1qs2ctn-9db3cfc6e23cebf66e59b433618abd3c-wrap avia-button-left  avia-builder-el-5  el_after_av_textblock  avia-builder-el-last '><a href='#anmeldung'  class='avia-button av-1qs2ctn-9db3cfc6e23cebf66e59b433618abd3c av-link-btn avia-icon_select-no avia-size-small avia-position-left avia-color-theme-color'  target=\"_blank\"  rel=\"noopener noreferrer\"  aria-label=\"Jetzt anmelden\"><span class='avia_iconbox_title' >Jetzt anmelden<\/span><\/a><\/div><\/p><\/div>\n<style type=\"text\/css\" data-created_by=\"avia_inline_auto\" id=\"style-css-av-40ky5n-0b72b493460d465cd98be04f8cda12f5\">\n.flex_column.av-40ky5n-0b72b493460d465cd98be04f8cda12f5{\nborder-radius:0px 0px 0px 0px;\npadding:0px 0px 0px 0px;\n}\n<\/style>\n<div  class='flex_column av-40ky5n-0b72b493460d465cd98be04f8cda12f5 av_two_fifth  avia-builder-el-6  el_after_av_three_fifth  avia-builder-el-last  flex_column_div av-zero-column-padding  '     ><style type=\"text\/css\" data-created_by=\"avia_inline_auto\" id=\"style-css-av-srfumj-ba531daa0cc8884d8f8c4878e774511f\">\n.avia-image-container.av-srfumj-ba531daa0cc8884d8f8c4878e774511f img.avia_image{\nbox-shadow:none;\n}\n.avia-image-container.av-srfumj-ba531daa0cc8884d8f8c4878e774511f .av-image-caption-overlay-center{\ncolor:#ffffff;\n}\n<\/style>\n<div  class='avia-image-container av-srfumj-ba531daa0cc8884d8f8c4878e774511f av-styling- avia-align-center  avia-builder-el-7  avia-builder-el-no-sibling '   itemprop=\"image\" itemscope=\"itemscope\" itemtype=\"https:\/\/schema.org\/ImageObject\" ><div class=\"avia-image-container-inner\"><div class=\"avia-image-overlay-wrap\"><img fetchpriority=\"high\" class='wp-image-41347 avia-img-lazy-loading-not-41347 avia_image ' src='https:\/\/fobizz.com\/wp-content\/uploads\/2023\/07\/KI-Assistenz.svg' alt='Bild eines kleinen Roboters und zwei Personen' title='KI-Assistenz'   itemprop=\"thumbnailUrl\"  \/><\/div><\/div><\/div><\/div>\n\n<\/div><\/div><\/main><!-- close content main element --><\/div><\/div><div id='av_section_2'  class='avia-section av-1bqc1hn-af0c18e7c733000b022932ce5727ae32 main_color avia-section-default avia-no-border-styling  avia-builder-el-8  el_after_av_section  el_before_av_section  avia-bg-style-scroll container_wrap sidebar_right'  ><div class='container av-section-cont-open' ><div class='template-page content  av-content-small alpha units'><div class='post-entry post-entry-type-page post-entry-50716'><div class='entry-content-wrapper clearfix'>\n\n<style type=\"text\/css\" data-created_by=\"avia_inline_auto\" id=\"style-css-av-qaju0b-aca43e3d65f57641fe7fe4fd528010cd\">\n#top .hr.hr-invisible.av-qaju0b-aca43e3d65f57641fe7fe4fd528010cd{\nheight:50px;\n}\n<\/style>\n<div  class='hr av-qaju0b-aca43e3d65f57641fe7fe4fd528010cd hr-invisible  avia-builder-el-9  avia-builder-el-no-sibling '><span class='hr-inner '><span class=\"hr-inner-style\"><\/span><\/span><\/div>\n\n<\/div><\/div><\/div><!-- close content main div --><\/div><\/div>\n<style type=\"text\/css\" data-created_by=\"avia_inline_auto\" id=\"style-css-av-4ck94y3-55bc4248349e8a1fb262ed2416bb96fa\">\n.avia-section.av-4ck94y3-55bc4248349e8a1fb262ed2416bb96fa{\nbackground-color:#d2f0f1;\nbackground-image:unset;\n}\n<\/style>\n<div id='av_section_3'  class='avia-section av-4ck94y3-55bc4248349e8a1fb262ed2416bb96fa main_color avia-section-default avia-no-border-styling  avia-builder-el-10  el_after_av_section  el_before_av_section  newdesign_contact avia-bg-style-scroll container_wrap sidebar_right'  ><div class='container av-section-cont-open' ><div class='template-page content  av-content-small alpha units'><div class='post-entry post-entry-type-page post-entry-50716'><div class='entry-content-wrapper clearfix'>\n<div  class='flex_column av-dvq0i3-0752d7b7b87b09ef0d192118730189ca av_one_half  avia-builder-el-11  el_before_av_one_half  avia-builder-el-first  newdesign_contact_image first flex_column_div  '     ><p>\n<style type=\"text\/css\" data-created_by=\"avia_inline_auto\" id=\"style-css-av-ceoai3-a782ba1e46fa0ac2b1b7d59f2c20b5cb\">\n.avia-image-container.av-ceoai3-a782ba1e46fa0ac2b1b7d59f2c20b5cb img.avia_image{\nbox-shadow:none;\n}\n.avia-image-container.av-ceoai3-a782ba1e46fa0ac2b1b7d59f2c20b5cb .av-image-caption-overlay-center{\ncolor:#ffffff;\n}\n<\/style>\n<div  class='avia-image-container av-ceoai3-a782ba1e46fa0ac2b1b7d59f2c20b5cb av-styling- avia-align-center  avia-builder-el-12  el_before_av_textblock  avia-builder-el-first '   itemprop=\"image\" itemscope=\"itemscope\" itemtype=\"https:\/\/schema.org\/ImageObject\" ><div class=\"avia-image-container-inner\"><div class=\"avia-image-overlay-wrap\"><img fetchpriority=\"high\" class='wp-image-40192 avia-img-lazy-loading-not-40192 avia_image ' src='https:\/\/fobizz.com\/wp-content\/uploads\/2023\/07\/Lena-Guhl.jpg' alt='' title='Lena Guhl'  height=\"1219\" width=\"1008\"  itemprop=\"thumbnailUrl\"  \/><\/div><\/div><\/div><br \/>\n<section  class='av_textblock_section av-35njzxn-c66812b72a512367caeec135fa99eab8 '   itemscope=\"itemscope\" itemtype=\"https:\/\/schema.org\/CreativeWork\" ><div class='avia_textblock newdesign_contact-role'  itemprop=\"text\" ><\/div><\/section><br \/>\n<section  class='av_textblock_section av-2p4f3mz-21734862d15c05e6a6c7d82d0a2967f5 '   itemscope=\"itemscope\" itemtype=\"https:\/\/schema.org\/CreativeWork\" ><div class='avia_textblock newdesign_contact-name'  itemprop=\"text\" ><\/div><\/section><\/p><\/div><div  class='flex_column av-1wv3qa3-b6ef53ad4b440cc3864bad39668a49c2 av_one_half  avia-builder-el-15  el_after_av_one_half  avia-builder-el-last  newdesign_subscribe_content flex_column_div  '     ><section  class='av_textblock_section av-1r2wg17-27b19198baf331d22a133644f84fadb6 '   itemscope=\"itemscope\" itemtype=\"https:\/\/schema.org\/CreativeWork\" ><div class='avia_textblock newdesign_h1'  itemprop=\"text\" ><h2>Wir sind f\u00fcr Sie da<\/h2>\n<\/div><\/section><br \/>\n<section  class='av_textblock_section av-1772zez-453b4f2d2a9410560ffb5db07a732c42 '   itemscope=\"itemscope\" itemtype=\"https:\/\/schema.org\/CreativeWork\" ><div class='avia_textblock newdesign_description'  itemprop=\"text\" ><p>Wir beraten Sie gerne, um die passende L\u00f6sung f\u00fcr Ihr Kollegium zu finden. W\u00e4hlen Sie daf\u00fcr hier einen R\u00fcckruftermin aus.<\/p>\n<\/div><\/section><br \/>\n<div  class='avia-button-wrap av-vuu1wr-4b594f36bdd046325567b971ca2533b8-wrap avia-button-left  avia-builder-el-18  el_after_av_textblock  avia-builder-el-last  newdesign_blue_button'><a href='https:\/\/fobizz.com\/de\/beratung\/'  class='avia-button av-vuu1wr-4b594f36bdd046325567b971ca2533b8 av-link-btn avia-icon_select-no avia-size-small avia-position-left avia-color-theme-color'  target=\"_blank\"  rel=\"noopener noreferrer\"  aria-label=\"Beratungstermin vereinbaren\"><span class='avia_iconbox_title' >Beratungstermin vereinbaren<\/span><\/a><\/div><\/p><\/div>\n\n<\/div><\/div><\/div><!-- close content main div --><\/div><\/div><div id='anmeldung'  class='avia-section av-mnhkl2n7-83863b1969930fe3e67251a84598fbf0 main_color avia-section-default avia-no-border-styling  avia-builder-el-19  el_after_av_section  avia-builder-el-last  avia-bg-style-scroll container_wrap sidebar_right'  ><div class='container av-section-cont-open' ><div class='template-page content  av-content-small alpha units'><div class='post-entry post-entry-type-page post-entry-50716'><div class='entry-content-wrapper clearfix'>\n\n<style type=\"text\/css\" data-created_by=\"avia_inline_auto\" id=\"style-css-av-2v1kgv0-f427da4af262dcdde5e743b9eaabde5a\">\n.flex_column.av-2v1kgv0-f427da4af262dcdde5e743b9eaabde5a{\nborder-radius:0px 0px 0px 0px;\npadding:0px 0px 0px 0px;\n}\n<\/style>\n<div  class='flex_column av-2v1kgv0-f427da4af262dcdde5e743b9eaabde5a av_three_fifth  avia-builder-el-20  el_before_av_two_fifth  avia-builder-el-first  first flex_column_div av-zero-column-padding  '     ><section  class='av_textblock_section av-2jfsloc-d0c25e20e517a4f435bac2dc645c0682 '   itemscope=\"itemscope\" itemtype=\"https:\/\/schema.org\/CreativeWork\" ><div class='avia_textblock newdesign_h1'  itemprop=\"text\" ><h1>Anfrage Bu\u00df-und Bettag<\/h1>\n<\/div><\/section><br \/>\n<section  class='av_textblock_section av-mnhkktvp-088f85541c0313769bbddfdd37f42ab0 '   itemscope=\"itemscope\" itemtype=\"https:\/\/schema.org\/CreativeWork\" ><div class='avia_textblock'  itemprop=\"text\" ><p>Als Schule haben Sie die M\u00f6glichkeit, sich gemeinsam mit Ihrem Kollegium f\u00fcr das <strong>kostenfreie Webinar-Angebot am 18. November<\/strong> 2026 anzumelden! \ud83c\udf89<\/p>\n<p>Sie k\u00f6nnen an einzelnen oder allen Terminen teilnehmen und haben die Flexibilit\u00e4t, mit Teilen des Kollegiums oder dem gesamten Team dabei zu sein. Die Teilnahme ist sowohl von zu Hause als auch von der Schule aus m\u00f6glich. Sie k\u00f6nnen entweder einzelne Ger\u00e4te nutzen oder gemeinsam \u00fcber einen Beamer arbeiten.<\/p>\n<p>Sobald das Programm steht, erhalten Sie Ihre Zugangsdaten per E-Mail von uns.<\/p>\n<p>Alternativ k\u00f6nnen Sie sich auch per E-Mail an <a href=\"mailto:kontakt@fobizz.com\">kontakt@fobizz.com<\/a> mit Angabe Ihrer E-Mail-Adresse, Name und Adresse der Schule sowie Nennung der Ansprechperson und Gr\u00f6\u00dfe des Kollegiums f\u00fcr den Bu\u00df- und Bettag anmelden.<\/p>\n<\/div><\/section><br \/>\n\n<style type=\"text\/css\" data-created_by=\"avia_inline_auto\" id=\"style-css-av-26atupo-88bba2954a0a70dc5b5aa6b5c86b2159\">\n#top .hr.hr-invisible.av-26atupo-88bba2954a0a70dc5b5aa6b5c86b2159{\nheight:25px;\n}\n<\/style>\n<div  class='hr av-26atupo-88bba2954a0a70dc5b5aa6b5c86b2159 hr-invisible  avia-builder-el-23  el_after_av_textblock  el_before_av_codeblock '><span class='hr-inner '><span class=\"hr-inner-style\"><\/span><\/span><\/div><br \/>\n<br \/>\n\n<style type=\"text\/css\" data-created_by=\"avia_inline_auto\" id=\"style-css-av-1a0u5cs-a303507bc66aec9690dae8cb32171475\">\n#top .hr.hr-invisible.av-1a0u5cs-a303507bc66aec9690dae8cb32171475{\nheight:25px;\n}\n<\/style>\n<div  class='hr av-1a0u5cs-a303507bc66aec9690dae8cb32171475 hr-invisible  avia-builder-el-25  el_after_av_codeblock  avia-builder-el-last '><span class='hr-inner '><span class=\"hr-inner-style\"><\/span><\/span><\/div><\/p><\/div>\n<style type=\"text\/css\" data-created_by=\"avia_inline_auto\" id=\"style-css-av-vvo8t8-b2521eb628537c28372c9c5528add08e\">\n.flex_column.av-vvo8t8-b2521eb628537c28372c9c5528add08e{\nborder-radius:0px 0px 0px 0px;\npadding:0px 0px 0px 0px;\n}\n<\/style>\n<div  class='flex_column av-vvo8t8-b2521eb628537c28372c9c5528add08e av_two_fifth  avia-builder-el-26  el_after_av_three_fifth  avia-builder-el-last  flex_column_div av-zero-column-padding  '     ><\/div><\/div><\/div><\/div><!-- close content main div --><\/div><\/div><div id='after_section_4'  class='main_color av_default_container_wrap container_wrap sidebar_right'  ><div class='container av-section-cont-open' ><div class='template-page content  av-content-small alpha units'><div class='post-entry post-entry-type-page post-entry-50716'><div class='entry-content-wrapper clearfix'>\n","protected":false},"excerpt":{"rendered":"","protected":false},"author":15,"featured_media":43197,"parent":0,"menu_order":0,"comment_status":"closed","ping_status":"closed","template":"","meta":{"_monsterinsights_skip_tracking":false,"_monsterinsights_sitenote_active":false,"_monsterinsights_sitenote_note":"","_monsterinsights_sitenote_category":0,"_uf_show_specific_survey":0,"_uf_disable_surveys":false,"footnotes":""},"class_list":["post-50716","page","type-page","status-publish","has-post-thumbnail","hentry"],"acf":[],"yoast_head":"<!-- This site is optimized with the Yoast SEO Premium plugin v26.2 (Yoast SEO v27.3) - https:\/\/yoast.com\/product\/yoast-seo-premium-wordpress\/ -->\n<title>Webinar-Angebot am Bu\u00df-und Bettag<\/title>\n<meta name=\"description\" content=\"Am Bu\u00df-und Bettag erhalten Lehrkr\u00e4fte Zugriff auf spannende Webinare, zu den Themen digitale Tools und K\u00fcnstliche Intelligenz.\" \/>\n<meta name=\"robots\" content=\"index, follow, max-snippet:-1, max-image-preview:large, max-video-preview:-1\" \/>\n<link rel=\"canonical\" href=\"https:\/\/fobizz.com\/de\/buss-und-bettag-webinarangebot\/\" \/>\n<meta name=\"twitter:card\" content=\"summary_large_image\" \/>\n<meta name=\"twitter:title\" content=\"Webinar-Angebot am Bu\u00df-und Bettag\" \/>\n<meta name=\"twitter:description\" content=\"Am Bu\u00df- und Bettag haben Schulen die Gelegenheit, gemeinsam mit ihrem Kollegium an spannenden Webinaren zu den Themen KI, Tools und Unterrichtsmaterialien teilzunehmen.\" \/>\n<meta name=\"twitter:image\" content=\"https:\/\/fobizz.com\/wp-content\/uploads\/2023\/08\/Prompt-Crafting-Fremdsprachen.png\" \/>\n<meta name=\"twitter:site\" content=\"@fobizz\" \/>\n<meta name=\"twitter:label1\" content=\"Gesch\u00e4tzte Lesezeit\" \/>\n\t<meta name=\"twitter:data1\" content=\"2\u00a0Minuten\" \/>\n<script type=\"application\/ld+json\" class=\"yoast-schema-graph\">{\"@context\":\"https:\\\/\\\/schema.org\",\"@graph\":[{\"@type\":\"WebPage\",\"@id\":\"https:\\\/\\\/fobizz.com\\\/de\\\/buss-und-bettag-webinarangebot\\\/\",\"url\":\"https:\\\/\\\/fobizz.com\\\/de\\\/buss-und-bettag-webinarangebot\\\/\",\"name\":\"Webinar-Angebot am Bu\u00df-und Bettag\",\"isPartOf\":{\"@id\":\"https:\\\/\\\/fobizz.com\\\/de\\\/#website\"},\"primaryImageOfPage\":{\"@id\":\"https:\\\/\\\/fobizz.com\\\/de\\\/buss-und-bettag-webinarangebot\\\/#primaryimage\"},\"image\":{\"@id\":\"https:\\\/\\\/fobizz.com\\\/de\\\/buss-und-bettag-webinarangebot\\\/#primaryimage\"},\"thumbnailUrl\":\"https:\\\/\\\/fobizz.com\\\/wp-content\\\/uploads\\\/2023\\\/08\\\/Prompt-Crafting-Fremdsprachen.png\",\"datePublished\":\"2024-08-16T10:59:46+00:00\",\"dateModified\":\"2026-04-07T06:52:43+00:00\",\"description\":\"Am Bu\u00df-und Bettag erhalten Lehrkr\u00e4fte Zugriff auf spannende Webinare, zu den Themen digitale Tools und K\u00fcnstliche Intelligenz.\",\"breadcrumb\":{\"@id\":\"https:\\\/\\\/fobizz.com\\\/de\\\/buss-und-bettag-webinarangebot\\\/#breadcrumb\"},\"inLanguage\":\"de\",\"potentialAction\":[{\"@type\":\"ReadAction\",\"target\":[\"https:\\\/\\\/fobizz.com\\\/de\\\/buss-und-bettag-webinarangebot\\\/\"]}]},{\"@type\":\"ImageObject\",\"inLanguage\":\"de\",\"@id\":\"https:\\\/\\\/fobizz.com\\\/de\\\/buss-und-bettag-webinarangebot\\\/#primaryimage\",\"url\":\"https:\\\/\\\/fobizz.com\\\/wp-content\\\/uploads\\\/2023\\\/08\\\/Prompt-Crafting-Fremdsprachen.png\",\"contentUrl\":\"https:\\\/\\\/fobizz.com\\\/wp-content\\\/uploads\\\/2023\\\/08\\\/Prompt-Crafting-Fremdsprachen.png\",\"width\":800,\"height\":500,\"caption\":\"Titelbild Prompt Crafting mit ChatGPT im Fremdsprachenunterricht\"},{\"@type\":\"BreadcrumbList\",\"@id\":\"https:\\\/\\\/fobizz.com\\\/de\\\/buss-und-bettag-webinarangebot\\\/#breadcrumb\",\"itemListElement\":[{\"@type\":\"ListItem\",\"position\":1,\"name\":\"Startseite\",\"item\":\"https:\\\/\\\/fobizz.com\\\/de\\\/startpage\\\/\"},{\"@type\":\"ListItem\",\"position\":2,\"name\":\"Bu\u00df-und Bettag Webinar-Angebot 2026\"}]},{\"@type\":\"WebSite\",\"@id\":\"https:\\\/\\\/fobizz.com\\\/de\\\/#website\",\"url\":\"https:\\\/\\\/fobizz.com\\\/de\\\/\",\"name\":\"fobizz\",\"description\":\"AI &amp; digital Tools for Teachers\",\"publisher\":{\"@id\":\"https:\\\/\\\/fobizz.com\\\/de\\\/#organization\"},\"potentialAction\":[{\"@type\":\"SearchAction\",\"target\":{\"@type\":\"EntryPoint\",\"urlTemplate\":\"https:\\\/\\\/fobizz.com\\\/de\\\/?s={search_term_string}\"},\"query-input\":{\"@type\":\"PropertyValueSpecification\",\"valueRequired\":true,\"valueName\":\"search_term_string\"}}],\"inLanguage\":\"de\"},{\"@type\":\"Organization\",\"@id\":\"https:\\\/\\\/fobizz.com\\\/de\\\/#organization\",\"name\":\"fobizz\",\"url\":\"https:\\\/\\\/fobizz.com\\\/de\\\/\",\"logo\":{\"@type\":\"ImageObject\",\"inLanguage\":\"de\",\"@id\":\"https:\\\/\\\/fobizz.com\\\/de\\\/#\\\/schema\\\/logo\\\/image\\\/\",\"url\":\"https:\\\/\\\/fobizz.com\\\/wp-content\\\/uploads\\\/2023\\\/07\\\/fobi_autor_fobizz.png\",\"contentUrl\":\"https:\\\/\\\/fobizz.com\\\/wp-content\\\/uploads\\\/2023\\\/07\\\/fobi_autor_fobizz.png\",\"width\":200,\"height\":200,\"caption\":\"fobizz\"},\"image\":{\"@id\":\"https:\\\/\\\/fobizz.com\\\/de\\\/#\\\/schema\\\/logo\\\/image\\\/\"},\"sameAs\":[\"https:\\\/\\\/www.facebook.com\\\/fobizz\\\/\",\"https:\\\/\\\/x.com\\\/fobizz\",\"https:\\\/\\\/www.instagram.com\\\/fobizz_com\\\/\",\"https:\\\/\\\/www.youtube.com\\\/@fobizz702\",\"https:\\\/\\\/www.pinterest.de\\\/fobizz_com\"]}]}<\/script>\n<!-- \/ Yoast SEO Premium plugin. -->","yoast_head_json":{"title":"Webinar-Angebot am Bu\u00df-und Bettag","description":"Am Bu\u00df-und Bettag erhalten Lehrkr\u00e4fte Zugriff auf spannende Webinare, zu den Themen digitale Tools und K\u00fcnstliche Intelligenz.","robots":{"index":"index","follow":"follow","max-snippet":"max-snippet:-1","max-image-preview":"max-image-preview:large","max-video-preview":"max-video-preview:-1"},"canonical":"https:\/\/fobizz.com\/de\/buss-und-bettag-webinarangebot\/","twitter_card":"summary_large_image","twitter_title":"Webinar-Angebot am Bu\u00df-und Bettag","twitter_description":"Am Bu\u00df- und Bettag haben Schulen die Gelegenheit, gemeinsam mit ihrem Kollegium an spannenden Webinaren zu den Themen KI, Tools und Unterrichtsmaterialien teilzunehmen.","twitter_image":"https:\/\/fobizz.com\/wp-content\/uploads\/2023\/08\/Prompt-Crafting-Fremdsprachen.png","twitter_site":"@fobizz","twitter_misc":{"Gesch\u00e4tzte Lesezeit":"2\u00a0Minuten"},"schema":{"@context":"https:\/\/schema.org","@graph":[{"@type":"WebPage","@id":"https:\/\/fobizz.com\/de\/buss-und-bettag-webinarangebot\/","url":"https:\/\/fobizz.com\/de\/buss-und-bettag-webinarangebot\/","name":"Webinar-Angebot am Bu\u00df-und Bettag","isPartOf":{"@id":"https:\/\/fobizz.com\/de\/#website"},"primaryImageOfPage":{"@id":"https:\/\/fobizz.com\/de\/buss-und-bettag-webinarangebot\/#primaryimage"},"image":{"@id":"https:\/\/fobizz.com\/de\/buss-und-bettag-webinarangebot\/#primaryimage"},"thumbnailUrl":"https:\/\/fobizz.com\/wp-content\/uploads\/2023\/08\/Prompt-Crafting-Fremdsprachen.png","datePublished":"2024-08-16T10:59:46+00:00","dateModified":"2026-04-07T06:52:43+00:00","description":"Am Bu\u00df-und Bettag erhalten Lehrkr\u00e4fte Zugriff auf spannende Webinare, zu den Themen digitale Tools und K\u00fcnstliche Intelligenz.","breadcrumb":{"@id":"https:\/\/fobizz.com\/de\/buss-und-bettag-webinarangebot\/#breadcrumb"},"inLanguage":"de","potentialAction":[{"@type":"ReadAction","target":["https:\/\/fobizz.com\/de\/buss-und-bettag-webinarangebot\/"]}]},{"@type":"ImageObject","inLanguage":"de","@id":"https:\/\/fobizz.com\/de\/buss-und-bettag-webinarangebot\/#primaryimage","url":"https:\/\/fobizz.com\/wp-content\/uploads\/2023\/08\/Prompt-Crafting-Fremdsprachen.png","contentUrl":"https:\/\/fobizz.com\/wp-content\/uploads\/2023\/08\/Prompt-Crafting-Fremdsprachen.png","width":800,"height":500,"caption":"Titelbild Prompt Crafting mit ChatGPT im Fremdsprachenunterricht"},{"@type":"BreadcrumbList","@id":"https:\/\/fobizz.com\/de\/buss-und-bettag-webinarangebot\/#breadcrumb","itemListElement":[{"@type":"ListItem","position":1,"name":"Startseite","item":"https:\/\/fobizz.com\/de\/startpage\/"},{"@type":"ListItem","position":2,"name":"Bu\u00df-und Bettag Webinar-Angebot 2026"}]},{"@type":"WebSite","@id":"https:\/\/fobizz.com\/de\/#website","url":"https:\/\/fobizz.com\/de\/","name":"fobizz","description":"AI &amp; digital Tools for Teachers","publisher":{"@id":"https:\/\/fobizz.com\/de\/#organization"},"potentialAction":[{"@type":"SearchAction","target":{"@type":"EntryPoint","urlTemplate":"https:\/\/fobizz.com\/de\/?s={search_term_string}"},"query-input":{"@type":"PropertyValueSpecification","valueRequired":true,"valueName":"search_term_string"}}],"inLanguage":"de"},{"@type":"Organization","@id":"https:\/\/fobizz.com\/de\/#organization","name":"fobizz","url":"https:\/\/fobizz.com\/de\/","logo":{"@type":"ImageObject","inLanguage":"de","@id":"https:\/\/fobizz.com\/de\/#\/schema\/logo\/image\/","url":"https:\/\/fobizz.com\/wp-content\/uploads\/2023\/07\/fobi_autor_fobizz.png","contentUrl":"https:\/\/fobizz.com\/wp-content\/uploads\/2023\/07\/fobi_autor_fobizz.png","width":200,"height":200,"caption":"fobizz"},"image":{"@id":"https:\/\/fobizz.com\/de\/#\/schema\/logo\/image\/"},"sameAs":["https:\/\/www.facebook.com\/fobizz\/","https:\/\/x.com\/fobizz","https:\/\/www.instagram.com\/fobizz_com\/","https:\/\/www.youtube.com\/@fobizz702","https:\/\/www.pinterest.de\/fobizz_com"]}]}},"_links":{"self":[{"href":"https:\/\/fobizz.com\/de\/wp-json\/wp\/v2\/pages\/50716","targetHints":{"allow":["GET"]}}],"collection":[{"href":"https:\/\/fobizz.com\/de\/wp-json\/wp\/v2\/pages"}],"about":[{"href":"https:\/\/fobizz.com\/de\/wp-json\/wp\/v2\/types\/page"}],"author":[{"embeddable":true,"href":"https:\/\/fobizz.com\/de\/wp-json\/wp\/v2\/users\/15"}],"replies":[{"embeddable":true,"href":"https:\/\/fobizz.com\/de\/wp-json\/wp\/v2\/comments?post=50716"}],"version-history":[{"count":10,"href":"https:\/\/fobizz.com\/de\/wp-json\/wp\/v2\/pages\/50716\/revisions"}],"predecessor-version":[{"id":54020,"href":"https:\/\/fobizz.com\/de\/wp-json\/wp\/v2\/pages\/50716\/revisions\/54020"}],"wp:featuredmedia":[{"embeddable":true,"href":"https:\/\/fobizz.com\/de\/wp-json\/wp\/v2\/media\/43197"}],"wp:attachment":[{"href":"https:\/\/fobizz.com\/de\/wp-json\/wp\/v2\/media?parent=50716"}],"curies":[{"name":"wp","href":"https:\/\/api.w.org\/{rel}","templated":true}]}}