{"id":51754,"date":"2024-10-16T11:56:53","date_gmt":"2024-10-16T09:56:53","guid":{"rendered":"https:\/\/fobizz.com\/?page_id=51754"},"modified":"2024-12-12T13:23:11","modified_gmt":"2024-12-12T12:23:11","slug":"formular-volksschulen","status":"publish","type":"page","link":"https:\/\/fobizz.com\/de\/formular-volksschulen\/","title":{"rendered":"Formular Volksschulen Luzern"},"content":{"rendered":"<div id='av_section_1'  class='avia-section av-sp8qwdm-a499dabee5d0dace80fc5e5a77d7de60 main_color avia-section-default avia-no-border-styling  avia-builder-el-0  avia-builder-el-no-sibling  newdesign_prices avia-bg-style-scroll container_wrap sidebar_right'  ><div class='container av-section-cont-open' ><main  role=\"main\" itemprop=\"mainContentOfPage\"  class='template-page content  av-content-small alpha units'><div class='post-entry post-entry-type-page post-entry-51754'><div class='entry-content-wrapper clearfix'>\n\n<style type=\"text\/css\" data-created_by=\"avia_inline_auto\" id=\"style-css-av-serp2yy-83b2743550ba2d5248bde897b800ef87\">\n.flex_column.av-serp2yy-83b2743550ba2d5248bde897b800ef87{\nborder-radius:0px 0px 0px 0px;\npadding:0px 0px 0px 0px;\n}\n<\/style>\n<div  class='flex_column av-serp2yy-83b2743550ba2d5248bde897b800ef87 av_one_full  avia-builder-el-1  el_before_av_one_third  avia-builder-el-first  newdesign_features_description_wrapper first flex_column_div av-zero-column-padding  '     ><section  class='av_textblock_section av-raekesq-17807b4e974f5c3765ab3f14d1cb55c1 '   itemscope=\"itemscope\" itemtype=\"https:\/\/schema.org\/CreativeWork\" ><div class='avia_textblock newdesign_h1'  itemprop=\"text\" ><h2>Lizenzen f\u00fcr Volksschulen<\/h2>\n<\/div><\/section><br \/>\n<section  class='av_textblock_section av-li46aekv-96337ff26dba587f3e84c0a7451ce029 '   itemscope=\"itemscope\" itemtype=\"https:\/\/schema.org\/CreativeWork\" ><div class='avia_textblock'  itemprop=\"text\" ><p>Alle Volksschulen aus dem Kanton Luzern erhalten durch die Kooperation zwischen fobizz und dem Kanton gesonderte Konditionen. W\u00e4hlen Sie im untenstehenden Formular eine Lizenz und Ihren gew\u00fcnschten Vorteil aus.<\/p>\n<\/div><\/section><\/p><\/div><div class='flex_column_table av-qsk9ze2-95b49e6de1e4fbb08c3ad812b8a5ec03 sc-av_one_third av-equal-height-column-flextable'><div  class='flex_column av-qsk9ze2-95b49e6de1e4fbb08c3ad812b8a5ec03 av_one_third  avia-builder-el-4  el_after_av_one_full  el_before_av_one_third  newdesign_prices-item first flex_column_table_cell av-equal-height-column av-align-top  column-top-margin'     ><p>\n<style type=\"text\/css\" data-created_by=\"avia_inline_auto\" id=\"style-css-av-qc4494a-5380b3bfe3e542847a0a1a4306e890dd\">\n#top .av_textblock_section.av-qc4494a-5380b3bfe3e542847a0a1a4306e890dd .avia_textblock{\ncolor:#999999;\n}\n<\/style>\n<section  class='av_textblock_section av-qc4494a-5380b3bfe3e542847a0a1a4306e890dd '   itemscope=\"itemscope\" itemtype=\"https:\/\/schema.org\/CreativeWork\" ><div class='avia_textblock newdesign_prices-item-header av_inherit_color'  itemprop=\"text\" ><p>Nur fobizz<\/p>\n<\/div><\/section><br \/>\n\n<style type=\"text\/css\" data-created_by=\"avia_inline_auto\" id=\"style-css-av-m4ielf3u-85f98b288ac3a7b8c659b56387f9b001\">\n#top .av_textblock_section.av-m4ielf3u-85f98b288ac3a7b8c659b56387f9b001 .avia_textblock{\ncolor:#999999;\n}\n<\/style>\n<section  class='av_textblock_section av-m4ielf3u-85f98b288ac3a7b8c659b56387f9b001 '   itemscope=\"itemscope\" itemtype=\"https:\/\/schema.org\/CreativeWork\" ><div class='avia_textblock newdesign_subtitle av_inherit_color'  itemprop=\"text\" ><p>Tools &amp; KI Lizenz<\/p>\n<\/div><\/section><br \/>\n<section  class='av_textblock_section av-m4ienwh5-238e9b0ed43dd5770f93cfe5047b75c0 '   itemscope=\"itemscope\" itemtype=\"https:\/\/schema.org\/CreativeWork\" ><div class='avia_textblock newdesign_prices-item-text'  itemprop=\"text\" ><p>Alle fobizz Tools f\u00fcr den Unterricht &amp; KI f\u00fcr ein Jahr ohne Limits nutzen.<\/p>\n<\/div><\/section><br \/>\n<div  class='avia-table av-nttyxre-2ef7d1efb0601c7e4cc93b0315682d3b main_color avia-pricing-table-container avia_pricing_default  avia-builder-el-8  el_after_av_textblock  avia-builder-el-last  newdesign_prices-item-costs-wrapper avia-table-1'  itemscope=\"itemscope\" itemtype=\"https:\/\/schema.org\/Table\" ><div class=\"pricing-table-wrap\"><ul class='pricing-table '><li class=''><div class='first-table-item'>0-9 Lizenzen<\/div><span class='pricing-extra'><\/span><\/li><li class=''>10-39 Lizenzen<\/li><li class=''>40-79 Lizenzen<\/li><li class=''>80-120 Lizenzen<\/li><li class=''>Mehr Lizenzen<\/li><\/ul><\/div><div class=\"pricing-table-wrap\"><ul class='pricing-table '><li class=''><div class='first-table-item'>CHF 500<\/div><span class='pricing-extra'><\/span><\/li><li class=''>CHF 1.000<\/li><li class=''>CHF 1.500<\/li><li class=''>CHF 2.000<\/li><li class=''>auf Anfrage<\/li><\/ul><\/div><\/div><\/p><\/div><div class='av-flex-placeholder'><\/div><div  class='flex_column av-i87tn4a-baeebbf2196be6e7f0e7a0150eb67291 av_one_third  avia-builder-el-9  el_after_av_one_third  el_before_av_one_third  newdesign_prices-item flex_column_table_cell av-equal-height-column av-align-top  column-top-margin'     ><p>\n<style type=\"text\/css\" data-created_by=\"avia_inline_auto\" id=\"style-css-av-88sqgh6-2340ee88038504dd46b00b37bb0ee903\">\n#top .av_textblock_section.av-88sqgh6-2340ee88038504dd46b00b37bb0ee903 .avia_textblock{\ncolor:#999999;\n}\n<\/style>\n<section  class='av_textblock_section av-88sqgh6-2340ee88038504dd46b00b37bb0ee903 '   itemscope=\"itemscope\" itemtype=\"https:\/\/schema.org\/CreativeWork\" ><div class='avia_textblock newdesign_prices-item-header av_inherit_color'  itemprop=\"text\" ><p>Nur fobizz<\/p>\n<\/div><\/section><br \/>\n\n<style type=\"text\/css\" data-created_by=\"avia_inline_auto\" id=\"style-css-av-hqjb4a2-e6c515c7297fdc8712cb9645b8433624\">\n#top .av_textblock_section.av-hqjb4a2-e6c515c7297fdc8712cb9645b8433624 .avia_textblock{\ncolor:#999999;\n}\n<\/style>\n<section  class='av_textblock_section av-hqjb4a2-e6c515c7297fdc8712cb9645b8433624 '   itemscope=\"itemscope\" itemtype=\"https:\/\/schema.org\/CreativeWork\" ><div class='avia_textblock newdesign_subtitle av_inherit_color'  itemprop=\"text\" ><p>Kombi-Lizenz<\/p>\n<\/div><\/section><br \/>\n<section  class='av_textblock_section av-h8ys76y-c674bd2eeaac238fb5408ecb1395e660 '   itemscope=\"itemscope\" itemtype=\"https:\/\/schema.org\/CreativeWork\" ><div class='avia_textblock newdesign_prices-item-text'  itemprop=\"text\" ><p>Umfasst fobizz-Fortbildungen und fobizz-Tools inkl. K\u00fcnstlicher Intelligenz.<\/p>\n<\/div><\/section><br \/>\n<div  class='avia-table av-gew7pxm-0ce38ab3c1823f0998c7de65ff66262a main_color avia-pricing-table-container avia_pricing_default  avia-builder-el-13  el_after_av_textblock  avia-builder-el-last  newdesign_prices-item-costs-wrapper avia-table-2'  itemscope=\"itemscope\" itemtype=\"https:\/\/schema.org\/Table\" ><div class=\"pricing-table-wrap\"><ul class='pricing-table '><li class=''><div class='first-table-item'>0-9 Lizenzen<\/div><span class='pricing-extra'><\/span><\/li><li class=''>10-39 Lizenzen<\/li><li class=''>40-79 Lizenzen<\/li><li class=''>80-120 Lizenzen<\/li><li class=''>Mehr Lizenzen<\/li><\/ul><\/div><div class=\"pricing-table-wrap\"><ul class='pricing-table '><li class=''><div class='first-table-item'>CHF 750<\/div><span class='pricing-extra'><\/span><\/li><li class=''>CHF 1.500<\/li><li class=''>CHF 2.250<\/li><li class=''>CHF 3.000<\/li><li class=''>auf Anfrage<\/li><\/ul><\/div><\/div><\/p><\/div><div class='av-flex-placeholder'><\/div><div  class='flex_column av-8o3muiy-75d1cce455d4dda918fb805c3d6eda4a av_one_third  avia-builder-el-14  el_after_av_one_third  el_before_av_one_fifth  newdesign_prices-item flex_column_table_cell av-equal-height-column av-align-top  column-top-margin'     ><p>\n<style type=\"text\/css\" data-created_by=\"avia_inline_auto\" id=\"style-css-av-m4ieovne-9324d5425316f3a4d3931b6b466e710e\">\n#top .av_textblock_section.av-m4ieovne-9324d5425316f3a4d3931b6b466e710e .avia_textblock{\ncolor:#999999;\n}\n<\/style>\n<section  class='av_textblock_section av-m4ieovne-9324d5425316f3a4d3931b6b466e710e '   itemscope=\"itemscope\" itemtype=\"https:\/\/schema.org\/CreativeWork\" ><div class='avia_textblock newdesign_prices-item-header highlight av_inherit_color'  itemprop=\"text\" ><p>TIPP: fobizz + to teach<\/p>\n<\/div><\/section><br \/>\n\n<style type=\"text\/css\" data-created_by=\"avia_inline_auto\" id=\"style-css-av-7i2jtqi-0a135a9cb8e17135e6c01c3957ba4245\">\n#top .av_textblock_section.av-7i2jtqi-0a135a9cb8e17135e6c01c3957ba4245 .avia_textblock{\ncolor:#999999;\n}\n<\/style>\n<section  class='av_textblock_section av-7i2jtqi-0a135a9cb8e17135e6c01c3957ba4245 '   itemscope=\"itemscope\" itemtype=\"https:\/\/schema.org\/CreativeWork\" ><div class='avia_textblock newdesign_subtitle av_inherit_color'  itemprop=\"text\" ><p>All-Inclusive-Lizenz<\/p>\n<\/div><\/section><br \/>\n<section  class='av_textblock_section av-6z59i7e-64b697fcad491ed7975c374639166dd1 '   itemscope=\"itemscope\" itemtype=\"https:\/\/schema.org\/CreativeWork\" ><div class='avia_textblock newdesign_prices-item-text'  itemprop=\"text\" ><p>Tools inkl. KI und Fortbildungen von fobizz sowie to teach Unterrichtsmaterialien.<\/p>\n<\/div><\/section><br \/>\n<div  class='avia-table av-q3kjq0a-6f487a4f1a9440af7aeeb7f6ecd3b396 main_color avia-pricing-table-container avia_pricing_default  avia-builder-el-18  el_after_av_textblock  avia-builder-el-last  newdesign_prices-item-costs-wrapper avia-table-3'  itemscope=\"itemscope\" itemtype=\"https:\/\/schema.org\/Table\" ><div class=\"pricing-table-wrap\"><ul class='pricing-table '><li class=''><div class='first-table-item'>0-9 Lizenzen<\/div><span class='pricing-extra'><\/span><\/li><li class=''>10-39 Lizenzen<\/li><li class=''>40-79 Lizenzen<\/li><li class=''>80-120 Lizenzen<\/li><li class=''>Mehr Lizenzen<\/li><\/ul><\/div><div class=\"pricing-table-wrap\"><ul class='pricing-table '><li class=''><div class='first-table-item'>CHF 1.000<\/div><span class='pricing-extra'><\/span><\/li><li class=''>CHF 2.000<\/li><li class=''>CHF 3.000<\/li><li class=''>CHF 4.000<\/li><li class=''>auf Anfrage<\/li><\/ul><\/div><\/div><\/p><\/div><\/div><!--close column table wrapper. Autoclose: 1 -->\n<style type=\"text\/css\" data-created_by=\"avia_inline_auto\" id=\"style-css-av-wj9162-57087b8cdef0533ac5de27576c426535\">\n.flex_column.av-wj9162-57087b8cdef0533ac5de27576c426535{\nborder-radius:0px 0px 0px 0px;\npadding:0px 0px 0px 0px;\n}\n<\/style>\n<div  class='flex_column av-wj9162-57087b8cdef0533ac5de27576c426535 av_one_fifth  avia-builder-el-19  el_after_av_one_third  el_before_av_three_fifth  first flex_column_div av-zero-column-padding  column-top-margin'     ><\/div>\n<style type=\"text\/css\" data-created_by=\"avia_inline_auto\" id=\"style-css-av-1vt4hca-f451596d6335d346acb0e50ec532e797\">\n.flex_column.av-1vt4hca-f451596d6335d346acb0e50ec532e797{\nborder-radius:0px 0px 0px 0px;\npadding:0px 0px 0px 0px;\n}\n<\/style>\n<div  class='flex_column av-1vt4hca-f451596d6335d346acb0e50ec532e797 av_three_fifth  avia-builder-el-20  el_after_av_one_fifth  el_before_av_one_fifth  flex_column_div av-zero-column-padding  column-top-margin'     ><p><br \/>\n\n<style type=\"text\/css\" data-created_by=\"avia_inline_auto\" id=\"style-css-av-12icy16-a02be423c92d23b9bfc46885f3a0a6d6\">\n#top .hr.hr-invisible.av-12icy16-a02be423c92d23b9bfc46885f3a0a6d6{\nheight:25px;\n}\n<\/style>\n<div  class='hr av-12icy16-a02be423c92d23b9bfc46885f3a0a6d6 hr-invisible  avia-builder-el-22  el_after_av_codeblock  avia-builder-el-last '><span class='hr-inner '><span class=\"hr-inner-style\"><\/span><\/span><\/div><\/p><\/div>\n<style type=\"text\/css\" data-created_by=\"avia_inline_auto\" id=\"style-css-av-av_one_fifth-49f6e875884219cf77c24341e550af53\">\n.flex_column.av-av_one_fifth-49f6e875884219cf77c24341e550af53{\nborder-radius:0px 0px 0px 0px;\npadding:0px 0px 0px 0px;\n}\n<\/style>\n<div  class='flex_column av-av_one_fifth-49f6e875884219cf77c24341e550af53 av_one_fifth  avia-builder-el-23  el_after_av_three_fifth  avia-builder-el-last  flex_column_div av-zero-column-padding  column-top-margin'     ><\/div><\/div><\/div><\/main><!-- close content main element --><\/div><\/div><div id='after_section_1'  class='main_color av_default_container_wrap container_wrap sidebar_right'  ><div class='container av-section-cont-open' ><div class='template-page content  av-content-small alpha units'><div class='post-entry post-entry-type-page post-entry-51754'><div class='entry-content-wrapper clearfix'>\n","protected":false},"excerpt":{"rendered":"","protected":false},"author":15,"featured_media":51739,"parent":0,"menu_order":0,"comment_status":"closed","ping_status":"closed","template":"","meta":{"_monsterinsights_skip_tracking":false,"_monsterinsights_sitenote_active":false,"_monsterinsights_sitenote_note":"","_monsterinsights_sitenote_category":0,"_uf_show_specific_survey":0,"_uf_disable_surveys":false,"footnotes":""},"class_list":["post-51754","page","type-page","status-publish","has-post-thumbnail","hentry"],"acf":[],"yoast_head":"<!-- This site is optimized with the Yoast SEO Premium plugin v26.2 (Yoast SEO v27.2) - https:\/\/yoast.com\/product\/yoast-seo-premium-wordpress\/ -->\n<title>Formular Volksschulen Luzern - fobizz<\/title>\n<meta name=\"description\" content=\"Volksschulen k\u00f6nnen \u00fcber das Schulbudget eine fobizz Lizenz buchen und erhalten als Teil der Kooperation einen kostenfreien digitalen Workshop f\u00fcr das Schulteam.\" \/>\n<meta name=\"robots\" content=\"noindex, nofollow\" \/>\n<meta name=\"twitter:card\" content=\"summary_large_image\" \/>\n<meta name=\"twitter:title\" content=\"Anfrage Volksschulen Luzern\" \/>\n<meta name=\"twitter:description\" content=\"Volksschulen k\u00f6nnen \u00fcber das Schulbudget ein Kombi-Paket buchen und erhalten als Teil der Kooperation einen kostenfreien digitalen Workshop f\u00fcr das Schulteam.\" \/>\n<meta name=\"twitter:image\" content=\"https:\/\/fobizz.com\/wp-content\/uploads\/2024\/01\/banner_img1.webp\" \/>\n<meta name=\"twitter:site\" content=\"@fobizz\" \/>\n<script type=\"application\/ld+json\" class=\"yoast-schema-graph\">{\"@context\":\"https:\/\/schema.org\",\"@graph\":[{\"@type\":\"WebPage\",\"@id\":\"https:\/\/fobizz.com\/de\/formular-volksschulen\/\",\"url\":\"https:\/\/fobizz.com\/de\/formular-volksschulen\/\",\"name\":\"Formular Volksschulen Luzern - fobizz\",\"isPartOf\":{\"@id\":\"https:\/\/fobizz.com\/de\/#website\"},\"primaryImageOfPage\":{\"@id\":\"https:\/\/fobizz.com\/de\/formular-volksschulen\/#primaryimage\"},\"image\":{\"@id\":\"https:\/\/fobizz.com\/de\/formular-volksschulen\/#primaryimage\"},\"thumbnailUrl\":\"https:\/\/fobizz.com\/wp-content\/uploads\/2024\/10\/header-kanton-luzern.jpg\",\"datePublished\":\"2024-10-16T09:56:53+00:00\",\"dateModified\":\"2024-12-12T12:23:11+00:00\",\"description\":\"Volksschulen k\u00f6nnen \u00fcber das Schulbudget eine fobizz Lizenz buchen und erhalten als Teil der Kooperation einen kostenfreien digitalen Workshop f\u00fcr das Schulteam.\",\"breadcrumb\":{\"@id\":\"https:\/\/fobizz.com\/de\/formular-volksschulen\/#breadcrumb\"},\"inLanguage\":\"de\",\"potentialAction\":[{\"@type\":\"ReadAction\",\"target\":[\"https:\/\/fobizz.com\/de\/formular-volksschulen\/\"]}]},{\"@type\":\"ImageObject\",\"inLanguage\":\"de\",\"@id\":\"https:\/\/fobizz.com\/de\/formular-volksschulen\/#primaryimage\",\"url\":\"https:\/\/fobizz.com\/wp-content\/uploads\/2024\/10\/header-kanton-luzern.jpg\",\"contentUrl\":\"https:\/\/fobizz.com\/wp-content\/uploads\/2024\/10\/header-kanton-luzern.jpg\",\"width\":1200,\"height\":800,\"caption\":\"fobizz Produkte f\u00fcr den Kanton Luzern\"},{\"@type\":\"BreadcrumbList\",\"@id\":\"https:\/\/fobizz.com\/de\/formular-volksschulen\/#breadcrumb\",\"itemListElement\":[{\"@type\":\"ListItem\",\"position\":1,\"name\":\"Startseite\",\"item\":\"https:\/\/fobizz.com\/de\/startpage\/\"},{\"@type\":\"ListItem\",\"position\":2,\"name\":\"Formular Volksschulen Luzern\"}]},{\"@type\":\"WebSite\",\"@id\":\"https:\/\/fobizz.com\/de\/#website\",\"url\":\"https:\/\/fobizz.com\/de\/\",\"name\":\"fobizz\",\"description\":\"AI &amp; digital Tools for Teachers\",\"publisher\":{\"@id\":\"https:\/\/fobizz.com\/de\/#organization\"},\"potentialAction\":[{\"@type\":\"SearchAction\",\"target\":{\"@type\":\"EntryPoint\",\"urlTemplate\":\"https:\/\/fobizz.com\/de\/?s={search_term_string}\"},\"query-input\":{\"@type\":\"PropertyValueSpecification\",\"valueRequired\":true,\"valueName\":\"search_term_string\"}}],\"inLanguage\":\"de\"},{\"@type\":\"Organization\",\"@id\":\"https:\/\/fobizz.com\/de\/#organization\",\"name\":\"fobizz\",\"url\":\"https:\/\/fobizz.com\/de\/\",\"logo\":{\"@type\":\"ImageObject\",\"inLanguage\":\"de\",\"@id\":\"https:\/\/fobizz.com\/de\/#\/schema\/logo\/image\/\",\"url\":\"https:\/\/fobizz.com\/wp-content\/uploads\/2023\/07\/fobi_autor_fobizz.png\",\"contentUrl\":\"https:\/\/fobizz.com\/wp-content\/uploads\/2023\/07\/fobi_autor_fobizz.png\",\"width\":200,\"height\":200,\"caption\":\"fobizz\"},\"image\":{\"@id\":\"https:\/\/fobizz.com\/de\/#\/schema\/logo\/image\/\"},\"sameAs\":[\"https:\/\/www.facebook.com\/fobizz\/\",\"https:\/\/x.com\/fobizz\",\"https:\/\/www.instagram.com\/fobizz_com\/\",\"https:\/\/www.youtube.com\/@fobizz702\",\"https:\/\/www.pinterest.de\/fobizz_com\"]}]}<\/script>\n<!-- \/ Yoast SEO Premium plugin. -->","yoast_head_json":{"title":"Formular Volksschulen Luzern - fobizz","description":"Volksschulen k\u00f6nnen \u00fcber das Schulbudget eine fobizz Lizenz buchen und erhalten als Teil der Kooperation einen kostenfreien digitalen Workshop f\u00fcr das Schulteam.","robots":{"index":"noindex","follow":"nofollow"},"twitter_card":"summary_large_image","twitter_title":"Anfrage Volksschulen Luzern","twitter_description":"Volksschulen k\u00f6nnen \u00fcber das Schulbudget ein Kombi-Paket buchen und erhalten als Teil der Kooperation einen kostenfreien digitalen Workshop f\u00fcr das Schulteam.","twitter_image":"https:\/\/fobizz.com\/wp-content\/uploads\/2024\/01\/banner_img1.webp","twitter_site":"@fobizz","schema":{"@context":"https:\/\/schema.org","@graph":[{"@type":"WebPage","@id":"https:\/\/fobizz.com\/de\/formular-volksschulen\/","url":"https:\/\/fobizz.com\/de\/formular-volksschulen\/","name":"Formular Volksschulen Luzern - fobizz","isPartOf":{"@id":"https:\/\/fobizz.com\/de\/#website"},"primaryImageOfPage":{"@id":"https:\/\/fobizz.com\/de\/formular-volksschulen\/#primaryimage"},"image":{"@id":"https:\/\/fobizz.com\/de\/formular-volksschulen\/#primaryimage"},"thumbnailUrl":"https:\/\/fobizz.com\/wp-content\/uploads\/2024\/10\/header-kanton-luzern.jpg","datePublished":"2024-10-16T09:56:53+00:00","dateModified":"2024-12-12T12:23:11+00:00","description":"Volksschulen k\u00f6nnen \u00fcber das Schulbudget eine fobizz Lizenz buchen und erhalten als Teil der Kooperation einen kostenfreien digitalen Workshop f\u00fcr das Schulteam.","breadcrumb":{"@id":"https:\/\/fobizz.com\/de\/formular-volksschulen\/#breadcrumb"},"inLanguage":"de","potentialAction":[{"@type":"ReadAction","target":["https:\/\/fobizz.com\/de\/formular-volksschulen\/"]}]},{"@type":"ImageObject","inLanguage":"de","@id":"https:\/\/fobizz.com\/de\/formular-volksschulen\/#primaryimage","url":"https:\/\/fobizz.com\/wp-content\/uploads\/2024\/10\/header-kanton-luzern.jpg","contentUrl":"https:\/\/fobizz.com\/wp-content\/uploads\/2024\/10\/header-kanton-luzern.jpg","width":1200,"height":800,"caption":"fobizz Produkte f\u00fcr den Kanton Luzern"},{"@type":"BreadcrumbList","@id":"https:\/\/fobizz.com\/de\/formular-volksschulen\/#breadcrumb","itemListElement":[{"@type":"ListItem","position":1,"name":"Startseite","item":"https:\/\/fobizz.com\/de\/startpage\/"},{"@type":"ListItem","position":2,"name":"Formular Volksschulen Luzern"}]},{"@type":"WebSite","@id":"https:\/\/fobizz.com\/de\/#website","url":"https:\/\/fobizz.com\/de\/","name":"fobizz","description":"AI &amp; digital Tools for Teachers","publisher":{"@id":"https:\/\/fobizz.com\/de\/#organization"},"potentialAction":[{"@type":"SearchAction","target":{"@type":"EntryPoint","urlTemplate":"https:\/\/fobizz.com\/de\/?s={search_term_string}"},"query-input":{"@type":"PropertyValueSpecification","valueRequired":true,"valueName":"search_term_string"}}],"inLanguage":"de"},{"@type":"Organization","@id":"https:\/\/fobizz.com\/de\/#organization","name":"fobizz","url":"https:\/\/fobizz.com\/de\/","logo":{"@type":"ImageObject","inLanguage":"de","@id":"https:\/\/fobizz.com\/de\/#\/schema\/logo\/image\/","url":"https:\/\/fobizz.com\/wp-content\/uploads\/2023\/07\/fobi_autor_fobizz.png","contentUrl":"https:\/\/fobizz.com\/wp-content\/uploads\/2023\/07\/fobi_autor_fobizz.png","width":200,"height":200,"caption":"fobizz"},"image":{"@id":"https:\/\/fobizz.com\/de\/#\/schema\/logo\/image\/"},"sameAs":["https:\/\/www.facebook.com\/fobizz\/","https:\/\/x.com\/fobizz","https:\/\/www.instagram.com\/fobizz_com\/","https:\/\/www.youtube.com\/@fobizz702","https:\/\/www.pinterest.de\/fobizz_com"]}]}},"_links":{"self":[{"href":"https:\/\/fobizz.com\/de\/wp-json\/wp\/v2\/pages\/51754","targetHints":{"allow":["GET"]}}],"collection":[{"href":"https:\/\/fobizz.com\/de\/wp-json\/wp\/v2\/pages"}],"about":[{"href":"https:\/\/fobizz.com\/de\/wp-json\/wp\/v2\/types\/page"}],"author":[{"embeddable":true,"href":"https:\/\/fobizz.com\/de\/wp-json\/wp\/v2\/users\/15"}],"replies":[{"embeddable":true,"href":"https:\/\/fobizz.com\/de\/wp-json\/wp\/v2\/comments?post=51754"}],"version-history":[{"count":10,"href":"https:\/\/fobizz.com\/de\/wp-json\/wp\/v2\/pages\/51754\/revisions"}],"predecessor-version":[{"id":52758,"href":"https:\/\/fobizz.com\/de\/wp-json\/wp\/v2\/pages\/51754\/revisions\/52758"}],"wp:featuredmedia":[{"embeddable":true,"href":"https:\/\/fobizz.com\/de\/wp-json\/wp\/v2\/media\/51739"}],"wp:attachment":[{"href":"https:\/\/fobizz.com\/de\/wp-json\/wp\/v2\/media?parent=51754"}],"curies":[{"name":"wp","href":"https:\/\/api.w.org\/{rel}","templated":true}]}}