{"id":51885,"date":"2024-10-18T17:28:59","date_gmt":"2024-10-18T15:28:59","guid":{"rendered":"https:\/\/fobizz.com\/?page_id=51885"},"modified":"2025-10-09T15:45:15","modified_gmt":"2025-10-09T13:45:15","slug":"beratung","status":"publish","type":"page","link":"https:\/\/fobizz.com\/de\/beratung\/","title":{"rendered":"Beratungstermine fobizz und to teach"},"content":{"rendered":"<div id='av_section_1'  class='avia-section av-mn06tpp-32467aede6f9071e328f8c5de2834439 main_color avia-section-default avia-no-border-styling  avia-builder-el-0  el_before_av_section  avia-builder-el-first  newdesign_hero-banner avia-bg-style-scroll container_wrap sidebar_right'  ><div class='container av-section-cont-open' ><main  role=\"main\" itemprop=\"mainContentOfPage\"  class='template-page content  av-content-small alpha units'><div class='post-entry post-entry-type-page post-entry-51885'><div class='entry-content-wrapper clearfix'>\n\n<style type=\"text\/css\" data-created_by=\"avia_inline_auto\" id=\"style-css-av-mabh7kd-459f563f97d788908a805deb1258c5ad\">\n.flex_column.av-mabh7kd-459f563f97d788908a805deb1258c5ad{\nborder-radius:0px 0px 0px 0px;\npadding:0px 0px 0px 0px;\n}\n<\/style>\n<div  class='flex_column av-mabh7kd-459f563f97d788908a805deb1258c5ad av_three_fifth  avia-builder-el-1  el_before_av_two_fifth  avia-builder-el-first  first flex_column_div av-zero-column-padding  '     ><section  class='av_textblock_section av-26a20j1-ebcce68d21b57e0670a0676771e18d41 '   itemscope=\"itemscope\" itemtype=\"https:\/\/schema.org\/CreativeWork\" ><div class='avia_textblock newdesign_h1'  itemprop=\"text\" ><h1>fobizz und to teach Kundenbetreuung<\/h1>\n<\/div><\/section><br \/>\n<section  class='av_textblock_section av-24yb1t9-69577296471f2089e0a52b95eedbb157 '   itemscope=\"itemscope\" itemtype=\"https:\/\/schema.org\/CreativeWork\" ><div class='avia_textblock'  itemprop=\"text\" ><p>Unser Team ber\u00e4t Sie gerne individuell zu den fobizz und to teach Angeboten f\u00fcr Ihre Schule. Vereinbaren Sie hierf\u00fcr einen Telefontermin.\u00a0<!-- notionvc: cde2f94b-1aef-4c41-a202-e1fbf8b21f3d --><\/p>\n<\/div><\/section><br \/>\n<div  class='avia-button-wrap av-mam5pjul-06664095b382ed6da63a2700825d93b6-wrap avia-button-left  avia-builder-el-4  el_after_av_textblock  el_before_av_textblock '><a href='#terminwahl'  class='avia-button av-mam5pjul-06664095b382ed6da63a2700825d93b6 av-link-btn avia-icon_select-no avia-size-small avia-position-left avia-color-theme-color'   aria-label=\"Beratungstermin w\u00e4hlen\"><span class='avia_iconbox_title' >Beratungstermin w\u00e4hlen<\/span><\/a><\/div><br \/>\n<section  class='av_textblock_section av-mam5qmdd-23862f9d2ffc998d2197c37ce0ae4e7b '   itemscope=\"itemscope\" itemtype=\"https:\/\/schema.org\/CreativeWork\" ><div class='avia_textblock'  itemprop=\"text\" ><p><strong>Hier finden Sie Infos und Hilfestellung zu beliebten Themen:<\/strong><\/p>\n<\/div><\/section><br \/>\n<section  class='av_textblock_section av-22qeofh-4451a0d5eb78c4378aa1f37ee7c67d9f '   itemscope=\"itemscope\" itemtype=\"https:\/\/schema.org\/CreativeWork\" ><div class='avia_textblock'  itemprop=\"text\" ><ol>\n<li style=\"text-align: left;\"><a href=\"https:\/\/fobizz.com\/angebote-fuer-schulen-und-gruppen\/\" target=\"_blank\" rel=\"noopener\">Infos zu Schullizenzen, Preise und Angebote<\/a><\/li>\n<li style=\"text-align: left;\"><a href=\"https:\/\/app.fobizz.com\/kontaktformular\/new\" target=\"_blank\" rel=\"noopener\">Unverbindliches Schullizenz Angebot anfragen<\/a><\/li>\n<li><a href=\"https:\/\/fobizz.com\/de\/startchancen-schulen\/\" target=\"_blank\" rel=\"noopener\">Angebote f\u00fcr Startchancen-Schulen<\/a><\/li>\n<li style=\"text-align: left;\"><a href=\"https:\/\/fobizz.com\/workshops-vortraege\/\" target=\"_blank\" rel=\"noopener\">Digitale Workshops und Vortr\u00e4ge<\/a><\/li>\n<li style=\"text-align: left;\"><a href=\"https:\/\/fobizz.com\/paedagogische-tage\/\" target=\"_blank\" rel=\"noopener\">P\u00e4dagogische Tage<\/a><\/li>\n<li style=\"text-align: left;\"><a href=\"https:\/\/tools.fobizz.com\/de\/help\" target=\"_blank\" rel=\"noopener\">Allgemeiner Hilfebereich<\/a><\/li>\n<li><a href=\"https:\/\/fobizz.com\/de\/to-teach\/\" target=\"_blank\" rel=\"noopener\">Infos zu to teach<\/a><\/li>\n<\/ol>\n<\/div><\/section><\/p><\/div>\n<style type=\"text\/css\" data-created_by=\"avia_inline_auto\" id=\"style-css-av-kdcts4t-beaf068b217bfec30c0698f2f82762f9\">\n.flex_column.av-kdcts4t-beaf068b217bfec30c0698f2f82762f9{\nborder-radius:0px 0px 0px 0px;\npadding:0px 0px 0px 0px;\n}\n<\/style>\n<div  class='flex_column av-kdcts4t-beaf068b217bfec30c0698f2f82762f9 av_two_fifth  avia-builder-el-7  el_after_av_three_fifth  avia-builder-el-last  flex_column_div av-zero-column-padding  '     ><style type=\"text\/css\" data-created_by=\"avia_inline_auto\" id=\"style-css-av-m2ep3u4b-0b3aee20bb9c653bb776d6516a803ffc\">\n.avia-image-container.av-m2ep3u4b-0b3aee20bb9c653bb776d6516a803ffc img.avia_image{\nbox-shadow:none;\n}\n.avia-image-container.av-m2ep3u4b-0b3aee20bb9c653bb776d6516a803ffc .av-image-caption-overlay-center{\ncolor:#ffffff;\n}\n<\/style>\n<div  class='avia-image-container av-m2ep3u4b-0b3aee20bb9c653bb776d6516a803ffc av-styling- avia-align-center  avia-builder-el-8  avia-builder-el-no-sibling '   itemprop=\"image\" itemscope=\"itemscope\" itemtype=\"https:\/\/schema.org\/ImageObject\" ><div class=\"avia-image-container-inner\"><div class=\"avia-image-overlay-wrap\"><img fetchpriority=\"high\" class='wp-image-51962 avia-img-lazy-loading-not-51962 avia_image ' src='https:\/\/fobizz.com\/wp-content\/uploads\/2024\/10\/header-kundenberatung-1.jpg' alt='Junge Frau mit Headset im B\u00fcro' title='header kundenberatung (1)'  height=\"800\" width=\"1200\"  itemprop=\"thumbnailUrl\"  \/><\/div><\/div><\/div><\/div><\/div><\/div><\/main><!-- close content main element --><\/div><\/div>\n<style type=\"text\/css\" data-created_by=\"avia_inline_auto\" id=\"style-css-av-m2eqvim0-f27ecb26f6df4325df4855162b6e68b8\">\n.avia-section.av-m2eqvim0-f27ecb26f6df4325df4855162b6e68b8{\nbackground-color:#d2f0f1;\nbackground-image:unset;\n}\n<\/style>\n<div id='terminwahl'  class='avia-section av-m2eqvim0-f27ecb26f6df4325df4855162b6e68b8 main_color avia-section-default avia-no-border-styling  avia-builder-el-9  el_after_av_section  avia-builder-el-last  newdesign_differences avia-bg-style-scroll container_wrap sidebar_right'  ><div class='container av-section-cont-open' ><div class='template-page content  av-content-small alpha units'><div class='post-entry post-entry-type-page post-entry-51885'><div class='entry-content-wrapper clearfix'>\n<section  class='av_textblock_section av-53vefql-2ea5156d0050de5da655cb06e159f88e '   itemscope=\"itemscope\" itemtype=\"https:\/\/schema.org\/CreativeWork\" ><div class='avia_textblock newdesign_h1'  itemprop=\"text\" ><h1>Pers\u00f6nliche Beratung<\/h1>\n<\/div><\/section>\n<section  class='av_textblock_section av-m2er1wy6-386ee3792b215929ce4ea6f642e2d683 '   itemscope=\"itemscope\" itemtype=\"https:\/\/schema.org\/CreativeWork\" ><div class='avia_textblock'  itemprop=\"text\" ><p>Sie haben weitere Fragen und wollen pers\u00f6nlich mit uns sprechen? Vereinbaren Sie hier einen Telefontermin (15 min) zu Ihrem Thema.<\/p>\n<\/div><\/section>\n<div class='flex_column_table av-m2eqxsch-faa40f148b991d871bbf4b02954aa8c0 sc-av_one_half av-equal-height-column-flextable'>\n<style type=\"text\/css\" data-created_by=\"avia_inline_auto\" id=\"style-css-av-m2eqxsch-faa40f148b991d871bbf4b02954aa8c0\">\n.flex_column.av-m2eqxsch-faa40f148b991d871bbf4b02954aa8c0{\nbackground-color:#ffffff;\n}\n<\/style>\n<div  class='flex_column av-m2eqxsch-faa40f148b991d871bbf4b02954aa8c0 av_one_half  avia-builder-el-12  el_after_av_textblock  el_before_av_one_half  first flex_column_table_cell av-equal-height-column av-align-top  column-top-margin'     ><section  class='av_textblock_section av-m2eqrpo1-b36d01c9f815c03819580762c71abeb2 '   itemscope=\"itemscope\" itemtype=\"https:\/\/schema.org\/CreativeWork\" ><div class='avia_textblock item-title'  itemprop=\"text\" ><h2>Allgemeine Beratung<\/h2>\n<\/div><\/section><br \/>\n<section  class='av_textblock_section av-m2eqrvuf-6a1c30a8d93433644ddbbb7bf57af5f2 '   itemscope=\"itemscope\" itemtype=\"https:\/\/schema.org\/CreativeWork\" ><div class='avia_textblock content-list-style'  itemprop=\"text\" ><p>Sie wollen mehr \u00fcber fobizz und to teach erfahren oder kennen uns bereits und haben eine Frage? Wir beraten Sie gerne.<\/p>\n<\/div><\/section><br \/>\n<div  class='avia-button-wrap av-4qhzbzh-a4a3726d7361db52429cc60e0a1c0d27-wrap avia-button-left  avia-builder-el-15  el_after_av_textblock  avia-builder-el-last  newdesign_blue_button'><a href='https:\/\/meet.brevo.com\/fobizz-vertrieb\/allgemeine-beratung'  class='avia-button av-4qhzbzh-a4a3726d7361db52429cc60e0a1c0d27 av-link-btn avia-icon_select-no avia-size-small avia-position-left avia-color-theme-color'  target=\"_blank\"  rel=\"noopener noreferrer\"  aria-label=\"Termin w\u00e4hlen\"><span class='avia_iconbox_title' >Termin w\u00e4hlen<\/span><\/a><\/div><\/p><\/div><div class='av-flex-placeholder'><\/div>\n<style type=\"text\/css\" data-created_by=\"avia_inline_auto\" id=\"style-css-av-m2eqyajt-1556cbead41bdde7c00680e173b1a7f2\">\n.flex_column.av-m2eqyajt-1556cbead41bdde7c00680e173b1a7f2{\nbackground-color:#ffffff;\n}\n<\/style>\n<div  class='flex_column av-m2eqyajt-1556cbead41bdde7c00680e173b1a7f2 av_one_half  avia-builder-el-16  el_after_av_one_half  el_before_av_one_half  flex_column_table_cell av-equal-height-column av-align-top  column-top-margin'     ><section  class='av_textblock_section av-m2eqsnbd-03813b1954e1780bc573516a9bd559af '   itemscope=\"itemscope\" itemtype=\"https:\/\/schema.org\/CreativeWork\" ><div class='avia_textblock item-title'  itemprop=\"text\" ><h2>P\u00e4dagogischer Tag<\/h2>\n<\/div><\/section><br \/>\n<section  class='av_textblock_section av-m2eqsyrq-535c59ff1f152e6265d2b35297122191 '   itemscope=\"itemscope\" itemtype=\"https:\/\/schema.org\/CreativeWork\" ><div class='avia_textblock content-list-style'  itemprop=\"text\" ><p>Sie planen einen digitalen P\u00e4dagogischen Tag mit Ihrem Team? Wir helfen Ihnen gerne bei der Umsetzung.<\/p>\n<\/div><\/section><br \/>\n<div  class='avia-button-wrap av-m2eqscv5-993912a343c8e2193fcd922d937dcda8-wrap avia-button-left  avia-builder-el-19  el_after_av_textblock  avia-builder-el-last  newdesign_blue_button'><a href='https:\/\/meet.brevo.com\/fobizz-vertrieb\/paedagogischer-tag'  class='avia-button av-m2eqscv5-993912a343c8e2193fcd922d937dcda8 av-link-btn avia-icon_select-no avia-size-small avia-position-left avia-color-theme-color'  target=\"_blank\"  rel=\"noopener noreferrer\"  aria-label=\"Termin w\u00e4hlen\"><span class='avia_iconbox_title' >Termin w\u00e4hlen<\/span><\/a><\/div><\/p><\/div><\/div><!--close column table wrapper. Autoclose: 1 --><div class='flex_column_table av-m2eqyiut-bc0b59edebc225a2770c0a53fd67880a sc-av_one_half av-equal-height-column-flextable'>\n<style type=\"text\/css\" data-created_by=\"avia_inline_auto\" id=\"style-css-av-m2eqyiut-bc0b59edebc225a2770c0a53fd67880a\">\n.flex_column.av-m2eqyiut-bc0b59edebc225a2770c0a53fd67880a{\nbackground-color:#ffffff;\n}\n<\/style>\n<div  class='flex_column av-m2eqyiut-bc0b59edebc225a2770c0a53fd67880a av_one_half  avia-builder-el-20  el_after_av_one_half  el_before_av_one_half  first flex_column_table_cell av-equal-height-column av-align-top  column-top-margin'     ><section  class='av_textblock_section av-m2eqtppx-55f824b9e4948c71bc9bf6c7e440111c '   itemscope=\"itemscope\" itemtype=\"https:\/\/schema.org\/CreativeWork\" ><div class='avia_textblock item-title'  itemprop=\"text\" ><h2>Workshop oder Vortrag<\/h2>\n<\/div><\/section><br \/>\n<section  class='av_textblock_section av-m2eqtzik-0e08a73506f577e07b1d5feca8b804d5 '   itemscope=\"itemscope\" itemtype=\"https:\/\/schema.org\/CreativeWork\" ><div class='avia_textblock content-list-style'  itemprop=\"text\" ><p>Sie wollen f\u00fcr Ihre Schule einen Workshop oder Vortrag organisieren? Wir unterst\u00fctzen Sie dabei.<\/p>\n<\/div><\/section><br \/>\n<div  class='avia-button-wrap av-4khqp2l-8e017ba26ec62bfc8f1abaefa4da9bf7-wrap avia-button-left  avia-builder-el-23  el_after_av_textblock  avia-builder-el-last  newdesign_blue_button'><a href='https:\/\/meet.brevo.com\/fobizz-vertrieb\/workshop-oder-vortrag'  class='avia-button av-4khqp2l-8e017ba26ec62bfc8f1abaefa4da9bf7 av-link-btn avia-icon_select-no avia-size-small avia-position-left avia-color-theme-color'  target=\"_blank\"  rel=\"noopener noreferrer\"  aria-label=\"Termin w\u00e4hlen\"><span class='avia_iconbox_title' >Termin w\u00e4hlen<\/span><\/a><\/div><\/p><\/div><div class='av-flex-placeholder'><\/div>\n<style type=\"text\/css\" data-created_by=\"avia_inline_auto\" id=\"style-css-av-t90cj1-78674c3b0703ab7191cce41ac31687f7\">\n.flex_column.av-t90cj1-78674c3b0703ab7191cce41ac31687f7{\nbackground-color:#ffffff;\n}\n<\/style>\n<div  class='flex_column av-t90cj1-78674c3b0703ab7191cce41ac31687f7 av_one_half  avia-builder-el-24  el_after_av_one_half  el_before_av_one_half  flex_column_table_cell av-equal-height-column av-align-top  column-top-margin'     ><section  class='av_textblock_section av-m9bb15kg-cb8e0866f2a1e8c89585f37b02e41d28 '   itemscope=\"itemscope\" itemtype=\"https:\/\/schema.org\/CreativeWork\" ><div class='avia_textblock item-title'  itemprop=\"text\" ><h2>Startchancen-Programm<\/h2>\n<\/div><\/section><br \/>\n<section  class='av_textblock_section av-m9bb2sbl-c3ff8ede96b58961047d3f2594fe55c4 '   itemscope=\"itemscope\" itemtype=\"https:\/\/schema.org\/CreativeWork\" ><div class='avia_textblock content-list-style'  itemprop=\"text\" ><p>Sie sind im Startchancen-Programm und m\u00f6chten an Ihrer Schule dar\u00fcber fobizz und to teach nutzen? Wir beraten Sie gern.<\/p>\n<\/div><\/section><br \/>\n<div  class='avia-button-wrap av-m9bb36kf-c3fec4d7503b542419d32a3fdcc30f6b-wrap avia-button-left  avia-builder-el-27  el_after_av_textblock  avia-builder-el-last  newdesign_blue_button'><a href='https:\/\/meet.brevo.com\/fobizz-vertrieb\/startchancen'  class='avia-button av-m9bb36kf-c3fec4d7503b542419d32a3fdcc30f6b av-link-btn avia-icon_select-no avia-size-small avia-position-left avia-color-theme-color'  target=\"_blank\"  rel=\"noopener noreferrer\"  aria-label=\"Termin w\u00e4hlen\"><span class='avia_iconbox_title' >Termin w\u00e4hlen<\/span><\/a><\/div><\/p><\/div><\/div><!--close column table wrapper. Autoclose: 1 --><div class='flex_column_table av-41pvrh-9d0c3143712a1c5b604c96d8f947b537 sc-av_one_half av-equal-height-column-flextable'>\n<style type=\"text\/css\" data-created_by=\"avia_inline_auto\" id=\"style-css-av-41pvrh-9d0c3143712a1c5b604c96d8f947b537\">\n.flex_column.av-41pvrh-9d0c3143712a1c5b604c96d8f947b537{\nbackground-color:#ffffff;\n}\n<\/style>\n<div  class='flex_column av-41pvrh-9d0c3143712a1c5b604c96d8f947b537 av_one_half  avia-builder-el-28  el_after_av_one_half  el_before_av_one_half  first flex_column_table_cell av-equal-height-column av-align-top  column-top-margin'     ><section  class='av_textblock_section av-mb7r2sok-e96bfe3280f5b7b0cac582502003a58b '   itemscope=\"itemscope\" itemtype=\"https:\/\/schema.org\/CreativeWork\" ><div class='avia_textblock item-title'  itemprop=\"text\" ><h2>Schultr\u00e4ger<\/h2>\n<\/div><\/section><br \/>\n<section  class='av_textblock_section av-mb7r39gy-ae57a9e98c458852d7af9e813ce8b207 '   itemscope=\"itemscope\" itemtype=\"https:\/\/schema.org\/CreativeWork\" ><div class='avia_textblock content-list-style'  itemprop=\"text\" ><p>Sie m\u00f6chten als Schultr\u00e4ger mehr \u00fcber den Einsatz von fobizz und to teach an Ihren Schulen erfahren? Wir beraten Sie gerne.<\/p>\n<\/div><\/section><br \/>\n<div  class='avia-button-wrap av-mb7r41vk-d661330a72a777b08be2940d2668933e-wrap avia-button-left  avia-builder-el-31  el_after_av_textblock  avia-builder-el-last  newdesign_blue_button'><a href='https:\/\/meet.brevo.com\/fobizz-vertrieb\/schultraeger'  class='avia-button av-mb7r41vk-d661330a72a777b08be2940d2668933e av-link-btn avia-icon_select-no avia-size-small avia-position-left avia-color-theme-color'  target=\"_blank\"  rel=\"noopener noreferrer\"  aria-label=\"Termin w\u00e4hlen\"><span class='avia_iconbox_title' >Termin w\u00e4hlen<\/span><\/a><\/div><\/p><\/div><div class='av-flex-placeholder'><\/div>\n<style type=\"text\/css\" data-created_by=\"avia_inline_auto\" id=\"style-css-av-mqdf0t-0000191b8a66c9fb05d630e81563c012\">\n.flex_column.av-mqdf0t-0000191b8a66c9fb05d630e81563c012{\nbackground-color:#ffffff;\n}\n<\/style>\n<div  class='flex_column av-mqdf0t-0000191b8a66c9fb05d630e81563c012 av_one_half  avia-builder-el-32  el_after_av_one_half  avia-builder-el-last  flex_column_table_cell av-equal-height-column av-align-top  column-top-margin'     ><section  class='av_textblock_section av-mb7r55aw-445cfb31587e3d857586d9a81925462d '   itemscope=\"itemscope\" itemtype=\"https:\/\/schema.org\/CreativeWork\" ><div class='avia_textblock item-title'  itemprop=\"text\" ><h2>Volkshochschulen<\/h2>\n<\/div><\/section><br \/>\n<section  class='av_textblock_section av-mb7r6a81-03c3cd49e98d158c114551f470c2ceea '   itemscope=\"itemscope\" itemtype=\"https:\/\/schema.org\/CreativeWork\" ><div class='avia_textblock content-list-style'  itemprop=\"text\" ><p>Sie wollen mehr \u00fcber das Angebot von fobizz f\u00fcr Ihre Volkshochschule erfahren? Wir helfen Ihnen gerne weiter.<\/p>\n<\/div><\/section><br \/>\n<div  class='avia-button-wrap av-mb7r5c5j-102bb4acc921673465467ce28daabad9-wrap avia-button-left  avia-builder-el-35  el_after_av_textblock  avia-builder-el-last  newdesign_blue_button'><a href='https:\/\/meet.brevo.com\/fobizz-vertrieb\/volkshochschulen'  class='avia-button av-mb7r5c5j-102bb4acc921673465467ce28daabad9 av-link-btn avia-icon_select-no avia-size-small avia-position-left avia-color-theme-color'  target=\"_blank\"  rel=\"noopener noreferrer\"  aria-label=\"Termin w\u00e4hlen\"><span class='avia_iconbox_title' >Termin w\u00e4hlen<\/span><\/a><\/div><\/p><\/div><\/div><!--close column table wrapper. Autoclose: 1 -->\n<\/div><\/div><\/div><!-- close content main div --><\/div><\/div><div id='after_section_2'  class='main_color av_default_container_wrap container_wrap sidebar_right'  ><div class='container av-section-cont-open' ><div class='template-page content  av-content-small alpha units'><div class='post-entry post-entry-type-page post-entry-51885'><div class='entry-content-wrapper clearfix'><\/p>\n","protected":false},"excerpt":{"rendered":"","protected":false},"author":15,"featured_media":39555,"parent":0,"menu_order":0,"comment_status":"closed","ping_status":"closed","template":"","meta":{"_monsterinsights_skip_tracking":false,"_monsterinsights_sitenote_active":false,"_monsterinsights_sitenote_note":"","_monsterinsights_sitenote_category":0,"_uf_show_specific_survey":0,"_uf_disable_surveys":false,"footnotes":""},"class_list":["post-51885","page","type-page","status-publish","has-post-thumbnail","hentry"],"acf":[],"yoast_head":"<!-- This site is optimized with the Yoast SEO Premium plugin v26.2 (Yoast SEO v27.3) - https:\/\/yoast.com\/product\/yoast-seo-premium-wordpress\/ -->\n<title>Kundenbetreuung fobizz\u00a0und to teach<\/title>\n<meta name=\"description\" content=\"Vereinbaren Sie einen Telefontermin f\u00fcr eine individuelle Beratung zu fobizz und to teach-Angeboten f\u00fcr Ihre Schule.\" \/>\n<meta name=\"robots\" content=\"noindex, nofollow\" \/>\n<meta name=\"twitter:card\" content=\"summary_large_image\" \/>\n<meta name=\"twitter:title\" content=\"Kundenbetreuung fobizz\u00a0und to teach\" \/>\n<meta name=\"twitter:description\" content=\"Vereinbaren Sie einen Telefontermin f\u00fcr eine individuelle Beratung zu fobizz und to teach-Angeboten f\u00fcr Ihre Schule.\" \/>\n<meta name=\"twitter:image\" content=\"https:\/\/fobizz.com\/wp-content\/uploads\/2023\/07\/banner_img1.png\" \/>\n<meta name=\"twitter:site\" content=\"@fobizz\" \/>\n<meta name=\"twitter:label1\" content=\"Gesch\u00e4tzte Lesezeit\" \/>\n\t<meta name=\"twitter:data1\" content=\"2\u00a0Minuten\" \/>\n<script type=\"application\/ld+json\" class=\"yoast-schema-graph\">{\"@context\":\"https:\\\/\\\/schema.org\",\"@graph\":[{\"@type\":\"WebPage\",\"@id\":\"https:\\\/\\\/fobizz.com\\\/de\\\/beratung\\\/\",\"url\":\"https:\\\/\\\/fobizz.com\\\/de\\\/beratung\\\/\",\"name\":\"Kundenbetreuung fobizz\u00a0und to teach\",\"isPartOf\":{\"@id\":\"https:\\\/\\\/fobizz.com\\\/de\\\/#website\"},\"primaryImageOfPage\":{\"@id\":\"https:\\\/\\\/fobizz.com\\\/de\\\/beratung\\\/#primaryimage\"},\"image\":{\"@id\":\"https:\\\/\\\/fobizz.com\\\/de\\\/beratung\\\/#primaryimage\"},\"thumbnailUrl\":\"https:\\\/\\\/fobizz.com\\\/wp-content\\\/uploads\\\/2023\\\/07\\\/banner_img1.png\",\"datePublished\":\"2024-10-18T15:28:59+00:00\",\"dateModified\":\"2025-10-09T13:45:15+00:00\",\"description\":\"Vereinbaren Sie einen Telefontermin f\u00fcr eine individuelle Beratung zu fobizz und to teach-Angeboten f\u00fcr Ihre Schule.\",\"breadcrumb\":{\"@id\":\"https:\\\/\\\/fobizz.com\\\/de\\\/beratung\\\/#breadcrumb\"},\"inLanguage\":\"de\",\"potentialAction\":[{\"@type\":\"ReadAction\",\"target\":[\"https:\\\/\\\/fobizz.com\\\/de\\\/beratung\\\/\"]}]},{\"@type\":\"ImageObject\",\"inLanguage\":\"de\",\"@id\":\"https:\\\/\\\/fobizz.com\\\/de\\\/beratung\\\/#primaryimage\",\"url\":\"https:\\\/\\\/fobizz.com\\\/wp-content\\\/uploads\\\/2023\\\/07\\\/banner_img1.png\",\"contentUrl\":\"https:\\\/\\\/fobizz.com\\\/wp-content\\\/uploads\\\/2023\\\/07\\\/banner_img1.png\",\"width\":605,\"height\":388},{\"@type\":\"BreadcrumbList\",\"@id\":\"https:\\\/\\\/fobizz.com\\\/de\\\/beratung\\\/#breadcrumb\",\"itemListElement\":[{\"@type\":\"ListItem\",\"position\":1,\"name\":\"Startseite\",\"item\":\"https:\\\/\\\/fobizz.com\\\/de\\\/startpage\\\/\"},{\"@type\":\"ListItem\",\"position\":2,\"name\":\"Beratungstermine fobizz und to teach\"}]},{\"@type\":\"WebSite\",\"@id\":\"https:\\\/\\\/fobizz.com\\\/de\\\/#website\",\"url\":\"https:\\\/\\\/fobizz.com\\\/de\\\/\",\"name\":\"fobizz\",\"description\":\"AI &amp; digital Tools for Teachers\",\"publisher\":{\"@id\":\"https:\\\/\\\/fobizz.com\\\/de\\\/#organization\"},\"potentialAction\":[{\"@type\":\"SearchAction\",\"target\":{\"@type\":\"EntryPoint\",\"urlTemplate\":\"https:\\\/\\\/fobizz.com\\\/de\\\/?s={search_term_string}\"},\"query-input\":{\"@type\":\"PropertyValueSpecification\",\"valueRequired\":true,\"valueName\":\"search_term_string\"}}],\"inLanguage\":\"de\"},{\"@type\":\"Organization\",\"@id\":\"https:\\\/\\\/fobizz.com\\\/de\\\/#organization\",\"name\":\"fobizz\",\"url\":\"https:\\\/\\\/fobizz.com\\\/de\\\/\",\"logo\":{\"@type\":\"ImageObject\",\"inLanguage\":\"de\",\"@id\":\"https:\\\/\\\/fobizz.com\\\/de\\\/#\\\/schema\\\/logo\\\/image\\\/\",\"url\":\"https:\\\/\\\/fobizz.com\\\/wp-content\\\/uploads\\\/2023\\\/07\\\/fobi_autor_fobizz.png\",\"contentUrl\":\"https:\\\/\\\/fobizz.com\\\/wp-content\\\/uploads\\\/2023\\\/07\\\/fobi_autor_fobizz.png\",\"width\":200,\"height\":200,\"caption\":\"fobizz\"},\"image\":{\"@id\":\"https:\\\/\\\/fobizz.com\\\/de\\\/#\\\/schema\\\/logo\\\/image\\\/\"},\"sameAs\":[\"https:\\\/\\\/www.facebook.com\\\/fobizz\\\/\",\"https:\\\/\\\/x.com\\\/fobizz\",\"https:\\\/\\\/www.instagram.com\\\/fobizz_com\\\/\",\"https:\\\/\\\/www.youtube.com\\\/@fobizz702\",\"https:\\\/\\\/www.pinterest.de\\\/fobizz_com\"]}]}<\/script>\n<!-- \/ Yoast SEO Premium plugin. -->","yoast_head_json":{"title":"Kundenbetreuung fobizz\u00a0und to teach","description":"Vereinbaren Sie einen Telefontermin f\u00fcr eine individuelle Beratung zu fobizz und to teach-Angeboten f\u00fcr Ihre Schule.","robots":{"index":"noindex","follow":"nofollow"},"twitter_card":"summary_large_image","twitter_title":"Kundenbetreuung fobizz\u00a0und to teach","twitter_description":"Vereinbaren Sie einen Telefontermin f\u00fcr eine individuelle Beratung zu fobizz und to teach-Angeboten f\u00fcr Ihre Schule.","twitter_image":"https:\/\/fobizz.com\/wp-content\/uploads\/2023\/07\/banner_img1.png","twitter_site":"@fobizz","twitter_misc":{"Gesch\u00e4tzte Lesezeit":"2\u00a0Minuten"},"schema":{"@context":"https:\/\/schema.org","@graph":[{"@type":"WebPage","@id":"https:\/\/fobizz.com\/de\/beratung\/","url":"https:\/\/fobizz.com\/de\/beratung\/","name":"Kundenbetreuung fobizz\u00a0und to teach","isPartOf":{"@id":"https:\/\/fobizz.com\/de\/#website"},"primaryImageOfPage":{"@id":"https:\/\/fobizz.com\/de\/beratung\/#primaryimage"},"image":{"@id":"https:\/\/fobizz.com\/de\/beratung\/#primaryimage"},"thumbnailUrl":"https:\/\/fobizz.com\/wp-content\/uploads\/2023\/07\/banner_img1.png","datePublished":"2024-10-18T15:28:59+00:00","dateModified":"2025-10-09T13:45:15+00:00","description":"Vereinbaren Sie einen Telefontermin f\u00fcr eine individuelle Beratung zu fobizz und to teach-Angeboten f\u00fcr Ihre Schule.","breadcrumb":{"@id":"https:\/\/fobizz.com\/de\/beratung\/#breadcrumb"},"inLanguage":"de","potentialAction":[{"@type":"ReadAction","target":["https:\/\/fobizz.com\/de\/beratung\/"]}]},{"@type":"ImageObject","inLanguage":"de","@id":"https:\/\/fobizz.com\/de\/beratung\/#primaryimage","url":"https:\/\/fobizz.com\/wp-content\/uploads\/2023\/07\/banner_img1.png","contentUrl":"https:\/\/fobizz.com\/wp-content\/uploads\/2023\/07\/banner_img1.png","width":605,"height":388},{"@type":"BreadcrumbList","@id":"https:\/\/fobizz.com\/de\/beratung\/#breadcrumb","itemListElement":[{"@type":"ListItem","position":1,"name":"Startseite","item":"https:\/\/fobizz.com\/de\/startpage\/"},{"@type":"ListItem","position":2,"name":"Beratungstermine fobizz und to teach"}]},{"@type":"WebSite","@id":"https:\/\/fobizz.com\/de\/#website","url":"https:\/\/fobizz.com\/de\/","name":"fobizz","description":"AI &amp; digital Tools for Teachers","publisher":{"@id":"https:\/\/fobizz.com\/de\/#organization"},"potentialAction":[{"@type":"SearchAction","target":{"@type":"EntryPoint","urlTemplate":"https:\/\/fobizz.com\/de\/?s={search_term_string}"},"query-input":{"@type":"PropertyValueSpecification","valueRequired":true,"valueName":"search_term_string"}}],"inLanguage":"de"},{"@type":"Organization","@id":"https:\/\/fobizz.com\/de\/#organization","name":"fobizz","url":"https:\/\/fobizz.com\/de\/","logo":{"@type":"ImageObject","inLanguage":"de","@id":"https:\/\/fobizz.com\/de\/#\/schema\/logo\/image\/","url":"https:\/\/fobizz.com\/wp-content\/uploads\/2023\/07\/fobi_autor_fobizz.png","contentUrl":"https:\/\/fobizz.com\/wp-content\/uploads\/2023\/07\/fobi_autor_fobizz.png","width":200,"height":200,"caption":"fobizz"},"image":{"@id":"https:\/\/fobizz.com\/de\/#\/schema\/logo\/image\/"},"sameAs":["https:\/\/www.facebook.com\/fobizz\/","https:\/\/x.com\/fobizz","https:\/\/www.instagram.com\/fobizz_com\/","https:\/\/www.youtube.com\/@fobizz702","https:\/\/www.pinterest.de\/fobizz_com"]}]}},"_links":{"self":[{"href":"https:\/\/fobizz.com\/de\/wp-json\/wp\/v2\/pages\/51885","targetHints":{"allow":["GET"]}}],"collection":[{"href":"https:\/\/fobizz.com\/de\/wp-json\/wp\/v2\/pages"}],"about":[{"href":"https:\/\/fobizz.com\/de\/wp-json\/wp\/v2\/types\/page"}],"author":[{"embeddable":true,"href":"https:\/\/fobizz.com\/de\/wp-json\/wp\/v2\/users\/15"}],"replies":[{"embeddable":true,"href":"https:\/\/fobizz.com\/de\/wp-json\/wp\/v2\/comments?post=51885"}],"version-history":[{"count":10,"href":"https:\/\/fobizz.com\/de\/wp-json\/wp\/v2\/pages\/51885\/revisions"}],"predecessor-version":[{"id":57242,"href":"https:\/\/fobizz.com\/de\/wp-json\/wp\/v2\/pages\/51885\/revisions\/57242"}],"wp:featuredmedia":[{"embeddable":true,"href":"https:\/\/fobizz.com\/de\/wp-json\/wp\/v2\/media\/39555"}],"wp:attachment":[{"href":"https:\/\/fobizz.com\/de\/wp-json\/wp\/v2\/media?parent=51885"}],"curies":[{"name":"wp","href":"https:\/\/api.w.org\/{rel}","templated":true}]}}