{"id":53064,"date":"2025-01-25T12:30:05","date_gmt":"2025-01-25T11:30:05","guid":{"rendered":"https:\/\/fobizz.com\/?page_id=53064"},"modified":"2025-01-27T14:36:18","modified_gmt":"2025-01-27T13:36:18","slug":"fobizz-fortbildner-werden","status":"publish","type":"page","link":"https:\/\/fobizz.com\/de\/fobizz-fortbildner-werden\/","title":{"rendered":"fobizz Fortbildner werden"},"content":{"rendered":"<div id='av_section_1'  class='avia-section av-bjwym42-d50484b0c01cf7ae8d95c0301aa54891 main_color avia-section-default avia-no-border-styling  avia-builder-el-0  avia-builder-el-no-sibling  newdesign_hero-banner avia-bg-style-scroll container_wrap sidebar_right'  ><div class='container av-section-cont-open' ><main  role=\"main\" itemprop=\"mainContentOfPage\"  class='template-page content  av-content-small alpha units'><div class='post-entry post-entry-type-page post-entry-53064'><div class='entry-content-wrapper clearfix'>\n\n<style type=\"text\/css\" data-created_by=\"avia_inline_auto\" id=\"style-css-av-b7amqdu-78186134b2279213cc3d4a8fe79c0a19\">\n.flex_column.av-b7amqdu-78186134b2279213cc3d4a8fe79c0a19{\nborder-radius:0px 0px 0px 0px;\npadding:0px 0px 0px 0px;\n}\n<\/style>\n<div  class='flex_column av-b7amqdu-78186134b2279213cc3d4a8fe79c0a19 av_three_fifth  avia-builder-el-1  el_before_av_two_fifth  avia-builder-el-first  first flex_column_div av-zero-column-padding  '     ><p>\n<style type=\"text\/css\" data-created_by=\"avia_inline_auto\" id=\"style-css-av-lkh1ape6-a90a8e93ecf0874ef39a572bd8aef21d\">\n#top .av_textblock_section.av-lkh1ape6-a90a8e93ecf0874ef39a572bd8aef21d .avia_textblock{\ncolor:#999999;\n}\n<\/style>\n<section  class='av_textblock_section av-lkh1ape6-a90a8e93ecf0874ef39a572bd8aef21d '   itemscope=\"itemscope\" itemtype=\"https:\/\/schema.org\/CreativeWork\" ><div class='avia_textblock newdesign_subtitle av_inherit_color'  itemprop=\"text\" ><p>Gemeinsam Bildung gestalten<\/p>\n<\/div><\/section><br \/>\n<section  class='av_textblock_section av-m65aq943-01b2554c9a70d39d7b38636b863a93fe '   itemscope=\"itemscope\" itemtype=\"https:\/\/schema.org\/CreativeWork\" ><div class='avia_textblock newdesign_h1'  itemprop=\"text\" ><h1>Du gibst Fortbildungen zu fobizz?<\/h1>\n<\/div><\/section><br \/>\n<section  class='av_textblock_section av-lkh1bcnj-f7adac6b9c1e6b84b975bf35fa255bad '   itemscope=\"itemscope\" itemtype=\"https:\/\/schema.org\/CreativeWork\" ><div class='avia_textblock'  itemprop=\"text\" ><p><strong>Das finden wir super und unterst\u00fctzen das wie folgt:<\/strong><\/p>\n<ul>\n<li>Du kannst Teil der fobizz Fortbildner-Community werden mit regelm\u00e4\u00dfigen virtuellen Treffen, bei denen wir euch Neuigkeiten vorstellen und ihr euch untereinander vernetzen k\u00f6nnt. Diese Treffen sind nat\u00fcrlich freiwillig.<\/li>\n<li>Bei Bedarf bekommst du eine kostenfreie Lizenz f\u00fcr fobizz und to teach.<\/li>\n<li>Wir unterst\u00fctzen dich mit Schulungsmaterialien. Nat\u00fcrlich kannst du auch mit deinen eigenen Unterlagen arbeiten.<\/li>\n<\/ul>\n<p><strong>Was sind die Voraussetzungen?<\/strong><\/p>\n<ul>\n<li>Du gibst mindestens vier (oder mehr) Fortbildungen im Jahr zu fobizz.<\/li>\n<li>Du f\u00fcllst unser Anfrageformular aus. Nach einer erfolgreichen Pr\u00fcfung schalten wir dich frei.<\/li>\n<\/ul>\n<\/div><\/section><br \/>\n<div  class='avia-button-wrap av-m65aqxv0-b109cf7ad925c333d9d4ea276de2b593-wrap avia-button-left  avia-builder-el-5  el_after_av_textblock  el_before_av_textblock '><a href='https:\/\/forms.gle\/K2LusV41KHdbpX1P6'  class='avia-button av-m65aqxv0-b109cf7ad925c333d9d4ea276de2b593 av-link-btn avia-icon_select-no avia-size-small avia-position-left avia-color-theme-color'  target=\"_blank\"  rel=\"noopener noreferrer\"  aria-label=\"Zum Formular\"><span class='avia_iconbox_title' >Zum Formular<\/span><\/a><\/div><br \/>\n<section  class='av_textblock_section av-m669r9tt-b3ed4d822e9fa12d456c62b184b4fa76 '   itemscope=\"itemscope\" itemtype=\"https:\/\/schema.org\/CreativeWork\" ><div class='avia_textblock'  itemprop=\"text\" ><p><strong>Du m\u00f6chtest nur 1-3 Fortbildungen pro Jahr f\u00fcr dein Kollegium geben? <\/strong>Dann schau mal hier vorbei: <a href=\"https:\/\/fobizz.com\/fobizz_ki_kollegium_vorstellen\/\">fobizz KI-Tools im Kollegium vorstellen<\/a>.<\/p>\n<\/div><\/section><\/p><\/div>\n<style type=\"text\/css\" data-created_by=\"avia_inline_auto\" id=\"style-css-av-12m3f1u-28f063ea949a74f2ce216a9a27022c4c\">\n.flex_column.av-12m3f1u-28f063ea949a74f2ce216a9a27022c4c{\nborder-radius:0px 0px 0px 0px;\npadding:0px 0px 0px 0px;\n}\n<\/style>\n<div  class='flex_column av-12m3f1u-28f063ea949a74f2ce216a9a27022c4c av_two_fifth  avia-builder-el-7  el_after_av_three_fifth  avia-builder-el-last  flex_column_div av-zero-column-padding  '     ><style type=\"text\/css\" data-created_by=\"avia_inline_auto\" id=\"style-css-av-3qmm5s8-a1e0b67f21f80c6158710513669b894c\">\n.avia-image-container.av-3qmm5s8-a1e0b67f21f80c6158710513669b894c img.avia_image{\nbox-shadow:none;\n}\n.avia-image-container.av-3qmm5s8-a1e0b67f21f80c6158710513669b894c .av-image-caption-overlay-center{\ncolor:#ffffff;\n}\n<\/style>\n<div  class='avia-image-container av-3qmm5s8-a1e0b67f21f80c6158710513669b894c av-styling- avia-align-center  avia-builder-el-8  avia-builder-el-no-sibling '   itemprop=\"image\" itemscope=\"itemscope\" itemtype=\"https:\/\/schema.org\/ImageObject\" ><div class=\"avia-image-container-inner\"><div class=\"avia-image-overlay-wrap\"><img fetchpriority=\"high\" class='wp-image-40201 avia-img-lazy-loading-not-40201 avia_image ' src='https:\/\/fobizz.com\/wp-content\/uploads\/2023\/07\/header_workshops_diana.jpg' alt='' title='header_workshops_diana'  height=\"800\" width=\"1200\"  itemprop=\"thumbnailUrl\"  \/><\/div><\/div><\/div><\/div><\/div><\/div><\/main><!-- close content main element --><\/div><\/div><div id='after_section_1'  class='main_color av_default_container_wrap container_wrap sidebar_right'  ><div class='container av-section-cont-open' ><div class='template-page content  av-content-small alpha units'><div class='post-entry post-entry-type-page post-entry-53064'><div class='entry-content-wrapper clearfix'>\n","protected":false},"excerpt":{"rendered":"","protected":false},"author":24,"featured_media":40201,"parent":0,"menu_order":0,"comment_status":"closed","ping_status":"closed","template":"","meta":{"_monsterinsights_skip_tracking":false,"_monsterinsights_sitenote_active":false,"_monsterinsights_sitenote_note":"","_monsterinsights_sitenote_category":0,"_uf_show_specific_survey":0,"_uf_disable_surveys":false,"footnotes":""},"class_list":["post-53064","page","type-page","status-publish","has-post-thumbnail","hentry"],"acf":[],"yoast_head":"<!-- This site is optimized with the Yoast SEO Premium plugin v26.2 (Yoast SEO v27.5) - https:\/\/yoast.com\/product\/yoast-seo-premium-wordpress\/ -->\n<title>fobizz Fortbildner werden<\/title>\n<meta name=\"description\" content=\"Du gibst Fortbildungen zu fobizz? Das unterst\u00fctzen wir mit einer kostenfreien Lizenz f\u00fcr fobizz und Zugang zu unseren Schulungsmaterialien.\" \/>\n<meta name=\"robots\" content=\"index, follow, max-snippet:-1, max-image-preview:large, max-video-preview:-1\" \/>\n<link rel=\"canonical\" href=\"https:\/\/fobizz.com\/de\/fobizz-fortbildner-werden\/\" \/>\n<meta name=\"twitter:card\" content=\"summary_large_image\" \/>\n<meta name=\"twitter:title\" content=\"fobizz Fortbildner werden\" \/>\n<meta name=\"twitter:description\" content=\"Du gibst Fortbildungen zu fobizz? Das unterst\u00fctzen wir mit einer kostenfreien Lizenz f\u00fcr fobizz und Zugang zu unseren Schulungsmaterialien.\" \/>\n<meta name=\"twitter:image\" content=\"https:\/\/fobizz.com\/wp-content\/uploads\/2023\/07\/header_workshops_diana.jpg\" \/>\n<meta name=\"twitter:site\" content=\"@fobizz\" \/>\n<meta name=\"twitter:label1\" content=\"Gesch\u00e4tzte Lesezeit\" \/>\n\t<meta name=\"twitter:data1\" content=\"1\u00a0Minute\" \/>\n<script type=\"application\/ld+json\" class=\"yoast-schema-graph\">{\"@context\":\"https:\\\/\\\/schema.org\",\"@graph\":[{\"@type\":\"WebPage\",\"@id\":\"https:\\\/\\\/fobizz.com\\\/de\\\/fobizz-fortbildner-werden\\\/\",\"url\":\"https:\\\/\\\/fobizz.com\\\/de\\\/fobizz-fortbildner-werden\\\/\",\"name\":\"fobizz Fortbildner werden\",\"isPartOf\":{\"@id\":\"https:\\\/\\\/fobizz.com\\\/de\\\/#website\"},\"primaryImageOfPage\":{\"@id\":\"https:\\\/\\\/fobizz.com\\\/de\\\/fobizz-fortbildner-werden\\\/#primaryimage\"},\"image\":{\"@id\":\"https:\\\/\\\/fobizz.com\\\/de\\\/fobizz-fortbildner-werden\\\/#primaryimage\"},\"thumbnailUrl\":\"https:\\\/\\\/fobizz.com\\\/wp-content\\\/uploads\\\/2023\\\/07\\\/header_workshops_diana.jpg\",\"datePublished\":\"2025-01-25T11:30:05+00:00\",\"dateModified\":\"2025-01-27T13:36:18+00:00\",\"description\":\"Du gibst Fortbildungen zu fobizz? Das unterst\u00fctzen wir mit einer kostenfreien Lizenz f\u00fcr fobizz und Zugang zu unseren Schulungsmaterialien.\",\"breadcrumb\":{\"@id\":\"https:\\\/\\\/fobizz.com\\\/de\\\/fobizz-fortbildner-werden\\\/#breadcrumb\"},\"inLanguage\":\"de\",\"potentialAction\":[{\"@type\":\"ReadAction\",\"target\":[\"https:\\\/\\\/fobizz.com\\\/de\\\/fobizz-fortbildner-werden\\\/\"]}]},{\"@type\":\"ImageObject\",\"inLanguage\":\"de\",\"@id\":\"https:\\\/\\\/fobizz.com\\\/de\\\/fobizz-fortbildner-werden\\\/#primaryimage\",\"url\":\"https:\\\/\\\/fobizz.com\\\/wp-content\\\/uploads\\\/2023\\\/07\\\/header_workshops_diana.jpg\",\"contentUrl\":\"https:\\\/\\\/fobizz.com\\\/wp-content\\\/uploads\\\/2023\\\/07\\\/header_workshops_diana.jpg\",\"width\":1200,\"height\":800},{\"@type\":\"BreadcrumbList\",\"@id\":\"https:\\\/\\\/fobizz.com\\\/de\\\/fobizz-fortbildner-werden\\\/#breadcrumb\",\"itemListElement\":[{\"@type\":\"ListItem\",\"position\":1,\"name\":\"Startseite\",\"item\":\"https:\\\/\\\/fobizz.com\\\/de\\\/startpage\\\/\"},{\"@type\":\"ListItem\",\"position\":2,\"name\":\"fobizz Fortbildner werden\"}]},{\"@type\":\"WebSite\",\"@id\":\"https:\\\/\\\/fobizz.com\\\/de\\\/#website\",\"url\":\"https:\\\/\\\/fobizz.com\\\/de\\\/\",\"name\":\"fobizz\",\"description\":\"AI &amp; digital Tools for Teachers\",\"publisher\":{\"@id\":\"https:\\\/\\\/fobizz.com\\\/de\\\/#organization\"},\"potentialAction\":[{\"@type\":\"SearchAction\",\"target\":{\"@type\":\"EntryPoint\",\"urlTemplate\":\"https:\\\/\\\/fobizz.com\\\/de\\\/?s={search_term_string}\"},\"query-input\":{\"@type\":\"PropertyValueSpecification\",\"valueRequired\":true,\"valueName\":\"search_term_string\"}}],\"inLanguage\":\"de\"},{\"@type\":\"Organization\",\"@id\":\"https:\\\/\\\/fobizz.com\\\/de\\\/#organization\",\"name\":\"fobizz\",\"url\":\"https:\\\/\\\/fobizz.com\\\/de\\\/\",\"logo\":{\"@type\":\"ImageObject\",\"inLanguage\":\"de\",\"@id\":\"https:\\\/\\\/fobizz.com\\\/de\\\/#\\\/schema\\\/logo\\\/image\\\/\",\"url\":\"https:\\\/\\\/fobizz.com\\\/wp-content\\\/uploads\\\/2023\\\/07\\\/fobi_autor_fobizz.png\",\"contentUrl\":\"https:\\\/\\\/fobizz.com\\\/wp-content\\\/uploads\\\/2023\\\/07\\\/fobi_autor_fobizz.png\",\"width\":200,\"height\":200,\"caption\":\"fobizz\"},\"image\":{\"@id\":\"https:\\\/\\\/fobizz.com\\\/de\\\/#\\\/schema\\\/logo\\\/image\\\/\"},\"sameAs\":[\"https:\\\/\\\/www.facebook.com\\\/fobizz\\\/\",\"https:\\\/\\\/x.com\\\/fobizz\",\"https:\\\/\\\/www.instagram.com\\\/fobizz_com\\\/\",\"https:\\\/\\\/www.youtube.com\\\/@fobizz702\",\"https:\\\/\\\/www.pinterest.de\\\/fobizz_com\"]}]}<\/script>\n<!-- \/ Yoast SEO Premium plugin. -->","yoast_head_json":{"title":"fobizz Fortbildner werden","description":"Du gibst Fortbildungen zu fobizz? Das unterst\u00fctzen wir mit einer kostenfreien Lizenz f\u00fcr fobizz und Zugang zu unseren Schulungsmaterialien.","robots":{"index":"index","follow":"follow","max-snippet":"max-snippet:-1","max-image-preview":"max-image-preview:large","max-video-preview":"max-video-preview:-1"},"canonical":"https:\/\/fobizz.com\/de\/fobizz-fortbildner-werden\/","twitter_card":"summary_large_image","twitter_title":"fobizz Fortbildner werden","twitter_description":"Du gibst Fortbildungen zu fobizz? Das unterst\u00fctzen wir mit einer kostenfreien Lizenz f\u00fcr fobizz und Zugang zu unseren Schulungsmaterialien.","twitter_image":"https:\/\/fobizz.com\/wp-content\/uploads\/2023\/07\/header_workshops_diana.jpg","twitter_site":"@fobizz","twitter_misc":{"Gesch\u00e4tzte Lesezeit":"1\u00a0Minute"},"schema":{"@context":"https:\/\/schema.org","@graph":[{"@type":"WebPage","@id":"https:\/\/fobizz.com\/de\/fobizz-fortbildner-werden\/","url":"https:\/\/fobizz.com\/de\/fobizz-fortbildner-werden\/","name":"fobizz Fortbildner werden","isPartOf":{"@id":"https:\/\/fobizz.com\/de\/#website"},"primaryImageOfPage":{"@id":"https:\/\/fobizz.com\/de\/fobizz-fortbildner-werden\/#primaryimage"},"image":{"@id":"https:\/\/fobizz.com\/de\/fobizz-fortbildner-werden\/#primaryimage"},"thumbnailUrl":"https:\/\/fobizz.com\/wp-content\/uploads\/2023\/07\/header_workshops_diana.jpg","datePublished":"2025-01-25T11:30:05+00:00","dateModified":"2025-01-27T13:36:18+00:00","description":"Du gibst Fortbildungen zu fobizz? Das unterst\u00fctzen wir mit einer kostenfreien Lizenz f\u00fcr fobizz und Zugang zu unseren Schulungsmaterialien.","breadcrumb":{"@id":"https:\/\/fobizz.com\/de\/fobizz-fortbildner-werden\/#breadcrumb"},"inLanguage":"de","potentialAction":[{"@type":"ReadAction","target":["https:\/\/fobizz.com\/de\/fobizz-fortbildner-werden\/"]}]},{"@type":"ImageObject","inLanguage":"de","@id":"https:\/\/fobizz.com\/de\/fobizz-fortbildner-werden\/#primaryimage","url":"https:\/\/fobizz.com\/wp-content\/uploads\/2023\/07\/header_workshops_diana.jpg","contentUrl":"https:\/\/fobizz.com\/wp-content\/uploads\/2023\/07\/header_workshops_diana.jpg","width":1200,"height":800},{"@type":"BreadcrumbList","@id":"https:\/\/fobizz.com\/de\/fobizz-fortbildner-werden\/#breadcrumb","itemListElement":[{"@type":"ListItem","position":1,"name":"Startseite","item":"https:\/\/fobizz.com\/de\/startpage\/"},{"@type":"ListItem","position":2,"name":"fobizz Fortbildner werden"}]},{"@type":"WebSite","@id":"https:\/\/fobizz.com\/de\/#website","url":"https:\/\/fobizz.com\/de\/","name":"fobizz","description":"AI &amp; digital Tools for Teachers","publisher":{"@id":"https:\/\/fobizz.com\/de\/#organization"},"potentialAction":[{"@type":"SearchAction","target":{"@type":"EntryPoint","urlTemplate":"https:\/\/fobizz.com\/de\/?s={search_term_string}"},"query-input":{"@type":"PropertyValueSpecification","valueRequired":true,"valueName":"search_term_string"}}],"inLanguage":"de"},{"@type":"Organization","@id":"https:\/\/fobizz.com\/de\/#organization","name":"fobizz","url":"https:\/\/fobizz.com\/de\/","logo":{"@type":"ImageObject","inLanguage":"de","@id":"https:\/\/fobizz.com\/de\/#\/schema\/logo\/image\/","url":"https:\/\/fobizz.com\/wp-content\/uploads\/2023\/07\/fobi_autor_fobizz.png","contentUrl":"https:\/\/fobizz.com\/wp-content\/uploads\/2023\/07\/fobi_autor_fobizz.png","width":200,"height":200,"caption":"fobizz"},"image":{"@id":"https:\/\/fobizz.com\/de\/#\/schema\/logo\/image\/"},"sameAs":["https:\/\/www.facebook.com\/fobizz\/","https:\/\/x.com\/fobizz","https:\/\/www.instagram.com\/fobizz_com\/","https:\/\/www.youtube.com\/@fobizz702","https:\/\/www.pinterest.de\/fobizz_com"]}]}},"_links":{"self":[{"href":"https:\/\/fobizz.com\/de\/wp-json\/wp\/v2\/pages\/53064","targetHints":{"allow":["GET"]}}],"collection":[{"href":"https:\/\/fobizz.com\/de\/wp-json\/wp\/v2\/pages"}],"about":[{"href":"https:\/\/fobizz.com\/de\/wp-json\/wp\/v2\/types\/page"}],"author":[{"embeddable":true,"href":"https:\/\/fobizz.com\/de\/wp-json\/wp\/v2\/users\/24"}],"replies":[{"embeddable":true,"href":"https:\/\/fobizz.com\/de\/wp-json\/wp\/v2\/comments?post=53064"}],"version-history":[{"count":10,"href":"https:\/\/fobizz.com\/de\/wp-json\/wp\/v2\/pages\/53064\/revisions"}],"predecessor-version":[{"id":53146,"href":"https:\/\/fobizz.com\/de\/wp-json\/wp\/v2\/pages\/53064\/revisions\/53146"}],"wp:featuredmedia":[{"embeddable":true,"href":"https:\/\/fobizz.com\/de\/wp-json\/wp\/v2\/media\/40201"}],"wp:attachment":[{"href":"https:\/\/fobizz.com\/de\/wp-json\/wp\/v2\/media?parent=53064"}],"curies":[{"name":"wp","href":"https:\/\/api.w.org\/{rel}","templated":true}]}}