{"id":53305,"date":"2025-02-11T08:37:40","date_gmt":"2025-02-11T07:37:40","guid":{"rendered":"https:\/\/fobizz.com\/?page_id=53305"},"modified":"2025-05-08T14:48:45","modified_gmt":"2025-05-08T12:48:45","slug":"eingangsbestaetigung-fobizz-im-referendariat","status":"publish","type":"page","link":"https:\/\/fobizz.com\/de\/eingangsbestaetigung-fobizz-im-referendariat\/","title":{"rendered":"Eingangsbest\u00e4tigung \u2013 fobizz im Referendariat"},"content":{"rendered":"<div id='av_section_1'  class='avia-section av-apnuj62-7a159fe2f5cc7623b7b08462decc0ef9 main_color avia-section-default avia-no-border-styling  avia-builder-el-0  avia-builder-el-no-sibling  newdesign_hero-banner avia-bg-style-scroll container_wrap sidebar_right'  ><div class='container av-section-cont-open' ><main  role=\"main\" itemprop=\"mainContentOfPage\"  class='template-page content  av-content-small alpha units'><div class='post-entry post-entry-type-page post-entry-53305'><div class='entry-content-wrapper clearfix'>\n\n<style type=\"text\/css\" data-created_by=\"avia_inline_auto\" id=\"style-css-av-aemyzbe-61aa2fbd7398fd869733c92c135c63de\">\n.flex_column.av-aemyzbe-61aa2fbd7398fd869733c92c135c63de{\nborder-radius:0px 0px 0px 0px;\npadding:0px 0px 0px 0px;\n}\n<\/style>\n<div  class='flex_column av-aemyzbe-61aa2fbd7398fd869733c92c135c63de av_three_fifth  avia-builder-el-1  el_before_av_two_fifth  avia-builder-el-first  first flex_column_div av-zero-column-padding  '     ><p>\n<style type=\"text\/css\" data-created_by=\"avia_inline_auto\" id=\"style-css-av-lkgscqq2-74daff1bf283b897a2c221e893e9c70a\">\n#top .av_textblock_section.av-lkgscqq2-74daff1bf283b897a2c221e893e9c70a .avia_textblock{\ncolor:#999999;\n}\n<\/style>\n<section  class='av_textblock_section av-lkgscqq2-74daff1bf283b897a2c221e893e9c70a '   itemscope=\"itemscope\" itemtype=\"https:\/\/schema.org\/CreativeWork\" ><div class='avia_textblock newdesign_subtitle av_inherit_color'  itemprop=\"text\" ><p>fobizz im Referendariat<\/p>\n<\/div><\/section><br \/>\n<section  class='av_textblock_section av-lkgsdehu-a1058e7b581a3632823cfab76716ae74 '   itemscope=\"itemscope\" itemtype=\"https:\/\/schema.org\/CreativeWork\" ><div class='avia_textblock newdesign_h1'  itemprop=\"text\" ><h1>Sch\u00f6n, dass du dabei bist!<\/h1>\n<\/div><\/section><br \/>\n<section  class='av_textblock_section av-lkgse3vg-4f932c2dfcf09b046a1866dc17f11632 '   itemscope=\"itemscope\" itemtype=\"https:\/\/schema.org\/CreativeWork\" ><div class='avia_textblock'  itemprop=\"text\" ><p>Wir freuen uns sehr, dass du fobizz im Rahmen deines Referendariats kostenfrei nutzen m\u00f6chtest. Wir pr\u00fcfen nun deine Angaben und senden dir anschlie\u00dfend deine Zugangsdaten zu.<\/p>\n<\/div><\/section><\/p><\/div>\n<style type=\"text\/css\" data-created_by=\"avia_inline_auto\" id=\"style-css-av-9wx10mi-eefdda4f4946548ca7bbd181b0c2bfa8\">\n.flex_column.av-9wx10mi-eefdda4f4946548ca7bbd181b0c2bfa8{\nborder-radius:0px 0px 0px 0px;\npadding:0px 0px 0px 0px;\n}\n<\/style>\n<div  class='flex_column av-9wx10mi-eefdda4f4946548ca7bbd181b0c2bfa8 av_two_fifth  avia-builder-el-5  el_after_av_three_fifth  avia-builder-el-last  flex_column_div av-zero-column-padding  '     ><style type=\"text\/css\" data-created_by=\"avia_inline_auto\" id=\"style-css-av-9egneoa-f8f2e3a76a2460b6060ecb7562b2a123\">\n.avia-image-container.av-9egneoa-f8f2e3a76a2460b6060ecb7562b2a123 img.avia_image{\nbox-shadow:none;\n}\n.avia-image-container.av-9egneoa-f8f2e3a76a2460b6060ecb7562b2a123 .av-image-caption-overlay-center{\ncolor:#ffffff;\n}\n<\/style>\n<div  class='avia-image-container av-9egneoa-f8f2e3a76a2460b6060ecb7562b2a123 av-styling- avia-align-center  avia-builder-el-6  avia-builder-el-no-sibling '   itemprop=\"image\" itemscope=\"itemscope\" itemtype=\"https:\/\/schema.org\/ImageObject\" ><div class=\"avia-image-container-inner\"><div class=\"avia-image-overlay-wrap\"><img fetchpriority=\"high\" class='wp-image-40660 avia-img-lazy-loading-not-40660 avia_image ' src='https:\/\/fobizz.com\/wp-content\/uploads\/2023\/07\/header_lehrkraefte_1200\u00d7800px-300x200.jpg' alt='Frau mit blauem Pulli und Kopfh\u00f6rern vor einem Laptop sitzend' title='header_lehrkraefte_1200\u00d7800px'  height=\"200\" width=\"300\"  itemprop=\"thumbnailUrl\"  \/><\/div><\/div><\/div><\/div><\/div><\/div><\/main><!-- close content main element --><\/div><\/div><div id='after_section_1'  class='main_color av_default_container_wrap container_wrap sidebar_right'  ><div class='container av-section-cont-open' ><div class='template-page content  av-content-small alpha units'><div class='post-entry post-entry-type-page post-entry-53305'><div class='entry-content-wrapper clearfix'>\n","protected":false},"excerpt":{"rendered":"","protected":false},"author":28,"featured_media":40660,"parent":0,"menu_order":0,"comment_status":"closed","ping_status":"closed","template":"","meta":{"_monsterinsights_skip_tracking":false,"_monsterinsights_sitenote_active":false,"_monsterinsights_sitenote_note":"","_monsterinsights_sitenote_category":0,"_uf_show_specific_survey":0,"_uf_disable_surveys":false,"footnotes":""},"class_list":["post-53305","page","type-page","status-publish","has-post-thumbnail","hentry"],"acf":[],"yoast_head":"<!-- This site is optimized with the Yoast SEO Premium plugin v26.2 (Yoast SEO v27.3) - https:\/\/yoast.com\/product\/yoast-seo-premium-wordpress\/ -->\n<title>Eingangsbest\u00e4tigung \u2013 fobizz im Referendariat<\/title>\n<meta name=\"description\" content=\"Wir freuen uns, dass du fobizz im Rahmen deines Referendariats kostenfrei nutzen m\u00f6chtest.\" \/>\n<meta name=\"robots\" content=\"noindex, nofollow\" \/>\n<meta name=\"twitter:card\" content=\"summary_large_image\" \/>\n<meta name=\"twitter:title\" content=\"Eingangsbest\u00e4tigung \u2013 fobizz im Referendariat\" \/>\n<meta name=\"twitter:description\" content=\"Wir freuen uns, dass du fobizz im Rahmen deines Referendariats kostenfrei nutzen m\u00f6chtest.\" \/>\n<meta name=\"twitter:image\" content=\"https:\/\/fobizz.com\/wp-content\/uploads\/2023\/07\/header_lehrkraefte_1200\u00d7800px.jpg\" \/>\n<meta name=\"twitter:site\" content=\"@fobizz\" \/>\n<meta name=\"twitter:label1\" content=\"Gesch\u00e4tzte Lesezeit\" \/>\n\t<meta name=\"twitter:data1\" content=\"1\u00a0Minute\" \/>\n<script type=\"application\/ld+json\" class=\"yoast-schema-graph\">{\"@context\":\"https:\\\/\\\/schema.org\",\"@graph\":[{\"@type\":\"WebPage\",\"@id\":\"https:\\\/\\\/fobizz.com\\\/de\\\/eingangsbestaetigung-fobizz-im-referendariat\\\/\",\"url\":\"https:\\\/\\\/fobizz.com\\\/de\\\/eingangsbestaetigung-fobizz-im-referendariat\\\/\",\"name\":\"Eingangsbest\u00e4tigung \u2013 fobizz im Referendariat\",\"isPartOf\":{\"@id\":\"https:\\\/\\\/fobizz.com\\\/de\\\/#website\"},\"primaryImageOfPage\":{\"@id\":\"https:\\\/\\\/fobizz.com\\\/de\\\/eingangsbestaetigung-fobizz-im-referendariat\\\/#primaryimage\"},\"image\":{\"@id\":\"https:\\\/\\\/fobizz.com\\\/de\\\/eingangsbestaetigung-fobizz-im-referendariat\\\/#primaryimage\"},\"thumbnailUrl\":\"https:\\\/\\\/fobizz.com\\\/wp-content\\\/uploads\\\/2023\\\/07\\\/header_lehrkraefte_1200\u00d7800px.jpg\",\"datePublished\":\"2025-02-11T07:37:40+00:00\",\"dateModified\":\"2025-05-08T12:48:45+00:00\",\"description\":\"Wir freuen uns, dass du fobizz im Rahmen deines Referendariats kostenfrei nutzen m\u00f6chtest.\",\"breadcrumb\":{\"@id\":\"https:\\\/\\\/fobizz.com\\\/de\\\/eingangsbestaetigung-fobizz-im-referendariat\\\/#breadcrumb\"},\"inLanguage\":\"de\",\"potentialAction\":[{\"@type\":\"ReadAction\",\"target\":[\"https:\\\/\\\/fobizz.com\\\/de\\\/eingangsbestaetigung-fobizz-im-referendariat\\\/\"]}]},{\"@type\":\"ImageObject\",\"inLanguage\":\"de\",\"@id\":\"https:\\\/\\\/fobizz.com\\\/de\\\/eingangsbestaetigung-fobizz-im-referendariat\\\/#primaryimage\",\"url\":\"https:\\\/\\\/fobizz.com\\\/wp-content\\\/uploads\\\/2023\\\/07\\\/header_lehrkraefte_1200\u00d7800px.jpg\",\"contentUrl\":\"https:\\\/\\\/fobizz.com\\\/wp-content\\\/uploads\\\/2023\\\/07\\\/header_lehrkraefte_1200\u00d7800px.jpg\",\"width\":1200,\"height\":800,\"caption\":\"Frau mit blauem Pulli und Kopfh\u00f6rern vor einem Laptop sitzend\"},{\"@type\":\"BreadcrumbList\",\"@id\":\"https:\\\/\\\/fobizz.com\\\/de\\\/eingangsbestaetigung-fobizz-im-referendariat\\\/#breadcrumb\",\"itemListElement\":[{\"@type\":\"ListItem\",\"position\":1,\"name\":\"Startseite\",\"item\":\"https:\\\/\\\/fobizz.com\\\/de\\\/startpage\\\/\"},{\"@type\":\"ListItem\",\"position\":2,\"name\":\"Eingangsbest\u00e4tigung \u2013 fobizz im Referendariat\"}]},{\"@type\":\"WebSite\",\"@id\":\"https:\\\/\\\/fobizz.com\\\/de\\\/#website\",\"url\":\"https:\\\/\\\/fobizz.com\\\/de\\\/\",\"name\":\"fobizz\",\"description\":\"AI &amp; digital Tools for Teachers\",\"publisher\":{\"@id\":\"https:\\\/\\\/fobizz.com\\\/de\\\/#organization\"},\"potentialAction\":[{\"@type\":\"SearchAction\",\"target\":{\"@type\":\"EntryPoint\",\"urlTemplate\":\"https:\\\/\\\/fobizz.com\\\/de\\\/?s={search_term_string}\"},\"query-input\":{\"@type\":\"PropertyValueSpecification\",\"valueRequired\":true,\"valueName\":\"search_term_string\"}}],\"inLanguage\":\"de\"},{\"@type\":\"Organization\",\"@id\":\"https:\\\/\\\/fobizz.com\\\/de\\\/#organization\",\"name\":\"fobizz\",\"url\":\"https:\\\/\\\/fobizz.com\\\/de\\\/\",\"logo\":{\"@type\":\"ImageObject\",\"inLanguage\":\"de\",\"@id\":\"https:\\\/\\\/fobizz.com\\\/de\\\/#\\\/schema\\\/logo\\\/image\\\/\",\"url\":\"https:\\\/\\\/fobizz.com\\\/wp-content\\\/uploads\\\/2023\\\/07\\\/fobi_autor_fobizz.png\",\"contentUrl\":\"https:\\\/\\\/fobizz.com\\\/wp-content\\\/uploads\\\/2023\\\/07\\\/fobi_autor_fobizz.png\",\"width\":200,\"height\":200,\"caption\":\"fobizz\"},\"image\":{\"@id\":\"https:\\\/\\\/fobizz.com\\\/de\\\/#\\\/schema\\\/logo\\\/image\\\/\"},\"sameAs\":[\"https:\\\/\\\/www.facebook.com\\\/fobizz\\\/\",\"https:\\\/\\\/x.com\\\/fobizz\",\"https:\\\/\\\/www.instagram.com\\\/fobizz_com\\\/\",\"https:\\\/\\\/www.youtube.com\\\/@fobizz702\",\"https:\\\/\\\/www.pinterest.de\\\/fobizz_com\"]}]}<\/script>\n<!-- \/ Yoast SEO Premium plugin. -->","yoast_head_json":{"title":"Eingangsbest\u00e4tigung \u2013 fobizz im Referendariat","description":"Wir freuen uns, dass du fobizz im Rahmen deines Referendariats kostenfrei nutzen m\u00f6chtest.","robots":{"index":"noindex","follow":"nofollow"},"twitter_card":"summary_large_image","twitter_title":"Eingangsbest\u00e4tigung \u2013 fobizz im Referendariat","twitter_description":"Wir freuen uns, dass du fobizz im Rahmen deines Referendariats kostenfrei nutzen m\u00f6chtest.","twitter_image":"https:\/\/fobizz.com\/wp-content\/uploads\/2023\/07\/header_lehrkraefte_1200\u00d7800px.jpg","twitter_site":"@fobizz","twitter_misc":{"Gesch\u00e4tzte Lesezeit":"1\u00a0Minute"},"schema":{"@context":"https:\/\/schema.org","@graph":[{"@type":"WebPage","@id":"https:\/\/fobizz.com\/de\/eingangsbestaetigung-fobizz-im-referendariat\/","url":"https:\/\/fobizz.com\/de\/eingangsbestaetigung-fobizz-im-referendariat\/","name":"Eingangsbest\u00e4tigung \u2013 fobizz im Referendariat","isPartOf":{"@id":"https:\/\/fobizz.com\/de\/#website"},"primaryImageOfPage":{"@id":"https:\/\/fobizz.com\/de\/eingangsbestaetigung-fobizz-im-referendariat\/#primaryimage"},"image":{"@id":"https:\/\/fobizz.com\/de\/eingangsbestaetigung-fobizz-im-referendariat\/#primaryimage"},"thumbnailUrl":"https:\/\/fobizz.com\/wp-content\/uploads\/2023\/07\/header_lehrkraefte_1200\u00d7800px.jpg","datePublished":"2025-02-11T07:37:40+00:00","dateModified":"2025-05-08T12:48:45+00:00","description":"Wir freuen uns, dass du fobizz im Rahmen deines Referendariats kostenfrei nutzen m\u00f6chtest.","breadcrumb":{"@id":"https:\/\/fobizz.com\/de\/eingangsbestaetigung-fobizz-im-referendariat\/#breadcrumb"},"inLanguage":"de","potentialAction":[{"@type":"ReadAction","target":["https:\/\/fobizz.com\/de\/eingangsbestaetigung-fobizz-im-referendariat\/"]}]},{"@type":"ImageObject","inLanguage":"de","@id":"https:\/\/fobizz.com\/de\/eingangsbestaetigung-fobizz-im-referendariat\/#primaryimage","url":"https:\/\/fobizz.com\/wp-content\/uploads\/2023\/07\/header_lehrkraefte_1200\u00d7800px.jpg","contentUrl":"https:\/\/fobizz.com\/wp-content\/uploads\/2023\/07\/header_lehrkraefte_1200\u00d7800px.jpg","width":1200,"height":800,"caption":"Frau mit blauem Pulli und Kopfh\u00f6rern vor einem Laptop sitzend"},{"@type":"BreadcrumbList","@id":"https:\/\/fobizz.com\/de\/eingangsbestaetigung-fobizz-im-referendariat\/#breadcrumb","itemListElement":[{"@type":"ListItem","position":1,"name":"Startseite","item":"https:\/\/fobizz.com\/de\/startpage\/"},{"@type":"ListItem","position":2,"name":"Eingangsbest\u00e4tigung \u2013 fobizz im Referendariat"}]},{"@type":"WebSite","@id":"https:\/\/fobizz.com\/de\/#website","url":"https:\/\/fobizz.com\/de\/","name":"fobizz","description":"AI &amp; digital Tools for Teachers","publisher":{"@id":"https:\/\/fobizz.com\/de\/#organization"},"potentialAction":[{"@type":"SearchAction","target":{"@type":"EntryPoint","urlTemplate":"https:\/\/fobizz.com\/de\/?s={search_term_string}"},"query-input":{"@type":"PropertyValueSpecification","valueRequired":true,"valueName":"search_term_string"}}],"inLanguage":"de"},{"@type":"Organization","@id":"https:\/\/fobizz.com\/de\/#organization","name":"fobizz","url":"https:\/\/fobizz.com\/de\/","logo":{"@type":"ImageObject","inLanguage":"de","@id":"https:\/\/fobizz.com\/de\/#\/schema\/logo\/image\/","url":"https:\/\/fobizz.com\/wp-content\/uploads\/2023\/07\/fobi_autor_fobizz.png","contentUrl":"https:\/\/fobizz.com\/wp-content\/uploads\/2023\/07\/fobi_autor_fobizz.png","width":200,"height":200,"caption":"fobizz"},"image":{"@id":"https:\/\/fobizz.com\/de\/#\/schema\/logo\/image\/"},"sameAs":["https:\/\/www.facebook.com\/fobizz\/","https:\/\/x.com\/fobizz","https:\/\/www.instagram.com\/fobizz_com\/","https:\/\/www.youtube.com\/@fobizz702","https:\/\/www.pinterest.de\/fobizz_com"]}]}},"_links":{"self":[{"href":"https:\/\/fobizz.com\/de\/wp-json\/wp\/v2\/pages\/53305","targetHints":{"allow":["GET"]}}],"collection":[{"href":"https:\/\/fobizz.com\/de\/wp-json\/wp\/v2\/pages"}],"about":[{"href":"https:\/\/fobizz.com\/de\/wp-json\/wp\/v2\/types\/page"}],"author":[{"embeddable":true,"href":"https:\/\/fobizz.com\/de\/wp-json\/wp\/v2\/users\/28"}],"replies":[{"embeddable":true,"href":"https:\/\/fobizz.com\/de\/wp-json\/wp\/v2\/comments?post=53305"}],"version-history":[{"count":2,"href":"https:\/\/fobizz.com\/de\/wp-json\/wp\/v2\/pages\/53305\/revisions"}],"predecessor-version":[{"id":53307,"href":"https:\/\/fobizz.com\/de\/wp-json\/wp\/v2\/pages\/53305\/revisions\/53307"}],"wp:featuredmedia":[{"embeddable":true,"href":"https:\/\/fobizz.com\/de\/wp-json\/wp\/v2\/media\/40660"}],"wp:attachment":[{"href":"https:\/\/fobizz.com\/de\/wp-json\/wp\/v2\/media?parent=53305"}],"curies":[{"name":"wp","href":"https:\/\/api.w.org\/{rel}","templated":true}]}}