{"id":53594,"date":"2025-02-28T09:17:13","date_gmt":"2025-02-28T08:17:13","guid":{"rendered":"https:\/\/fobizz.com\/?page_id=53594"},"modified":"2025-08-14T07:14:34","modified_gmt":"2025-08-14T05:14:34","slug":"anfrage-workshop-mecklenburg-vorpommern","status":"publish","type":"page","link":"https:\/\/fobizz.com\/de\/anfrage-workshop-mecklenburg-vorpommern\/","title":{"rendered":"Anfrage MV Workshops"},"content":{"rendered":"<div id='av_section_1'  class='avia-section av-18pnrt4-22da100d074ecc0961ceec15698d68b2 main_color avia-section-default avia-no-border-styling  avia-builder-el-0  avia-builder-el-no-sibling  avia-bg-style-scroll container_wrap sidebar_right'  ><div class='container av-section-cont-open' ><main  role=\"main\" itemprop=\"mainContentOfPage\"  class='template-page content  av-content-small alpha units'><div class='post-entry post-entry-type-page post-entry-53594'><div class='entry-content-wrapper clearfix'>\n\n<style type=\"text\/css\" data-created_by=\"avia_inline_auto\" id=\"style-css-av-2h3vt6y-d1687804364fcf2a1d313bc3e5588665\">\n.flex_column.av-2h3vt6y-d1687804364fcf2a1d313bc3e5588665{\nborder-radius:0px 0px 0px 0px;\npadding:0px 0px 0px 0px;\n}\n<\/style>\n<div  class='flex_column av-2h3vt6y-d1687804364fcf2a1d313bc3e5588665 av_two_third  avia-builder-el-1  el_before_av_one_third  avia-builder-el-first  first flex_column_div av-zero-column-padding  '     ><section  class='av_textblock_section av-lrrmmhtl-762ab386eea8e3551e27cc98922a167b '   itemscope=\"itemscope\" itemtype=\"https:\/\/schema.org\/CreativeWork\" ><div class='avia_textblock newdesign_h1'  itemprop=\"text\" ><h1>Anfrage Online-Workshops<\/h1>\n<\/div><\/section><br \/>\n<section  class='av_textblock_section av-lkm7ysf3-f6c5795af2d97638ee8cb199124bf750 '   itemscope=\"itemscope\" itemtype=\"https:\/\/schema.org\/CreativeWork\" ><div class='avia_textblock'  itemprop=\"text\" ><div class=\"trix-content\">\n<div>\n<p>Als Teil der fobizz Landeslizenz des IQ M-V haben alle Schulen die M\u00f6glichkeit Online-Workshops zu K\u00fcnstlicher Intelligenz durchzuf\u00fchren. Das Angebot ist f\u00fcr Schulen <strong>kostenfrei<\/strong>.<\/p>\n<p><strong>Wie l\u00e4uft das ab?<\/strong><\/p>\n<ol>\n<li>Sie f\u00fcllen diese Formular aus. Einen Termin geben Sie nur an, wenn Sie diesen schon kennen.<\/li>\n<li>Wir melden uns bei Ihnen, um die Details abzustimmen.<\/li>\n<li>Wir schicken Ihnen einen Link zu f\u00fcr Ihr Kollegium \/ Ihre Gruppe.<\/li>\n<li>Der Online-Workshop findet statt (90 Minuten)<\/li>\n<li>Wir k\u00fcmmern uns um die Abrechnung mit dem IQ M-V. F\u00fcr Ihre Schule ist das Angebot kostenfrei!<\/li>\n<\/ol>\n<p>Bei Fragen k\u00f6nnen Sie <a href=\"https:\/\/meet.brevo.com\/fobizz-vertrieb\/workshop-oder-vortrag\" target=\"_blank\" rel=\"noopener\">hier gerne einen Termin<\/a> mit uns vereinbaren:<\/p>\n<\/div>\n<\/div>\n<\/div><\/section><br \/>\n\n<style type=\"text\/css\" data-created_by=\"avia_inline_auto\" id=\"style-css-av-r8lkpu-a9fb7fd786c980e251eb17bd2bc125d3\">\n#top .hr.hr-invisible.av-r8lkpu-a9fb7fd786c980e251eb17bd2bc125d3{\nheight:50px;\n}\n<\/style>\n<div  class='hr av-r8lkpu-a9fb7fd786c980e251eb17bd2bc125d3 hr-invisible  avia-builder-el-4  el_after_av_textblock  el_before_av_codeblock '><span class='hr-inner '><span class=\"hr-inner-style\"><\/span><\/span><\/div><br \/>\n<\/p><\/div>\n<style type=\"text\/css\" data-created_by=\"avia_inline_auto\" id=\"style-css-av-286z64q-a2b69b86e9a347fe41c5fe8ba11d585e\">\n.flex_column.av-286z64q-a2b69b86e9a347fe41c5fe8ba11d585e{\nborder-radius:0px 0px 0px 0px;\npadding:0px 0px 0px 0px;\n}\n<\/style>\n<div  class='flex_column av-286z64q-a2b69b86e9a347fe41c5fe8ba11d585e av_one_third  avia-builder-el-6  el_after_av_two_third  avia-builder-el-last  flex_column_div av-zero-column-padding  '     ><\/div><\/div><\/div><\/main><!-- close content main element --><\/div><\/div><div id='after_section_1'  class='main_color av_default_container_wrap container_wrap sidebar_right'  ><div class='container av-section-cont-open' ><div class='template-page content  av-content-small alpha units'><div class='post-entry post-entry-type-page post-entry-53594'><div class='entry-content-wrapper clearfix'>\n","protected":false},"excerpt":{"rendered":"","protected":false},"author":15,"featured_media":49659,"parent":0,"menu_order":0,"comment_status":"closed","ping_status":"closed","template":"","meta":{"_monsterinsights_skip_tracking":false,"_monsterinsights_sitenote_active":false,"_monsterinsights_sitenote_note":"","_monsterinsights_sitenote_category":0,"_uf_show_specific_survey":0,"_uf_disable_surveys":false,"footnotes":""},"class_list":["post-53594","page","type-page","status-publish","has-post-thumbnail","hentry"],"acf":[],"yoast_head":"<!-- This site is optimized with the Yoast SEO Premium plugin v26.2 (Yoast SEO v27.4) - https:\/\/yoast.com\/product\/yoast-seo-premium-wordpress\/ -->\n<title>Anfrage MV Workshops - fobizz<\/title>\n<meta name=\"description\" content=\"Schulen in Mecklenburg-Vorpommern erhalten \u00fcber das IQ M-V fobizz Online-Workshops zum Thema KI\" \/>\n<meta name=\"robots\" content=\"noindex, nofollow\" \/>\n<meta name=\"twitter:card\" content=\"summary_large_image\" \/>\n<meta name=\"twitter:title\" content=\"Anfrage f\u00fcr Schulen in der Schweiz\" \/>\n<meta name=\"twitter:description\" content=\"Schulen in Mecklenburg-Vorpommern erhalten \u00fcber das IQ M-V fobizz Online-Workshops zum Thema KI\" \/>\n<meta name=\"twitter:image\" content=\"https:\/\/fobizz.com\/wp-content\/uploads\/2024\/08\/KI-Assistenz.png\" \/>\n<meta name=\"twitter:site\" content=\"@fobizz\" \/>\n<meta name=\"twitter:label1\" content=\"Gesch\u00e4tzte Lesezeit\" \/>\n\t<meta name=\"twitter:data1\" content=\"1\u00a0Minute\" \/>\n<script type=\"application\/ld+json\" class=\"yoast-schema-graph\">{\"@context\":\"https:\\\/\\\/schema.org\",\"@graph\":[{\"@type\":\"WebPage\",\"@id\":\"https:\\\/\\\/fobizz.com\\\/de\\\/anfrage-workshop-mecklenburg-vorpommern\\\/\",\"url\":\"https:\\\/\\\/fobizz.com\\\/de\\\/anfrage-workshop-mecklenburg-vorpommern\\\/\",\"name\":\"Anfrage MV Workshops - fobizz\",\"isPartOf\":{\"@id\":\"https:\\\/\\\/fobizz.com\\\/de\\\/#website\"},\"primaryImageOfPage\":{\"@id\":\"https:\\\/\\\/fobizz.com\\\/de\\\/anfrage-workshop-mecklenburg-vorpommern\\\/#primaryimage\"},\"image\":{\"@id\":\"https:\\\/\\\/fobizz.com\\\/de\\\/anfrage-workshop-mecklenburg-vorpommern\\\/#primaryimage\"},\"thumbnailUrl\":\"https:\\\/\\\/fobizz.com\\\/wp-content\\\/uploads\\\/2024\\\/06\\\/header-kunstliche-Intelligenz-Padagogischer-Tag.png\",\"datePublished\":\"2025-02-28T08:17:13+00:00\",\"dateModified\":\"2025-08-14T05:14:34+00:00\",\"description\":\"Schulen in Mecklenburg-Vorpommern erhalten \u00fcber das IQ M-V fobizz Online-Workshops zum Thema KI\",\"breadcrumb\":{\"@id\":\"https:\\\/\\\/fobizz.com\\\/de\\\/anfrage-workshop-mecklenburg-vorpommern\\\/#breadcrumb\"},\"inLanguage\":\"de\",\"potentialAction\":[{\"@type\":\"ReadAction\",\"target\":[\"https:\\\/\\\/fobizz.com\\\/de\\\/anfrage-workshop-mecklenburg-vorpommern\\\/\"]}]},{\"@type\":\"ImageObject\",\"inLanguage\":\"de\",\"@id\":\"https:\\\/\\\/fobizz.com\\\/de\\\/anfrage-workshop-mecklenburg-vorpommern\\\/#primaryimage\",\"url\":\"https:\\\/\\\/fobizz.com\\\/wp-content\\\/uploads\\\/2024\\\/06\\\/header-kunstliche-Intelligenz-Padagogischer-Tag.png\",\"contentUrl\":\"https:\\\/\\\/fobizz.com\\\/wp-content\\\/uploads\\\/2024\\\/06\\\/header-kunstliche-Intelligenz-Padagogischer-Tag.png\",\"width\":1200,\"height\":800},{\"@type\":\"BreadcrumbList\",\"@id\":\"https:\\\/\\\/fobizz.com\\\/de\\\/anfrage-workshop-mecklenburg-vorpommern\\\/#breadcrumb\",\"itemListElement\":[{\"@type\":\"ListItem\",\"position\":1,\"name\":\"Startseite\",\"item\":\"https:\\\/\\\/fobizz.com\\\/de\\\/startpage\\\/\"},{\"@type\":\"ListItem\",\"position\":2,\"name\":\"Anfrage MV Workshops\"}]},{\"@type\":\"WebSite\",\"@id\":\"https:\\\/\\\/fobizz.com\\\/de\\\/#website\",\"url\":\"https:\\\/\\\/fobizz.com\\\/de\\\/\",\"name\":\"fobizz\",\"description\":\"AI &amp; digital Tools for Teachers\",\"publisher\":{\"@id\":\"https:\\\/\\\/fobizz.com\\\/de\\\/#organization\"},\"potentialAction\":[{\"@type\":\"SearchAction\",\"target\":{\"@type\":\"EntryPoint\",\"urlTemplate\":\"https:\\\/\\\/fobizz.com\\\/de\\\/?s={search_term_string}\"},\"query-input\":{\"@type\":\"PropertyValueSpecification\",\"valueRequired\":true,\"valueName\":\"search_term_string\"}}],\"inLanguage\":\"de\"},{\"@type\":\"Organization\",\"@id\":\"https:\\\/\\\/fobizz.com\\\/de\\\/#organization\",\"name\":\"fobizz\",\"url\":\"https:\\\/\\\/fobizz.com\\\/de\\\/\",\"logo\":{\"@type\":\"ImageObject\",\"inLanguage\":\"de\",\"@id\":\"https:\\\/\\\/fobizz.com\\\/de\\\/#\\\/schema\\\/logo\\\/image\\\/\",\"url\":\"https:\\\/\\\/fobizz.com\\\/wp-content\\\/uploads\\\/2023\\\/07\\\/fobi_autor_fobizz.png\",\"contentUrl\":\"https:\\\/\\\/fobizz.com\\\/wp-content\\\/uploads\\\/2023\\\/07\\\/fobi_autor_fobizz.png\",\"width\":200,\"height\":200,\"caption\":\"fobizz\"},\"image\":{\"@id\":\"https:\\\/\\\/fobizz.com\\\/de\\\/#\\\/schema\\\/logo\\\/image\\\/\"},\"sameAs\":[\"https:\\\/\\\/www.facebook.com\\\/fobizz\\\/\",\"https:\\\/\\\/x.com\\\/fobizz\",\"https:\\\/\\\/www.instagram.com\\\/fobizz_com\\\/\",\"https:\\\/\\\/www.youtube.com\\\/@fobizz702\",\"https:\\\/\\\/www.pinterest.de\\\/fobizz_com\"]}]}<\/script>\n<!-- \/ Yoast SEO Premium plugin. -->","yoast_head_json":{"title":"Anfrage MV Workshops - fobizz","description":"Schulen in Mecklenburg-Vorpommern erhalten \u00fcber das IQ M-V fobizz Online-Workshops zum Thema KI","robots":{"index":"noindex","follow":"nofollow"},"twitter_card":"summary_large_image","twitter_title":"Anfrage f\u00fcr Schulen in der Schweiz","twitter_description":"Schulen in Mecklenburg-Vorpommern erhalten \u00fcber das IQ M-V fobizz Online-Workshops zum Thema KI","twitter_image":"https:\/\/fobizz.com\/wp-content\/uploads\/2024\/08\/KI-Assistenz.png","twitter_site":"@fobizz","twitter_misc":{"Gesch\u00e4tzte Lesezeit":"1\u00a0Minute"},"schema":{"@context":"https:\/\/schema.org","@graph":[{"@type":"WebPage","@id":"https:\/\/fobizz.com\/de\/anfrage-workshop-mecklenburg-vorpommern\/","url":"https:\/\/fobizz.com\/de\/anfrage-workshop-mecklenburg-vorpommern\/","name":"Anfrage MV Workshops - fobizz","isPartOf":{"@id":"https:\/\/fobizz.com\/de\/#website"},"primaryImageOfPage":{"@id":"https:\/\/fobizz.com\/de\/anfrage-workshop-mecklenburg-vorpommern\/#primaryimage"},"image":{"@id":"https:\/\/fobizz.com\/de\/anfrage-workshop-mecklenburg-vorpommern\/#primaryimage"},"thumbnailUrl":"https:\/\/fobizz.com\/wp-content\/uploads\/2024\/06\/header-kunstliche-Intelligenz-Padagogischer-Tag.png","datePublished":"2025-02-28T08:17:13+00:00","dateModified":"2025-08-14T05:14:34+00:00","description":"Schulen in Mecklenburg-Vorpommern erhalten \u00fcber das IQ M-V fobizz Online-Workshops zum Thema KI","breadcrumb":{"@id":"https:\/\/fobizz.com\/de\/anfrage-workshop-mecklenburg-vorpommern\/#breadcrumb"},"inLanguage":"de","potentialAction":[{"@type":"ReadAction","target":["https:\/\/fobizz.com\/de\/anfrage-workshop-mecklenburg-vorpommern\/"]}]},{"@type":"ImageObject","inLanguage":"de","@id":"https:\/\/fobizz.com\/de\/anfrage-workshop-mecklenburg-vorpommern\/#primaryimage","url":"https:\/\/fobizz.com\/wp-content\/uploads\/2024\/06\/header-kunstliche-Intelligenz-Padagogischer-Tag.png","contentUrl":"https:\/\/fobizz.com\/wp-content\/uploads\/2024\/06\/header-kunstliche-Intelligenz-Padagogischer-Tag.png","width":1200,"height":800},{"@type":"BreadcrumbList","@id":"https:\/\/fobizz.com\/de\/anfrage-workshop-mecklenburg-vorpommern\/#breadcrumb","itemListElement":[{"@type":"ListItem","position":1,"name":"Startseite","item":"https:\/\/fobizz.com\/de\/startpage\/"},{"@type":"ListItem","position":2,"name":"Anfrage MV Workshops"}]},{"@type":"WebSite","@id":"https:\/\/fobizz.com\/de\/#website","url":"https:\/\/fobizz.com\/de\/","name":"fobizz","description":"AI &amp; digital Tools for Teachers","publisher":{"@id":"https:\/\/fobizz.com\/de\/#organization"},"potentialAction":[{"@type":"SearchAction","target":{"@type":"EntryPoint","urlTemplate":"https:\/\/fobizz.com\/de\/?s={search_term_string}"},"query-input":{"@type":"PropertyValueSpecification","valueRequired":true,"valueName":"search_term_string"}}],"inLanguage":"de"},{"@type":"Organization","@id":"https:\/\/fobizz.com\/de\/#organization","name":"fobizz","url":"https:\/\/fobizz.com\/de\/","logo":{"@type":"ImageObject","inLanguage":"de","@id":"https:\/\/fobizz.com\/de\/#\/schema\/logo\/image\/","url":"https:\/\/fobizz.com\/wp-content\/uploads\/2023\/07\/fobi_autor_fobizz.png","contentUrl":"https:\/\/fobizz.com\/wp-content\/uploads\/2023\/07\/fobi_autor_fobizz.png","width":200,"height":200,"caption":"fobizz"},"image":{"@id":"https:\/\/fobizz.com\/de\/#\/schema\/logo\/image\/"},"sameAs":["https:\/\/www.facebook.com\/fobizz\/","https:\/\/x.com\/fobizz","https:\/\/www.instagram.com\/fobizz_com\/","https:\/\/www.youtube.com\/@fobizz702","https:\/\/www.pinterest.de\/fobizz_com"]}]}},"_links":{"self":[{"href":"https:\/\/fobizz.com\/de\/wp-json\/wp\/v2\/pages\/53594","targetHints":{"allow":["GET"]}}],"collection":[{"href":"https:\/\/fobizz.com\/de\/wp-json\/wp\/v2\/pages"}],"about":[{"href":"https:\/\/fobizz.com\/de\/wp-json\/wp\/v2\/types\/page"}],"author":[{"embeddable":true,"href":"https:\/\/fobizz.com\/de\/wp-json\/wp\/v2\/users\/15"}],"replies":[{"embeddable":true,"href":"https:\/\/fobizz.com\/de\/wp-json\/wp\/v2\/comments?post=53594"}],"version-history":[{"count":7,"href":"https:\/\/fobizz.com\/de\/wp-json\/wp\/v2\/pages\/53594\/revisions"}],"predecessor-version":[{"id":56580,"href":"https:\/\/fobizz.com\/de\/wp-json\/wp\/v2\/pages\/53594\/revisions\/56580"}],"wp:featuredmedia":[{"embeddable":true,"href":"https:\/\/fobizz.com\/de\/wp-json\/wp\/v2\/media\/49659"}],"wp:attachment":[{"href":"https:\/\/fobizz.com\/de\/wp-json\/wp\/v2\/media?parent=53594"}],"curies":[{"name":"wp","href":"https:\/\/api.w.org\/{rel}","templated":true}]}}