{"id":53649,"date":"2025-03-04T12:59:45","date_gmt":"2025-03-04T11:59:45","guid":{"rendered":"https:\/\/fobizz.com\/?page_id=53649"},"modified":"2025-08-14T06:44:48","modified_gmt":"2025-08-14T04:44:48","slug":"anfrage-volkshochschulen","status":"publish","type":"page","link":"https:\/\/fobizz.com\/de\/anfrage-volkshochschulen\/","title":{"rendered":"Anfrage VHS"},"content":{"rendered":"<div id='av_section_1'  class='avia-section av-18pnrt4-22da100d074ecc0961ceec15698d68b2 main_color avia-section-default avia-no-border-styling  avia-builder-el-0  avia-builder-el-no-sibling  avia-bg-style-scroll container_wrap sidebar_right'  ><div class='container av-section-cont-open' ><main  role=\"main\" itemprop=\"mainContentOfPage\"  class='template-page content  av-content-small alpha units'><div class='post-entry post-entry-type-page post-entry-53649'><div class='entry-content-wrapper clearfix'>\n\n<style type=\"text\/css\" data-created_by=\"avia_inline_auto\" id=\"style-css-av-2h3vt6y-d1687804364fcf2a1d313bc3e5588665\">\n.flex_column.av-2h3vt6y-d1687804364fcf2a1d313bc3e5588665{\nborder-radius:0px 0px 0px 0px;\npadding:0px 0px 0px 0px;\n}\n<\/style>\n<div  class='flex_column av-2h3vt6y-d1687804364fcf2a1d313bc3e5588665 av_two_third  avia-builder-el-1  el_before_av_one_third  avia-builder-el-first  first flex_column_div av-zero-column-padding  '     ><section  class='av_textblock_section av-lrrmmhtl-762ab386eea8e3551e27cc98922a167b '   itemscope=\"itemscope\" itemtype=\"https:\/\/schema.org\/CreativeWork\" ><div class='avia_textblock newdesign_h1'  itemprop=\"text\" ><h1>Anfrage Volkshochschulen\u00a0<!-- notionvc: 1ae817a5-b8ba-4b9e-8f15-79c1478edef9 --><\/h1>\n<\/div><\/section><br \/>\n<section  class='av_textblock_section av-lkm7ysf3-f6c5795af2d97638ee8cb199124bf750 '   itemscope=\"itemscope\" itemtype=\"https:\/\/schema.org\/CreativeWork\" ><div class='avia_textblock'  itemprop=\"text\" ><div class=\"trix-content\">\n<div>\n<p>fobizz unterst\u00fctzt Volkshochschulen dabei, Mitarbeitende und Lehrende gezielt auf die Zukunft mit k\u00fcnstlicher Intelligenz vorzubereiten. Hier k\u00f6nnen Sie ein unverbindliches Angebot anfragen.<\/p>\n<\/div>\n<\/div>\n<\/div><\/section><br \/>\n\n<style type=\"text\/css\" data-created_by=\"avia_inline_auto\" id=\"style-css-av-r8lkpu-a9fb7fd786c980e251eb17bd2bc125d3\">\n#top .hr.hr-invisible.av-r8lkpu-a9fb7fd786c980e251eb17bd2bc125d3{\nheight:50px;\n}\n<\/style>\n<div  class='hr av-r8lkpu-a9fb7fd786c980e251eb17bd2bc125d3 hr-invisible  avia-builder-el-4  el_after_av_textblock  el_before_av_codeblock '><span class='hr-inner '><span class=\"hr-inner-style\"><\/span><\/span><\/div><br \/>\n<\/p><\/div>\n<style type=\"text\/css\" data-created_by=\"avia_inline_auto\" id=\"style-css-av-286z64q-a2b69b86e9a347fe41c5fe8ba11d585e\">\n.flex_column.av-286z64q-a2b69b86e9a347fe41c5fe8ba11d585e{\nborder-radius:0px 0px 0px 0px;\npadding:0px 0px 0px 0px;\n}\n<\/style>\n<div  class='flex_column av-286z64q-a2b69b86e9a347fe41c5fe8ba11d585e av_one_third  avia-builder-el-6  el_after_av_two_third  avia-builder-el-last  flex_column_div av-zero-column-padding  '     ><\/div><\/div><\/div><\/main><!-- close content main element --><\/div><\/div><div id='after_section_1'  class='main_color av_default_container_wrap container_wrap sidebar_right'  ><div class='container av-section-cont-open' ><div class='template-page content  av-content-small alpha units'><div class='post-entry post-entry-type-page post-entry-53649'><div class='entry-content-wrapper clearfix'>\n","protected":false},"excerpt":{"rendered":"","protected":false},"author":15,"featured_media":49659,"parent":0,"menu_order":0,"comment_status":"closed","ping_status":"closed","template":"","meta":{"_monsterinsights_skip_tracking":false,"_monsterinsights_sitenote_active":false,"_monsterinsights_sitenote_note":"","_monsterinsights_sitenote_category":0,"_uf_show_specific_survey":0,"_uf_disable_surveys":false,"footnotes":""},"class_list":["post-53649","page","type-page","status-publish","has-post-thumbnail","hentry"],"acf":[],"yoast_head":"<!-- This site is optimized with the Yoast SEO Premium plugin v26.2 (Yoast SEO v27.2) - https:\/\/yoast.com\/product\/yoast-seo-premium-wordpress\/ -->\n<title>Anfrage VHS - fobizz<\/title>\n<meta name=\"description\" content=\"fobizz Angebot f\u00fcr Volkshochschulen\" \/>\n<meta name=\"robots\" content=\"noindex, nofollow\" \/>\n<meta name=\"twitter:card\" content=\"summary_large_image\" \/>\n<meta name=\"twitter:title\" content=\"Anfrage f\u00fcr Volkshochschulen\" \/>\n<meta name=\"twitter:description\" content=\"fobizz Angebot f\u00fcr Volkshochschulen\" \/>\n<meta name=\"twitter:image\" content=\"https:\/\/fobizz.com\/wp-content\/uploads\/2024\/08\/KI-Assistenz.png\" \/>\n<meta name=\"twitter:site\" content=\"@fobizz\" \/>\n<meta name=\"twitter:label1\" content=\"Gesch\u00e4tzte Lesezeit\" \/>\n\t<meta name=\"twitter:data1\" content=\"1\u00a0Minute\" \/>\n<script type=\"application\/ld+json\" class=\"yoast-schema-graph\">{\"@context\":\"https:\/\/schema.org\",\"@graph\":[{\"@type\":\"WebPage\",\"@id\":\"https:\/\/fobizz.com\/de\/anfrage-volkshochschulen\/\",\"url\":\"https:\/\/fobizz.com\/de\/anfrage-volkshochschulen\/\",\"name\":\"Anfrage VHS - fobizz\",\"isPartOf\":{\"@id\":\"https:\/\/fobizz.com\/de\/#website\"},\"primaryImageOfPage\":{\"@id\":\"https:\/\/fobizz.com\/de\/anfrage-volkshochschulen\/#primaryimage\"},\"image\":{\"@id\":\"https:\/\/fobizz.com\/de\/anfrage-volkshochschulen\/#primaryimage\"},\"thumbnailUrl\":\"https:\/\/fobizz.com\/wp-content\/uploads\/2024\/06\/header-kunstliche-Intelligenz-Padagogischer-Tag.png\",\"datePublished\":\"2025-03-04T11:59:45+00:00\",\"dateModified\":\"2025-08-14T04:44:48+00:00\",\"description\":\"fobizz Angebot f\u00fcr Volkshochschulen\",\"breadcrumb\":{\"@id\":\"https:\/\/fobizz.com\/de\/anfrage-volkshochschulen\/#breadcrumb\"},\"inLanguage\":\"de\",\"potentialAction\":[{\"@type\":\"ReadAction\",\"target\":[\"https:\/\/fobizz.com\/de\/anfrage-volkshochschulen\/\"]}]},{\"@type\":\"ImageObject\",\"inLanguage\":\"de\",\"@id\":\"https:\/\/fobizz.com\/de\/anfrage-volkshochschulen\/#primaryimage\",\"url\":\"https:\/\/fobizz.com\/wp-content\/uploads\/2024\/06\/header-kunstliche-Intelligenz-Padagogischer-Tag.png\",\"contentUrl\":\"https:\/\/fobizz.com\/wp-content\/uploads\/2024\/06\/header-kunstliche-Intelligenz-Padagogischer-Tag.png\",\"width\":1200,\"height\":800},{\"@type\":\"BreadcrumbList\",\"@id\":\"https:\/\/fobizz.com\/de\/anfrage-volkshochschulen\/#breadcrumb\",\"itemListElement\":[{\"@type\":\"ListItem\",\"position\":1,\"name\":\"Startseite\",\"item\":\"https:\/\/fobizz.com\/de\/startpage\/\"},{\"@type\":\"ListItem\",\"position\":2,\"name\":\"Anfrage VHS\"}]},{\"@type\":\"WebSite\",\"@id\":\"https:\/\/fobizz.com\/de\/#website\",\"url\":\"https:\/\/fobizz.com\/de\/\",\"name\":\"fobizz\",\"description\":\"AI &amp; digital Tools for Teachers\",\"publisher\":{\"@id\":\"https:\/\/fobizz.com\/de\/#organization\"},\"potentialAction\":[{\"@type\":\"SearchAction\",\"target\":{\"@type\":\"EntryPoint\",\"urlTemplate\":\"https:\/\/fobizz.com\/de\/?s={search_term_string}\"},\"query-input\":{\"@type\":\"PropertyValueSpecification\",\"valueRequired\":true,\"valueName\":\"search_term_string\"}}],\"inLanguage\":\"de\"},{\"@type\":\"Organization\",\"@id\":\"https:\/\/fobizz.com\/de\/#organization\",\"name\":\"fobizz\",\"url\":\"https:\/\/fobizz.com\/de\/\",\"logo\":{\"@type\":\"ImageObject\",\"inLanguage\":\"de\",\"@id\":\"https:\/\/fobizz.com\/de\/#\/schema\/logo\/image\/\",\"url\":\"https:\/\/fobizz.com\/wp-content\/uploads\/2023\/07\/fobi_autor_fobizz.png\",\"contentUrl\":\"https:\/\/fobizz.com\/wp-content\/uploads\/2023\/07\/fobi_autor_fobizz.png\",\"width\":200,\"height\":200,\"caption\":\"fobizz\"},\"image\":{\"@id\":\"https:\/\/fobizz.com\/de\/#\/schema\/logo\/image\/\"},\"sameAs\":[\"https:\/\/www.facebook.com\/fobizz\/\",\"https:\/\/x.com\/fobizz\",\"https:\/\/www.instagram.com\/fobizz_com\/\",\"https:\/\/www.youtube.com\/@fobizz702\",\"https:\/\/www.pinterest.de\/fobizz_com\"]}]}<\/script>\n<!-- \/ Yoast SEO Premium plugin. -->","yoast_head_json":{"title":"Anfrage VHS - fobizz","description":"fobizz Angebot f\u00fcr Volkshochschulen","robots":{"index":"noindex","follow":"nofollow"},"twitter_card":"summary_large_image","twitter_title":"Anfrage f\u00fcr Volkshochschulen","twitter_description":"fobizz Angebot f\u00fcr Volkshochschulen","twitter_image":"https:\/\/fobizz.com\/wp-content\/uploads\/2024\/08\/KI-Assistenz.png","twitter_site":"@fobizz","twitter_misc":{"Gesch\u00e4tzte Lesezeit":"1\u00a0Minute"},"schema":{"@context":"https:\/\/schema.org","@graph":[{"@type":"WebPage","@id":"https:\/\/fobizz.com\/de\/anfrage-volkshochschulen\/","url":"https:\/\/fobizz.com\/de\/anfrage-volkshochschulen\/","name":"Anfrage VHS - fobizz","isPartOf":{"@id":"https:\/\/fobizz.com\/de\/#website"},"primaryImageOfPage":{"@id":"https:\/\/fobizz.com\/de\/anfrage-volkshochschulen\/#primaryimage"},"image":{"@id":"https:\/\/fobizz.com\/de\/anfrage-volkshochschulen\/#primaryimage"},"thumbnailUrl":"https:\/\/fobizz.com\/wp-content\/uploads\/2024\/06\/header-kunstliche-Intelligenz-Padagogischer-Tag.png","datePublished":"2025-03-04T11:59:45+00:00","dateModified":"2025-08-14T04:44:48+00:00","description":"fobizz Angebot f\u00fcr Volkshochschulen","breadcrumb":{"@id":"https:\/\/fobizz.com\/de\/anfrage-volkshochschulen\/#breadcrumb"},"inLanguage":"de","potentialAction":[{"@type":"ReadAction","target":["https:\/\/fobizz.com\/de\/anfrage-volkshochschulen\/"]}]},{"@type":"ImageObject","inLanguage":"de","@id":"https:\/\/fobizz.com\/de\/anfrage-volkshochschulen\/#primaryimage","url":"https:\/\/fobizz.com\/wp-content\/uploads\/2024\/06\/header-kunstliche-Intelligenz-Padagogischer-Tag.png","contentUrl":"https:\/\/fobizz.com\/wp-content\/uploads\/2024\/06\/header-kunstliche-Intelligenz-Padagogischer-Tag.png","width":1200,"height":800},{"@type":"BreadcrumbList","@id":"https:\/\/fobizz.com\/de\/anfrage-volkshochschulen\/#breadcrumb","itemListElement":[{"@type":"ListItem","position":1,"name":"Startseite","item":"https:\/\/fobizz.com\/de\/startpage\/"},{"@type":"ListItem","position":2,"name":"Anfrage VHS"}]},{"@type":"WebSite","@id":"https:\/\/fobizz.com\/de\/#website","url":"https:\/\/fobizz.com\/de\/","name":"fobizz","description":"AI &amp; digital Tools for Teachers","publisher":{"@id":"https:\/\/fobizz.com\/de\/#organization"},"potentialAction":[{"@type":"SearchAction","target":{"@type":"EntryPoint","urlTemplate":"https:\/\/fobizz.com\/de\/?s={search_term_string}"},"query-input":{"@type":"PropertyValueSpecification","valueRequired":true,"valueName":"search_term_string"}}],"inLanguage":"de"},{"@type":"Organization","@id":"https:\/\/fobizz.com\/de\/#organization","name":"fobizz","url":"https:\/\/fobizz.com\/de\/","logo":{"@type":"ImageObject","inLanguage":"de","@id":"https:\/\/fobizz.com\/de\/#\/schema\/logo\/image\/","url":"https:\/\/fobizz.com\/wp-content\/uploads\/2023\/07\/fobi_autor_fobizz.png","contentUrl":"https:\/\/fobizz.com\/wp-content\/uploads\/2023\/07\/fobi_autor_fobizz.png","width":200,"height":200,"caption":"fobizz"},"image":{"@id":"https:\/\/fobizz.com\/de\/#\/schema\/logo\/image\/"},"sameAs":["https:\/\/www.facebook.com\/fobizz\/","https:\/\/x.com\/fobizz","https:\/\/www.instagram.com\/fobizz_com\/","https:\/\/www.youtube.com\/@fobizz702","https:\/\/www.pinterest.de\/fobizz_com"]}]}},"_links":{"self":[{"href":"https:\/\/fobizz.com\/de\/wp-json\/wp\/v2\/pages\/53649","targetHints":{"allow":["GET"]}}],"collection":[{"href":"https:\/\/fobizz.com\/de\/wp-json\/wp\/v2\/pages"}],"about":[{"href":"https:\/\/fobizz.com\/de\/wp-json\/wp\/v2\/types\/page"}],"author":[{"embeddable":true,"href":"https:\/\/fobizz.com\/de\/wp-json\/wp\/v2\/users\/15"}],"replies":[{"embeddable":true,"href":"https:\/\/fobizz.com\/de\/wp-json\/wp\/v2\/comments?post=53649"}],"version-history":[{"count":6,"href":"https:\/\/fobizz.com\/de\/wp-json\/wp\/v2\/pages\/53649\/revisions"}],"predecessor-version":[{"id":56550,"href":"https:\/\/fobizz.com\/de\/wp-json\/wp\/v2\/pages\/53649\/revisions\/56550"}],"wp:featuredmedia":[{"embeddable":true,"href":"https:\/\/fobizz.com\/de\/wp-json\/wp\/v2\/media\/49659"}],"wp:attachment":[{"href":"https:\/\/fobizz.com\/de\/wp-json\/wp\/v2\/media?parent=53649"}],"curies":[{"name":"wp","href":"https:\/\/api.w.org\/{rel}","templated":true}]}}