{"id":54036,"date":"2025-04-08T12:19:37","date_gmt":"2025-04-08T10:19:37","guid":{"rendered":"https:\/\/fobizz.com\/?page_id=54036"},"modified":"2025-08-14T08:09:25","modified_gmt":"2025-08-14T06:09:25","slug":"formular-startchancen","status":"publish","type":"page","link":"https:\/\/fobizz.com\/de\/formular-startchancen\/","title":{"rendered":"Formular Startchancen Schulen- fobizz &#038; to teach"},"content":{"rendered":"<div id='av_section_1'  class='avia-section av-18pnrt4-22da100d074ecc0961ceec15698d68b2 main_color avia-section-default avia-no-border-styling  avia-builder-el-0  avia-builder-el-no-sibling  avia-bg-style-scroll container_wrap sidebar_right'  ><div class='container av-section-cont-open' ><main  role=\"main\" itemprop=\"mainContentOfPage\"  class='template-page content  av-content-small alpha units'><div class='post-entry post-entry-type-page post-entry-54036'><div class='entry-content-wrapper clearfix'>\n\n<style type=\"text\/css\" data-created_by=\"avia_inline_auto\" id=\"style-css-av-2h3vt6y-d1687804364fcf2a1d313bc3e5588665\">\n.flex_column.av-2h3vt6y-d1687804364fcf2a1d313bc3e5588665{\nborder-radius:0px 0px 0px 0px;\npadding:0px 0px 0px 0px;\n}\n<\/style>\n<div  class='flex_column av-2h3vt6y-d1687804364fcf2a1d313bc3e5588665 av_two_third  avia-builder-el-1  el_before_av_one_third  avia-builder-el-first  first flex_column_div av-zero-column-padding  '     ><section  class='av_textblock_section av-lvut4jvk-9f349e9424c97d2a7b52eae4d93b16bf '   itemscope=\"itemscope\" itemtype=\"https:\/\/schema.org\/CreativeWork\" ><div class='avia_textblock newdesign_h1'  itemprop=\"text\" ><h1>Anfrageformular Startchancen Schulen<\/h1>\n<\/div><\/section><br \/>\n<section  class='av_textblock_section av-li46aekv-96337ff26dba587f3e84c0a7451ce029 '   itemscope=\"itemscope\" itemtype=\"https:\/\/schema.org\/CreativeWork\" ><div class='avia_textblock'  itemprop=\"text\" ><p>Mit fobizz &amp; to teach k\u00f6nnen Sie Ihre Lehrkr\u00e4fte in der Unterrichtsvorbereitung unterst\u00fctzen und differenzierte Materialien (u.a. f\u00fcr Deutsch und Mathematik) erstellen, um die Basis- und Zukunftskompetenzen der Sch\u00fcler und Sch\u00fclerinnen zu st\u00e4rken.<\/p>\n<p>Mit diesem Formular k\u00f6nnen Startchancen Schulen ein <strong>unverbindliches Angebot f\u00fcr eine Lizenz und Workshops<\/strong> f\u00fcr das Kollegium anfragen.<\/p>\n<\/div><\/section><br \/>\n\n<style type=\"text\/css\" data-created_by=\"avia_inline_auto\" id=\"style-css-av-oi2f97-1b326358553c1e745537c0daf20bc6de\">\n#top .hr.hr-invisible.av-oi2f97-1b326358553c1e745537c0daf20bc6de{\nheight:25px;\n}\n<\/style>\n<div  class='hr av-oi2f97-1b326358553c1e745537c0daf20bc6de hr-invisible  avia-builder-el-4  el_after_av_textblock  el_before_av_codeblock '><span class='hr-inner '><span class=\"hr-inner-style\"><\/span><\/span><\/div><br \/>\n<br \/>\n\n<style type=\"text\/css\" data-created_by=\"avia_inline_auto\" id=\"style-css-av-klc4qxsn-d9923aaf5f5b3879988455ec5665b1bf\">\n#top .hr.hr-invisible.av-klc4qxsn-d9923aaf5f5b3879988455ec5665b1bf{\nheight:25px;\n}\n<\/style>\n<div  class='hr av-klc4qxsn-d9923aaf5f5b3879988455ec5665b1bf hr-invisible  avia-builder-el-6  el_after_av_codeblock  avia-builder-el-last '><span class='hr-inner '><span class=\"hr-inner-style\"><\/span><\/span><\/div><\/p><\/div>\n<style type=\"text\/css\" data-created_by=\"avia_inline_auto\" id=\"style-css-av-33sdo7e-0d4f091e41dbd60bb70ddca63e8e4b21\">\n.flex_column.av-33sdo7e-0d4f091e41dbd60bb70ddca63e8e4b21{\nborder-radius:0px 0px 0px 0px;\npadding:0px 0px 0px 0px;\n}\n<\/style>\n<div  class='flex_column av-33sdo7e-0d4f091e41dbd60bb70ddca63e8e4b21 av_one_third  avia-builder-el-7  el_after_av_two_third  avia-builder-el-last  flex_column_div av-zero-column-padding  '     ><\/div><\/div><\/div><\/main><!-- close content main element --><\/div><\/div><div id='after_section_1'  class='main_color av_default_container_wrap container_wrap sidebar_right'  ><div class='container av-section-cont-open' ><div class='template-page content  av-content-small alpha units'><div class='post-entry post-entry-type-page post-entry-54036'><div class='entry-content-wrapper clearfix'>\n","protected":false},"excerpt":{"rendered":"","protected":false},"author":15,"featured_media":50807,"parent":0,"menu_order":0,"comment_status":"closed","ping_status":"closed","template":"","meta":{"_monsterinsights_skip_tracking":false,"_monsterinsights_sitenote_active":false,"_monsterinsights_sitenote_note":"","_monsterinsights_sitenote_category":0,"_uf_show_specific_survey":0,"_uf_disable_surveys":false,"footnotes":""},"class_list":["post-54036","page","type-page","status-publish","has-post-thumbnail","hentry"],"acf":[],"yoast_head":"<!-- This site is optimized with the Yoast SEO Premium plugin v26.2 (Yoast SEO v27.3) - https:\/\/yoast.com\/product\/yoast-seo-premium-wordpress\/ -->\n<title>Formular Startchancen Schulen- fobizz &amp; to teach - fobizz<\/title>\n<meta name=\"description\" content=\"Mit diesem Formular k\u00f6nnen Startchancen Schulen eine Schullizenz und Workshops f\u00fcr das Kollegium unverbindlich anfragen oder buchen.\" \/>\n<meta name=\"robots\" content=\"noindex, nofollow\" \/>\n<meta name=\"twitter:card\" content=\"summary_large_image\" \/>\n<meta name=\"twitter:title\" content=\"Anfrage Startchancen Schulen\" \/>\n<meta name=\"twitter:description\" content=\"Deutsche Schulen im Ausland k\u00f6nnen gemeinsam mit dem Kollegium fobizz und to teach kostenfrei testen.\" \/>\n<meta name=\"twitter:image\" content=\"https:\/\/fobizz.com\/wp-content\/uploads\/2024\/01\/banner_img1.webp\" \/>\n<meta name=\"twitter:site\" content=\"@fobizz\" \/>\n<meta name=\"twitter:label1\" content=\"Gesch\u00e4tzte Lesezeit\" \/>\n\t<meta name=\"twitter:data1\" content=\"1\u00a0Minute\" \/>\n<script type=\"application\/ld+json\" class=\"yoast-schema-graph\">{\"@context\":\"https:\\\/\\\/schema.org\",\"@graph\":[{\"@type\":\"WebPage\",\"@id\":\"https:\\\/\\\/fobizz.com\\\/de\\\/formular-startchancen\\\/\",\"url\":\"https:\\\/\\\/fobizz.com\\\/de\\\/formular-startchancen\\\/\",\"name\":\"Formular Startchancen Schulen- fobizz & to teach - fobizz\",\"isPartOf\":{\"@id\":\"https:\\\/\\\/fobizz.com\\\/de\\\/#website\"},\"primaryImageOfPage\":{\"@id\":\"https:\\\/\\\/fobizz.com\\\/de\\\/formular-startchancen\\\/#primaryimage\"},\"image\":{\"@id\":\"https:\\\/\\\/fobizz.com\\\/de\\\/formular-startchancen\\\/#primaryimage\"},\"thumbnailUrl\":\"https:\\\/\\\/fobizz.com\\\/wp-content\\\/uploads\\\/2024\\\/08\\\/KI-fobizz.jpg\",\"datePublished\":\"2025-04-08T10:19:37+00:00\",\"dateModified\":\"2025-08-14T06:09:25+00:00\",\"description\":\"Mit diesem Formular k\u00f6nnen Startchancen Schulen eine Schullizenz und Workshops f\u00fcr das Kollegium unverbindlich anfragen oder buchen.\",\"breadcrumb\":{\"@id\":\"https:\\\/\\\/fobizz.com\\\/de\\\/formular-startchancen\\\/#breadcrumb\"},\"inLanguage\":\"de\",\"potentialAction\":[{\"@type\":\"ReadAction\",\"target\":[\"https:\\\/\\\/fobizz.com\\\/de\\\/formular-startchancen\\\/\"]}]},{\"@type\":\"ImageObject\",\"inLanguage\":\"de\",\"@id\":\"https:\\\/\\\/fobizz.com\\\/de\\\/formular-startchancen\\\/#primaryimage\",\"url\":\"https:\\\/\\\/fobizz.com\\\/wp-content\\\/uploads\\\/2024\\\/08\\\/KI-fobizz.jpg\",\"contentUrl\":\"https:\\\/\\\/fobizz.com\\\/wp-content\\\/uploads\\\/2024\\\/08\\\/KI-fobizz.jpg\",\"width\":705,\"height\":452},{\"@type\":\"BreadcrumbList\",\"@id\":\"https:\\\/\\\/fobizz.com\\\/de\\\/formular-startchancen\\\/#breadcrumb\",\"itemListElement\":[{\"@type\":\"ListItem\",\"position\":1,\"name\":\"Startseite\",\"item\":\"https:\\\/\\\/fobizz.com\\\/de\\\/startpage\\\/\"},{\"@type\":\"ListItem\",\"position\":2,\"name\":\"Formular Startchancen Schulen- fobizz &#038; to teach\"}]},{\"@type\":\"WebSite\",\"@id\":\"https:\\\/\\\/fobizz.com\\\/de\\\/#website\",\"url\":\"https:\\\/\\\/fobizz.com\\\/de\\\/\",\"name\":\"fobizz\",\"description\":\"AI &amp; digital Tools for Teachers\",\"publisher\":{\"@id\":\"https:\\\/\\\/fobizz.com\\\/de\\\/#organization\"},\"potentialAction\":[{\"@type\":\"SearchAction\",\"target\":{\"@type\":\"EntryPoint\",\"urlTemplate\":\"https:\\\/\\\/fobizz.com\\\/de\\\/?s={search_term_string}\"},\"query-input\":{\"@type\":\"PropertyValueSpecification\",\"valueRequired\":true,\"valueName\":\"search_term_string\"}}],\"inLanguage\":\"de\"},{\"@type\":\"Organization\",\"@id\":\"https:\\\/\\\/fobizz.com\\\/de\\\/#organization\",\"name\":\"fobizz\",\"url\":\"https:\\\/\\\/fobizz.com\\\/de\\\/\",\"logo\":{\"@type\":\"ImageObject\",\"inLanguage\":\"de\",\"@id\":\"https:\\\/\\\/fobizz.com\\\/de\\\/#\\\/schema\\\/logo\\\/image\\\/\",\"url\":\"https:\\\/\\\/fobizz.com\\\/wp-content\\\/uploads\\\/2023\\\/07\\\/fobi_autor_fobizz.png\",\"contentUrl\":\"https:\\\/\\\/fobizz.com\\\/wp-content\\\/uploads\\\/2023\\\/07\\\/fobi_autor_fobizz.png\",\"width\":200,\"height\":200,\"caption\":\"fobizz\"},\"image\":{\"@id\":\"https:\\\/\\\/fobizz.com\\\/de\\\/#\\\/schema\\\/logo\\\/image\\\/\"},\"sameAs\":[\"https:\\\/\\\/www.facebook.com\\\/fobizz\\\/\",\"https:\\\/\\\/x.com\\\/fobizz\",\"https:\\\/\\\/www.instagram.com\\\/fobizz_com\\\/\",\"https:\\\/\\\/www.youtube.com\\\/@fobizz702\",\"https:\\\/\\\/www.pinterest.de\\\/fobizz_com\"]}]}<\/script>\n<!-- \/ Yoast SEO Premium plugin. -->","yoast_head_json":{"title":"Formular Startchancen Schulen- fobizz & to teach - fobizz","description":"Mit diesem Formular k\u00f6nnen Startchancen Schulen eine Schullizenz und Workshops f\u00fcr das Kollegium unverbindlich anfragen oder buchen.","robots":{"index":"noindex","follow":"nofollow"},"twitter_card":"summary_large_image","twitter_title":"Anfrage Startchancen Schulen","twitter_description":"Deutsche Schulen im Ausland k\u00f6nnen gemeinsam mit dem Kollegium fobizz und to teach kostenfrei testen.","twitter_image":"https:\/\/fobizz.com\/wp-content\/uploads\/2024\/01\/banner_img1.webp","twitter_site":"@fobizz","twitter_misc":{"Gesch\u00e4tzte Lesezeit":"1\u00a0Minute"},"schema":{"@context":"https:\/\/schema.org","@graph":[{"@type":"WebPage","@id":"https:\/\/fobizz.com\/de\/formular-startchancen\/","url":"https:\/\/fobizz.com\/de\/formular-startchancen\/","name":"Formular Startchancen Schulen- fobizz & to teach - fobizz","isPartOf":{"@id":"https:\/\/fobizz.com\/de\/#website"},"primaryImageOfPage":{"@id":"https:\/\/fobizz.com\/de\/formular-startchancen\/#primaryimage"},"image":{"@id":"https:\/\/fobizz.com\/de\/formular-startchancen\/#primaryimage"},"thumbnailUrl":"https:\/\/fobizz.com\/wp-content\/uploads\/2024\/08\/KI-fobizz.jpg","datePublished":"2025-04-08T10:19:37+00:00","dateModified":"2025-08-14T06:09:25+00:00","description":"Mit diesem Formular k\u00f6nnen Startchancen Schulen eine Schullizenz und Workshops f\u00fcr das Kollegium unverbindlich anfragen oder buchen.","breadcrumb":{"@id":"https:\/\/fobizz.com\/de\/formular-startchancen\/#breadcrumb"},"inLanguage":"de","potentialAction":[{"@type":"ReadAction","target":["https:\/\/fobizz.com\/de\/formular-startchancen\/"]}]},{"@type":"ImageObject","inLanguage":"de","@id":"https:\/\/fobizz.com\/de\/formular-startchancen\/#primaryimage","url":"https:\/\/fobizz.com\/wp-content\/uploads\/2024\/08\/KI-fobizz.jpg","contentUrl":"https:\/\/fobizz.com\/wp-content\/uploads\/2024\/08\/KI-fobizz.jpg","width":705,"height":452},{"@type":"BreadcrumbList","@id":"https:\/\/fobizz.com\/de\/formular-startchancen\/#breadcrumb","itemListElement":[{"@type":"ListItem","position":1,"name":"Startseite","item":"https:\/\/fobizz.com\/de\/startpage\/"},{"@type":"ListItem","position":2,"name":"Formular Startchancen Schulen- fobizz &#038; to teach"}]},{"@type":"WebSite","@id":"https:\/\/fobizz.com\/de\/#website","url":"https:\/\/fobizz.com\/de\/","name":"fobizz","description":"AI &amp; digital Tools for Teachers","publisher":{"@id":"https:\/\/fobizz.com\/de\/#organization"},"potentialAction":[{"@type":"SearchAction","target":{"@type":"EntryPoint","urlTemplate":"https:\/\/fobizz.com\/de\/?s={search_term_string}"},"query-input":{"@type":"PropertyValueSpecification","valueRequired":true,"valueName":"search_term_string"}}],"inLanguage":"de"},{"@type":"Organization","@id":"https:\/\/fobizz.com\/de\/#organization","name":"fobizz","url":"https:\/\/fobizz.com\/de\/","logo":{"@type":"ImageObject","inLanguage":"de","@id":"https:\/\/fobizz.com\/de\/#\/schema\/logo\/image\/","url":"https:\/\/fobizz.com\/wp-content\/uploads\/2023\/07\/fobi_autor_fobizz.png","contentUrl":"https:\/\/fobizz.com\/wp-content\/uploads\/2023\/07\/fobi_autor_fobizz.png","width":200,"height":200,"caption":"fobizz"},"image":{"@id":"https:\/\/fobizz.com\/de\/#\/schema\/logo\/image\/"},"sameAs":["https:\/\/www.facebook.com\/fobizz\/","https:\/\/x.com\/fobizz","https:\/\/www.instagram.com\/fobizz_com\/","https:\/\/www.youtube.com\/@fobizz702","https:\/\/www.pinterest.de\/fobizz_com"]}]}},"_links":{"self":[{"href":"https:\/\/fobizz.com\/de\/wp-json\/wp\/v2\/pages\/54036","targetHints":{"allow":["GET"]}}],"collection":[{"href":"https:\/\/fobizz.com\/de\/wp-json\/wp\/v2\/pages"}],"about":[{"href":"https:\/\/fobizz.com\/de\/wp-json\/wp\/v2\/types\/page"}],"author":[{"embeddable":true,"href":"https:\/\/fobizz.com\/de\/wp-json\/wp\/v2\/users\/15"}],"replies":[{"embeddable":true,"href":"https:\/\/fobizz.com\/de\/wp-json\/wp\/v2\/comments?post=54036"}],"version-history":[{"count":10,"href":"https:\/\/fobizz.com\/de\/wp-json\/wp\/v2\/pages\/54036\/revisions"}],"predecessor-version":[{"id":56640,"href":"https:\/\/fobizz.com\/de\/wp-json\/wp\/v2\/pages\/54036\/revisions\/56640"}],"wp:featuredmedia":[{"embeddable":true,"href":"https:\/\/fobizz.com\/de\/wp-json\/wp\/v2\/media\/50807"}],"wp:attachment":[{"href":"https:\/\/fobizz.com\/de\/wp-json\/wp\/v2\/media?parent=54036"}],"curies":[{"name":"wp","href":"https:\/\/api.w.org\/{rel}","templated":true}]}}