{"id":55990,"date":"2025-07-22T09:47:18","date_gmt":"2025-07-22T07:47:18","guid":{"rendered":"https:\/\/fobizz.com\/?page_id=55990"},"modified":"2026-02-25T11:46:17","modified_gmt":"2026-02-25T10:46:17","slug":"neu-bei-to-teach","status":"publish","type":"page","link":"https:\/\/fobizz.com\/de\/neu-bei-to-teach\/","title":{"rendered":"Neu bei to teach"},"content":{"rendered":"<div id='av_section_1'  class='avia-section av-7r6u2t1-04eae5232ae2440e8cd3484089b8edf8 main_color avia-section-default avia-no-border-styling  avia-builder-el-0  el_before_av_section  avia-builder-el-first  newdesign_hero-banner avia-bg-style-scroll container_wrap sidebar_right'  ><div class='container av-section-cont-open' ><main  role=\"main\" itemprop=\"mainContentOfPage\"  class='template-page content  av-content-small alpha units'><div class='post-entry post-entry-type-page post-entry-55990'><div class='entry-content-wrapper clearfix'>\n\n<style type=\"text\/css\" data-created_by=\"avia_inline_auto\" id=\"style-css-av-ppezlh-1bcc714fb579b81d73be9bb2061864ec\">\n.flex_column.av-ppezlh-1bcc714fb579b81d73be9bb2061864ec{\nborder-radius:0px 0px 0px 0px;\npadding:0px 0px 0px 0px;\n}\n<\/style>\n<div  class='flex_column av-ppezlh-1bcc714fb579b81d73be9bb2061864ec av_three_fifth  avia-builder-el-1  el_before_av_two_fifth  avia-builder-el-first  first flex_column_div av-zero-column-padding  '     ><p>\n<style type=\"text\/css\" data-created_by=\"avia_inline_auto\" id=\"style-css-av-2cos9h-0868da9580467df745fa1022ea90ff7d\">\n#top .av_textblock_section.av-2cos9h-0868da9580467df745fa1022ea90ff7d .avia_textblock{\ncolor:#999999;\n}\n<\/style>\n<section  class='av_textblock_section av-2cos9h-0868da9580467df745fa1022ea90ff7d '   itemscope=\"itemscope\" itemtype=\"https:\/\/schema.org\/CreativeWork\" ><div class='avia_textblock newdesign_subtitle av_inherit_color'  itemprop=\"text\" ><p>Webinar f\u00fcr Einsteiger*innen<\/p>\n<\/div><\/section><br \/>\n<section  class='av_textblock_section av-lmhjcjqb-1722c5f523a42498d2c72be13c260a67 '   itemscope=\"itemscope\" itemtype=\"https:\/\/schema.org\/CreativeWork\" ><div class='avia_textblock newdesign_h1'  itemprop=\"text\" ><h1>to teach kennenlernen<\/h1>\n<\/div><\/section><br \/>\n<section  class='av_textblock_section av-lmhje9vv-6e02fb58ba9ee932620bb54052e64866 '   itemscope=\"itemscope\" itemtype=\"https:\/\/schema.org\/CreativeWork\" ><div class='avia_textblock'  itemprop=\"text\" ><p>Du m\u00f6chtest unseren Partner to teach kennenlernen? Damit du einen guten Start bei to teach hast, bieten wir<strong> regelm\u00e4\u00dfige Infoveranstaltungen<\/strong> an, in denen wir dir die M\u00f6glichkeiten mit to teach zeigen. Ein \u00dcberblick \u00fcber die Erstellung von interaktiven Unterrichtsmaterialien in max. 60 Minuten.<\/p>\n<p>Melde dich f\u00fcr einen der folgenden Termine kostenfrei an:<\/p>\n<\/div><\/section><\/p><\/div>\n<style type=\"text\/css\" data-created_by=\"avia_inline_auto\" id=\"style-css-av-6ac4zqt-bbaef535936ac2a7b7bf78ea6297969c\">\n.flex_column.av-6ac4zqt-bbaef535936ac2a7b7bf78ea6297969c{\nborder-radius:0px 0px 0px 0px;\npadding:0px 0px 0px 0px;\n}\n<\/style>\n<div  class='flex_column av-6ac4zqt-bbaef535936ac2a7b7bf78ea6297969c av_two_fifth  avia-builder-el-5  el_after_av_three_fifth  el_before_av_one_full  flex_column_div av-zero-column-padding  '     ><style type=\"text\/css\" data-created_by=\"avia_inline_auto\" id=\"style-css-av-5uga579-672e5c49c49aa01c7a2591eb00a5138e\">\n.avia-image-container.av-5uga579-672e5c49c49aa01c7a2591eb00a5138e img.avia_image{\nbox-shadow:none;\n}\n.avia-image-container.av-5uga579-672e5c49c49aa01c7a2591eb00a5138e .av-image-caption-overlay-center{\ncolor:#ffffff;\n}\n<\/style>\n<div  class='avia-image-container av-5uga579-672e5c49c49aa01c7a2591eb00a5138e av-styling- avia-align-center  avia-builder-el-6  avia-builder-el-no-sibling '   itemprop=\"image\" itemscope=\"itemscope\" itemtype=\"https:\/\/schema.org\/ImageObject\" ><div class=\"avia-image-container-inner\"><div class=\"avia-image-overlay-wrap\"><img fetchpriority=\"high\" class='wp-image-55809 avia-img-lazy-loading-not-55809 avia_image ' src='https:\/\/fobizz.com\/wp-content\/uploads\/2025\/07\/to-teach-Umat.jpg' alt='' title='to teach Umat'  height=\"500\" width=\"800\"  itemprop=\"thumbnailUrl\"  \/><\/div><\/div><\/div><\/div>\n<style type=\"text\/css\" data-created_by=\"avia_inline_auto\" id=\"style-css-av-fob5gau-969a8ceadc126ccf62be9f261fe057de\">\n.flex_column.av-fob5gau-969a8ceadc126ccf62be9f261fe057de{\nborder-radius:0px 0px 0px 0px;\npadding:0px 0px 0px 0px;\n}\n<\/style>\n<div  class='flex_column av-fob5gau-969a8ceadc126ccf62be9f261fe057de av_one_full  avia-builder-el-7  el_after_av_two_fifth  avia-builder-el-last  first flex_column_div av-zero-column-padding  '     ><div  class='avia-buttonrow-wrap av-3ee5hjp-15dd0f85e99cdd95c6fea2b5156c2709 avia-buttonrow-left  avia-builder-el-8  avia-builder-el-no-sibling  newdesign_button-link'>\n\n<style type=\"text\/css\" data-created_by=\"avia_inline_auto\" id=\"style-css-av-2n2aodx-5-1-35-1-1-e029c659874720c50d88bb9426ceb4a2\">\n#top #wrap_all .avia-button.av-2n2aodx-5-1-35-1-1-e029c659874720c50d88bb9426ceb4a2{\nmargin-bottom:5px;\nmargin-right:5px;\n}\n<\/style>\n<a href='https:\/\/app.fobizz.com\/fortbildungen\/3419-unterricht-einfach-planen-mit-to-teach'  class='avia-button av-2n2aodx-5-1-35-1-1-e029c659874720c50d88bb9426ceb4a2 avia-icon_select-no avia-size-medium avia-color-theme-color-highlight'  target=\"_blank\"  rel=\"noopener noreferrer\"  aria-label=\"02. M\u00e4rz \u2013 17:00 Uhr\"><span class='avia_iconbox_title' >02. M\u00e4rz \u2013 17:00 Uhr<\/span><\/a>\n\n<style type=\"text\/css\" data-created_by=\"avia_inline_auto\" id=\"style-css-av-2n2aodx-5-1-35-1-1-1cbb77ee14d68ab4a4409d37d3a80a63\">\n#top #wrap_all .avia-button.av-2n2aodx-5-1-35-1-1-1cbb77ee14d68ab4a4409d37d3a80a63{\nmargin-bottom:5px;\nmargin-right:5px;\n}\n<\/style>\n<a href='https:\/\/app.fobizz.com\/fortbildungen\/3493-unterricht-einfach-planen-mit-to-teach'  class='avia-button av-2n2aodx-5-1-35-1-1-1cbb77ee14d68ab4a4409d37d3a80a63 avia-icon_select-no avia-size-medium avia-color-theme-color-highlight'  target=\"_blank\"  rel=\"noopener noreferrer\"  aria-label=\"30. M\u00e4rz \u2013 17:00 Uhr\"><span class='avia_iconbox_title' >30. M\u00e4rz \u2013 17:00 Uhr<\/span><\/a>\n<\/div><\/div><\/div><\/div><\/main><!-- close content main element --><\/div><\/div>\n<style type=\"text\/css\" data-created_by=\"avia_inline_auto\" id=\"style-css-av-4dgvzme-efc19de30ac58dcb8f6f2d6d9d9cd1f1\">\n.avia-section.av-4dgvzme-efc19de30ac58dcb8f6f2d6d9d9cd1f1{\nbackground-color:#d2f0f1;\nbackground-image:unset;\n}\n<\/style>\n<div id='av_section_2'  class='avia-section av-4dgvzme-efc19de30ac58dcb8f6f2d6d9d9cd1f1 main_color avia-section-default avia-no-border-styling  avia-builder-el-9  el_after_av_section  avia-builder-el-last  newdesign_hero-banner avia-bg-style-scroll container_wrap sidebar_right'  ><div class='container av-section-cont-open' ><div class='template-page content  av-content-small alpha units'><div class='post-entry post-entry-type-page post-entry-55990'><div class='entry-content-wrapper clearfix'>\n\n<style type=\"text\/css\" data-created_by=\"avia_inline_auto\" id=\"style-css-av-3yx73x2-4c523c2b859f587bbcd0a46ca608ea4f\">\n#top .av_textblock_section.av-3yx73x2-4c523c2b859f587bbcd0a46ca608ea4f .avia_textblock{\ncolor:#999999;\n}\n<\/style>\n<section  class='av_textblock_section av-3yx73x2-4c523c2b859f587bbcd0a46ca608ea4f '   itemscope=\"itemscope\" itemtype=\"https:\/\/schema.org\/CreativeWork\" ><div class='avia_textblock newdesign_subtitle av_inherit_color'  itemprop=\"text\" ><p>Was ist to teach?<\/p>\n<\/div><\/section>\n<section  class='av_textblock_section av-3esxaie-f279f6c4e8f812ff45ff7306bb313715 '   itemscope=\"itemscope\" itemtype=\"https:\/\/schema.org\/CreativeWork\" ><div class='avia_textblock newdesign_h1'  itemprop=\"text\" ><h2>Personalisierte Unterrichtsmaterialien und \u00dcbungsaufgaben erstellen<\/h2>\n<\/div><\/section>\n\n<style type=\"text\/css\" data-created_by=\"avia_inline_auto\" id=\"style-css-av-37ejygm-87344014e3aa6c0060a51647ffacf9a5\">\n.flex_column.av-37ejygm-87344014e3aa6c0060a51647ffacf9a5{\nborder-radius:0px 0px 0px 0px;\npadding:0px 0px 0px 0px;\n}\n<\/style>\n<div  class='flex_column av-37ejygm-87344014e3aa6c0060a51647ffacf9a5 av_two_fifth  avia-builder-el-12  el_after_av_textblock  el_before_av_three_fifth  first flex_column_div av-zero-column-padding  column-top-margin'     ><style type=\"text\/css\" data-created_by=\"avia_inline_auto\" id=\"style-css-av-2g71m0m-3164d357b1c00eadc1792b7bddb4b2e5\">\n.avia-image-container.av-2g71m0m-3164d357b1c00eadc1792b7bddb4b2e5 img.avia_image{\nbox-shadow:none;\n}\n.avia-image-container.av-2g71m0m-3164d357b1c00eadc1792b7bddb4b2e5 .av-image-caption-overlay-center{\ncolor:#ffffff;\n}\n<\/style>\n<div  class='avia-image-container av-2g71m0m-3164d357b1c00eadc1792b7bddb4b2e5 av-styling- avia-align-center  avia-builder-el-13  avia-builder-el-no-sibling '   itemprop=\"image\" itemscope=\"itemscope\" itemtype=\"https:\/\/schema.org\/ImageObject\" ><div class=\"avia-image-container-inner\"><div class=\"avia-image-overlay-wrap\"><img fetchpriority=\"high\" class='wp-image-47640 avia-img-lazy-loading-not-47640 avia_image ' src='https:\/\/fobizz.com\/wp-content\/uploads\/2024\/03\/to-teach_-Osteraktion.png' alt='' title='to teach_ Osteraktion'  height=\"1200\" width=\"1800\"  itemprop=\"thumbnailUrl\"  \/><\/div><\/div><\/div><\/div>\n<style type=\"text\/css\" data-created_by=\"avia_inline_auto\" id=\"style-css-av-265cs0m-c7eacc094db26afb9bb9e06c2f53b138\">\n.flex_column.av-265cs0m-c7eacc094db26afb9bb9e06c2f53b138{\nborder-radius:0px 0px 0px 0px;\npadding:0px 0px 0px 0px;\n}\n<\/style>\n<div  class='flex_column av-265cs0m-c7eacc094db26afb9bb9e06c2f53b138 av_three_fifth  avia-builder-el-14  el_after_av_two_fifth  avia-builder-el-last  flex_column_div av-zero-column-padding  column-top-margin'     ><section  class='av_textblock_section av-1jy4hjq-ffaf416e62aa027bec2f49fcf133a595 '   itemscope=\"itemscope\" itemtype=\"https:\/\/schema.org\/CreativeWork\" ><div class='avia_textblock av_inherit_color'  itemprop=\"text\" ><ul>\n<li>Erhalte in wenigen Minuten\u00a0vollst\u00e4ndig geplante Unterrichtsstunden\u00a0inklusive Material.<\/li>\n<li>to teach verbindet k\u00fcnstliche Intelligenz mit den deutschen Lehrpl\u00e4nen und gepr\u00fcften Quellen.<\/li>\n<li>Erhalte differenzierte Unterrichtsmaterialien oder passe eigene Inhalte an deine Lernenden an.<\/li>\n<\/ul>\n<\/div><\/section><br \/>\n<section  class='av_textblock_section av-1519xdi-97cb319a3a660ab206451832a1632afe '   itemscope=\"itemscope\" itemtype=\"https:\/\/schema.org\/CreativeWork\" ><div class='avia_textblock'  itemprop=\"text\" ><p>to teach kannst du ganz einfach mit deinen fobizz Anmeldedaten nutzen. Dieser Single-Sign-On (SSO) mit fobizz bietet dir einfachen Zugang mit nur einem Login.<\/p>\n<\/div><\/section><br \/>\n<div  class='avia-button-wrap av-s8ozsm-f61575629a43d457c6013a7dd8c440fe-wrap avia-button-left  avia-builder-el-17  el_after_av_textblock  avia-builder-el-last '><a href='https:\/\/tools.fobizz.com\/partners\/34-to-teach'  class='avia-button av-s8ozsm-f61575629a43d457c6013a7dd8c440fe av-link-btn avia-icon_select-no avia-size-small avia-position-left avia-color-theme-color-highlight'  target=\"_blank\"  rel=\"noopener noreferrer\"  aria-label=\"Jetzt direkt ausprobieren\"><span class='avia_iconbox_title' >Jetzt direkt ausprobieren<\/span><\/a><\/div><\/p><\/div>\n<\/div><\/div><\/div><!-- close content main div --><\/div><\/div><div id='after_section_2'  class='main_color av_default_container_wrap container_wrap sidebar_right'  ><div class='container av-section-cont-open' ><div class='template-page content  av-content-small alpha units'><div class='post-entry post-entry-type-page post-entry-55990'><div class='entry-content-wrapper clearfix'><\/p>\n","protected":false},"excerpt":{"rendered":"","protected":false},"author":16,"featured_media":53447,"parent":0,"menu_order":0,"comment_status":"closed","ping_status":"closed","template":"","meta":{"_monsterinsights_skip_tracking":false,"_monsterinsights_sitenote_active":false,"_monsterinsights_sitenote_note":"","_monsterinsights_sitenote_category":0,"_uf_show_specific_survey":0,"_uf_disable_surveys":false,"footnotes":""},"class_list":["post-55990","page","type-page","status-publish","has-post-thumbnail","hentry"],"acf":[],"yoast_head":"<!-- This site is optimized with the Yoast SEO Premium plugin v26.2 (Yoast SEO v27.2) - https:\/\/yoast.com\/product\/yoast-seo-premium-wordpress\/ -->\n<title>to teach kennenlernen: Infoveranstaltung<\/title>\n<meta name=\"description\" content=\"Lerne in dieser kostenfreien Infoveranstaltung die Angebote und M\u00f6glichkeiten von to teach kennen.\" \/>\n<meta name=\"robots\" content=\"index, follow, max-snippet:-1, max-image-preview:large, max-video-preview:-1\" \/>\n<link rel=\"canonical\" href=\"https:\/\/fobizz.com\/de\/neu-bei-to-teach\/\" \/>\n<meta name=\"twitter:card\" content=\"summary_large_image\" \/>\n<meta name=\"twitter:title\" content=\"Info-Webinar zum Thema digitale Bildung\" \/>\n<meta name=\"twitter:description\" content=\"Lerne in dieser kostenfreien Infoveranstaltung die Angebote und M\u00f6glichkeiten von to teach kennen.\" \/>\n<meta name=\"twitter:image\" content=\"https:\/\/fobizz.com\/wp-content\/uploads\/2023\/01\/Fortbildungen-und-fobizz-Tools.png\" \/>\n<meta name=\"twitter:site\" content=\"@fobizz\" \/>\n<meta name=\"twitter:label1\" content=\"Gesch\u00e4tzte Lesezeit\" \/>\n\t<meta name=\"twitter:data1\" content=\"2\u00a0Minuten\" \/>\n<script type=\"application\/ld+json\" class=\"yoast-schema-graph\">{\"@context\":\"https:\/\/schema.org\",\"@graph\":[{\"@type\":\"WebPage\",\"@id\":\"https:\/\/fobizz.com\/de\/neu-bei-to-teach\/\",\"url\":\"https:\/\/fobizz.com\/de\/neu-bei-to-teach\/\",\"name\":\"to teach kennenlernen: Infoveranstaltung\",\"isPartOf\":{\"@id\":\"https:\/\/fobizz.com\/de\/#website\"},\"primaryImageOfPage\":{\"@id\":\"https:\/\/fobizz.com\/de\/neu-bei-to-teach\/#primaryimage\"},\"image\":{\"@id\":\"https:\/\/fobizz.com\/de\/neu-bei-to-teach\/#primaryimage\"},\"thumbnailUrl\":\"https:\/\/fobizz.com\/wp-content\/uploads\/2025\/02\/fobizz_kennenlernen.jpeg\",\"datePublished\":\"2025-07-22T07:47:18+00:00\",\"dateModified\":\"2026-02-25T10:46:17+00:00\",\"description\":\"Lerne in dieser kostenfreien Infoveranstaltung die Angebote und M\u00f6glichkeiten von to teach kennen.\",\"breadcrumb\":{\"@id\":\"https:\/\/fobizz.com\/de\/neu-bei-to-teach\/#breadcrumb\"},\"inLanguage\":\"de\",\"potentialAction\":[{\"@type\":\"ReadAction\",\"target\":[\"https:\/\/fobizz.com\/de\/neu-bei-to-teach\/\"]}]},{\"@type\":\"ImageObject\",\"inLanguage\":\"de\",\"@id\":\"https:\/\/fobizz.com\/de\/neu-bei-to-teach\/#primaryimage\",\"url\":\"https:\/\/fobizz.com\/wp-content\/uploads\/2025\/02\/fobizz_kennenlernen.jpeg\",\"contentUrl\":\"https:\/\/fobizz.com\/wp-content\/uploads\/2025\/02\/fobizz_kennenlernen.jpeg\",\"width\":700,\"height\":394,\"caption\":\"Bild eines Laptops mit der Startseite der fobizz Plattform\"},{\"@type\":\"BreadcrumbList\",\"@id\":\"https:\/\/fobizz.com\/de\/neu-bei-to-teach\/#breadcrumb\",\"itemListElement\":[{\"@type\":\"ListItem\",\"position\":1,\"name\":\"Startseite\",\"item\":\"https:\/\/fobizz.com\/de\/startpage\/\"},{\"@type\":\"ListItem\",\"position\":2,\"name\":\"Neu bei to teach\"}]},{\"@type\":\"WebSite\",\"@id\":\"https:\/\/fobizz.com\/de\/#website\",\"url\":\"https:\/\/fobizz.com\/de\/\",\"name\":\"fobizz\",\"description\":\"AI &amp; digital Tools for Teachers\",\"publisher\":{\"@id\":\"https:\/\/fobizz.com\/de\/#organization\"},\"potentialAction\":[{\"@type\":\"SearchAction\",\"target\":{\"@type\":\"EntryPoint\",\"urlTemplate\":\"https:\/\/fobizz.com\/de\/?s={search_term_string}\"},\"query-input\":{\"@type\":\"PropertyValueSpecification\",\"valueRequired\":true,\"valueName\":\"search_term_string\"}}],\"inLanguage\":\"de\"},{\"@type\":\"Organization\",\"@id\":\"https:\/\/fobizz.com\/de\/#organization\",\"name\":\"fobizz\",\"url\":\"https:\/\/fobizz.com\/de\/\",\"logo\":{\"@type\":\"ImageObject\",\"inLanguage\":\"de\",\"@id\":\"https:\/\/fobizz.com\/de\/#\/schema\/logo\/image\/\",\"url\":\"https:\/\/fobizz.com\/wp-content\/uploads\/2023\/07\/fobi_autor_fobizz.png\",\"contentUrl\":\"https:\/\/fobizz.com\/wp-content\/uploads\/2023\/07\/fobi_autor_fobizz.png\",\"width\":200,\"height\":200,\"caption\":\"fobizz\"},\"image\":{\"@id\":\"https:\/\/fobizz.com\/de\/#\/schema\/logo\/image\/\"},\"sameAs\":[\"https:\/\/www.facebook.com\/fobizz\/\",\"https:\/\/x.com\/fobizz\",\"https:\/\/www.instagram.com\/fobizz_com\/\",\"https:\/\/www.youtube.com\/@fobizz702\",\"https:\/\/www.pinterest.de\/fobizz_com\"]}]}<\/script>\n<!-- \/ Yoast SEO Premium plugin. -->","yoast_head_json":{"title":"to teach kennenlernen: Infoveranstaltung","description":"Lerne in dieser kostenfreien Infoveranstaltung die Angebote und M\u00f6glichkeiten von to teach kennen.","robots":{"index":"index","follow":"follow","max-snippet":"max-snippet:-1","max-image-preview":"max-image-preview:large","max-video-preview":"max-video-preview:-1"},"canonical":"https:\/\/fobizz.com\/de\/neu-bei-to-teach\/","twitter_card":"summary_large_image","twitter_title":"Info-Webinar zum Thema digitale Bildung","twitter_description":"Lerne in dieser kostenfreien Infoveranstaltung die Angebote und M\u00f6glichkeiten von to teach kennen.","twitter_image":"https:\/\/fobizz.com\/wp-content\/uploads\/2023\/01\/Fortbildungen-und-fobizz-Tools.png","twitter_site":"@fobizz","twitter_misc":{"Gesch\u00e4tzte Lesezeit":"2\u00a0Minuten"},"schema":{"@context":"https:\/\/schema.org","@graph":[{"@type":"WebPage","@id":"https:\/\/fobizz.com\/de\/neu-bei-to-teach\/","url":"https:\/\/fobizz.com\/de\/neu-bei-to-teach\/","name":"to teach kennenlernen: Infoveranstaltung","isPartOf":{"@id":"https:\/\/fobizz.com\/de\/#website"},"primaryImageOfPage":{"@id":"https:\/\/fobizz.com\/de\/neu-bei-to-teach\/#primaryimage"},"image":{"@id":"https:\/\/fobizz.com\/de\/neu-bei-to-teach\/#primaryimage"},"thumbnailUrl":"https:\/\/fobizz.com\/wp-content\/uploads\/2025\/02\/fobizz_kennenlernen.jpeg","datePublished":"2025-07-22T07:47:18+00:00","dateModified":"2026-02-25T10:46:17+00:00","description":"Lerne in dieser kostenfreien Infoveranstaltung die Angebote und M\u00f6glichkeiten von to teach kennen.","breadcrumb":{"@id":"https:\/\/fobizz.com\/de\/neu-bei-to-teach\/#breadcrumb"},"inLanguage":"de","potentialAction":[{"@type":"ReadAction","target":["https:\/\/fobizz.com\/de\/neu-bei-to-teach\/"]}]},{"@type":"ImageObject","inLanguage":"de","@id":"https:\/\/fobizz.com\/de\/neu-bei-to-teach\/#primaryimage","url":"https:\/\/fobizz.com\/wp-content\/uploads\/2025\/02\/fobizz_kennenlernen.jpeg","contentUrl":"https:\/\/fobizz.com\/wp-content\/uploads\/2025\/02\/fobizz_kennenlernen.jpeg","width":700,"height":394,"caption":"Bild eines Laptops mit der Startseite der fobizz Plattform"},{"@type":"BreadcrumbList","@id":"https:\/\/fobizz.com\/de\/neu-bei-to-teach\/#breadcrumb","itemListElement":[{"@type":"ListItem","position":1,"name":"Startseite","item":"https:\/\/fobizz.com\/de\/startpage\/"},{"@type":"ListItem","position":2,"name":"Neu bei to teach"}]},{"@type":"WebSite","@id":"https:\/\/fobizz.com\/de\/#website","url":"https:\/\/fobizz.com\/de\/","name":"fobizz","description":"AI &amp; digital Tools for Teachers","publisher":{"@id":"https:\/\/fobizz.com\/de\/#organization"},"potentialAction":[{"@type":"SearchAction","target":{"@type":"EntryPoint","urlTemplate":"https:\/\/fobizz.com\/de\/?s={search_term_string}"},"query-input":{"@type":"PropertyValueSpecification","valueRequired":true,"valueName":"search_term_string"}}],"inLanguage":"de"},{"@type":"Organization","@id":"https:\/\/fobizz.com\/de\/#organization","name":"fobizz","url":"https:\/\/fobizz.com\/de\/","logo":{"@type":"ImageObject","inLanguage":"de","@id":"https:\/\/fobizz.com\/de\/#\/schema\/logo\/image\/","url":"https:\/\/fobizz.com\/wp-content\/uploads\/2023\/07\/fobi_autor_fobizz.png","contentUrl":"https:\/\/fobizz.com\/wp-content\/uploads\/2023\/07\/fobi_autor_fobizz.png","width":200,"height":200,"caption":"fobizz"},"image":{"@id":"https:\/\/fobizz.com\/de\/#\/schema\/logo\/image\/"},"sameAs":["https:\/\/www.facebook.com\/fobizz\/","https:\/\/x.com\/fobizz","https:\/\/www.instagram.com\/fobizz_com\/","https:\/\/www.youtube.com\/@fobizz702","https:\/\/www.pinterest.de\/fobizz_com"]}]}},"_links":{"self":[{"href":"https:\/\/fobizz.com\/de\/wp-json\/wp\/v2\/pages\/55990","targetHints":{"allow":["GET"]}}],"collection":[{"href":"https:\/\/fobizz.com\/de\/wp-json\/wp\/v2\/pages"}],"about":[{"href":"https:\/\/fobizz.com\/de\/wp-json\/wp\/v2\/types\/page"}],"author":[{"embeddable":true,"href":"https:\/\/fobizz.com\/de\/wp-json\/wp\/v2\/users\/16"}],"replies":[{"embeddable":true,"href":"https:\/\/fobizz.com\/de\/wp-json\/wp\/v2\/comments?post=55990"}],"version-history":[{"count":10,"href":"https:\/\/fobizz.com\/de\/wp-json\/wp\/v2\/pages\/55990\/revisions"}],"predecessor-version":[{"id":59326,"href":"https:\/\/fobizz.com\/de\/wp-json\/wp\/v2\/pages\/55990\/revisions\/59326"}],"wp:featuredmedia":[{"embeddable":true,"href":"https:\/\/fobizz.com\/de\/wp-json\/wp\/v2\/media\/53447"}],"wp:attachment":[{"href":"https:\/\/fobizz.com\/de\/wp-json\/wp\/v2\/media?parent=55990"}],"curies":[{"name":"wp","href":"https:\/\/api.w.org\/{rel}","templated":true}]}}