{"id":56291,"date":"2025-07-29T15:59:43","date_gmt":"2025-07-29T13:59:43","guid":{"rendered":"https:\/\/fobizz.com\/?page_id=56291"},"modified":"2025-11-19T10:14:37","modified_gmt":"2025-11-19T09:14:37","slug":"formular-stipendium-referendariat","status":"publish","type":"page","link":"https:\/\/fobizz.com\/de\/formular-stipendium-referendariat\/","title":{"rendered":"Anmeldeformular Stipendium Referendariat"},"content":{"rendered":"<div id='av_section_1'  class='avia-section av-18pnrt4-22da100d074ecc0961ceec15698d68b2 main_color avia-section-default avia-no-border-styling  avia-builder-el-0  avia-builder-el-no-sibling  avia-bg-style-scroll container_wrap sidebar_right'  ><div class='container av-section-cont-open' ><main  role=\"main\" itemprop=\"mainContentOfPage\"  class='template-page content  av-content-small alpha units'><div class='post-entry post-entry-type-page post-entry-56291'><div class='entry-content-wrapper clearfix'>\n\n<style type=\"text\/css\" data-created_by=\"avia_inline_auto\" id=\"style-css-av-15ym3l4-1b958230ad0850a7ec85ae50cc3474ca\">\n.flex_column.av-15ym3l4-1b958230ad0850a7ec85ae50cc3474ca{\nborder-radius:0px 0px 0px 0px;\npadding:0px 0px 0px 0px;\n}\n<\/style>\n<div  class='flex_column av-15ym3l4-1b958230ad0850a7ec85ae50cc3474ca av_one_fifth  avia-builder-el-1  el_before_av_three_fifth  avia-builder-el-first  first flex_column_div av-zero-column-padding  '     ><\/div>\n<style type=\"text\/css\" data-created_by=\"avia_inline_auto\" id=\"style-css-av-2h3vt6y-f52dfbf3a279973c0948c2691af590cd\">\n.flex_column.av-2h3vt6y-f52dfbf3a279973c0948c2691af590cd{\nborder-radius:0px 0px 0px 0px;\npadding:0px 0px 0px 0px;\n}\n<\/style>\n<div  class='flex_column av-2h3vt6y-f52dfbf3a279973c0948c2691af590cd av_three_fifth  avia-builder-el-2  el_after_av_one_fifth  el_before_av_one_fifth  flex_column_div av-zero-column-padding  '     ><section  class='av_textblock_section av-lkm9bcid-0c2084642a8ae22c3d3fce095d0264d4 '   itemscope=\"itemscope\" itemtype=\"https:\/\/schema.org\/CreativeWork\" ><div class='avia_textblock newdesign_h1'  itemprop=\"text\" ><h1>Anmeldung: Stipendium f\u00fcr Lehrkr\u00e4fte im Referendariat<\/h1>\n<\/div><\/section><br \/>\n<section  class='av_textblock_section av-m17qfewf-9b46d44e21bd9cd488905ac74d35e71b '   itemscope=\"itemscope\" itemtype=\"https:\/\/schema.org\/CreativeWork\" ><div class='avia_textblock'  itemprop=\"text\" ><ul>\n<li>Erhalte ein Jahr lang kostenfreien Zugang zu fobizz inkl. KI-Tools, Unterrichtsmaterialien sowie digitalen Fortbildungen und Live-Webinarprogramm mit Teilnahmezertifikat speziell f\u00fcr das Referendariat.<\/li>\n<li>Bewerbungszeitraum: Steige jederzeit w\u00e4hrend deines Refs ein!<\/li>\n<li>Nach Pr\u00fcfung deiner Angaben senden wir dir deinen pers\u00f6nlichen Zugang innerhalb von 48 Stunden.<\/li>\n<\/ul>\n<\/div><\/section><br \/>\n\n<style type=\"text\/css\" data-created_by=\"avia_inline_auto\" id=\"style-css-av-oi2f97-1b326358553c1e745537c0daf20bc6de\">\n#top .hr.hr-invisible.av-oi2f97-1b326358553c1e745537c0daf20bc6de{\nheight:25px;\n}\n<\/style>\n<div  class='hr av-oi2f97-1b326358553c1e745537c0daf20bc6de hr-invisible  avia-builder-el-5  el_after_av_textblock  el_before_av_codeblock '><span class='hr-inner '><span class=\"hr-inner-style\"><\/span><\/span><\/div><br \/>\n<\/p><\/div>\n<style type=\"text\/css\" data-created_by=\"avia_inline_auto\" id=\"style-css-av-1kofqtk-757ce8d57b618800b7b6e603ea5bd0b0\">\n.flex_column.av-1kofqtk-757ce8d57b618800b7b6e603ea5bd0b0{\nborder-radius:0px 0px 0px 0px;\npadding:0px 0px 0px 0px;\n}\n<\/style>\n<div  class='flex_column av-1kofqtk-757ce8d57b618800b7b6e603ea5bd0b0 av_one_fifth  avia-builder-el-7  el_after_av_three_fifth  avia-builder-el-last  flex_column_div av-zero-column-padding  '     ><\/div><\/div><\/div><\/main><!-- close content main element --><\/div><\/div><div id='after_section_1'  class='main_color av_default_container_wrap container_wrap sidebar_right'  ><div class='container av-section-cont-open' ><div class='template-page content  av-content-small alpha units'><div class='post-entry post-entry-type-page post-entry-56291'><div class='entry-content-wrapper clearfix'>\n","protected":false},"excerpt":{"rendered":"","protected":false},"author":24,"featured_media":0,"parent":0,"menu_order":0,"comment_status":"closed","ping_status":"closed","template":"","meta":{"_monsterinsights_skip_tracking":false,"_monsterinsights_sitenote_active":false,"_monsterinsights_sitenote_note":"","_monsterinsights_sitenote_category":0,"_uf_show_specific_survey":0,"_uf_disable_surveys":false,"footnotes":""},"class_list":["post-56291","page","type-page","status-publish","hentry"],"acf":[],"yoast_head":"<!-- This site is optimized with the Yoast SEO Premium plugin v26.2 (Yoast SEO v27.3) - https:\/\/yoast.com\/product\/yoast-seo-premium-wordpress\/ -->\n<title>Anmeldeformular Stipendium Referendariat - fobizz<\/title>\n<meta name=\"description\" content=\"Mit dem fobizz Stipendium f\u00fcr Lehrkr\u00e4fte im Vorbereitungsdienst erh\u00e4ltst du ein Jahr lang kostenfreien Zugang zu fobizz und kannst digitale Fortbildungen sowie Live-Webinare speziell f\u00fcr das Referendariat nutzen.\" \/>\n<meta name=\"robots\" content=\"noindex, nofollow\" \/>\n<meta name=\"twitter:card\" content=\"summary_large_image\" \/>\n<meta name=\"twitter:title\" content=\"Anmeldeformular Stipendium Referendariat - fobizz\" \/>\n<meta name=\"twitter:description\" content=\"Mit dem fobizz Stipendium f\u00fcr Lehrkr\u00e4fte im Vorbereitungsdienst erh\u00e4ltst du ein Jahr lang kostenfreien Zugang zu fobizz und kannst digitale Fortbildungen sowie Live-Webinare speziell f\u00fcr das Referendariat nutzen.\" \/>\n<meta name=\"twitter:site\" content=\"@fobizz\" \/>\n<meta name=\"twitter:label1\" content=\"Gesch\u00e4tzte Lesezeit\" \/>\n\t<meta name=\"twitter:data1\" content=\"1\u00a0Minute\" \/>\n<script type=\"application\/ld+json\" class=\"yoast-schema-graph\">{\"@context\":\"https:\\\/\\\/schema.org\",\"@graph\":[{\"@type\":\"WebPage\",\"@id\":\"https:\\\/\\\/fobizz.com\\\/de\\\/formular-stipendium-referendariat\\\/\",\"url\":\"https:\\\/\\\/fobizz.com\\\/de\\\/formular-stipendium-referendariat\\\/\",\"name\":\"Anmeldeformular Stipendium Referendariat - fobizz\",\"isPartOf\":{\"@id\":\"https:\\\/\\\/fobizz.com\\\/de\\\/#website\"},\"datePublished\":\"2025-07-29T13:59:43+00:00\",\"dateModified\":\"2025-11-19T09:14:37+00:00\",\"description\":\"Mit dem fobizz Stipendium f\u00fcr Lehrkr\u00e4fte im Vorbereitungsdienst erh\u00e4ltst du ein Jahr lang kostenfreien Zugang zu fobizz und kannst digitale Fortbildungen sowie Live-Webinare speziell f\u00fcr das Referendariat nutzen.\",\"breadcrumb\":{\"@id\":\"https:\\\/\\\/fobizz.com\\\/de\\\/formular-stipendium-referendariat\\\/#breadcrumb\"},\"inLanguage\":\"de\",\"potentialAction\":[{\"@type\":\"ReadAction\",\"target\":[\"https:\\\/\\\/fobizz.com\\\/de\\\/formular-stipendium-referendariat\\\/\"]}]},{\"@type\":\"BreadcrumbList\",\"@id\":\"https:\\\/\\\/fobizz.com\\\/de\\\/formular-stipendium-referendariat\\\/#breadcrumb\",\"itemListElement\":[{\"@type\":\"ListItem\",\"position\":1,\"name\":\"Startseite\",\"item\":\"https:\\\/\\\/fobizz.com\\\/de\\\/startpage\\\/\"},{\"@type\":\"ListItem\",\"position\":2,\"name\":\"Anmeldeformular Stipendium Referendariat\"}]},{\"@type\":\"WebSite\",\"@id\":\"https:\\\/\\\/fobizz.com\\\/de\\\/#website\",\"url\":\"https:\\\/\\\/fobizz.com\\\/de\\\/\",\"name\":\"fobizz\",\"description\":\"AI &amp; digital Tools for Teachers\",\"publisher\":{\"@id\":\"https:\\\/\\\/fobizz.com\\\/de\\\/#organization\"},\"potentialAction\":[{\"@type\":\"SearchAction\",\"target\":{\"@type\":\"EntryPoint\",\"urlTemplate\":\"https:\\\/\\\/fobizz.com\\\/de\\\/?s={search_term_string}\"},\"query-input\":{\"@type\":\"PropertyValueSpecification\",\"valueRequired\":true,\"valueName\":\"search_term_string\"}}],\"inLanguage\":\"de\"},{\"@type\":\"Organization\",\"@id\":\"https:\\\/\\\/fobizz.com\\\/de\\\/#organization\",\"name\":\"fobizz\",\"url\":\"https:\\\/\\\/fobizz.com\\\/de\\\/\",\"logo\":{\"@type\":\"ImageObject\",\"inLanguage\":\"de\",\"@id\":\"https:\\\/\\\/fobizz.com\\\/de\\\/#\\\/schema\\\/logo\\\/image\\\/\",\"url\":\"https:\\\/\\\/fobizz.com\\\/wp-content\\\/uploads\\\/2023\\\/07\\\/fobi_autor_fobizz.png\",\"contentUrl\":\"https:\\\/\\\/fobizz.com\\\/wp-content\\\/uploads\\\/2023\\\/07\\\/fobi_autor_fobizz.png\",\"width\":200,\"height\":200,\"caption\":\"fobizz\"},\"image\":{\"@id\":\"https:\\\/\\\/fobizz.com\\\/de\\\/#\\\/schema\\\/logo\\\/image\\\/\"},\"sameAs\":[\"https:\\\/\\\/www.facebook.com\\\/fobizz\\\/\",\"https:\\\/\\\/x.com\\\/fobizz\",\"https:\\\/\\\/www.instagram.com\\\/fobizz_com\\\/\",\"https:\\\/\\\/www.youtube.com\\\/@fobizz702\",\"https:\\\/\\\/www.pinterest.de\\\/fobizz_com\"]}]}<\/script>\n<!-- \/ Yoast SEO Premium plugin. -->","yoast_head_json":{"title":"Anmeldeformular Stipendium Referendariat - fobizz","description":"Mit dem fobizz Stipendium f\u00fcr Lehrkr\u00e4fte im Vorbereitungsdienst erh\u00e4ltst du ein Jahr lang kostenfreien Zugang zu fobizz und kannst digitale Fortbildungen sowie Live-Webinare speziell f\u00fcr das Referendariat nutzen.","robots":{"index":"noindex","follow":"nofollow"},"twitter_card":"summary_large_image","twitter_title":"Anmeldeformular Stipendium Referendariat - fobizz","twitter_description":"Mit dem fobizz Stipendium f\u00fcr Lehrkr\u00e4fte im Vorbereitungsdienst erh\u00e4ltst du ein Jahr lang kostenfreien Zugang zu fobizz und kannst digitale Fortbildungen sowie Live-Webinare speziell f\u00fcr das Referendariat nutzen.","twitter_site":"@fobizz","twitter_misc":{"Gesch\u00e4tzte Lesezeit":"1\u00a0Minute"},"schema":{"@context":"https:\/\/schema.org","@graph":[{"@type":"WebPage","@id":"https:\/\/fobizz.com\/de\/formular-stipendium-referendariat\/","url":"https:\/\/fobizz.com\/de\/formular-stipendium-referendariat\/","name":"Anmeldeformular Stipendium Referendariat - fobizz","isPartOf":{"@id":"https:\/\/fobizz.com\/de\/#website"},"datePublished":"2025-07-29T13:59:43+00:00","dateModified":"2025-11-19T09:14:37+00:00","description":"Mit dem fobizz Stipendium f\u00fcr Lehrkr\u00e4fte im Vorbereitungsdienst erh\u00e4ltst du ein Jahr lang kostenfreien Zugang zu fobizz und kannst digitale Fortbildungen sowie Live-Webinare speziell f\u00fcr das Referendariat nutzen.","breadcrumb":{"@id":"https:\/\/fobizz.com\/de\/formular-stipendium-referendariat\/#breadcrumb"},"inLanguage":"de","potentialAction":[{"@type":"ReadAction","target":["https:\/\/fobizz.com\/de\/formular-stipendium-referendariat\/"]}]},{"@type":"BreadcrumbList","@id":"https:\/\/fobizz.com\/de\/formular-stipendium-referendariat\/#breadcrumb","itemListElement":[{"@type":"ListItem","position":1,"name":"Startseite","item":"https:\/\/fobizz.com\/de\/startpage\/"},{"@type":"ListItem","position":2,"name":"Anmeldeformular Stipendium Referendariat"}]},{"@type":"WebSite","@id":"https:\/\/fobizz.com\/de\/#website","url":"https:\/\/fobizz.com\/de\/","name":"fobizz","description":"AI &amp; digital Tools for Teachers","publisher":{"@id":"https:\/\/fobizz.com\/de\/#organization"},"potentialAction":[{"@type":"SearchAction","target":{"@type":"EntryPoint","urlTemplate":"https:\/\/fobizz.com\/de\/?s={search_term_string}"},"query-input":{"@type":"PropertyValueSpecification","valueRequired":true,"valueName":"search_term_string"}}],"inLanguage":"de"},{"@type":"Organization","@id":"https:\/\/fobizz.com\/de\/#organization","name":"fobizz","url":"https:\/\/fobizz.com\/de\/","logo":{"@type":"ImageObject","inLanguage":"de","@id":"https:\/\/fobizz.com\/de\/#\/schema\/logo\/image\/","url":"https:\/\/fobizz.com\/wp-content\/uploads\/2023\/07\/fobi_autor_fobizz.png","contentUrl":"https:\/\/fobizz.com\/wp-content\/uploads\/2023\/07\/fobi_autor_fobizz.png","width":200,"height":200,"caption":"fobizz"},"image":{"@id":"https:\/\/fobizz.com\/de\/#\/schema\/logo\/image\/"},"sameAs":["https:\/\/www.facebook.com\/fobizz\/","https:\/\/x.com\/fobizz","https:\/\/www.instagram.com\/fobizz_com\/","https:\/\/www.youtube.com\/@fobizz702","https:\/\/www.pinterest.de\/fobizz_com"]}]}},"_links":{"self":[{"href":"https:\/\/fobizz.com\/de\/wp-json\/wp\/v2\/pages\/56291","targetHints":{"allow":["GET"]}}],"collection":[{"href":"https:\/\/fobizz.com\/de\/wp-json\/wp\/v2\/pages"}],"about":[{"href":"https:\/\/fobizz.com\/de\/wp-json\/wp\/v2\/types\/page"}],"author":[{"embeddable":true,"href":"https:\/\/fobizz.com\/de\/wp-json\/wp\/v2\/users\/24"}],"replies":[{"embeddable":true,"href":"https:\/\/fobizz.com\/de\/wp-json\/wp\/v2\/comments?post=56291"}],"version-history":[{"count":10,"href":"https:\/\/fobizz.com\/de\/wp-json\/wp\/v2\/pages\/56291\/revisions"}],"predecessor-version":[{"id":57720,"href":"https:\/\/fobizz.com\/de\/wp-json\/wp\/v2\/pages\/56291\/revisions\/57720"}],"wp:attachment":[{"href":"https:\/\/fobizz.com\/de\/wp-json\/wp\/v2\/media?parent=56291"}],"curies":[{"name":"wp","href":"https:\/\/api.w.org\/{rel}","templated":true}]}}