{"id":56890,"date":"2025-10-15T12:45:18","date_gmt":"2025-10-15T10:45:18","guid":{"rendered":"https:\/\/fobizz.com\/?page_id=56890"},"modified":"2025-10-24T12:12:45","modified_gmt":"2025-10-24T10:12:45","slug":"fobizz-in-nuernberg","status":"publish","type":"page","link":"https:\/\/fobizz.com\/de\/fobizz-in-nuernberg\/","title":{"rendered":"fobizz f\u00fcr Schulen in N\u00fcrnberg"},"content":{"rendered":"<div id='av_section_1'  class='avia-section av-1ystg4d-91577b1783bd207c824bc55c662385b8 main_color avia-section-default avia-no-border-styling  avia-builder-el-0  el_before_av_section  avia-builder-el-first  avia-bg-style-scroll container_wrap sidebar_right'  ><div class='container av-section-cont-open' ><main  role=\"main\" itemprop=\"mainContentOfPage\"  class='template-page content  av-content-small alpha units'><div class='post-entry post-entry-type-page post-entry-56890'><div class='entry-content-wrapper clearfix'>\n\n<style type=\"text\/css\" data-created_by=\"avia_inline_auto\" id=\"style-css-av-1o4350d-03f7aaf82fd40be0a8e54f8621f58894\">\n.flex_column.av-1o4350d-03f7aaf82fd40be0a8e54f8621f58894{\nborder-radius:0px 0px 0px 0px;\npadding:0px 0px 0px 0px;\n}\n<\/style>\n<div  class='flex_column av-1o4350d-03f7aaf82fd40be0a8e54f8621f58894 av_three_fifth  avia-builder-el-1  el_before_av_two_fifth  avia-builder-el-first  first flex_column_div av-zero-column-padding  '     ><p>\n<style type=\"text\/css\" data-created_by=\"avia_inline_auto\" id=\"style-css-av-lk89aydi-d5a27752a9af3226607f4594c1df4d37\">\n#top .av-special-heading.av-lk89aydi-d5a27752a9af3226607f4594c1df4d37{\npadding-bottom:10px;\n}\nbody .av-special-heading.av-lk89aydi-d5a27752a9af3226607f4594c1df4d37 .av-special-heading-tag .heading-char{\nfont-size:25px;\n}\n.av-special-heading.av-lk89aydi-d5a27752a9af3226607f4594c1df4d37 .av-subheading{\nfont-size:15px;\n}\n<\/style>\n<div  class='av-special-heading av-lk89aydi-d5a27752a9af3226607f4594c1df4d37 av-special-heading-h1  avia-builder-el-2  el_before_av_textblock  avia-builder-el-first '><h1 class='av-special-heading-tag '  itemprop=\"headline\"  >F\u00fcr Schulen in N\u00fcrnberg<\/h1><div class=\"special-heading-border\"><div class=\"special-heading-inner-border\"><\/div><\/div><\/div><br \/>\n<section  class='av_textblock_section av-md5nctja-bab1dedcdbb5bdf79518541f82243105 '   itemscope=\"itemscope\" itemtype=\"https:\/\/schema.org\/CreativeWork\" ><div class='avia_textblock'  itemprop=\"text\" ><p>Alle Schulen in N\u00fcrnberg erhalten ab Oktober 2025 Zugang zu fobizz &amp; to teach. Die Kosten tr\u00e4gt die Stadt im Rahmen des Medien- und KI-Budgets.<\/p>\n<p><strong>So erhalten Sie die Lizenz:<\/strong><\/p>\n<ol>\n<li>Im eShop der Stadt N\u00fcrnberg w\u00e4hlen Sie das fobizz Paket f\u00fcr die gew\u00fcnschte Anzahl an Personen aus.<\/li>\n<li>Die Stadt leitet die Bestellungen an fobizz weiter.<\/li>\n<li>Wir von fobizz richten eine Lizenz f\u00fcr die gew\u00fcnschten Anzahl an Personen ein und schicken Ihnen die Zugangsdaten zu.<\/li>\n<li>Die Rechnung wird an die Stadt N\u00fcrnberg geschickt, die das \u00fcber das Medien- und KI-Budget finanziert.<\/li>\n<\/ol>\n<p>Jede Schule kann zus\u00e4tzlich einen individuellen Online-Workshop f\u00fcr das Kollegium durchf\u00fchren. Hierzu wenden Sie sich bitte an die Ansprechpersonen der Stadt N\u00fcrnberg.<\/p>\n<\/div><\/section><br \/>\n<div  class='avia-buttonrow-wrap av-mh4on1cd-66ee280b0c6e78e84d75625bf99d93e0 avia-buttonrow-left  avia-builder-el-4  el_after_av_textblock  avia-builder-el-last  newdesign_button-link'>\n\n<style type=\"text\/css\" data-created_by=\"avia_inline_auto\" id=\"style-css-av-mh4om74v-4d84139f4d9de41c872d130f1edd9c10\">\n#top #wrap_all .avia-button.av-mh4om74v-4d84139f4d9de41c872d130f1edd9c10{\nmargin-bottom:5px;\nmargin-right:5px;\n}\n<\/style>\n<a href='https:\/\/fobizz.com\/de\/beratung'  class='avia-button av-mh4om74v-4d84139f4d9de41c872d130f1edd9c10 avia-icon_select-no avia-size-medium avia-color-theme-color'  target=\"_blank\"  rel=\"noopener noreferrer\"  aria-label=\"Beratungstermin vereinbaren\"><span class='avia_iconbox_title' >Beratungstermin vereinbaren<\/span><\/a>\n\n<style type=\"text\/css\" data-created_by=\"avia_inline_auto\" id=\"style-css-av-mh4omxjt-cb02c403375976a6187d6e66eb014a95\">\n#top #wrap_all .avia-button.av-mh4omxjt-cb02c403375976a6187d6e66eb014a95{\nmargin-bottom:5px;\nmargin-right:5px;\n}\n<\/style>\n<a href='mailto:support@fobizz.com'  class='avia-button av-mh4omxjt-cb02c403375976a6187d6e66eb014a95 avia-icon_select-no avia-size-medium avia-color-theme-color-subtle'  target=\"_blank\"  rel=\"noopener noreferrer\"  aria-label=\"E-Mail an support@fobizz.com\"><span class='avia_iconbox_title' >E-Mail an support@fobizz.com<\/span><\/a>\n<\/div><\/p><\/div><div  class='flex_column av-iubwvx-8dd1ac035daef9e771e7ff6db4fdf8b7 av_two_fifth  avia-builder-el-5  el_after_av_three_fifth  avia-builder-el-last  flex_column_div  '     ><p>\n<style type=\"text\/css\" data-created_by=\"avia_inline_auto\" id=\"style-css-av-mg98z5oo-2361504a4e388be7c5b9e3e066e1da2c\">\n.avia-image-container.av-mg98z5oo-2361504a4e388be7c5b9e3e066e1da2c img.avia_image{\nbox-shadow:none;\n}\n.avia-image-container.av-mg98z5oo-2361504a4e388be7c5b9e3e066e1da2c .av-image-caption-overlay-center{\ncolor:#ffffff;\n}\n<\/style>\n<div  class='avia-image-container av-mg98z5oo-2361504a4e388be7c5b9e3e066e1da2c av-styling- avia-align-center  avia-builder-el-6  el_before_av_image  avia-builder-el-first '   itemprop=\"image\" itemscope=\"itemscope\" itemtype=\"https:\/\/schema.org\/ImageObject\" ><div class=\"avia-image-container-inner\"><div class=\"avia-image-overlay-wrap\"><img fetchpriority=\"high\" class='wp-image-57146 avia-img-lazy-loading-not-57146 avia_image ' src='https:\/\/fobizz.com\/wp-content\/uploads\/2025\/10\/stadt-nuernberg-header-schmal.png' alt='' title='stadt nuernberg header schmal'  height=\"319\" width=\"1199\"  itemprop=\"thumbnailUrl\"  \/><\/div><\/div><\/div><br \/>\n\n<style type=\"text\/css\" data-created_by=\"avia_inline_auto\" id=\"style-css-av-mgrv6tcb-f866ad18733cb3c1b7c1e3d9bcc66ca6\">\n.avia-image-container.av-mgrv6tcb-f866ad18733cb3c1b7c1e3d9bcc66ca6 img.avia_image{\nbox-shadow:none;\n}\n.avia-image-container.av-mgrv6tcb-f866ad18733cb3c1b7c1e3d9bcc66ca6 .av-image-caption-overlay-center{\ncolor:#ffffff;\n}\n<\/style>\n<div  class='avia-image-container av-mgrv6tcb-f866ad18733cb3c1b7c1e3d9bcc66ca6 av-styling- avia-align-center  avia-builder-el-7  el_after_av_image  avia-builder-el-last '   itemprop=\"image\" itemscope=\"itemscope\" itemtype=\"https:\/\/schema.org\/ImageObject\" ><div class=\"avia-image-container-inner\"><div class=\"avia-image-overlay-wrap\"><img fetchpriority=\"high\" class='wp-image-57051 avia-img-lazy-loading-not-57051 avia_image ' src='https:\/\/fobizz.com\/wp-content\/uploads\/2025\/09\/fobizz-Fortbildungen-Tools-und-KI-2509.png' alt='' title='fobizz Fortbildungen, Tools und KI 2509'  height=\"1200\" width=\"1800\"  itemprop=\"thumbnailUrl\"  \/><\/div><\/div><\/div><\/p><\/div><\/div><\/div><\/main><!-- close content main element --><\/div><\/div>\n<style type=\"text\/css\" data-created_by=\"avia_inline_auto\" id=\"style-css-av-47yziu2-2f0cce518ac37b4696c67086eebe4733\">\n.avia-section.av-47yziu2-2f0cce518ac37b4696c67086eebe4733{\nbackground-color:#d2f0f1;\nbackground-image:unset;\n}\n<\/style>\n<div id='av_section_2'  class='avia-section av-47yziu2-2f0cce518ac37b4696c67086eebe4733 main_color avia-section-default avia-no-border-styling  avia-builder-el-8  el_after_av_section  el_before_av_section  newdesign_contact avia-bg-style-scroll container_wrap sidebar_right'  ><div class='container av-section-cont-open' ><div class='template-page content  av-content-small alpha units'><div class='post-entry post-entry-type-page post-entry-56890'><div class='entry-content-wrapper clearfix'><\/p>\n<\/div><\/div><\/div><!-- close content main div --><\/div><\/div>\n<style type=\"text\/css\" data-created_by=\"avia_inline_auto\" id=\"style-css-av-4455oai-2b042d8c25703016b26ff8da5b2df869\">\n.avia-section.av-4455oai-2b042d8c25703016b26ff8da5b2df869{\nbackground-color:#d2f0f1;\nbackground-image:unset;\n}\n<\/style>\n<div id='av_section_3'  class='avia-section av-4455oai-2b042d8c25703016b26ff8da5b2df869 main_color avia-section-default avia-no-border-styling  avia-builder-el-9  el_after_av_section  avia-builder-el-last  newdesign_contact avia-bg-style-scroll container_wrap sidebar_right'  ><div class='container av-section-cont-open' ><div class='template-page content  av-content-small alpha units'><div class='post-entry post-entry-type-page post-entry-56890'><div class='entry-content-wrapper clearfix'>\n<div  class='flex_column av-3bsszqy-0044930685cc64c7752bed6fa4936b56 av_one_half  avia-builder-el-10  el_before_av_one_half  avia-builder-el-first  newdesign_contact_image first flex_column_div  '     ><p>\n<style type=\"text\/css\" data-created_by=\"avia_inline_auto\" id=\"style-css-av-379hsii-5d6ad2847da2fc89d384590daf3a3a48\">\n.avia-image-container.av-379hsii-5d6ad2847da2fc89d384590daf3a3a48 img.avia_image{\nbox-shadow:none;\n}\n.avia-image-container.av-379hsii-5d6ad2847da2fc89d384590daf3a3a48 .av-image-caption-overlay-center{\ncolor:#ffffff;\n}\n<\/style>\n<div  class='avia-image-container av-379hsii-5d6ad2847da2fc89d384590daf3a3a48 av-styling- avia-align-center  avia-builder-el-11  el_before_av_textblock  avia-builder-el-first '   itemprop=\"image\" itemscope=\"itemscope\" itemtype=\"https:\/\/schema.org\/ImageObject\" ><div class=\"avia-image-container-inner\"><div class=\"avia-image-overlay-wrap\"><img fetchpriority=\"high\" class='wp-image-40192 avia-img-lazy-loading-not-40192 avia_image ' src='https:\/\/fobizz.com\/wp-content\/uploads\/2023\/07\/Lena-Guhl.jpg' alt='' title='Lena Guhl'  height=\"1219\" width=\"1008\"  itemprop=\"thumbnailUrl\"  \/><\/div><\/div><\/div><br \/>\n<section  class='av_textblock_section av-2e7f6my-4be9a5bc17996a8f3d5239404193cce5 '   itemscope=\"itemscope\" itemtype=\"https:\/\/schema.org\/CreativeWork\" ><div class='avia_textblock newdesign_contact-role'  itemprop=\"text\" ><\/div><\/section><\/p><\/div><div  class='flex_column av-2a1138a-8c866075ede4908a7f63b168d1bcdd78 av_one_half  avia-builder-el-13  el_after_av_one_half  avia-builder-el-last  newdesign_subscribe_content flex_column_div  '     ><section  class='av_textblock_section av-1qjsqxm-51300bfd142799d9b8083d69319f92f7 '   itemscope=\"itemscope\" itemtype=\"https:\/\/schema.org\/CreativeWork\" ><div class='avia_textblock newdesign_h1'  itemprop=\"text\" ><h2>Wir sind f\u00fcr Sie da<\/h2>\n<\/div><\/section><br \/>\n<section  class='av_textblock_section av-1c39gqi-7c356025ac33ff936e31d2da2f7e95c4 '   itemscope=\"itemscope\" itemtype=\"https:\/\/schema.org\/CreativeWork\" ><div class='avia_textblock newdesign_description'  itemprop=\"text\" ><p>Wir beraten Sie gerne, um die passende L\u00f6sung f\u00fcr Ihr Kollegium zu finden. W\u00e4hlen Sie daf\u00fcr hier einen R\u00fcckruftermin aus.<\/p>\n<\/div><\/section><br \/>\n<div  class='avia-button-wrap av-m7oihm-bcdf94a06c98f26d000f0ffeeeb30409-wrap avia-button-left  avia-builder-el-16  el_after_av_textblock  avia-builder-el-last  newdesign_blue_button'><a href='https:\/\/fobizz.com\/beratungstermin'  class='avia-button av-m7oihm-bcdf94a06c98f26d000f0ffeeeb30409 av-link-btn avia-icon_select-no avia-size-small avia-position-left avia-color-theme-color'  target=\"_blank\"  rel=\"noopener noreferrer\"  aria-label=\"Beratungstermin vereinbaren\"><span class='avia_iconbox_title' >Beratungstermin vereinbaren<\/span><\/a><\/div><\/p><\/div>\n<\/div><\/div><\/div><!-- close content main div --><\/div><\/div><div id='after_section_3'  class='main_color av_default_container_wrap container_wrap sidebar_right'  ><div class='container av-section-cont-open' ><div class='template-page content  av-content-small alpha units'><div class='post-entry post-entry-type-page post-entry-56890'><div class='entry-content-wrapper clearfix'>\n","protected":false},"excerpt":{"rendered":"","protected":false},"author":24,"featured_media":55819,"parent":0,"menu_order":0,"comment_status":"closed","ping_status":"closed","template":"","meta":{"_monsterinsights_skip_tracking":false,"_monsterinsights_sitenote_active":false,"_monsterinsights_sitenote_note":"","_monsterinsights_sitenote_category":0,"_uf_show_specific_survey":0,"_uf_disable_surveys":false,"footnotes":""},"class_list":["post-56890","page","type-page","status-publish","has-post-thumbnail","hentry"],"acf":[],"yoast_head":"<!-- This site is optimized with the Yoast SEO Premium plugin v26.2 (Yoast SEO v27.3) - https:\/\/yoast.com\/product\/yoast-seo-premium-wordpress\/ -->\n<title>fobizz f\u00fcr Schulen in N\u00fcrnberg<\/title>\n<meta name=\"description\" content=\"Alle N\u00fcrnberger Schulen k\u00f6nnen ab Oktober 2025 einen Zugang zu fobizz und to teach erhalten. Die Kosten tr\u00e4gt die Stadt N\u00fcrnberg im Rahmen des Medien- und KI-Budgets.\" \/>\n<meta name=\"robots\" content=\"index, follow, max-snippet:-1, max-image-preview:large, max-video-preview:-1\" \/>\n<link rel=\"canonical\" href=\"https:\/\/fobizz.com\/de\/fobizz-in-nuernberg\/\" \/>\n<meta name=\"twitter:card\" content=\"summary_large_image\" \/>\n<meta name=\"twitter:title\" content=\"fobizz f\u00fcr Schulen in N\u00fcrnberg\" \/>\n<meta name=\"twitter:description\" content=\"Alle N\u00fcrnberger Schulen k\u00f6nnen ab Oktober 2025 einen Zugang zu fobizz und to teach erhalten. Die Kosten tr\u00e4gt die Stadt N\u00fcrnberg im Rahmen des Medien- und KI-Budgets.\" \/>\n<meta name=\"twitter:image\" content=\"https:\/\/fobizz.com\/wp-content\/uploads\/2025\/07\/fobizz-to-teach-umat.jpg\" \/>\n<meta name=\"twitter:site\" content=\"@fobizz\" \/>\n<meta name=\"twitter:label1\" content=\"Gesch\u00e4tzte Lesezeit\" \/>\n\t<meta name=\"twitter:data1\" content=\"2\u00a0Minuten\" \/>\n<script type=\"application\/ld+json\" class=\"yoast-schema-graph\">{\"@context\":\"https:\\\/\\\/schema.org\",\"@graph\":[{\"@type\":\"WebPage\",\"@id\":\"https:\\\/\\\/fobizz.com\\\/de\\\/fobizz-in-nuernberg\\\/\",\"url\":\"https:\\\/\\\/fobizz.com\\\/de\\\/fobizz-in-nuernberg\\\/\",\"name\":\"fobizz f\u00fcr Schulen in N\u00fcrnberg\",\"isPartOf\":{\"@id\":\"https:\\\/\\\/fobizz.com\\\/de\\\/#website\"},\"primaryImageOfPage\":{\"@id\":\"https:\\\/\\\/fobizz.com\\\/de\\\/fobizz-in-nuernberg\\\/#primaryimage\"},\"image\":{\"@id\":\"https:\\\/\\\/fobizz.com\\\/de\\\/fobizz-in-nuernberg\\\/#primaryimage\"},\"thumbnailUrl\":\"https:\\\/\\\/fobizz.com\\\/wp-content\\\/uploads\\\/2025\\\/07\\\/fobizz-to-teach-umat.jpg\",\"datePublished\":\"2025-10-15T10:45:18+00:00\",\"dateModified\":\"2025-10-24T10:12:45+00:00\",\"description\":\"Alle N\u00fcrnberger Schulen k\u00f6nnen ab Oktober 2025 einen Zugang zu fobizz und to teach erhalten. Die Kosten tr\u00e4gt die Stadt N\u00fcrnberg im Rahmen des Medien- und KI-Budgets.\",\"breadcrumb\":{\"@id\":\"https:\\\/\\\/fobizz.com\\\/de\\\/fobizz-in-nuernberg\\\/#breadcrumb\"},\"inLanguage\":\"de\",\"potentialAction\":[{\"@type\":\"ReadAction\",\"target\":[\"https:\\\/\\\/fobizz.com\\\/de\\\/fobizz-in-nuernberg\\\/\"]}]},{\"@type\":\"ImageObject\",\"inLanguage\":\"de\",\"@id\":\"https:\\\/\\\/fobizz.com\\\/de\\\/fobizz-in-nuernberg\\\/#primaryimage\",\"url\":\"https:\\\/\\\/fobizz.com\\\/wp-content\\\/uploads\\\/2025\\\/07\\\/fobizz-to-teach-umat.jpg\",\"contentUrl\":\"https:\\\/\\\/fobizz.com\\\/wp-content\\\/uploads\\\/2025\\\/07\\\/fobizz-to-teach-umat.jpg\",\"width\":800,\"height\":500},{\"@type\":\"BreadcrumbList\",\"@id\":\"https:\\\/\\\/fobizz.com\\\/de\\\/fobizz-in-nuernberg\\\/#breadcrumb\",\"itemListElement\":[{\"@type\":\"ListItem\",\"position\":1,\"name\":\"Startseite\",\"item\":\"https:\\\/\\\/fobizz.com\\\/de\\\/startpage\\\/\"},{\"@type\":\"ListItem\",\"position\":2,\"name\":\"fobizz f\u00fcr Schulen in N\u00fcrnberg\"}]},{\"@type\":\"WebSite\",\"@id\":\"https:\\\/\\\/fobizz.com\\\/de\\\/#website\",\"url\":\"https:\\\/\\\/fobizz.com\\\/de\\\/\",\"name\":\"fobizz\",\"description\":\"AI &amp; digital Tools for Teachers\",\"publisher\":{\"@id\":\"https:\\\/\\\/fobizz.com\\\/de\\\/#organization\"},\"potentialAction\":[{\"@type\":\"SearchAction\",\"target\":{\"@type\":\"EntryPoint\",\"urlTemplate\":\"https:\\\/\\\/fobizz.com\\\/de\\\/?s={search_term_string}\"},\"query-input\":{\"@type\":\"PropertyValueSpecification\",\"valueRequired\":true,\"valueName\":\"search_term_string\"}}],\"inLanguage\":\"de\"},{\"@type\":\"Organization\",\"@id\":\"https:\\\/\\\/fobizz.com\\\/de\\\/#organization\",\"name\":\"fobizz\",\"url\":\"https:\\\/\\\/fobizz.com\\\/de\\\/\",\"logo\":{\"@type\":\"ImageObject\",\"inLanguage\":\"de\",\"@id\":\"https:\\\/\\\/fobizz.com\\\/de\\\/#\\\/schema\\\/logo\\\/image\\\/\",\"url\":\"https:\\\/\\\/fobizz.com\\\/wp-content\\\/uploads\\\/2023\\\/07\\\/fobi_autor_fobizz.png\",\"contentUrl\":\"https:\\\/\\\/fobizz.com\\\/wp-content\\\/uploads\\\/2023\\\/07\\\/fobi_autor_fobizz.png\",\"width\":200,\"height\":200,\"caption\":\"fobizz\"},\"image\":{\"@id\":\"https:\\\/\\\/fobizz.com\\\/de\\\/#\\\/schema\\\/logo\\\/image\\\/\"},\"sameAs\":[\"https:\\\/\\\/www.facebook.com\\\/fobizz\\\/\",\"https:\\\/\\\/x.com\\\/fobizz\",\"https:\\\/\\\/www.instagram.com\\\/fobizz_com\\\/\",\"https:\\\/\\\/www.youtube.com\\\/@fobizz702\",\"https:\\\/\\\/www.pinterest.de\\\/fobizz_com\"]}]}<\/script>\n<!-- \/ Yoast SEO Premium plugin. -->","yoast_head_json":{"title":"fobizz f\u00fcr Schulen in N\u00fcrnberg","description":"Alle N\u00fcrnberger Schulen k\u00f6nnen ab Oktober 2025 einen Zugang zu fobizz und to teach erhalten. Die Kosten tr\u00e4gt die Stadt N\u00fcrnberg im Rahmen des Medien- und KI-Budgets.","robots":{"index":"index","follow":"follow","max-snippet":"max-snippet:-1","max-image-preview":"max-image-preview:large","max-video-preview":"max-video-preview:-1"},"canonical":"https:\/\/fobizz.com\/de\/fobizz-in-nuernberg\/","twitter_card":"summary_large_image","twitter_title":"fobizz f\u00fcr Schulen in N\u00fcrnberg","twitter_description":"Alle N\u00fcrnberger Schulen k\u00f6nnen ab Oktober 2025 einen Zugang zu fobizz und to teach erhalten. Die Kosten tr\u00e4gt die Stadt N\u00fcrnberg im Rahmen des Medien- und KI-Budgets.","twitter_image":"https:\/\/fobizz.com\/wp-content\/uploads\/2025\/07\/fobizz-to-teach-umat.jpg","twitter_site":"@fobizz","twitter_misc":{"Gesch\u00e4tzte Lesezeit":"2\u00a0Minuten"},"schema":{"@context":"https:\/\/schema.org","@graph":[{"@type":"WebPage","@id":"https:\/\/fobizz.com\/de\/fobizz-in-nuernberg\/","url":"https:\/\/fobizz.com\/de\/fobizz-in-nuernberg\/","name":"fobizz f\u00fcr Schulen in N\u00fcrnberg","isPartOf":{"@id":"https:\/\/fobizz.com\/de\/#website"},"primaryImageOfPage":{"@id":"https:\/\/fobizz.com\/de\/fobizz-in-nuernberg\/#primaryimage"},"image":{"@id":"https:\/\/fobizz.com\/de\/fobizz-in-nuernberg\/#primaryimage"},"thumbnailUrl":"https:\/\/fobizz.com\/wp-content\/uploads\/2025\/07\/fobizz-to-teach-umat.jpg","datePublished":"2025-10-15T10:45:18+00:00","dateModified":"2025-10-24T10:12:45+00:00","description":"Alle N\u00fcrnberger Schulen k\u00f6nnen ab Oktober 2025 einen Zugang zu fobizz und to teach erhalten. Die Kosten tr\u00e4gt die Stadt N\u00fcrnberg im Rahmen des Medien- und KI-Budgets.","breadcrumb":{"@id":"https:\/\/fobizz.com\/de\/fobizz-in-nuernberg\/#breadcrumb"},"inLanguage":"de","potentialAction":[{"@type":"ReadAction","target":["https:\/\/fobizz.com\/de\/fobizz-in-nuernberg\/"]}]},{"@type":"ImageObject","inLanguage":"de","@id":"https:\/\/fobizz.com\/de\/fobizz-in-nuernberg\/#primaryimage","url":"https:\/\/fobizz.com\/wp-content\/uploads\/2025\/07\/fobizz-to-teach-umat.jpg","contentUrl":"https:\/\/fobizz.com\/wp-content\/uploads\/2025\/07\/fobizz-to-teach-umat.jpg","width":800,"height":500},{"@type":"BreadcrumbList","@id":"https:\/\/fobizz.com\/de\/fobizz-in-nuernberg\/#breadcrumb","itemListElement":[{"@type":"ListItem","position":1,"name":"Startseite","item":"https:\/\/fobizz.com\/de\/startpage\/"},{"@type":"ListItem","position":2,"name":"fobizz f\u00fcr Schulen in N\u00fcrnberg"}]},{"@type":"WebSite","@id":"https:\/\/fobizz.com\/de\/#website","url":"https:\/\/fobizz.com\/de\/","name":"fobizz","description":"AI &amp; digital Tools for Teachers","publisher":{"@id":"https:\/\/fobizz.com\/de\/#organization"},"potentialAction":[{"@type":"SearchAction","target":{"@type":"EntryPoint","urlTemplate":"https:\/\/fobizz.com\/de\/?s={search_term_string}"},"query-input":{"@type":"PropertyValueSpecification","valueRequired":true,"valueName":"search_term_string"}}],"inLanguage":"de"},{"@type":"Organization","@id":"https:\/\/fobizz.com\/de\/#organization","name":"fobizz","url":"https:\/\/fobizz.com\/de\/","logo":{"@type":"ImageObject","inLanguage":"de","@id":"https:\/\/fobizz.com\/de\/#\/schema\/logo\/image\/","url":"https:\/\/fobizz.com\/wp-content\/uploads\/2023\/07\/fobi_autor_fobizz.png","contentUrl":"https:\/\/fobizz.com\/wp-content\/uploads\/2023\/07\/fobi_autor_fobizz.png","width":200,"height":200,"caption":"fobizz"},"image":{"@id":"https:\/\/fobizz.com\/de\/#\/schema\/logo\/image\/"},"sameAs":["https:\/\/www.facebook.com\/fobizz\/","https:\/\/x.com\/fobizz","https:\/\/www.instagram.com\/fobizz_com\/","https:\/\/www.youtube.com\/@fobizz702","https:\/\/www.pinterest.de\/fobizz_com"]}]}},"_links":{"self":[{"href":"https:\/\/fobizz.com\/de\/wp-json\/wp\/v2\/pages\/56890","targetHints":{"allow":["GET"]}}],"collection":[{"href":"https:\/\/fobizz.com\/de\/wp-json\/wp\/v2\/pages"}],"about":[{"href":"https:\/\/fobizz.com\/de\/wp-json\/wp\/v2\/types\/page"}],"author":[{"embeddable":true,"href":"https:\/\/fobizz.com\/de\/wp-json\/wp\/v2\/users\/24"}],"replies":[{"embeddable":true,"href":"https:\/\/fobizz.com\/de\/wp-json\/wp\/v2\/comments?post=56890"}],"version-history":[{"count":11,"href":"https:\/\/fobizz.com\/de\/wp-json\/wp\/v2\/pages\/56890\/revisions"}],"predecessor-version":[{"id":57428,"href":"https:\/\/fobizz.com\/de\/wp-json\/wp\/v2\/pages\/56890\/revisions\/57428"}],"wp:featuredmedia":[{"embeddable":true,"href":"https:\/\/fobizz.com\/de\/wp-json\/wp\/v2\/media\/55819"}],"wp:attachment":[{"href":"https:\/\/fobizz.com\/de\/wp-json\/wp\/v2\/media?parent=56890"}],"curies":[{"name":"wp","href":"https:\/\/api.w.org\/{rel}","templated":true}]}}