{"id":57151,"date":"2025-11-17T14:21:18","date_gmt":"2025-11-17T13:21:18","guid":{"rendered":"https:\/\/fobizz.com\/?page_id=57151"},"modified":"2026-03-27T14:26:26","modified_gmt":"2026-03-27T13:26:26","slug":"fobizz-luxemburg","status":"publish","type":"page","link":"https:\/\/fobizz.com\/de\/fobizz-luxemburg\/","title":{"rendered":"fobizz Landeslizenz Luxemburg: KI-Tools, Fortbildungen &#038; Materialien f\u00fcr Schulen"},"content":{"rendered":"<div id='av_section_1'  class='avia-section av-1ystg4d-91577b1783bd207c824bc55c662385b8 main_color avia-section-default avia-no-border-styling  avia-builder-el-0  avia-builder-el-no-sibling  avia-bg-style-scroll container_wrap sidebar_right'  ><div class='container av-section-cont-open' ><main  role=\"main\" itemprop=\"mainContentOfPage\"  class='template-page content  av-content-small alpha units'><div class='post-entry post-entry-type-page post-entry-57151'><div class='entry-content-wrapper clearfix'>\n\n<style type=\"text\/css\" data-created_by=\"avia_inline_auto\" id=\"style-css-av-1o4350d-03f7aaf82fd40be0a8e54f8621f58894\">\n.flex_column.av-1o4350d-03f7aaf82fd40be0a8e54f8621f58894{\nborder-radius:0px 0px 0px 0px;\npadding:0px 0px 0px 0px;\n}\n<\/style>\n<div  class='flex_column av-1o4350d-03f7aaf82fd40be0a8e54f8621f58894 av_three_fifth  avia-builder-el-1  el_before_av_two_fifth  avia-builder-el-first  first flex_column_div av-zero-column-padding  '     ><p>\n<style type=\"text\/css\" data-created_by=\"avia_inline_auto\" id=\"style-css-av-lk89aydi-ddd1a90027b21973377c9ca71efbe6fa\">\n#top .av-special-heading.av-lk89aydi-ddd1a90027b21973377c9ca71efbe6fa{\npadding-bottom:10px;\n}\nbody .av-special-heading.av-lk89aydi-ddd1a90027b21973377c9ca71efbe6fa .av-special-heading-tag .heading-char{\nfont-size:25px;\n}\n.av-special-heading.av-lk89aydi-ddd1a90027b21973377c9ca71efbe6fa .av-subheading{\nfont-size:15px;\n}\n<\/style>\n<div  class='av-special-heading av-lk89aydi-ddd1a90027b21973377c9ca71efbe6fa av-special-heading-h1  avia-builder-el-2  el_before_av_textblock  avia-builder-el-first '><h1 class='av-special-heading-tag '  itemprop=\"headline\"  >fobizz f\u00fcr Lehrkr\u00e4fte in Luxemburg<\/h1><div class=\"special-heading-border\"><div class=\"special-heading-inner-border\"><\/div><\/div><\/div><br \/>\n<section  class='av_textblock_section av-md5nctja-bab1dedcdbb5bdf79518541f82243105 '   itemscope=\"itemscope\" itemtype=\"https:\/\/schema.org\/CreativeWork\" ><div class='avia_textblock'  itemprop=\"text\" ><p>Seit Oktober 2025 erhalten <strong>an \u00f6ffentlichen Schulen besch\u00e4ftigte Lehrkr\u00e4fte<\/strong> aus Luxemburg einen Zugang zu allen fobizz KI-Tools, Online-Fortbildungen und didaktisch gepr\u00fcften Unterrichtsmaterialien \u00fcber <em>to teach<\/em>.<\/p>\n<p>Gemeinsam mit dem <strong>SCRIPT \/ Minist\u00e8re de l\u2019\u00c9ducation nationale, de l\u2019Enfance et de la Jeunesse<\/strong> unterst\u00fctzt fobizz so die digitale und KI-gest\u00fctzte Unterrichtsentwicklung direkt im Schulalltag.<\/p>\n<p>Praxisorientierte Workshops in Zusammenarbeit mit dem <strong>Institut de Formation de l&#8217;\u00c9ducation Nationale<\/strong> (IFEN) sind ideal f\u00fcr den Einstieg: von KI-Einstieg \u00fcber Materialerstellung bis zu rechtssicheren, erprobten Anwendungsszenarien.<\/p>\n<p><a href=\"https:\/\/ssl.education.lu\/ifen\/catalog\/search\/?s=fobizz\" target=\"_blank\" rel=\"noopener\">&gt;&gt; Workshop-Termine<\/a><\/p>\n<p><strong>Zugang freischalten:<br \/>\n<\/strong>Berechtigte Lehrkr\u00e4fte aus Luxemburg erhalten ihren Zugang zur fobizz Landeslizenz einfach und zentral \u00fcber die Plattform des KI-Kompass.<\/p>\n<\/div><\/section><br \/>\n<div  class='avia-button-wrap av-mggp6c18-24b65f0ce23314fb2cd5e7e1be305743-wrap avia-button-left  avia-builder-el-4  el_after_av_textblock  el_before_av_hr '><a href='https:\/\/ki-kompass.lu\/tool\/fobizz\/'  class='avia-button av-mggp6c18-24b65f0ce23314fb2cd5e7e1be305743 av-link-btn avia-icon_select-no avia-size-small avia-position-left avia-color-theme-color'  target=\"_blank\"  rel=\"noopener noreferrer\"  aria-label=\"Zum KI-Kompass f\u00fcr fobizz Zugriff\"><span class='avia_iconbox_title' >Zum KI-Kompass f\u00fcr fobizz Zugriff<\/span><\/a><\/div><br \/>\n\n<style type=\"text\/css\" data-created_by=\"avia_inline_auto\" id=\"style-css-av-n7n2oh-20cc85635bfaf1e5e6845b627a0c6a10\">\n#top .hr.hr-invisible.av-n7n2oh-20cc85635bfaf1e5e6845b627a0c6a10{\nheight:20px;\n}\n<\/style>\n<div  class='hr av-n7n2oh-20cc85635bfaf1e5e6845b627a0c6a10 hr-invisible  avia-builder-el-5  el_after_av_button  el_before_av_textblock '><span class='hr-inner '><span class=\"hr-inner-style\"><\/span><\/span><\/div><br \/>\n<section  class='av_textblock_section av-md5nh4nm-0595f68aef3943c1689328f8f62ebd3e '   itemscope=\"itemscope\" itemtype=\"https:\/\/schema.org\/CreativeWork\" ><div class='avia_textblock'  itemprop=\"text\" ><p><strong>Sie haben Fragen oder Anmerkungen?\u00a0<\/strong><\/p>\n<p>Fragen rund um fobizz beantworten wir Ihnen gerne per E-Mail: <a href=\"mailto:support@fobizz.com\">support@fobizz.com<\/a><\/p>\n<\/div><\/section><\/p><\/div>\n<style type=\"text\/css\" data-created_by=\"avia_inline_auto\" id=\"style-css-av-5pp49w1-50552262ab55023d696a4156a98d201d\">\n.flex_column.av-5pp49w1-50552262ab55023d696a4156a98d201d{\nborder-radius:0px 0px 0px 0px;\npadding:0px 0px 0px 0px;\n}\n<\/style>\n<div  class='flex_column av-5pp49w1-50552262ab55023d696a4156a98d201d av_two_fifth  avia-builder-el-7  el_after_av_three_fifth  avia-builder-el-last  flex_column_div av-zero-column-padding  '     ><p>\n<style type=\"text\/css\" data-created_by=\"avia_inline_auto\" id=\"style-css-av-mg94gxzj-cfd5846dc24f994f808eb5dba19917b0\">\n.avia-image-container.av-mg94gxzj-cfd5846dc24f994f808eb5dba19917b0 img.avia_image{\nbox-shadow:none;\n}\n.avia-image-container.av-mg94gxzj-cfd5846dc24f994f808eb5dba19917b0 .av-image-caption-overlay-center{\ncolor:#ffffff;\n}\n<\/style>\n<div  class='avia-image-container av-mg94gxzj-cfd5846dc24f994f808eb5dba19917b0 av-styling- avia-align-center  avia-builder-el-8  el_before_av_image  avia-builder-el-first '   itemprop=\"image\" itemscope=\"itemscope\" itemtype=\"https:\/\/schema.org\/ImageObject\" ><div class=\"avia-image-container-inner\"><div class=\"avia-image-overlay-wrap\"><img fetchpriority=\"high\" class='wp-image-57156 avia-img-lazy-loading-not-57156 avia_image ' src='https:\/\/fobizz.com\/wp-content\/uploads\/2025\/10\/luxemburg-header.jpg' alt='' title='luxemburg header'  height=\"287\" width=\"1191\"  itemprop=\"thumbnailUrl\"  \/><\/div><\/div><\/div><br \/>\n\n<style type=\"text\/css\" data-created_by=\"avia_inline_auto\" id=\"style-css-av-mg94jyzo-4ae9be18c38f3e8f57450072ab563bf2\">\n.avia-image-container.av-mg94jyzo-4ae9be18c38f3e8f57450072ab563bf2 img.avia_image{\nbox-shadow:none;\n}\n.avia-image-container.av-mg94jyzo-4ae9be18c38f3e8f57450072ab563bf2 .av-image-caption-overlay-center{\ncolor:#ffffff;\n}\n<\/style>\n<div  class='avia-image-container av-mg94jyzo-4ae9be18c38f3e8f57450072ab563bf2 av-styling- avia-align-center  avia-builder-el-9  el_after_av_image  avia-builder-el-last '   itemprop=\"image\" itemscope=\"itemscope\" itemtype=\"https:\/\/schema.org\/ImageObject\" ><div class=\"avia-image-container-inner\"><div class=\"avia-image-overlay-wrap\"><img fetchpriority=\"high\" class='wp-image-57051 avia-img-lazy-loading-not-57051 avia_image ' src='https:\/\/fobizz.com\/wp-content\/uploads\/2025\/09\/fobizz-Fortbildungen-Tools-und-KI-2509.png' alt='' title='fobizz Fortbildungen, Tools und KI 2509'  height=\"1200\" width=\"1800\"  itemprop=\"thumbnailUrl\"  \/><\/div><\/div><\/div><\/p><\/div><\/div><\/div><\/main><!-- close content main element --><\/div><\/div><div id='after_section_1'  class='main_color av_default_container_wrap container_wrap sidebar_right'  ><div class='container av-section-cont-open' ><div class='template-page content  av-content-small alpha units'><div class='post-entry post-entry-type-page post-entry-57151'><div class='entry-content-wrapper clearfix'>\n","protected":false},"excerpt":{"rendered":"","protected":false},"author":24,"featured_media":57051,"parent":0,"menu_order":0,"comment_status":"closed","ping_status":"closed","template":"","meta":{"_monsterinsights_skip_tracking":false,"_monsterinsights_sitenote_active":false,"_monsterinsights_sitenote_note":"","_monsterinsights_sitenote_category":0,"_uf_show_specific_survey":0,"_uf_disable_surveys":false,"footnotes":""},"class_list":["post-57151","page","type-page","status-publish","has-post-thumbnail","hentry"],"acf":[],"yoast_head":"<!-- This site is optimized with the Yoast SEO Premium plugin v26.2 (Yoast SEO v27.4) - https:\/\/yoast.com\/product\/yoast-seo-premium-wordpress\/ -->\n<title>fobizz Landeslizenz Luxemburg: KI-Tools, Fortbildungen &amp; Materialien<\/title>\n<meta name=\"description\" content=\"Schulen und Lehrkr\u00e4fte in Luxemburg profitieren von der fobizz Landeslizenz: Zugang zu KI-Tools, Online-Fortbildungen &amp; Unterrichtsmaterialien.\" \/>\n<meta name=\"robots\" content=\"index, follow, max-snippet:-1, max-image-preview:large, max-video-preview:-1\" \/>\n<link rel=\"canonical\" href=\"https:\/\/fobizz.com\/de\/fobizz-luxemburg\/\" \/>\n<meta name=\"twitter:card\" content=\"summary_large_image\" \/>\n<meta name=\"twitter:title\" content=\"fobizz Landeslizenz Luxemburg: KI-Tools, Fortbildungen &amp; Materialien\" \/>\n<meta name=\"twitter:description\" content=\"Schulen und Lehrkr\u00e4fte in Luxemburg profitieren von der fobizz Landeslizenz: Zugang zu KI-Tools, Online-Fortbildungen &amp; Unterrichtsmaterialien.\" \/>\n<meta name=\"twitter:image\" content=\"https:\/\/fobizz.com\/wp-content\/uploads\/2025\/09\/fobizz-Fortbildungen-Tools-und-KI-2509.png\" \/>\n<meta name=\"twitter:site\" content=\"@fobizz\" \/>\n<meta name=\"twitter:label1\" content=\"Gesch\u00e4tzte Lesezeit\" \/>\n\t<meta name=\"twitter:data1\" content=\"1\u00a0Minute\" \/>\n<script type=\"application\/ld+json\" class=\"yoast-schema-graph\">{\"@context\":\"https:\\\/\\\/schema.org\",\"@graph\":[{\"@type\":\"WebPage\",\"@id\":\"https:\\\/\\\/fobizz.com\\\/de\\\/fobizz-luxemburg\\\/\",\"url\":\"https:\\\/\\\/fobizz.com\\\/de\\\/fobizz-luxemburg\\\/\",\"name\":\"fobizz Landeslizenz Luxemburg: KI-Tools, Fortbildungen & Materialien\",\"isPartOf\":{\"@id\":\"https:\\\/\\\/fobizz.com\\\/de\\\/#website\"},\"primaryImageOfPage\":{\"@id\":\"https:\\\/\\\/fobizz.com\\\/de\\\/fobizz-luxemburg\\\/#primaryimage\"},\"image\":{\"@id\":\"https:\\\/\\\/fobizz.com\\\/de\\\/fobizz-luxemburg\\\/#primaryimage\"},\"thumbnailUrl\":\"https:\\\/\\\/fobizz.com\\\/wp-content\\\/uploads\\\/2025\\\/09\\\/fobizz-Fortbildungen-Tools-und-KI-2509.png\",\"datePublished\":\"2025-11-17T13:21:18+00:00\",\"dateModified\":\"2026-03-27T13:26:26+00:00\",\"description\":\"Schulen und Lehrkr\u00e4fte in Luxemburg profitieren von der fobizz Landeslizenz: Zugang zu KI-Tools, Online-Fortbildungen & Unterrichtsmaterialien.\",\"breadcrumb\":{\"@id\":\"https:\\\/\\\/fobizz.com\\\/de\\\/fobizz-luxemburg\\\/#breadcrumb\"},\"inLanguage\":\"de\",\"potentialAction\":[{\"@type\":\"ReadAction\",\"target\":[\"https:\\\/\\\/fobizz.com\\\/de\\\/fobizz-luxemburg\\\/\"]}]},{\"@type\":\"ImageObject\",\"inLanguage\":\"de\",\"@id\":\"https:\\\/\\\/fobizz.com\\\/de\\\/fobizz-luxemburg\\\/#primaryimage\",\"url\":\"https:\\\/\\\/fobizz.com\\\/wp-content\\\/uploads\\\/2025\\\/09\\\/fobizz-Fortbildungen-Tools-und-KI-2509.png\",\"contentUrl\":\"https:\\\/\\\/fobizz.com\\\/wp-content\\\/uploads\\\/2025\\\/09\\\/fobizz-Fortbildungen-Tools-und-KI-2509.png\",\"width\":1800,\"height\":1200},{\"@type\":\"BreadcrumbList\",\"@id\":\"https:\\\/\\\/fobizz.com\\\/de\\\/fobizz-luxemburg\\\/#breadcrumb\",\"itemListElement\":[{\"@type\":\"ListItem\",\"position\":1,\"name\":\"Startseite\",\"item\":\"https:\\\/\\\/fobizz.com\\\/de\\\/startpage\\\/\"},{\"@type\":\"ListItem\",\"position\":2,\"name\":\"fobizz Landeslizenz Luxemburg: KI-Tools, Fortbildungen &#038; Materialien f\u00fcr Schulen\"}]},{\"@type\":\"WebSite\",\"@id\":\"https:\\\/\\\/fobizz.com\\\/de\\\/#website\",\"url\":\"https:\\\/\\\/fobizz.com\\\/de\\\/\",\"name\":\"fobizz\",\"description\":\"AI &amp; digital Tools for Teachers\",\"publisher\":{\"@id\":\"https:\\\/\\\/fobizz.com\\\/de\\\/#organization\"},\"potentialAction\":[{\"@type\":\"SearchAction\",\"target\":{\"@type\":\"EntryPoint\",\"urlTemplate\":\"https:\\\/\\\/fobizz.com\\\/de\\\/?s={search_term_string}\"},\"query-input\":{\"@type\":\"PropertyValueSpecification\",\"valueRequired\":true,\"valueName\":\"search_term_string\"}}],\"inLanguage\":\"de\"},{\"@type\":\"Organization\",\"@id\":\"https:\\\/\\\/fobizz.com\\\/de\\\/#organization\",\"name\":\"fobizz\",\"url\":\"https:\\\/\\\/fobizz.com\\\/de\\\/\",\"logo\":{\"@type\":\"ImageObject\",\"inLanguage\":\"de\",\"@id\":\"https:\\\/\\\/fobizz.com\\\/de\\\/#\\\/schema\\\/logo\\\/image\\\/\",\"url\":\"https:\\\/\\\/fobizz.com\\\/wp-content\\\/uploads\\\/2023\\\/07\\\/fobi_autor_fobizz.png\",\"contentUrl\":\"https:\\\/\\\/fobizz.com\\\/wp-content\\\/uploads\\\/2023\\\/07\\\/fobi_autor_fobizz.png\",\"width\":200,\"height\":200,\"caption\":\"fobizz\"},\"image\":{\"@id\":\"https:\\\/\\\/fobizz.com\\\/de\\\/#\\\/schema\\\/logo\\\/image\\\/\"},\"sameAs\":[\"https:\\\/\\\/www.facebook.com\\\/fobizz\\\/\",\"https:\\\/\\\/x.com\\\/fobizz\",\"https:\\\/\\\/www.instagram.com\\\/fobizz_com\\\/\",\"https:\\\/\\\/www.youtube.com\\\/@fobizz702\",\"https:\\\/\\\/www.pinterest.de\\\/fobizz_com\"]}]}<\/script>\n<!-- \/ Yoast SEO Premium plugin. -->","yoast_head_json":{"title":"fobizz Landeslizenz Luxemburg: KI-Tools, Fortbildungen & Materialien","description":"Schulen und Lehrkr\u00e4fte in Luxemburg profitieren von der fobizz Landeslizenz: Zugang zu KI-Tools, Online-Fortbildungen & Unterrichtsmaterialien.","robots":{"index":"index","follow":"follow","max-snippet":"max-snippet:-1","max-image-preview":"max-image-preview:large","max-video-preview":"max-video-preview:-1"},"canonical":"https:\/\/fobizz.com\/de\/fobizz-luxemburg\/","twitter_card":"summary_large_image","twitter_title":"fobizz Landeslizenz Luxemburg: KI-Tools, Fortbildungen & Materialien","twitter_description":"Schulen und Lehrkr\u00e4fte in Luxemburg profitieren von der fobizz Landeslizenz: Zugang zu KI-Tools, Online-Fortbildungen & Unterrichtsmaterialien.","twitter_image":"https:\/\/fobizz.com\/wp-content\/uploads\/2025\/09\/fobizz-Fortbildungen-Tools-und-KI-2509.png","twitter_site":"@fobizz","twitter_misc":{"Gesch\u00e4tzte Lesezeit":"1\u00a0Minute"},"schema":{"@context":"https:\/\/schema.org","@graph":[{"@type":"WebPage","@id":"https:\/\/fobizz.com\/de\/fobizz-luxemburg\/","url":"https:\/\/fobizz.com\/de\/fobizz-luxemburg\/","name":"fobizz Landeslizenz Luxemburg: KI-Tools, Fortbildungen & Materialien","isPartOf":{"@id":"https:\/\/fobizz.com\/de\/#website"},"primaryImageOfPage":{"@id":"https:\/\/fobizz.com\/de\/fobizz-luxemburg\/#primaryimage"},"image":{"@id":"https:\/\/fobizz.com\/de\/fobizz-luxemburg\/#primaryimage"},"thumbnailUrl":"https:\/\/fobizz.com\/wp-content\/uploads\/2025\/09\/fobizz-Fortbildungen-Tools-und-KI-2509.png","datePublished":"2025-11-17T13:21:18+00:00","dateModified":"2026-03-27T13:26:26+00:00","description":"Schulen und Lehrkr\u00e4fte in Luxemburg profitieren von der fobizz Landeslizenz: Zugang zu KI-Tools, Online-Fortbildungen & Unterrichtsmaterialien.","breadcrumb":{"@id":"https:\/\/fobizz.com\/de\/fobizz-luxemburg\/#breadcrumb"},"inLanguage":"de","potentialAction":[{"@type":"ReadAction","target":["https:\/\/fobizz.com\/de\/fobizz-luxemburg\/"]}]},{"@type":"ImageObject","inLanguage":"de","@id":"https:\/\/fobizz.com\/de\/fobizz-luxemburg\/#primaryimage","url":"https:\/\/fobizz.com\/wp-content\/uploads\/2025\/09\/fobizz-Fortbildungen-Tools-und-KI-2509.png","contentUrl":"https:\/\/fobizz.com\/wp-content\/uploads\/2025\/09\/fobizz-Fortbildungen-Tools-und-KI-2509.png","width":1800,"height":1200},{"@type":"BreadcrumbList","@id":"https:\/\/fobizz.com\/de\/fobizz-luxemburg\/#breadcrumb","itemListElement":[{"@type":"ListItem","position":1,"name":"Startseite","item":"https:\/\/fobizz.com\/de\/startpage\/"},{"@type":"ListItem","position":2,"name":"fobizz Landeslizenz Luxemburg: KI-Tools, Fortbildungen &#038; Materialien f\u00fcr Schulen"}]},{"@type":"WebSite","@id":"https:\/\/fobizz.com\/de\/#website","url":"https:\/\/fobizz.com\/de\/","name":"fobizz","description":"AI &amp; digital Tools for Teachers","publisher":{"@id":"https:\/\/fobizz.com\/de\/#organization"},"potentialAction":[{"@type":"SearchAction","target":{"@type":"EntryPoint","urlTemplate":"https:\/\/fobizz.com\/de\/?s={search_term_string}"},"query-input":{"@type":"PropertyValueSpecification","valueRequired":true,"valueName":"search_term_string"}}],"inLanguage":"de"},{"@type":"Organization","@id":"https:\/\/fobizz.com\/de\/#organization","name":"fobizz","url":"https:\/\/fobizz.com\/de\/","logo":{"@type":"ImageObject","inLanguage":"de","@id":"https:\/\/fobizz.com\/de\/#\/schema\/logo\/image\/","url":"https:\/\/fobizz.com\/wp-content\/uploads\/2023\/07\/fobi_autor_fobizz.png","contentUrl":"https:\/\/fobizz.com\/wp-content\/uploads\/2023\/07\/fobi_autor_fobizz.png","width":200,"height":200,"caption":"fobizz"},"image":{"@id":"https:\/\/fobizz.com\/de\/#\/schema\/logo\/image\/"},"sameAs":["https:\/\/www.facebook.com\/fobizz\/","https:\/\/x.com\/fobizz","https:\/\/www.instagram.com\/fobizz_com\/","https:\/\/www.youtube.com\/@fobizz702","https:\/\/www.pinterest.de\/fobizz_com"]}]}},"_links":{"self":[{"href":"https:\/\/fobizz.com\/de\/wp-json\/wp\/v2\/pages\/57151","targetHints":{"allow":["GET"]}}],"collection":[{"href":"https:\/\/fobizz.com\/de\/wp-json\/wp\/v2\/pages"}],"about":[{"href":"https:\/\/fobizz.com\/de\/wp-json\/wp\/v2\/types\/page"}],"author":[{"embeddable":true,"href":"https:\/\/fobizz.com\/de\/wp-json\/wp\/v2\/users\/24"}],"replies":[{"embeddable":true,"href":"https:\/\/fobizz.com\/de\/wp-json\/wp\/v2\/comments?post=57151"}],"version-history":[{"count":10,"href":"https:\/\/fobizz.com\/de\/wp-json\/wp\/v2\/pages\/57151\/revisions"}],"predecessor-version":[{"id":59194,"href":"https:\/\/fobizz.com\/de\/wp-json\/wp\/v2\/pages\/57151\/revisions\/59194"}],"wp:featuredmedia":[{"embeddable":true,"href":"https:\/\/fobizz.com\/de\/wp-json\/wp\/v2\/media\/57051"}],"wp:attachment":[{"href":"https:\/\/fobizz.com\/de\/wp-json\/wp\/v2\/media?parent=57151"}],"curies":[{"name":"wp","href":"https:\/\/api.w.org\/{rel}","templated":true}]}}