{"id":57230,"date":"2025-10-09T15:49:27","date_gmt":"2025-10-09T13:49:27","guid":{"rendered":"https:\/\/fobizz.com\/?page_id=57230"},"modified":"2025-11-11T20:08:48","modified_gmt":"2025-11-11T19:08:48","slug":"probemonat","status":"publish","type":"page","link":"https:\/\/fobizz.com\/de\/probemonat\/","title":{"rendered":"Probemonat anfragen"},"content":{"rendered":"<div id='av_section_1'  class='avia-section av-694uga-cc75d2992fc43ed93c45027328a8e4b3 main_color avia-section-default avia-no-border-styling  avia-builder-el-0  el_before_av_section  avia-builder-el-first  newdesign_hero-banner avia-bg-style-scroll container_wrap sidebar_right'  ><div class='container av-section-cont-open' ><main  role=\"main\" itemprop=\"mainContentOfPage\"  class='template-page content  av-content-small alpha units'><div class='post-entry post-entry-type-page post-entry-57230'><div class='entry-content-wrapper clearfix'>\n\n<style type=\"text\/css\" data-created_by=\"avia_inline_auto\" id=\"style-css-av-19vy5oq-1acb1cbdafce09d6bae11a32a035f3d1\">\n.flex_column.av-19vy5oq-1acb1cbdafce09d6bae11a32a035f3d1{\nborder-radius:0px 0px 0px 0px;\npadding:0px 0px 0px 0px;\n}\n<\/style>\n<div  class='flex_column av-19vy5oq-1acb1cbdafce09d6bae11a32a035f3d1 av_three_fifth  avia-builder-el-1  el_before_av_two_fifth  avia-builder-el-first  first flex_column_div av-zero-column-padding  '     ><p>\n<style type=\"text\/css\" data-created_by=\"avia_inline_auto\" id=\"style-css-av-mgjgn2cf-4a09ff9ec5fb08f9b1190a764bd78bee\">\n#top .av_textblock_section.av-mgjgn2cf-4a09ff9ec5fb08f9b1190a764bd78bee .avia_textblock{\ncolor:#999999;\n}\n<\/style>\n<section  class='av_textblock_section av-mgjgn2cf-4a09ff9ec5fb08f9b1190a764bd78bee '   itemscope=\"itemscope\" itemtype=\"https:\/\/schema.org\/CreativeWork\" ><div class='avia_textblock newdesign_subtitle av_inherit_color'  itemprop=\"text\" ><p>Kostenfreier Probemonat<\/p>\n<\/div><\/section><br \/>\n<section  class='av_textblock_section av-ljwxsmyh-f7c784362cd9d6d97dbe53b06e47b63b '   itemscope=\"itemscope\" itemtype=\"https:\/\/schema.org\/CreativeWork\" ><div class='avia_textblock newdesign_h1'  itemprop=\"text\" ><h1>fobizz &amp; to teach unverbindlich testen<\/h1>\n<\/div><\/section><br \/>\n<section  class='av_textblock_section av-ljwxt31x-65ef6927f9fb04f9e2eaf8026f8227ab '   itemscope=\"itemscope\" itemtype=\"https:\/\/schema.org\/CreativeWork\" ><div class='avia_textblock'  itemprop=\"text\" ><p><strong>Option 1:<\/strong> Im Rahmen eines P\u00e4dagogischen Tages k\u00f6nnen Sie alle Angebote von fobizz und to teach mit dem gesamten Kollegium 15 Tage lang kostenfrei ausprobieren. <a href=\"https:\/\/fobizz.com\/de\/paedagogische-tage\/\">Mehr Informationen &amp; Anmeldung\u00a0<\/a><\/p>\n<p><strong>Option 2:<\/strong> Alternativ bieten wir einen kostenfreien Probemonat f\u00fcr Gruppen bis 5 Personen an, um fobizz f\u00fcr Ihre Schule bzw. Organisation mit ausgew\u00e4hlten Personen zu testen.<\/p>\n<\/div><\/section><br \/>\n<div  class='avia-buttonrow-wrap av-ltrrfds9-a5ea06c463c18c12fba20c0dd6f07af4 avia-buttonrow-left  avia-builder-el-5  el_after_av_textblock  avia-builder-el-last  newdesign_button-link'>\n\n<style type=\"text\/css\" data-created_by=\"avia_inline_auto\" id=\"style-css-av-ltrregwa-961a6f260be0dd797ad27c5d48ddac53\">\n#top #wrap_all .avia-button.av-ltrregwa-961a6f260be0dd797ad27c5d48ddac53{\nmargin-bottom:5px;\nmargin-right:5px;\n}\n<\/style>\n<a href='#formular'  class='avia-button av-ltrregwa-961a6f260be0dd797ad27c5d48ddac53 avia-icon_select-no avia-size-medium avia-color-theme-color'   aria-label=\"Kostenfreien Probemonat anfragen\"><span class='avia_iconbox_title' >Kostenfreien Probemonat anfragen<\/span><\/a>\n\n<style type=\"text\/css\" data-created_by=\"avia_inline_auto\" id=\"style-css-av-ltrregwa-8-8cd784dde94ad435ac4a5b4d50b43821\">\n#top #wrap_all .avia-button.av-ltrregwa-8-8cd784dde94ad435ac4a5b4d50b43821{\nmargin-bottom:5px;\nmargin-right:5px;\n}\n<\/style>\n<a href='https:\/\/fobizz.com\/de\/preise#uebersicht'  class='avia-button av-ltrregwa-8-8cd784dde94ad435ac4a5b4d50b43821 avia-icon_select-no avia-size-medium avia-color-theme-color-subtle'  target=\"_blank\"  rel=\"noopener noreferrer\"  aria-label=\"\u00dcberblick Lizenzen und Preisen\"><span class='avia_iconbox_title' >\u00dcberblick Lizenzen und Preisen<\/span><\/a>\n<\/div><\/p><\/div>\n<style type=\"text\/css\" data-created_by=\"avia_inline_auto\" id=\"style-css-av-1vrz9m-499c3221580f3d3d7e308d7c3c81d462\">\n.flex_column.av-1vrz9m-499c3221580f3d3d7e308d7c3c81d462{\nborder-radius:0px 0px 0px 0px;\npadding:0px 0px 0px 0px;\n}\n<\/style>\n<div  class='flex_column av-1vrz9m-499c3221580f3d3d7e308d7c3c81d462 av_two_fifth  avia-builder-el-6  el_after_av_three_fifth  avia-builder-el-last  flex_column_div av-zero-column-padding  '     ><style type=\"text\/css\" data-created_by=\"avia_inline_auto\" id=\"style-css-av-ljwxrww0-bfce54a1be05189f7f3b0f262b518fdd\">\n.avia-image-container.av-ljwxrww0-bfce54a1be05189f7f3b0f262b518fdd img.avia_image{\nbox-shadow:none;\n}\n.avia-image-container.av-ljwxrww0-bfce54a1be05189f7f3b0f262b518fdd .av-image-caption-overlay-center{\ncolor:#ffffff;\n}\n<\/style>\n<div  class='avia-image-container av-ljwxrww0-bfce54a1be05189f7f3b0f262b518fdd av-styling- avia-align-center  avia-builder-el-7  avia-builder-el-no-sibling '   itemprop=\"image\" itemscope=\"itemscope\" itemtype=\"https:\/\/schema.org\/ImageObject\" ><div class=\"avia-image-container-inner\"><div class=\"avia-image-overlay-wrap\"><img fetchpriority=\"high\" class='wp-image-57051 avia-img-lazy-loading-not-57051 avia_image ' src='https:\/\/fobizz.com\/wp-content\/uploads\/2025\/09\/fobizz-Fortbildungen-Tools-und-KI-2509.png' alt='' title='fobizz Fortbildungen, Tools und KI 2509'  height=\"1200\" width=\"1800\"  itemprop=\"thumbnailUrl\"  \/><\/div><\/div><\/div><\/div>\n\n<\/div><\/div><\/main><!-- close content main element --><\/div><\/div>\n<style type=\"text\/css\" data-created_by=\"avia_inline_auto\" id=\"style-css-av-czgn72-5c57e9d8dbc3dbdde9d204d1c9d60138\">\n.avia-section.av-czgn72-5c57e9d8dbc3dbdde9d204d1c9d60138{\nbackground-color:#d2f0f1;\nbackground-image:unset;\n}\n<\/style>\n<div id='av_section_2'  class='avia-section av-czgn72-5c57e9d8dbc3dbdde9d204d1c9d60138 main_color avia-section-default avia-no-border-styling  avia-builder-el-8  el_after_av_section  el_before_av_section  newdesign_hero-banner avia-bg-style-scroll container_wrap sidebar_right'  ><div class='container av-section-cont-open' ><div class='template-page content  av-content-small alpha units'><div class='post-entry post-entry-type-page post-entry-57230'><div class='entry-content-wrapper clearfix'>\n\n<style type=\"text\/css\" data-created_by=\"avia_inline_auto\" id=\"style-css-av-2vw2026-4cc443bb901c81dd365d813f928b8d5e\">\n.flex_column.av-2vw2026-4cc443bb901c81dd365d813f928b8d5e{\nborder-radius:0px 0px 0px 0px;\npadding:0px 0px 0px 0px;\n}\n<\/style>\n<div  class='flex_column av-2vw2026-4cc443bb901c81dd365d813f928b8d5e av_one_half  avia-builder-el-9  el_before_av_one_half  avia-builder-el-first  first flex_column_div av-zero-column-padding  '     ><section  class='av_textblock_section av-mgjgf4xc-6bb336bcc49c7d7d00b35af888fa774d '   itemscope=\"itemscope\" itemtype=\"https:\/\/schema.org\/CreativeWork\" ><div class='avia_textblock'  itemprop=\"text\" ><h3>Was ist im Probemonat enthalten?<\/h3>\n<ol>\n<li>Zugang zu fobizz Online-Fortbildungen<\/li>\n<li>Nutzung aller KI-Tools &amp; Unterrichtshelfer<\/li>\n<li>Zugriff auf to teach \u2013 inkl. Materialerstellung<\/li>\n<li>Keine automatische Verl\u00e4ngerung oder Verpflichtung<\/li>\n<li>Pers\u00f6nlicher Support bei Bedarf<\/li>\n<\/ol>\n<\/div><\/section><br \/>\n\n<style type=\"text\/css\" data-created_by=\"avia_inline_auto\" id=\"style-css-av-mgjgpetm-f593a037f6cd39d05e2ee9b801e3685d\">\n#top .hr.hr-invisible.av-mgjgpetm-f593a037f6cd39d05e2ee9b801e3685d{\nheight:50px;\n}\n<\/style>\n<div  class='hr av-mgjgpetm-f593a037f6cd39d05e2ee9b801e3685d hr-invisible  avia-builder-el-11  el_after_av_textblock  el_before_av_textblock '><span class='hr-inner '><span class=\"hr-inner-style\"><\/span><\/span><\/div><br \/>\n<section  class='av_textblock_section av-mgjgp6r5-ea85ae461bcd952d11e9e3823ed2d567 '   itemscope=\"itemscope\" itemtype=\"https:\/\/schema.org\/CreativeWork\" ><div class='avia_textblock'  itemprop=\"text\" ><h3>F\u00fcr wen ist der Probemonat geeignet?<\/h3>\n<p>Der Probemonat richtet sich an alle, die fobizz im Kontext von Bildung, Fortbildung oder Schulentwicklung<strong> im Team<\/strong> testen m\u00f6chten:<\/p>\n<ul>\n<li>Schultr\u00e4ger &amp; Verantwortliche im Bildungsbereich<\/li>\n<li>Ausbildungsabteilungen &amp; Azubi-Gruppen<\/li>\n<li>Fortbildungsleitungen &amp; Personalentwicklung<\/li>\n<li>Lehrkr\u00e4fte- oder Schulgruppen<\/li>\n<li>Interessierte Entscheiderinnen und Entscheider<\/li>\n<\/ul>\n<\/div><\/section><\/p><\/div>\n<style type=\"text\/css\" data-created_by=\"avia_inline_auto\" id=\"style-css-av-9lrn5a-ca72671a89ff4cb0f1023c28b2de7be8\">\n.flex_column.av-9lrn5a-ca72671a89ff4cb0f1023c28b2de7be8{\nborder-radius:0px 0px 0px 0px;\npadding:0px 0px 0px 0px;\n}\n<\/style>\n<div  class='flex_column av-9lrn5a-ca72671a89ff4cb0f1023c28b2de7be8 av_one_half  avia-builder-el-13  el_after_av_one_half  avia-builder-el-last  flex_column_div av-zero-column-padding  '     ><section  class='av_textblock_section av-mgjglaov-9be1ae8c28165c8f3f6fec6b41101408 '   itemscope=\"itemscope\" itemtype=\"https:\/\/schema.org\/CreativeWork\" ><div class='avia_textblock'  itemprop=\"text\" ><h3>So funktioniert\u2019s<\/h3>\n<ol>\n<li>Formular ausf\u00fcllen<\/li>\n<li>Wir pr\u00fcfen Ihre Anfrage und richten einen Zugang f\u00fcr Ihre Gruppe ein<\/li>\n<li>Sie erhalten per E-Mail den Link zur Plattform und Ihre Zugangsdaten<\/li>\n<li>Die Nutzung endet automatisch nach 30 Tagen \u2013 keine Verl\u00e4ngerung<\/li>\n<li>Hinweis: Der Probemonat ist f\u00fcr Gruppen mit bis zu 5 Personen vorgesehen. Bei gr\u00f6\u00dferem Bedarf sprechen Sie uns gerne an.<\/li>\n<\/ol>\n<\/div><\/section><br \/>\n\n<style type=\"text\/css\" data-created_by=\"avia_inline_auto\" id=\"style-css-av-1y6bq8e-49c65092c16cf90a7cf2ccf77c0fd5d6\">\n#top .hr.hr-invisible.av-1y6bq8e-49c65092c16cf90a7cf2ccf77c0fd5d6{\nheight:50px;\n}\n<\/style>\n<div  class='hr av-1y6bq8e-49c65092c16cf90a7cf2ccf77c0fd5d6 hr-invisible  avia-builder-el-15  el_after_av_textblock  el_before_av_textblock '><span class='hr-inner '><span class=\"hr-inner-style\"><\/span><\/span><\/div><br \/>\n<section  class='av_textblock_section av-mgjh0qu1-3b6a7e6309270215fdea805c6fb13b67 '   itemscope=\"itemscope\" itemtype=\"https:\/\/schema.org\/CreativeWork\" ><div class='avia_textblock'  itemprop=\"text\" ><h3>Fragen<\/h3>\n<p>Sie sind unsicher, ob der Probemonat zu Ihrer Gruppe passt?<br \/>\nOder ben\u00f6tigen Sie eine individuelle L\u00f6sung f\u00fcr mehr Personen?<br \/>\nSchreiben Sie uns gerne an, <a href=\"mailto:support@fobizz.com\">support@fobizz.com<\/a>, oder vereinbaren Sie ein <a href=\"https:\/\/fobizz.com\/de\/beratung\/\" target=\"_blank\" rel=\"noopener\">Beratungsgespr\u00e4ch<\/a>.<\/p>\n<\/div><\/section><\/p><\/div>\n\n<\/div><\/div><\/div><!-- close content main div --><\/div><\/div><div id='formular'  class='avia-section av-1re5v1q-3af26823ada471261511093f2fcbcb28 main_color avia-section-default avia-no-border-styling  avia-builder-el-17  el_after_av_section  avia-builder-el-last  newdesign_hero-banner avia-bg-style-scroll container_wrap sidebar_right'  ><div class='container av-section-cont-open' ><div class='template-page content  av-content-small alpha units'><div class='post-entry post-entry-type-page post-entry-57230'><div class='entry-content-wrapper clearfix'>\n\n<style type=\"text\/css\" data-created_by=\"avia_inline_auto\" id=\"style-css-av-13y1hke-e991d6771cdba2dc0506829020eeb85f\">\n.flex_column.av-13y1hke-e991d6771cdba2dc0506829020eeb85f{\nborder-radius:0px 0px 0px 0px;\npadding:0px 0px 0px 0px;\n}\n<\/style>\n<div  class='flex_column av-13y1hke-e991d6771cdba2dc0506829020eeb85f av_three_fourth  avia-builder-el-18  el_before_av_one_fourth  avia-builder-el-first  first flex_column_div av-zero-column-padding  '     ><section  class='av_textblock_section av-mgjgsnu5-f632bcb2a557777379a30260f9dd2458 '   itemscope=\"itemscope\" itemtype=\"https:\/\/schema.org\/CreativeWork\" ><div class='avia_textblock newdesign_h1'  itemprop=\"text\" ><h2>Probemonat anfragen<\/h2>\n<\/div><\/section><br \/>\n<\/p><\/div>\n<style type=\"text\/css\" data-created_by=\"avia_inline_auto\" id=\"style-css-av-r8bfou-dadedb9409da945d2f5c6b2e597afec5\">\n.flex_column.av-r8bfou-dadedb9409da945d2f5c6b2e597afec5{\nborder-radius:0px 0px 0px 0px;\npadding:0px 0px 0px 0px;\n}\n<\/style>\n<div  class='flex_column av-r8bfou-dadedb9409da945d2f5c6b2e597afec5 av_one_fourth  avia-builder-el-21  el_after_av_three_fourth  avia-builder-el-last  flex_column_div av-zero-column-padding  '     ><\/div><\/div><\/div><\/div><!-- close content main div --><\/div><\/div><div id='after_section_3'  class='main_color av_default_container_wrap container_wrap sidebar_right'  ><div class='container av-section-cont-open' ><div class='template-page content  av-content-small alpha units'><div class='post-entry post-entry-type-page post-entry-57230'><div class='entry-content-wrapper clearfix'>\n","protected":false},"excerpt":{"rendered":"","protected":false},"author":24,"featured_media":57051,"parent":0,"menu_order":0,"comment_status":"closed","ping_status":"closed","template":"","meta":{"_monsterinsights_skip_tracking":false,"_monsterinsights_sitenote_active":false,"_monsterinsights_sitenote_note":"","_monsterinsights_sitenote_category":0,"_uf_show_specific_survey":0,"_uf_disable_surveys":false,"footnotes":""},"class_list":["post-57230","page","type-page","status-publish","has-post-thumbnail","hentry"],"acf":[],"yoast_head":"<!-- This site is optimized with the Yoast SEO Premium plugin v26.2 (Yoast SEO v27.3) - https:\/\/yoast.com\/product\/yoast-seo-premium-wordpress\/ -->\n<title>fobizz Probemonat: Jetzt unverbindlich testen im Team<\/title>\n<meta name=\"description\" content=\"Kostenfrei testen: fobizz &amp; to teach f\u00fcr Teams, Bildungseinrichtungen oder Schultr\u00e4ger. Unverbindlich anfragen \u2013 mit bis zu 5 Personen starten.\" \/>\n<meta name=\"robots\" content=\"index, follow, max-snippet:-1, max-image-preview:large, max-video-preview:-1\" \/>\n<link rel=\"canonical\" href=\"https:\/\/fobizz.com\/de\/probemonat\/\" \/>\n<meta name=\"twitter:card\" content=\"summary_large_image\" \/>\n<meta name=\"twitter:title\" content=\"fobizz Probemonat: Jetzt unverbindlich testen im Team\" \/>\n<meta name=\"twitter:description\" content=\"Kostenfrei testen: fobizz &amp; to teach f\u00fcr Teams, Bildungseinrichtungen oder Schultr\u00e4ger. Unverbindlich anfragen \u2013 mit bis zu 5 Personen starten.\" \/>\n<meta name=\"twitter:image\" content=\"https:\/\/fobizz.com\/wp-content\/uploads\/2025\/09\/fobizz-Fortbildungen-Tools-und-KI-2509.png\" \/>\n<meta name=\"twitter:site\" content=\"@fobizz\" \/>\n<meta name=\"twitter:label1\" content=\"Gesch\u00e4tzte Lesezeit\" \/>\n\t<meta name=\"twitter:data1\" content=\"2\u00a0Minuten\" \/>\n<script type=\"application\/ld+json\" class=\"yoast-schema-graph\">{\"@context\":\"https:\\\/\\\/schema.org\",\"@graph\":[{\"@type\":\"WebPage\",\"@id\":\"https:\\\/\\\/fobizz.com\\\/de\\\/probemonat\\\/\",\"url\":\"https:\\\/\\\/fobizz.com\\\/de\\\/probemonat\\\/\",\"name\":\"fobizz Probemonat: Jetzt unverbindlich testen im Team\",\"isPartOf\":{\"@id\":\"https:\\\/\\\/fobizz.com\\\/de\\\/#website\"},\"primaryImageOfPage\":{\"@id\":\"https:\\\/\\\/fobizz.com\\\/de\\\/probemonat\\\/#primaryimage\"},\"image\":{\"@id\":\"https:\\\/\\\/fobizz.com\\\/de\\\/probemonat\\\/#primaryimage\"},\"thumbnailUrl\":\"https:\\\/\\\/fobizz.com\\\/wp-content\\\/uploads\\\/2025\\\/09\\\/fobizz-Fortbildungen-Tools-und-KI-2509.png\",\"datePublished\":\"2025-10-09T13:49:27+00:00\",\"dateModified\":\"2025-11-11T19:08:48+00:00\",\"description\":\"Kostenfrei testen: fobizz & to teach f\u00fcr Teams, Bildungseinrichtungen oder Schultr\u00e4ger. Unverbindlich anfragen \u2013 mit bis zu 5 Personen starten.\",\"breadcrumb\":{\"@id\":\"https:\\\/\\\/fobizz.com\\\/de\\\/probemonat\\\/#breadcrumb\"},\"inLanguage\":\"de\",\"potentialAction\":[{\"@type\":\"ReadAction\",\"target\":[\"https:\\\/\\\/fobizz.com\\\/de\\\/probemonat\\\/\"]}]},{\"@type\":\"ImageObject\",\"inLanguage\":\"de\",\"@id\":\"https:\\\/\\\/fobizz.com\\\/de\\\/probemonat\\\/#primaryimage\",\"url\":\"https:\\\/\\\/fobizz.com\\\/wp-content\\\/uploads\\\/2025\\\/09\\\/fobizz-Fortbildungen-Tools-und-KI-2509.png\",\"contentUrl\":\"https:\\\/\\\/fobizz.com\\\/wp-content\\\/uploads\\\/2025\\\/09\\\/fobizz-Fortbildungen-Tools-und-KI-2509.png\",\"width\":1800,\"height\":1200},{\"@type\":\"BreadcrumbList\",\"@id\":\"https:\\\/\\\/fobizz.com\\\/de\\\/probemonat\\\/#breadcrumb\",\"itemListElement\":[{\"@type\":\"ListItem\",\"position\":1,\"name\":\"Startseite\",\"item\":\"https:\\\/\\\/fobizz.com\\\/de\\\/startpage\\\/\"},{\"@type\":\"ListItem\",\"position\":2,\"name\":\"Probemonat anfragen\"}]},{\"@type\":\"WebSite\",\"@id\":\"https:\\\/\\\/fobizz.com\\\/de\\\/#website\",\"url\":\"https:\\\/\\\/fobizz.com\\\/de\\\/\",\"name\":\"fobizz\",\"description\":\"AI &amp; digital Tools for Teachers\",\"publisher\":{\"@id\":\"https:\\\/\\\/fobizz.com\\\/de\\\/#organization\"},\"potentialAction\":[{\"@type\":\"SearchAction\",\"target\":{\"@type\":\"EntryPoint\",\"urlTemplate\":\"https:\\\/\\\/fobizz.com\\\/de\\\/?s={search_term_string}\"},\"query-input\":{\"@type\":\"PropertyValueSpecification\",\"valueRequired\":true,\"valueName\":\"search_term_string\"}}],\"inLanguage\":\"de\"},{\"@type\":\"Organization\",\"@id\":\"https:\\\/\\\/fobizz.com\\\/de\\\/#organization\",\"name\":\"fobizz\",\"url\":\"https:\\\/\\\/fobizz.com\\\/de\\\/\",\"logo\":{\"@type\":\"ImageObject\",\"inLanguage\":\"de\",\"@id\":\"https:\\\/\\\/fobizz.com\\\/de\\\/#\\\/schema\\\/logo\\\/image\\\/\",\"url\":\"https:\\\/\\\/fobizz.com\\\/wp-content\\\/uploads\\\/2023\\\/07\\\/fobi_autor_fobizz.png\",\"contentUrl\":\"https:\\\/\\\/fobizz.com\\\/wp-content\\\/uploads\\\/2023\\\/07\\\/fobi_autor_fobizz.png\",\"width\":200,\"height\":200,\"caption\":\"fobizz\"},\"image\":{\"@id\":\"https:\\\/\\\/fobizz.com\\\/de\\\/#\\\/schema\\\/logo\\\/image\\\/\"},\"sameAs\":[\"https:\\\/\\\/www.facebook.com\\\/fobizz\\\/\",\"https:\\\/\\\/x.com\\\/fobizz\",\"https:\\\/\\\/www.instagram.com\\\/fobizz_com\\\/\",\"https:\\\/\\\/www.youtube.com\\\/@fobizz702\",\"https:\\\/\\\/www.pinterest.de\\\/fobizz_com\"]}]}<\/script>\n<!-- \/ Yoast SEO Premium plugin. -->","yoast_head_json":{"title":"fobizz Probemonat: Jetzt unverbindlich testen im Team","description":"Kostenfrei testen: fobizz & to teach f\u00fcr Teams, Bildungseinrichtungen oder Schultr\u00e4ger. Unverbindlich anfragen \u2013 mit bis zu 5 Personen starten.","robots":{"index":"index","follow":"follow","max-snippet":"max-snippet:-1","max-image-preview":"max-image-preview:large","max-video-preview":"max-video-preview:-1"},"canonical":"https:\/\/fobizz.com\/de\/probemonat\/","twitter_card":"summary_large_image","twitter_title":"fobizz Probemonat: Jetzt unverbindlich testen im Team","twitter_description":"Kostenfrei testen: fobizz & to teach f\u00fcr Teams, Bildungseinrichtungen oder Schultr\u00e4ger. Unverbindlich anfragen \u2013 mit bis zu 5 Personen starten.","twitter_image":"https:\/\/fobizz.com\/wp-content\/uploads\/2025\/09\/fobizz-Fortbildungen-Tools-und-KI-2509.png","twitter_site":"@fobizz","twitter_misc":{"Gesch\u00e4tzte Lesezeit":"2\u00a0Minuten"},"schema":{"@context":"https:\/\/schema.org","@graph":[{"@type":"WebPage","@id":"https:\/\/fobizz.com\/de\/probemonat\/","url":"https:\/\/fobizz.com\/de\/probemonat\/","name":"fobizz Probemonat: Jetzt unverbindlich testen im Team","isPartOf":{"@id":"https:\/\/fobizz.com\/de\/#website"},"primaryImageOfPage":{"@id":"https:\/\/fobizz.com\/de\/probemonat\/#primaryimage"},"image":{"@id":"https:\/\/fobizz.com\/de\/probemonat\/#primaryimage"},"thumbnailUrl":"https:\/\/fobizz.com\/wp-content\/uploads\/2025\/09\/fobizz-Fortbildungen-Tools-und-KI-2509.png","datePublished":"2025-10-09T13:49:27+00:00","dateModified":"2025-11-11T19:08:48+00:00","description":"Kostenfrei testen: fobizz & to teach f\u00fcr Teams, Bildungseinrichtungen oder Schultr\u00e4ger. Unverbindlich anfragen \u2013 mit bis zu 5 Personen starten.","breadcrumb":{"@id":"https:\/\/fobizz.com\/de\/probemonat\/#breadcrumb"},"inLanguage":"de","potentialAction":[{"@type":"ReadAction","target":["https:\/\/fobizz.com\/de\/probemonat\/"]}]},{"@type":"ImageObject","inLanguage":"de","@id":"https:\/\/fobizz.com\/de\/probemonat\/#primaryimage","url":"https:\/\/fobizz.com\/wp-content\/uploads\/2025\/09\/fobizz-Fortbildungen-Tools-und-KI-2509.png","contentUrl":"https:\/\/fobizz.com\/wp-content\/uploads\/2025\/09\/fobizz-Fortbildungen-Tools-und-KI-2509.png","width":1800,"height":1200},{"@type":"BreadcrumbList","@id":"https:\/\/fobizz.com\/de\/probemonat\/#breadcrumb","itemListElement":[{"@type":"ListItem","position":1,"name":"Startseite","item":"https:\/\/fobizz.com\/de\/startpage\/"},{"@type":"ListItem","position":2,"name":"Probemonat anfragen"}]},{"@type":"WebSite","@id":"https:\/\/fobizz.com\/de\/#website","url":"https:\/\/fobizz.com\/de\/","name":"fobizz","description":"AI &amp; digital Tools for Teachers","publisher":{"@id":"https:\/\/fobizz.com\/de\/#organization"},"potentialAction":[{"@type":"SearchAction","target":{"@type":"EntryPoint","urlTemplate":"https:\/\/fobizz.com\/de\/?s={search_term_string}"},"query-input":{"@type":"PropertyValueSpecification","valueRequired":true,"valueName":"search_term_string"}}],"inLanguage":"de"},{"@type":"Organization","@id":"https:\/\/fobizz.com\/de\/#organization","name":"fobizz","url":"https:\/\/fobizz.com\/de\/","logo":{"@type":"ImageObject","inLanguage":"de","@id":"https:\/\/fobizz.com\/de\/#\/schema\/logo\/image\/","url":"https:\/\/fobizz.com\/wp-content\/uploads\/2023\/07\/fobi_autor_fobizz.png","contentUrl":"https:\/\/fobizz.com\/wp-content\/uploads\/2023\/07\/fobi_autor_fobizz.png","width":200,"height":200,"caption":"fobizz"},"image":{"@id":"https:\/\/fobizz.com\/de\/#\/schema\/logo\/image\/"},"sameAs":["https:\/\/www.facebook.com\/fobizz\/","https:\/\/x.com\/fobizz","https:\/\/www.instagram.com\/fobizz_com\/","https:\/\/www.youtube.com\/@fobizz702","https:\/\/www.pinterest.de\/fobizz_com"]}]}},"_links":{"self":[{"href":"https:\/\/fobizz.com\/de\/wp-json\/wp\/v2\/pages\/57230","targetHints":{"allow":["GET"]}}],"collection":[{"href":"https:\/\/fobizz.com\/de\/wp-json\/wp\/v2\/pages"}],"about":[{"href":"https:\/\/fobizz.com\/de\/wp-json\/wp\/v2\/types\/page"}],"author":[{"embeddable":true,"href":"https:\/\/fobizz.com\/de\/wp-json\/wp\/v2\/users\/24"}],"replies":[{"embeddable":true,"href":"https:\/\/fobizz.com\/de\/wp-json\/wp\/v2\/comments?post=57230"}],"version-history":[{"count":10,"href":"https:\/\/fobizz.com\/de\/wp-json\/wp\/v2\/pages\/57230\/revisions"}],"predecessor-version":[{"id":57290,"href":"https:\/\/fobizz.com\/de\/wp-json\/wp\/v2\/pages\/57230\/revisions\/57290"}],"wp:featuredmedia":[{"embeddable":true,"href":"https:\/\/fobizz.com\/de\/wp-json\/wp\/v2\/media\/57051"}],"wp:attachment":[{"href":"https:\/\/fobizz.com\/de\/wp-json\/wp\/v2\/media?parent=57230"}],"curies":[{"name":"wp","href":"https:\/\/api.w.org\/{rel}","templated":true}]}}