{"id":58068,"date":"2026-01-08T16:43:30","date_gmt":"2026-01-08T15:43:30","guid":{"rendered":"https:\/\/fobizz.com\/?page_id=58068"},"modified":"2026-01-26T15:57:39","modified_gmt":"2026-01-26T14:57:39","slug":"schneetag","status":"publish","type":"page","link":"https:\/\/fobizz.com\/de\/schneetag\/","title":{"rendered":"Online-Angebot Schneetag"},"content":{"rendered":"<p><span data-mce-type=\"bookmark\" style=\"display: inline-block; width: 0px; overflow: hidden; line-height: 0;\" class=\"mce_SELRES_start\">\ufeff<\/span><div id='av_section_1'  class='avia-section av-1ystg4d-91577b1783bd207c824bc55c662385b8 main_color avia-section-default avia-no-border-styling  avia-builder-el-0  el_before_av_section  avia-builder-el-first  avia-bg-style-scroll container_wrap sidebar_right'  ><div class='container av-section-cont-open' ><main  role=\"main\" itemprop=\"mainContentOfPage\"  class='template-page content  av-content-small alpha units'><div class='post-entry post-entry-type-page post-entry-58068'><div class='entry-content-wrapper clearfix'>\n\n<style type=\"text\/css\" data-created_by=\"avia_inline_auto\" id=\"style-css-av-1o4350d-03f7aaf82fd40be0a8e54f8621f58894\">\n.flex_column.av-1o4350d-03f7aaf82fd40be0a8e54f8621f58894{\nborder-radius:0px 0px 0px 0px;\npadding:0px 0px 0px 0px;\n}\n<\/style>\n<div  class='flex_column av-1o4350d-03f7aaf82fd40be0a8e54f8621f58894 av_two_third  avia-builder-el-1  el_before_av_one_third  avia-builder-el-first  first flex_column_div av-zero-column-padding  '     ><p>\n<style type=\"text\/css\" data-created_by=\"avia_inline_auto\" id=\"style-css-av-lk89aydi-07e3dd6bf7598fde3e7510f60a177731\">\n#top .av-special-heading.av-lk89aydi-07e3dd6bf7598fde3e7510f60a177731{\npadding-bottom:10px;\n}\nbody .av-special-heading.av-lk89aydi-07e3dd6bf7598fde3e7510f60a177731 .av-special-heading-tag .heading-char{\nfont-size:25px;\n}\n.av-special-heading.av-lk89aydi-07e3dd6bf7598fde3e7510f60a177731 .av-subheading{\nfont-size:15px;\n}\n<\/style>\n<div  class='av-special-heading av-lk89aydi-07e3dd6bf7598fde3e7510f60a177731 av-special-heading-h1  avia-builder-el-2  el_before_av_textblock  avia-builder-el-first '><h1 class='av-special-heading-tag '  itemprop=\"headline\"  >Online-Angebot: Schneetag <\/h1><div class=\"special-heading-border\"><div class=\"special-heading-inner-border\"><\/div><\/div><\/div><br \/>\n<section  class='av_textblock_section av-lk88skys-29dc7e42597e21d6d1b2471170ae4310 '   itemscope=\"itemscope\" itemtype=\"https:\/\/schema.org\/CreativeWork\" ><div class='avia_textblock'  itemprop=\"text\" ><p><strong>Kein Pr\u00e4senzunterricht wegen Schnee oder Gl\u00e4tte?<\/strong> Dann nutzt unsere kostenfreie KI-Schulstunde und gestaltet den Unterricht digital weiter.<\/p>\n<p>Am 09. Januar ist an vielen Schulen in Norddeutschland der Unterricht ausgefallen. Kurzfristig haben wir deshalb eine kostenlose, digitale Schulstunde zum Thema \u201eKI entdecken: Kreativ werden mit K\u00fcnstlicher Intelligenz\u201c angeboten. Da es aktuell erneut zu Einschr\u00e4nkungen kommt, stellen wir euch dieses Angebot weiterhin zur Verf\u00fcgung.<\/p>\n<p data-start=\"566\" data-end=\"588\"><strong data-start=\"566\" data-end=\"588\">Das erwartet euch:<\/strong><\/p>\n<ul>\n<li data-start=\"591\" data-end=\"652\">Interaktive KI-Schulstunde als Live-Stream<\/li>\n<li data-start=\"591\" data-end=\"652\">Die <a href=\"#livestream\">Aufzeichnung<\/a> vom Termin am Freitag, 09. Januar 2026 von 08:30 &#8211; 09:30 Uhr<\/li>\n<li>Empfohlen f\u00fcr <strong data-start=\"444\" data-end=\"492\">Klassenstufen 5 bis 8 <\/strong><\/li>\n<li>Ihr braucht keine Vorkenntnisse &#8211; nur ein Endger\u00e4t mit Internetzugang.<\/li>\n<li>Ihr bekommt am Ende eine Teilnahmebescheinigung! \ud83c\udf93<\/li>\n<\/ul>\n<p><strong>Wer kann teilnehmen?\u00a0<\/strong><\/p>\n<ul>\n<li>Lehrkr\u00e4fte gemeinsam mit ihren Klassen<\/li>\n<li>Sch\u00fclerinnen und Sch\u00fcler allein von zuhause<\/li>\n<\/ul>\n<p>Ideal, um Unterrichtsausfall sinnvoll zu \u00fcberbr\u00fccken und KI praxisnah kennenzulernen.<\/p>\n<p><strong>TIPP:<\/strong> Bei fobizz gibt es auch verschiedene <a href=\"https:\/\/app.fobizz.com\/gallery?query=escape%20game\" target=\"_blank\" rel=\"noopener\">Escape-Games f\u00fcr Sch\u00fclerinnen und Sch\u00fcler<\/a>, die auch super online bearbeitet werden k\u00f6nnen.<\/p>\n<\/div><\/section><\/p><\/div>\n<style type=\"text\/css\" data-created_by=\"avia_inline_auto\" id=\"style-css-av-zc9xz1-4877c984082067fe7db5ba61708926a7\">\n.flex_column.av-zc9xz1-4877c984082067fe7db5ba61708926a7{\nborder-radius:0px 0px 0px 0px;\npadding:0px 0px 0px 0px;\n}\n<\/style>\n<div  class='flex_column av-zc9xz1-4877c984082067fe7db5ba61708926a7 av_one_third  avia-builder-el-4  el_after_av_two_third  avia-builder-el-last  flex_column_div av-zero-column-padding  '     ><style type=\"text\/css\" data-created_by=\"avia_inline_auto\" id=\"style-css-av-w860rh-53fffa47bd34bdefbf64653f1bfc5800\">\n.avia-image-container.av-w860rh-53fffa47bd34bdefbf64653f1bfc5800 img.avia_image{\nbox-shadow:none;\n}\n.avia-image-container.av-w860rh-53fffa47bd34bdefbf64653f1bfc5800 .av-image-caption-overlay-center{\ncolor:#ffffff;\n}\n<\/style>\n<div  class='avia-image-container av-w860rh-53fffa47bd34bdefbf64653f1bfc5800 av-styling- avia-align-center  avia-builder-el-5  avia-builder-el-no-sibling '   itemprop=\"image\" itemscope=\"itemscope\" itemtype=\"https:\/\/schema.org\/ImageObject\" ><div class=\"avia-image-container-inner\"><div class=\"avia-image-overlay-wrap\"><img fetchpriority=\"high\" class='wp-image-58086 avia-img-lazy-loading-not-58086 avia_image ' src='https:\/\/fobizz.com\/wp-content\/uploads\/2026\/01\/Gemini_Generated_Image_2b4aj92b4aj92b4a-1030x562.jpg' alt='' title='Gemini_Generated_Image_2b4aj92b4aj92b4a'  height=\"562\" width=\"1030\"  itemprop=\"thumbnailUrl\"  \/><\/div><\/div><\/div><\/div><span data-mce-type=\"bookmark\" style=\"display: inline-block; width: 0px; overflow: hidden; line-height: 0;\" class=\"mce_SELRES_end\">\ufeff<\/span><\/div><\/div><\/main><!-- close content main element --><\/div><\/div>\n<style type=\"text\/css\" data-created_by=\"avia_inline_auto\" id=\"style-css-av-1d8orx9-5ad43bae5d8f3c05671f1639ea0a0de5\">\n.avia-section.av-1d8orx9-5ad43bae5d8f3c05671f1639ea0a0de5{\nbackground-color:#d2f0f1;\nbackground-image:unset;\n}\n<\/style>\n<div id='av_section_2'  class='avia-section av-1d8orx9-5ad43bae5d8f3c05671f1639ea0a0de5 main_color avia-section-default avia-no-border-styling  avia-builder-el-6  el_after_av_section  el_before_av_section  newdesign_video-text single-column avia-bg-style-scroll container_wrap sidebar_right'  ><div class='container av-section-cont-open' ><div class='template-page content  av-content-small alpha units'><div class='post-entry post-entry-type-page post-entry-58068'><div class='entry-content-wrapper clearfix'>\n<div  class='flex_column av-iubwvx-c322d2bc09676007983ab989eb09b666 av_one_full  avia-builder-el-7  avia-builder-el-no-sibling  first flex_column_div  '     ><p>\n<style type=\"text\/css\" data-created_by=\"avia_inline_auto\" id=\"style-css-av-mk6mtqwt-9ede09666183df7c7a407e091dce8831\">\n#top .av_textblock_section.av-mk6mtqwt-9ede09666183df7c7a407e091dce8831 .avia_textblock{\ncolor:#999999;\n}\n<\/style>\n<section  class='av_textblock_section av-mk6mtqwt-9ede09666183df7c7a407e091dce8831 '   itemscope=\"itemscope\" itemtype=\"https:\/\/schema.org\/CreativeWork\" ><div class='avia_textblock newdesign_subtitle av_inherit_color'  itemprop=\"text\" ><p>Aufzeichnung Live-Stream<\/p>\n<\/div><\/section><br \/>\n<section  id=\"livestream\"  class='av_textblock_section av-m9sfbafw-358dc4ffe181b4b75f23f077124e59c1 '   itemscope=\"itemscope\" itemtype=\"https:\/\/schema.org\/CreativeWork\" ><div class='avia_textblock newdesign_h1'  itemprop=\"text\" ><h2><strong>KI entdecken: Kreativ werden mit K\u00fcnstlicher Intelligenz<\/strong><\/h2>\n<h2><\/h2>\n<\/div><\/section><br \/>\n<section  class='av_textblock_section av-m9sfbwx1-e7645a040fc9618c33f55eb627388c21 '   itemscope=\"itemscope\" itemtype=\"https:\/\/schema.org\/CreativeWork\" ><div class='avia_textblock content-list-style'  itemprop=\"text\" ><p>Der Live-Stream hat am Freitag, 09. Januar um 08:30 Uhr stattgefunden. <strong>Hier kannst du dir die Aufzeichnung ansehen.<br \/>\n<\/strong><\/p>\n<\/div><\/section><br \/>\n<br \/>\n\n<style type=\"text\/css\" data-created_by=\"avia_inline_auto\" id=\"style-css-av-vyezv8-dabcb079214bf810de33171f8c6765a4\">\n#top .hr.hr-invisible.av-vyezv8-dabcb079214bf810de33171f8c6765a4{\nheight:50px;\n}\n<\/style>\n<div  class='hr av-vyezv8-dabcb079214bf810de33171f8c6765a4 hr-invisible  avia-builder-el-12  el_after_av_codeblock  el_before_av_textblock '><span class='hr-inner '><span class=\"hr-inner-style\"><\/span><\/span><\/div><br \/>\n<section  class='av_textblock_section av-mk6jounk-220c4aca012dcb95e1103619bfb300b7 '   itemscope=\"itemscope\" itemtype=\"https:\/\/schema.org\/CreativeWork\" ><div class='avia_textblock content-list-style'  itemprop=\"text\" ><p>Hier kannst du dir deine <a href=\"https:\/\/app.fobizz.com\/file_sharing\/public_files\/3baa064c-bab9-4e7f-a690-abe839855ed1?token=e6625c0c7e57319428cd1ebb1f3ea9b6\" target=\"_blank\" rel=\"noopener\"><strong>Teilnahmebescheinigung<\/strong>\u00a0<\/a>\ud83c\udf93herunterladen.<\/p>\n<\/div><\/section><\/p><\/div>\n<\/p>\n<\/div><\/div><\/div><!-- close content main div --><\/div><\/div>\n<style type=\"text\/css\" data-created_by=\"avia_inline_auto\" id=\"style-css-av-4j53ppw-974e34cd6696bf238628530c806e5806\">\n.avia-section.av-4j53ppw-974e34cd6696bf238628530c806e5806{\nbackground-color:#ffffff;\nbackground-image:unset;\n}\n<\/style>\n<div id='av_section_3'  class='avia-section av-4j53ppw-974e34cd6696bf238628530c806e5806 main_color avia-section-default avia-no-border-styling  avia-builder-el-14  el_after_av_section  avia-builder-el-last  newdesign_hero-banner avia-bg-style-scroll container_wrap sidebar_right'  ><div class='container av-section-cont-open' ><div class='template-page content  av-content-small alpha units'><div class='post-entry post-entry-type-page post-entry-58068'><div class='entry-content-wrapper clearfix'>\n\n<style type=\"text\/css\" data-created_by=\"avia_inline_auto\" id=\"style-css-av-3w3qw1g-5ecfad5e59b70a8c7fcbf199a60ae8f4\">\n.flex_column.av-3w3qw1g-5ecfad5e59b70a8c7fcbf199a60ae8f4{\nborder-radius:0px 0px 0px 0px;\npadding:0px 0px 0px 0px;\n}\n<\/style>\n<div  class='flex_column av-3w3qw1g-5ecfad5e59b70a8c7fcbf199a60ae8f4 av_one_full  avia-builder-el-15  el_before_av_one_third  avia-builder-el-first  first flex_column_div av-zero-column-padding  '     ><section  class='av_textblock_section av-3atfvbo-eb157789b27f576da0f6223124882dce '   itemscope=\"itemscope\" itemtype=\"https:\/\/schema.org\/CreativeWork\" ><div class='avia_textblock newdesign_h1'  itemprop=\"text\" ><h2>Wer ist Anbieter der Veranstaltung?<\/h2>\n<\/div><\/section><\/div>\n<style type=\"text\/css\" data-created_by=\"avia_inline_auto\" id=\"style-css-av-30l79o4-fdbb1c66eb8804a2b7bc60f6904c6703\">\n.flex_column.av-30l79o4-fdbb1c66eb8804a2b7bc60f6904c6703{\nborder-radius:0px 0px 0px 0px;\npadding:0px 0px 0px 0px;\n}\n<\/style>\n<div  class='flex_column av-30l79o4-fdbb1c66eb8804a2b7bc60f6904c6703 av_one_third  avia-builder-el-17  el_after_av_one_full  el_before_av_two_third  newdesign_image-column first flex_column_div av-zero-column-padding  column-top-margin'     ><style type=\"text\/css\" data-created_by=\"avia_inline_auto\" id=\"style-css-av-2no1aqc-5a5d97782f7e4b29b688327a223b4717\">\n.avia-image-container.av-2no1aqc-5a5d97782f7e4b29b688327a223b4717 img.avia_image{\nbox-shadow:none;\n}\n.avia-image-container.av-2no1aqc-5a5d97782f7e4b29b688327a223b4717 .av-image-caption-overlay-center{\ncolor:#ffffff;\n}\n<\/style>\n<div  class='avia-image-container av-2no1aqc-5a5d97782f7e4b29b688327a223b4717 av-styling-circle avia-align-center  avia-builder-el-18  avia-builder-el-no-sibling '   itemprop=\"image\" itemscope=\"itemscope\" itemtype=\"https:\/\/schema.org\/ImageObject\" ><div class=\"avia-image-container-inner\"><div class=\"avia-image-overlay-wrap\"><img fetchpriority=\"high\" class='wp-image-19573 avia-img-lazy-loading-not-19573 avia_image ' src='https:\/\/fobizz.com\/wp-content\/uploads\/2021\/07\/fobizz_logo.png' alt='' title='fobizz_logo'  height=\"999\" width=\"2048\"  itemprop=\"thumbnailUrl\"  \/><\/div><\/div><\/div><\/div>\n<style type=\"text\/css\" data-created_by=\"avia_inline_auto\" id=\"style-css-av-1yg5ed0-540a8660f0e6bb4627ea2e1d035c6634\">\n.flex_column.av-1yg5ed0-540a8660f0e6bb4627ea2e1d035c6634{\nborder-radius:0 0 0 0;\npadding:0px 0px 0px 0px;\n}\n<\/style>\n<div  class='flex_column av-1yg5ed0-540a8660f0e6bb4627ea2e1d035c6634 av_two_third  avia-builder-el-19  el_after_av_one_third  el_before_av_hr  flex_column_div av-zero-column-padding  column-top-margin'     ><section  class='av_textblock_section av-13s9ln8-84e32d731c09cfd86cd4d56884e416c4 '   itemscope=\"itemscope\" itemtype=\"https:\/\/schema.org\/CreativeWork\" ><div class='avia_textblock'  itemprop=\"text\" ><p>Die KI-Stunde wird durchgef\u00fchrt von fobizz, dem f\u00fchrenden deutschsprachigen Anbieter von Weiterbildungen, KI &amp; Tools f\u00fcr Lehrkr\u00e4fte und Schulen.<\/p>\n<p>Dieses Format wurde bereits im Rahmen der Code Week 2025 mit Schulklassen erprobt.<\/p>\n<\/div><\/section><\/div>\n<style type=\"text\/css\" data-created_by=\"avia_inline_auto\" id=\"style-css-av-wgc56c-36793bb0136002efa1e21310ec857f74\">\n#top .hr.hr-invisible.av-wgc56c-36793bb0136002efa1e21310ec857f74{\nheight:50px;\n}\n<\/style>\n<div  class='hr av-wgc56c-36793bb0136002efa1e21310ec857f74 hr-invisible  avia-builder-el-21  el_after_av_two_third  avia-builder-el-last '><span class='hr-inner '><span class=\"hr-inner-style\"><\/span><\/span><\/div>\n<\/div><\/div><\/div><!-- close content main div --><\/div><\/div><div id='after_section_3'  class='main_color av_default_container_wrap container_wrap sidebar_right'  ><div class='container av-section-cont-open' ><div class='template-page content  av-content-small alpha units'><div class='post-entry post-entry-type-page post-entry-58068'><div class='entry-content-wrapper clearfix'>\n","protected":false},"excerpt":{"rendered":"<p>\ufeff\ufeff<\/p>\n","protected":false},"author":16,"featured_media":58086,"parent":0,"menu_order":0,"comment_status":"closed","ping_status":"closed","template":"","meta":{"_monsterinsights_skip_tracking":false,"_monsterinsights_sitenote_active":false,"_monsterinsights_sitenote_note":"","_monsterinsights_sitenote_category":0,"_uf_show_specific_survey":0,"_uf_disable_surveys":false,"footnotes":""},"class_list":["post-58068","page","type-page","status-publish","has-post-thumbnail","hentry"],"acf":[],"yoast_head":"<!-- This site is optimized with the Yoast SEO Premium plugin v26.2 (Yoast SEO v27.3) - https:\/\/yoast.com\/product\/yoast-seo-premium-wordpress\/ -->\n<title>Online-Angebot Schneetag - fobizz<\/title>\n<meta name=\"description\" content=\"Kein Pr\u00e4senzunterricht aufgrund der aktuellen Witterungsbedingungen? Dann schaut euch unsere kostenfreie KI-Stunde an. F\u00fcr Lehrkr\u00e4fte gemeinsam mit ihren Klassen sowie f\u00fcr Sch\u00fclerinnen und Sch\u00fcler allein von zuhause.\" \/>\n<meta name=\"robots\" content=\"noindex, nofollow\" \/>\n<meta name=\"twitter:card\" content=\"summary_large_image\" \/>\n<meta name=\"twitter:title\" content=\"Online-Angebot Schneetag - fobizz\" \/>\n<meta name=\"twitter:description\" content=\"Kein Pr\u00e4senzunterricht aufgrund der aktuellen Witterungsbedingungen? Dann schaut euch unsere kostenfreie KI-Stunde an. F\u00fcr Lehrkr\u00e4fte gemeinsam mit ihren Klassen sowie f\u00fcr Sch\u00fclerinnen und Sch\u00fcler allein von zuhause.\" \/>\n<meta name=\"twitter:image\" content=\"https:\/\/fobizz.com\/wp-content\/uploads\/2026\/01\/Gemini_Generated_Image_2b4aj92b4aj92b4a-scaled.jpg\" \/>\n<meta name=\"twitter:site\" content=\"@fobizz\" \/>\n<meta name=\"twitter:label1\" content=\"Gesch\u00e4tzte Lesezeit\" \/>\n\t<meta name=\"twitter:data1\" content=\"2\u00a0Minuten\" \/>\n<script type=\"application\/ld+json\" class=\"yoast-schema-graph\">{\"@context\":\"https:\\\/\\\/schema.org\",\"@graph\":[{\"@type\":\"WebPage\",\"@id\":\"https:\\\/\\\/fobizz.com\\\/de\\\/schneetag\\\/\",\"url\":\"https:\\\/\\\/fobizz.com\\\/de\\\/schneetag\\\/\",\"name\":\"Online-Angebot Schneetag - fobizz\",\"isPartOf\":{\"@id\":\"https:\\\/\\\/fobizz.com\\\/de\\\/#website\"},\"primaryImageOfPage\":{\"@id\":\"https:\\\/\\\/fobizz.com\\\/de\\\/schneetag\\\/#primaryimage\"},\"image\":{\"@id\":\"https:\\\/\\\/fobizz.com\\\/de\\\/schneetag\\\/#primaryimage\"},\"thumbnailUrl\":\"https:\\\/\\\/fobizz.com\\\/wp-content\\\/uploads\\\/2026\\\/01\\\/Gemini_Generated_Image_2b4aj92b4aj92b4a-scaled.jpg\",\"datePublished\":\"2026-01-08T15:43:30+00:00\",\"dateModified\":\"2026-01-26T14:57:39+00:00\",\"description\":\"Kein Pr\u00e4senzunterricht aufgrund der aktuellen Witterungsbedingungen? Dann schaut euch unsere kostenfreie KI-Stunde an. F\u00fcr Lehrkr\u00e4fte gemeinsam mit ihren Klassen sowie f\u00fcr Sch\u00fclerinnen und Sch\u00fcler allein von zuhause.\",\"breadcrumb\":{\"@id\":\"https:\\\/\\\/fobizz.com\\\/de\\\/schneetag\\\/#breadcrumb\"},\"inLanguage\":\"de\",\"potentialAction\":[{\"@type\":\"ReadAction\",\"target\":[\"https:\\\/\\\/fobizz.com\\\/de\\\/schneetag\\\/\"]}]},{\"@type\":\"ImageObject\",\"inLanguage\":\"de\",\"@id\":\"https:\\\/\\\/fobizz.com\\\/de\\\/schneetag\\\/#primaryimage\",\"url\":\"https:\\\/\\\/fobizz.com\\\/wp-content\\\/uploads\\\/2026\\\/01\\\/Gemini_Generated_Image_2b4aj92b4aj92b4a-scaled.jpg\",\"contentUrl\":\"https:\\\/\\\/fobizz.com\\\/wp-content\\\/uploads\\\/2026\\\/01\\\/Gemini_Generated_Image_2b4aj92b4aj92b4a-scaled.jpg\",\"width\":2560,\"height\":1396},{\"@type\":\"BreadcrumbList\",\"@id\":\"https:\\\/\\\/fobizz.com\\\/de\\\/schneetag\\\/#breadcrumb\",\"itemListElement\":[{\"@type\":\"ListItem\",\"position\":1,\"name\":\"Startseite\",\"item\":\"https:\\\/\\\/fobizz.com\\\/de\\\/startpage\\\/\"},{\"@type\":\"ListItem\",\"position\":2,\"name\":\"Online-Angebot Schneetag\"}]},{\"@type\":\"WebSite\",\"@id\":\"https:\\\/\\\/fobizz.com\\\/de\\\/#website\",\"url\":\"https:\\\/\\\/fobizz.com\\\/de\\\/\",\"name\":\"fobizz\",\"description\":\"AI &amp; digital Tools for Teachers\",\"publisher\":{\"@id\":\"https:\\\/\\\/fobizz.com\\\/de\\\/#organization\"},\"potentialAction\":[{\"@type\":\"SearchAction\",\"target\":{\"@type\":\"EntryPoint\",\"urlTemplate\":\"https:\\\/\\\/fobizz.com\\\/de\\\/?s={search_term_string}\"},\"query-input\":{\"@type\":\"PropertyValueSpecification\",\"valueRequired\":true,\"valueName\":\"search_term_string\"}}],\"inLanguage\":\"de\"},{\"@type\":\"Organization\",\"@id\":\"https:\\\/\\\/fobizz.com\\\/de\\\/#organization\",\"name\":\"fobizz\",\"url\":\"https:\\\/\\\/fobizz.com\\\/de\\\/\",\"logo\":{\"@type\":\"ImageObject\",\"inLanguage\":\"de\",\"@id\":\"https:\\\/\\\/fobizz.com\\\/de\\\/#\\\/schema\\\/logo\\\/image\\\/\",\"url\":\"https:\\\/\\\/fobizz.com\\\/wp-content\\\/uploads\\\/2023\\\/07\\\/fobi_autor_fobizz.png\",\"contentUrl\":\"https:\\\/\\\/fobizz.com\\\/wp-content\\\/uploads\\\/2023\\\/07\\\/fobi_autor_fobizz.png\",\"width\":200,\"height\":200,\"caption\":\"fobizz\"},\"image\":{\"@id\":\"https:\\\/\\\/fobizz.com\\\/de\\\/#\\\/schema\\\/logo\\\/image\\\/\"},\"sameAs\":[\"https:\\\/\\\/www.facebook.com\\\/fobizz\\\/\",\"https:\\\/\\\/x.com\\\/fobizz\",\"https:\\\/\\\/www.instagram.com\\\/fobizz_com\\\/\",\"https:\\\/\\\/www.youtube.com\\\/@fobizz702\",\"https:\\\/\\\/www.pinterest.de\\\/fobizz_com\"]}]}<\/script>\n<!-- \/ Yoast SEO Premium plugin. -->","yoast_head_json":{"title":"Online-Angebot Schneetag - fobizz","description":"Kein Pr\u00e4senzunterricht aufgrund der aktuellen Witterungsbedingungen? Dann schaut euch unsere kostenfreie KI-Stunde an. F\u00fcr Lehrkr\u00e4fte gemeinsam mit ihren Klassen sowie f\u00fcr Sch\u00fclerinnen und Sch\u00fcler allein von zuhause.","robots":{"index":"noindex","follow":"nofollow"},"twitter_card":"summary_large_image","twitter_title":"Online-Angebot Schneetag - fobizz","twitter_description":"Kein Pr\u00e4senzunterricht aufgrund der aktuellen Witterungsbedingungen? Dann schaut euch unsere kostenfreie KI-Stunde an. F\u00fcr Lehrkr\u00e4fte gemeinsam mit ihren Klassen sowie f\u00fcr Sch\u00fclerinnen und Sch\u00fcler allein von zuhause.","twitter_image":"https:\/\/fobizz.com\/wp-content\/uploads\/2026\/01\/Gemini_Generated_Image_2b4aj92b4aj92b4a-scaled.jpg","twitter_site":"@fobizz","twitter_misc":{"Gesch\u00e4tzte Lesezeit":"2\u00a0Minuten"},"schema":{"@context":"https:\/\/schema.org","@graph":[{"@type":"WebPage","@id":"https:\/\/fobizz.com\/de\/schneetag\/","url":"https:\/\/fobizz.com\/de\/schneetag\/","name":"Online-Angebot Schneetag - fobizz","isPartOf":{"@id":"https:\/\/fobizz.com\/de\/#website"},"primaryImageOfPage":{"@id":"https:\/\/fobizz.com\/de\/schneetag\/#primaryimage"},"image":{"@id":"https:\/\/fobizz.com\/de\/schneetag\/#primaryimage"},"thumbnailUrl":"https:\/\/fobizz.com\/wp-content\/uploads\/2026\/01\/Gemini_Generated_Image_2b4aj92b4aj92b4a-scaled.jpg","datePublished":"2026-01-08T15:43:30+00:00","dateModified":"2026-01-26T14:57:39+00:00","description":"Kein Pr\u00e4senzunterricht aufgrund der aktuellen Witterungsbedingungen? Dann schaut euch unsere kostenfreie KI-Stunde an. F\u00fcr Lehrkr\u00e4fte gemeinsam mit ihren Klassen sowie f\u00fcr Sch\u00fclerinnen und Sch\u00fcler allein von zuhause.","breadcrumb":{"@id":"https:\/\/fobizz.com\/de\/schneetag\/#breadcrumb"},"inLanguage":"de","potentialAction":[{"@type":"ReadAction","target":["https:\/\/fobizz.com\/de\/schneetag\/"]}]},{"@type":"ImageObject","inLanguage":"de","@id":"https:\/\/fobizz.com\/de\/schneetag\/#primaryimage","url":"https:\/\/fobizz.com\/wp-content\/uploads\/2026\/01\/Gemini_Generated_Image_2b4aj92b4aj92b4a-scaled.jpg","contentUrl":"https:\/\/fobizz.com\/wp-content\/uploads\/2026\/01\/Gemini_Generated_Image_2b4aj92b4aj92b4a-scaled.jpg","width":2560,"height":1396},{"@type":"BreadcrumbList","@id":"https:\/\/fobizz.com\/de\/schneetag\/#breadcrumb","itemListElement":[{"@type":"ListItem","position":1,"name":"Startseite","item":"https:\/\/fobizz.com\/de\/startpage\/"},{"@type":"ListItem","position":2,"name":"Online-Angebot Schneetag"}]},{"@type":"WebSite","@id":"https:\/\/fobizz.com\/de\/#website","url":"https:\/\/fobizz.com\/de\/","name":"fobizz","description":"AI &amp; digital Tools for Teachers","publisher":{"@id":"https:\/\/fobizz.com\/de\/#organization"},"potentialAction":[{"@type":"SearchAction","target":{"@type":"EntryPoint","urlTemplate":"https:\/\/fobizz.com\/de\/?s={search_term_string}"},"query-input":{"@type":"PropertyValueSpecification","valueRequired":true,"valueName":"search_term_string"}}],"inLanguage":"de"},{"@type":"Organization","@id":"https:\/\/fobizz.com\/de\/#organization","name":"fobizz","url":"https:\/\/fobizz.com\/de\/","logo":{"@type":"ImageObject","inLanguage":"de","@id":"https:\/\/fobizz.com\/de\/#\/schema\/logo\/image\/","url":"https:\/\/fobizz.com\/wp-content\/uploads\/2023\/07\/fobi_autor_fobizz.png","contentUrl":"https:\/\/fobizz.com\/wp-content\/uploads\/2023\/07\/fobi_autor_fobizz.png","width":200,"height":200,"caption":"fobizz"},"image":{"@id":"https:\/\/fobizz.com\/de\/#\/schema\/logo\/image\/"},"sameAs":["https:\/\/www.facebook.com\/fobizz\/","https:\/\/x.com\/fobizz","https:\/\/www.instagram.com\/fobizz_com\/","https:\/\/www.youtube.com\/@fobizz702","https:\/\/www.pinterest.de\/fobizz_com"]}]}},"_links":{"self":[{"href":"https:\/\/fobizz.com\/de\/wp-json\/wp\/v2\/pages\/58068","targetHints":{"allow":["GET"]}}],"collection":[{"href":"https:\/\/fobizz.com\/de\/wp-json\/wp\/v2\/pages"}],"about":[{"href":"https:\/\/fobizz.com\/de\/wp-json\/wp\/v2\/types\/page"}],"author":[{"embeddable":true,"href":"https:\/\/fobizz.com\/de\/wp-json\/wp\/v2\/users\/16"}],"replies":[{"embeddable":true,"href":"https:\/\/fobizz.com\/de\/wp-json\/wp\/v2\/comments?post=58068"}],"version-history":[{"count":12,"href":"https:\/\/fobizz.com\/de\/wp-json\/wp\/v2\/pages\/58068\/revisions"}],"predecessor-version":[{"id":58264,"href":"https:\/\/fobizz.com\/de\/wp-json\/wp\/v2\/pages\/58068\/revisions\/58264"}],"wp:featuredmedia":[{"embeddable":true,"href":"https:\/\/fobizz.com\/de\/wp-json\/wp\/v2\/media\/58086"}],"wp:attachment":[{"href":"https:\/\/fobizz.com\/de\/wp-json\/wp\/v2\/media?parent=58068"}],"curies":[{"name":"wp","href":"https:\/\/api.w.org\/{rel}","templated":true}]}}