{"id":58417,"date":"2026-02-23T13:52:15","date_gmt":"2026-02-23T12:52:15","guid":{"rendered":"https:\/\/fobizz.com\/?page_id=58417"},"modified":"2026-04-13T11:51:06","modified_gmt":"2026-04-13T09:51:06","slug":"tagung","status":"publish","type":"page","link":"https:\/\/fobizz.com\/de\/tagung\/","title":{"rendered":"fobizz Tagung 2026"},"content":{"rendered":"<div id='av_section_1'  class='avia-section av-1g5b4lt-77b15844abd4ef617fc85f9996f321a7 main_color avia-section-default avia-no-border-styling  avia-builder-el-0  el_before_av_section  avia-builder-el-first  newdesign_hero-banner avia-bg-style-scroll container_wrap sidebar_right'  ><div class='container av-section-cont-open' ><main  role=\"main\" itemprop=\"mainContentOfPage\"  class='template-page content  av-content-small alpha units'><div class='post-entry post-entry-type-page post-entry-58417'><div class='entry-content-wrapper clearfix'>\n\n<style type=\"text\/css\" data-created_by=\"avia_inline_auto\" id=\"style-css-av-177ic4x-ef0fa17418ef68f4791448f0507ee583\">\n.flex_column.av-177ic4x-ef0fa17418ef68f4791448f0507ee583{\nborder-radius:0px 0px 0px 0px;\npadding:0px 0px 0px 0px;\n}\n<\/style>\n<div  class='flex_column av-177ic4x-ef0fa17418ef68f4791448f0507ee583 av_three_fifth  avia-builder-el-1  el_before_av_two_fifth  avia-builder-el-first  first flex_column_div av-zero-column-padding  '     ><p>\n<style type=\"text\/css\" data-created_by=\"avia_inline_auto\" id=\"style-css-av-mm0plwvn-74936e68e463dd842aa0171e95ee0d36\">\n#top .av_textblock_section.av-mm0plwvn-74936e68e463dd842aa0171e95ee0d36 .avia_textblock{\ncolor:#999999;\n}\n<\/style>\n<section  class='av_textblock_section av-mm0plwvn-74936e68e463dd842aa0171e95ee0d36 '   itemscope=\"itemscope\" itemtype=\"https:\/\/schema.org\/CreativeWork\" ><div class='avia_textblock newdesign_subtitle av_inherit_color'  itemprop=\"text\" ><p>Innovative Bildung im Dialog<\/p>\n<\/div><\/section><br \/>\n<section  class='av_textblock_section av-mm0plpdp-65846ebb7bd72b5e2b99c38ba17d37c2 '   itemscope=\"itemscope\" itemtype=\"https:\/\/schema.org\/CreativeWork\" ><div class='avia_textblock newdesign_h1'  itemprop=\"text\" ><h1>fobizz Tagung 2026<\/h1>\n<\/div><\/section><br \/>\n<section  class='av_textblock_section av-mm0pmr3d-9be8324ebef716822bcf4c6e8639a5ce '   itemscope=\"itemscope\" itemtype=\"https:\/\/schema.org\/CreativeWork\" ><div class='avia_textblock'  itemprop=\"text\" ><p>Am 12. Juni 2026 hei\u00dfen wir Sie herzlich in Hamburg willkommen.<\/p>\n<p>Die Teilnahme ist ausschlie\u00dflich auf Einladung m\u00f6glich. Wenn Sie eine Einladung w\u00fcnschen oder R\u00fcckfragen haben, wenden Sie sich bitte an <a href=\"mailto:laura.keller@fobizz.com\">Laura Keller<\/a>.<\/p>\n<\/div><\/section><\/p><\/div>\n<style type=\"text\/css\" data-created_by=\"avia_inline_auto\" id=\"style-css-av-wnax81-806ffcb3bbfb5a9c746ac7bdf688afc4\">\n.flex_column.av-wnax81-806ffcb3bbfb5a9c746ac7bdf688afc4{\nborder-radius:0px 0px 0px 0px;\npadding:0px 0px 0px 0px;\n}\n<\/style>\n<div  class='flex_column av-wnax81-806ffcb3bbfb5a9c746ac7bdf688afc4 av_two_fifth  avia-builder-el-5  el_after_av_three_fifth  el_before_av_textblock  flex_column_div av-zero-column-padding  '     ><style type=\"text\/css\" data-created_by=\"avia_inline_auto\" id=\"style-css-av-mm0pnfv3-cf96381284f9d641336e6a21dc39c680\">\n.avia-image-container.av-mm0pnfv3-cf96381284f9d641336e6a21dc39c680 img.avia_image{\nbox-shadow:none;\n}\n.avia-image-container.av-mm0pnfv3-cf96381284f9d641336e6a21dc39c680 .av-image-caption-overlay-center{\ncolor:#ffffff;\n}\n<\/style>\n<div  class='avia-image-container av-mm0pnfv3-cf96381284f9d641336e6a21dc39c680 av-styling- avia-align-center  avia-builder-el-6  avia-builder-el-no-sibling '   itemprop=\"image\" itemscope=\"itemscope\" itemtype=\"https:\/\/schema.org\/ImageObject\" ><div class=\"avia-image-container-inner\"><div class=\"avia-image-overlay-wrap\"><img fetchpriority=\"high\" class='wp-image-58716 avia-img-lazy-loading-not-58716 avia_image ' src='https:\/\/fobizz.com\/wp-content\/uploads\/2026\/02\/Bild-WP-Tagung-5-1030x687.png' alt='' title='Bild WP Tagung (5)'  height=\"687\" width=\"1030\"  itemprop=\"thumbnailUrl\"  \/><\/div><\/div><\/div><\/div><section  class='av_textblock_section av-257j709-d6920a76d58b9d44490b0ec2bef64a6e '   itemscope=\"itemscope\" itemtype=\"https:\/\/schema.org\/CreativeWork\" ><div class='avia_textblock'  itemprop=\"text\" ><p><strong>Programm<\/strong><\/p>\n<ol>\n<li>11:00 &#8211; 12:30 Uhr Workshop zur fobizz Plattform inkl. KI-Tools (optional)<\/li>\n<li>12:30 &#8211; 17:00 Uhr Hauptprogramm, Best Practice Beispielen, Produktupdates, Q&amp;A<\/li>\n<li>17:30 &#8211; 19:00 Uhr Hafenrundfahrt inkl. Networking (optional)<\/li>\n<li>ab 19:30 Uhr gemeinsames Abendessen (optional, mit Selbstbeteiligung)<\/li>\n<\/ol>\n<hr \/>\n<p><strong>Adresse f\u00fcr das Hauptprogramm &amp; Workshop<\/strong>:<br \/>\n<a href=\"https:\/\/maps.app.goo.gl\/HrMDsx1xqNzfCo6r5\" target=\"_blank\" rel=\"noopener\">SPACE Hamburg<\/a>, Am Sandtorkai 27, 20457 Hamburg<\/p>\n<p><strong>Adresse Hafenrundfahrt:<br \/>\n<\/strong>Anleger Kajen. Wir gehen gemeinsam zu Fu\u00df (knapp 10 Minuten) vom der Veranstaltungslocation zur Hafenrundfahrt.<\/p>\n<p><strong>Adresse Gemeinsames Abendessen:<br \/>\n<\/strong>Details folgen in K\u00fcrze.<\/p>\n<\/div><\/section>\n<section  class='av_textblock_section av-mlz6anpo-d452040f621c3abcad72015e2a84db6c '   itemscope=\"itemscope\" itemtype=\"https:\/\/schema.org\/CreativeWork\" ><div class='avia_textblock'  itemprop=\"text\" ><p class=\"font-claude-response-body break-words whitespace-normal leading-&#091;1.7&#093;\"><strong>Hotelempfehlungen<\/strong><\/p>\n<p class=\"font-claude-response-body break-words whitespace-normal leading-&#091;1.7&#093;\">F\u00fcr Ihre Anreise empfehlen wir folgende Hotels in der N\u00e4he des Veranstaltungsortes. Die Buchung erfolgt eigenst\u00e4ndig \u2013 Verf\u00fcgbarkeit und Preise k\u00f6nnen variieren.<\/p>\n<ul class=\"&#091;li_&amp;&#093;:mb-0 &#091;li_&amp;&#093;:mt-1 &#091;li_&amp;&#093;:gap-1 &#091;&amp;:not(:last-child)_ul&#093;:pb-1 &#091;&amp;:not(:last-child)_ol&#093;:pb-1 list-disc flex flex-col gap-1 pl-8 mb-3\">\n<li class=\"whitespace-normal break-words pl-2\"><a class=\"underline underline underline-offset-2 decoration-1 decoration-current\/40 hover:decoration-current focus:decoration-current\" href=\"https:\/\/all.accor.com\/hotel\/B4C5\/index.de.shtml\">Novotel Hamburg<\/a> | L\u00fcbecker Str. 3, 22087 Hamburg<\/li>\n<li class=\"whitespace-normal break-words pl-2\"><a class=\"underline underline underline-offset-2 decoration-1 decoration-current\/40 hover:decoration-current focus:decoration-current\" href=\"https:\/\/www.motel-one.com\/de\/hotels\/hamburg\/hotel-hamburg-fleetinsel\/\">Motel One Hamburg-Fleetinsel<\/a> | Admiralit\u00e4tstra\u00dfe 55-56, 20459 Hamburg<\/li>\n<li class=\"whitespace-normal break-words pl-2\"><a class=\"underline underline underline-offset-2 decoration-1 decoration-current\/40 hover:decoration-current focus:decoration-current\" href=\"https:\/\/www.adinahotels.com\/de\/apartments\/hamburg-speicherstadt\/\">Adina Hotel Hamburg Speicherstadt<\/a> | Willy-Brandt-Str. 25, 20457 Hamburg<\/li>\n<\/ul>\n<\/div><\/section>\n<\/div><\/div><\/main><!-- close content main element --><\/div><\/div>\n<style type=\"text\/css\" data-created_by=\"avia_inline_auto\" id=\"style-css-av-3fxvysx-95b7a042bdd101fb3b35470058e2472e\">\n.avia-section.av-3fxvysx-95b7a042bdd101fb3b35470058e2472e{\nbackground-color:#d2f0f1;\nbackground-image:unset;\n}\n<\/style>\n<div id='av_section_2'  class='avia-section av-3fxvysx-95b7a042bdd101fb3b35470058e2472e main_color avia-section-default avia-no-border-styling  avia-builder-el-9  el_after_av_section  avia-builder-el-last  newdesign_three-column-news newdesign_overlay avia-bg-style-scroll container_wrap sidebar_right'  ><div class='container av-section-cont-open' ><div class='template-page content  av-content-small alpha units'><div class='post-entry post-entry-type-page post-entry-58417'><div class='entry-content-wrapper clearfix'>\n<div class='flex_column_table av-30yye0h-c11c63d13780f11409e29cdd791cb407 sc-av_one_third av-equal-height-column-flextable'>\n<style type=\"text\/css\" data-created_by=\"avia_inline_auto\" id=\"style-css-av-30yye0h-c11c63d13780f11409e29cdd791cb407\">\n.flex_column.av-30yye0h-c11c63d13780f11409e29cdd791cb407{\npadding:0px 0px 0px 0px;\n}\n<\/style>\n<div  class='flex_column av-30yye0h-c11c63d13780f11409e29cdd791cb407 av_one_third  avia-builder-el-10  el_before_av_one_third  avia-builder-el-first  first flex_column_table_cell av-equal-height-column av-align-top av-zero-column-padding  '     ><p>\n<style type=\"text\/css\" data-created_by=\"avia_inline_auto\" id=\"style-css-av-mlaxp4vy-10ce72498aa89b9b13cb12b5648893e4\">\n.avia-image-container.av-mlaxp4vy-10ce72498aa89b9b13cb12b5648893e4 img.avia_image{\nbox-shadow:none;\n}\n.avia-image-container.av-mlaxp4vy-10ce72498aa89b9b13cb12b5648893e4 .av-image-caption-overlay-center{\ncolor:#ffffff;\n}\n<\/style>\n<div  class='avia-image-container av-mlaxp4vy-10ce72498aa89b9b13cb12b5648893e4 av-styling- avia-align-center  avia-builder-el-11  el_before_av_textblock  avia-builder-el-first '   itemprop=\"image\" itemscope=\"itemscope\" itemtype=\"https:\/\/schema.org\/ImageObject\" ><div class=\"avia-image-container-inner\"><div class=\"avia-image-overlay-wrap\"><img fetchpriority=\"high\" class='wp-image-58660 avia-img-lazy-loading-not-58660 avia_image ' src='https:\/\/fobizz.com\/wp-content\/uploads\/2026\/02\/Bild-WP-Tagung-1030x687.png' alt='' title='Bild WP Tagung'  height=\"687\" width=\"1030\"  itemprop=\"thumbnailUrl\"  \/><\/div><\/div><\/div><br \/>\n<section  class='av_textblock_section av-mlawgfn4-0a20c6eae0b1dd50967d047fe919409b '   itemscope=\"itemscope\" itemtype=\"https:\/\/schema.org\/CreativeWork\" ><div class='avia_textblock newdesign_subtitle'  itemprop=\"text\" ><p style=\"text-align: left;\">Workshop<\/p>\n<\/div><\/section><br \/>\n<section  class='av_textblock_section av-2q6nh9t-966d43a26b94f741fa14dd32d3cb49ec '   itemscope=\"itemscope\" itemtype=\"https:\/\/schema.org\/CreativeWork\" ><div class='avia_textblock'  itemprop=\"text\" ><p>Ein kompakter Einblick in die fobizz Plattform: Funktionen, KI-Tools und was das f\u00fcr Schultr\u00e4ger und Bildungseinrichtungen bedeutet.<\/p>\n<\/div><\/section><\/p><\/div><div class='av-flex-placeholder'><\/div>\n<style type=\"text\/css\" data-created_by=\"avia_inline_auto\" id=\"style-css-av-212r6nl-c4563aaba7297a72dd17e290f0bcbb9f\">\n.flex_column.av-212r6nl-c4563aaba7297a72dd17e290f0bcbb9f{\npadding:0px 0px 0px 0px;\n}\n<\/style>\n<div  class='flex_column av-212r6nl-c4563aaba7297a72dd17e290f0bcbb9f av_one_third  avia-builder-el-14  el_after_av_one_third  el_before_av_one_third  flex_column_table_cell av-equal-height-column av-align-top av-zero-column-padding  '     ><p>\n<style type=\"text\/css\" data-created_by=\"avia_inline_auto\" id=\"style-css-av-mlaxqqlb-f176c7eb812d554b3909f2847bb97cd5\">\n.avia-image-container.av-mlaxqqlb-f176c7eb812d554b3909f2847bb97cd5 img.avia_image{\nbox-shadow:none;\n}\n.avia-image-container.av-mlaxqqlb-f176c7eb812d554b3909f2847bb97cd5 .av-image-caption-overlay-center{\ncolor:#ffffff;\n}\n<\/style>\n<div  class='avia-image-container av-mlaxqqlb-f176c7eb812d554b3909f2847bb97cd5 av-styling- avia-align-center  avia-builder-el-15  el_before_av_textblock  avia-builder-el-first '   itemprop=\"image\" itemscope=\"itemscope\" itemtype=\"https:\/\/schema.org\/ImageObject\" ><div class=\"avia-image-container-inner\"><div class=\"avia-image-overlay-wrap\"><img fetchpriority=\"high\" class='wp-image-58662 avia-img-lazy-loading-not-58662 avia_image ' src='https:\/\/fobizz.com\/wp-content\/uploads\/2026\/02\/Bild-WP-Tagung-2-1030x687.png' alt='' title='Bild WP Tagung (2)'  height=\"687\" width=\"1030\"  itemprop=\"thumbnailUrl\"  \/><\/div><\/div><\/div><br \/>\n<section  class='av_textblock_section av-mlawkvnt-0e66a9475c8a81230814cbe0aea068b0 '   itemscope=\"itemscope\" itemtype=\"https:\/\/schema.org\/CreativeWork\" ><div class='avia_textblock newdesign_subtitle'  itemprop=\"text\" ><p style=\"text-align: left;\">Hauptprogramm<\/p>\n<\/div><\/section><br \/>\n<section  class='av_textblock_section av-1oa8e8h-16e304e0f6d646e9b9c6eb360e0a661f '   itemscope=\"itemscope\" itemtype=\"https:\/\/schema.org\/CreativeWork\" ><div class='avia_textblock'  itemprop=\"text\" ><p>Best Practice Beispiele, aktuelle Produktupdates und ein offenes Q&amp;A liefern Ihnen fundierte Entscheidungsgrundlagen f\u00fcr den digitalen Wandel in Ihrer Einrichtung.<\/p>\n<\/div><\/section><\/p><\/div><div class='av-flex-placeholder'><\/div>\n<style type=\"text\/css\" data-created_by=\"avia_inline_auto\" id=\"style-css-av-11lm8wh-4f059188238f260f6c95e66f39cee7b3\">\n.flex_column.av-11lm8wh-4f059188238f260f6c95e66f39cee7b3{\npadding:0px 0px 0px 0px;\n}\n<\/style>\n<div  class='flex_column av-11lm8wh-4f059188238f260f6c95e66f39cee7b3 av_one_third  avia-builder-el-18  el_after_av_one_third  avia-builder-el-last  flex_column_table_cell av-equal-height-column av-align-top av-zero-column-padding  '     ><p>\n<style type=\"text\/css\" data-created_by=\"avia_inline_auto\" id=\"style-css-av-mlaxrf0r-e24bd427fea59808a496d147df812026\">\n.avia-image-container.av-mlaxrf0r-e24bd427fea59808a496d147df812026 img.avia_image{\nbox-shadow:none;\n}\n.avia-image-container.av-mlaxrf0r-e24bd427fea59808a496d147df812026 .av-image-caption-overlay-center{\ncolor:#ffffff;\n}\n<\/style>\n<div  class='avia-image-container av-mlaxrf0r-e24bd427fea59808a496d147df812026 av-styling- avia-align-center  avia-builder-el-19  el_before_av_textblock  avia-builder-el-first '   itemprop=\"image\" itemscope=\"itemscope\" itemtype=\"https:\/\/schema.org\/ImageObject\" ><div class=\"avia-image-container-inner\"><div class=\"avia-image-overlay-wrap\"><img fetchpriority=\"high\" class='wp-image-58721 avia-img-lazy-loading-not-58721 avia_image ' src='https:\/\/fobizz.com\/wp-content\/uploads\/2026\/02\/Bild-WP-Tagung-7-1030x687.png' alt='' title='Bild WP Tagung (7)'  height=\"687\" width=\"1030\"  itemprop=\"thumbnailUrl\"  \/><\/div><\/div><\/div><br \/>\n<section  class='av_textblock_section av-mlawl5j1-0d9baa621b9ba03baa586e0001c52652 '   itemscope=\"itemscope\" itemtype=\"https:\/\/schema.org\/CreativeWork\" ><div class='avia_textblock newdesign_subtitle'  itemprop=\"text\" ><p>Gemeinsamer Ausklang<\/p>\n<\/div><\/section><br \/>\n<section  class='av_textblock_section av-mmqt9t-a4c91fa5f809f39929faee979e128408 '   itemscope=\"itemscope\" itemtype=\"https:\/\/schema.org\/CreativeWork\" ><div class='avia_textblock'  itemprop=\"text\" ><p style=\"text-align: left;\">Lassen Sie uns den Tag bei einer Hafenrundfahrt, gemeinsamem Abendessen und Austausch ausklingen.<\/p>\n<\/div><\/section><\/p><\/div><\/div><!--close column table wrapper. Autoclose: 1 -->\n<\/div><\/div><\/div><!-- close content main div --><\/div><\/div><div id='after_section_2'  class='main_color av_default_container_wrap container_wrap sidebar_right'  ><div class='container av-section-cont-open' ><div class='template-page content  av-content-small alpha units'><div class='post-entry post-entry-type-page post-entry-58417'><div class='entry-content-wrapper clearfix'><\/p>\n","protected":false},"excerpt":{"rendered":"","protected":false},"author":30,"featured_media":0,"parent":0,"menu_order":0,"comment_status":"closed","ping_status":"closed","template":"","meta":{"_monsterinsights_skip_tracking":false,"_monsterinsights_sitenote_active":false,"_monsterinsights_sitenote_note":"","_monsterinsights_sitenote_category":0,"_uf_show_specific_survey":0,"_uf_disable_surveys":false,"footnotes":""},"class_list":["post-58417","page","type-page","status-publish","hentry"],"acf":[],"yoast_head":"<!-- This site is optimized with the Yoast SEO Premium plugin v26.2 (Yoast SEO v27.3) - https:\/\/yoast.com\/product\/yoast-seo-premium-wordpress\/ -->\n<title>fobizz Tagung am 12. Juni 2026<\/title>\n<meta name=\"description\" content=\"Best Practice Beispiele, KI-Tools im Unterricht und Networking f\u00fcr Entscheider aus Schultr\u00e4gern und Bildungseinrichtungen.\" \/>\n<meta name=\"robots\" content=\"index, follow, max-snippet:-1, max-image-preview:large, max-video-preview:-1\" \/>\n<link rel=\"canonical\" href=\"https:\/\/fobizz.com\/de\/tagung\/\" \/>\n<meta name=\"twitter:card\" content=\"summary_large_image\" \/>\n<meta name=\"twitter:title\" content=\"fobizz Tagung am 12. Juni 2026\" \/>\n<meta name=\"twitter:description\" content=\"Best Practice Beispiele, KI-Tools im Unterricht und Networking f\u00fcr Entscheider aus Schultr\u00e4gern und Bildungseinrichtungen.\" \/>\n<meta name=\"twitter:site\" content=\"@fobizz\" \/>\n<meta name=\"twitter:label1\" content=\"Gesch\u00e4tzte Lesezeit\" \/>\n\t<meta name=\"twitter:data1\" content=\"2\u00a0Minuten\" \/>\n<script type=\"application\/ld+json\" class=\"yoast-schema-graph\">{\"@context\":\"https:\\\/\\\/schema.org\",\"@graph\":[{\"@type\":\"WebPage\",\"@id\":\"https:\\\/\\\/fobizz.com\\\/de\\\/tagung\\\/\",\"url\":\"https:\\\/\\\/fobizz.com\\\/de\\\/tagung\\\/\",\"name\":\"fobizz Tagung am 12. Juni 2026\",\"isPartOf\":{\"@id\":\"https:\\\/\\\/fobizz.com\\\/de\\\/#website\"},\"datePublished\":\"2026-02-23T12:52:15+00:00\",\"dateModified\":\"2026-04-13T09:51:06+00:00\",\"description\":\"Best Practice Beispiele, KI-Tools im Unterricht und Networking f\u00fcr Entscheider aus Schultr\u00e4gern und Bildungseinrichtungen.\",\"breadcrumb\":{\"@id\":\"https:\\\/\\\/fobizz.com\\\/de\\\/tagung\\\/#breadcrumb\"},\"inLanguage\":\"de\",\"potentialAction\":[{\"@type\":\"ReadAction\",\"target\":[\"https:\\\/\\\/fobizz.com\\\/de\\\/tagung\\\/\"]}]},{\"@type\":\"BreadcrumbList\",\"@id\":\"https:\\\/\\\/fobizz.com\\\/de\\\/tagung\\\/#breadcrumb\",\"itemListElement\":[{\"@type\":\"ListItem\",\"position\":1,\"name\":\"Startseite\",\"item\":\"https:\\\/\\\/fobizz.com\\\/de\\\/startpage\\\/\"},{\"@type\":\"ListItem\",\"position\":2,\"name\":\"fobizz Tagung 2026\"}]},{\"@type\":\"WebSite\",\"@id\":\"https:\\\/\\\/fobizz.com\\\/de\\\/#website\",\"url\":\"https:\\\/\\\/fobizz.com\\\/de\\\/\",\"name\":\"fobizz\",\"description\":\"AI &amp; digital Tools for Teachers\",\"publisher\":{\"@id\":\"https:\\\/\\\/fobizz.com\\\/de\\\/#organization\"},\"potentialAction\":[{\"@type\":\"SearchAction\",\"target\":{\"@type\":\"EntryPoint\",\"urlTemplate\":\"https:\\\/\\\/fobizz.com\\\/de\\\/?s={search_term_string}\"},\"query-input\":{\"@type\":\"PropertyValueSpecification\",\"valueRequired\":true,\"valueName\":\"search_term_string\"}}],\"inLanguage\":\"de\"},{\"@type\":\"Organization\",\"@id\":\"https:\\\/\\\/fobizz.com\\\/de\\\/#organization\",\"name\":\"fobizz\",\"url\":\"https:\\\/\\\/fobizz.com\\\/de\\\/\",\"logo\":{\"@type\":\"ImageObject\",\"inLanguage\":\"de\",\"@id\":\"https:\\\/\\\/fobizz.com\\\/de\\\/#\\\/schema\\\/logo\\\/image\\\/\",\"url\":\"https:\\\/\\\/fobizz.com\\\/wp-content\\\/uploads\\\/2023\\\/07\\\/fobi_autor_fobizz.png\",\"contentUrl\":\"https:\\\/\\\/fobizz.com\\\/wp-content\\\/uploads\\\/2023\\\/07\\\/fobi_autor_fobizz.png\",\"width\":200,\"height\":200,\"caption\":\"fobizz\"},\"image\":{\"@id\":\"https:\\\/\\\/fobizz.com\\\/de\\\/#\\\/schema\\\/logo\\\/image\\\/\"},\"sameAs\":[\"https:\\\/\\\/www.facebook.com\\\/fobizz\\\/\",\"https:\\\/\\\/x.com\\\/fobizz\",\"https:\\\/\\\/www.instagram.com\\\/fobizz_com\\\/\",\"https:\\\/\\\/www.youtube.com\\\/@fobizz702\",\"https:\\\/\\\/www.pinterest.de\\\/fobizz_com\"]}]}<\/script>\n<!-- \/ Yoast SEO Premium plugin. -->","yoast_head_json":{"title":"fobizz Tagung am 12. Juni 2026","description":"Best Practice Beispiele, KI-Tools im Unterricht und Networking f\u00fcr Entscheider aus Schultr\u00e4gern und Bildungseinrichtungen.","robots":{"index":"index","follow":"follow","max-snippet":"max-snippet:-1","max-image-preview":"max-image-preview:large","max-video-preview":"max-video-preview:-1"},"canonical":"https:\/\/fobizz.com\/de\/tagung\/","twitter_card":"summary_large_image","twitter_title":"fobizz Tagung am 12. Juni 2026","twitter_description":"Best Practice Beispiele, KI-Tools im Unterricht und Networking f\u00fcr Entscheider aus Schultr\u00e4gern und Bildungseinrichtungen.","twitter_site":"@fobizz","twitter_misc":{"Gesch\u00e4tzte Lesezeit":"2\u00a0Minuten"},"schema":{"@context":"https:\/\/schema.org","@graph":[{"@type":"WebPage","@id":"https:\/\/fobizz.com\/de\/tagung\/","url":"https:\/\/fobizz.com\/de\/tagung\/","name":"fobizz Tagung am 12. Juni 2026","isPartOf":{"@id":"https:\/\/fobizz.com\/de\/#website"},"datePublished":"2026-02-23T12:52:15+00:00","dateModified":"2026-04-13T09:51:06+00:00","description":"Best Practice Beispiele, KI-Tools im Unterricht und Networking f\u00fcr Entscheider aus Schultr\u00e4gern und Bildungseinrichtungen.","breadcrumb":{"@id":"https:\/\/fobizz.com\/de\/tagung\/#breadcrumb"},"inLanguage":"de","potentialAction":[{"@type":"ReadAction","target":["https:\/\/fobizz.com\/de\/tagung\/"]}]},{"@type":"BreadcrumbList","@id":"https:\/\/fobizz.com\/de\/tagung\/#breadcrumb","itemListElement":[{"@type":"ListItem","position":1,"name":"Startseite","item":"https:\/\/fobizz.com\/de\/startpage\/"},{"@type":"ListItem","position":2,"name":"fobizz Tagung 2026"}]},{"@type":"WebSite","@id":"https:\/\/fobizz.com\/de\/#website","url":"https:\/\/fobizz.com\/de\/","name":"fobizz","description":"AI &amp; digital Tools for Teachers","publisher":{"@id":"https:\/\/fobizz.com\/de\/#organization"},"potentialAction":[{"@type":"SearchAction","target":{"@type":"EntryPoint","urlTemplate":"https:\/\/fobizz.com\/de\/?s={search_term_string}"},"query-input":{"@type":"PropertyValueSpecification","valueRequired":true,"valueName":"search_term_string"}}],"inLanguage":"de"},{"@type":"Organization","@id":"https:\/\/fobizz.com\/de\/#organization","name":"fobizz","url":"https:\/\/fobizz.com\/de\/","logo":{"@type":"ImageObject","inLanguage":"de","@id":"https:\/\/fobizz.com\/de\/#\/schema\/logo\/image\/","url":"https:\/\/fobizz.com\/wp-content\/uploads\/2023\/07\/fobi_autor_fobizz.png","contentUrl":"https:\/\/fobizz.com\/wp-content\/uploads\/2023\/07\/fobi_autor_fobizz.png","width":200,"height":200,"caption":"fobizz"},"image":{"@id":"https:\/\/fobizz.com\/de\/#\/schema\/logo\/image\/"},"sameAs":["https:\/\/www.facebook.com\/fobizz\/","https:\/\/x.com\/fobizz","https:\/\/www.instagram.com\/fobizz_com\/","https:\/\/www.youtube.com\/@fobizz702","https:\/\/www.pinterest.de\/fobizz_com"]}]}},"_links":{"self":[{"href":"https:\/\/fobizz.com\/de\/wp-json\/wp\/v2\/pages\/58417","targetHints":{"allow":["GET"]}}],"collection":[{"href":"https:\/\/fobizz.com\/de\/wp-json\/wp\/v2\/pages"}],"about":[{"href":"https:\/\/fobizz.com\/de\/wp-json\/wp\/v2\/types\/page"}],"author":[{"embeddable":true,"href":"https:\/\/fobizz.com\/de\/wp-json\/wp\/v2\/users\/30"}],"replies":[{"embeddable":true,"href":"https:\/\/fobizz.com\/de\/wp-json\/wp\/v2\/comments?post=58417"}],"version-history":[{"count":10,"href":"https:\/\/fobizz.com\/de\/wp-json\/wp\/v2\/pages\/58417\/revisions"}],"predecessor-version":[{"id":59509,"href":"https:\/\/fobizz.com\/de\/wp-json\/wp\/v2\/pages\/58417\/revisions\/59509"}],"wp:attachment":[{"href":"https:\/\/fobizz.com\/de\/wp-json\/wp\/v2\/media?parent=58417"}],"curies":[{"name":"wp","href":"https:\/\/api.w.org\/{rel}","templated":true}]}}