{"id":59116,"date":"2026-03-24T10:55:04","date_gmt":"2026-03-24T09:55:04","guid":{"rendered":"https:\/\/fobizz.com\/?page_id=59116"},"modified":"2026-04-02T07:35:25","modified_gmt":"2026-04-02T05:35:25","slug":"schueler_workshops","status":"publish","type":"page","link":"https:\/\/fobizz.com\/de\/schueler_workshops\/","title":{"rendered":"Workshops f\u00fcr Sch\u00fcler*innen"},"content":{"rendered":"<div id='av_section_1'  class='avia-section av-dahzb51-f7c9f798fe67d44646757b13710fc3d3 main_color avia-section-default avia-no-border-styling  avia-builder-el-0  el_before_av_section  avia-builder-el-first  newdesign_hero-banner avia-bg-style-scroll container_wrap sidebar_right'  ><div class='container av-section-cont-open' ><main  role=\"main\" itemprop=\"mainContentOfPage\"  class='template-page content  av-content-small alpha units'><div class='post-entry post-entry-type-page post-entry-59116'><div class='entry-content-wrapper clearfix'>\n\n<style type=\"text\/css\" data-created_by=\"avia_inline_auto\" id=\"style-css-av-ctfsjhh-31dd3c8d0d94307a9bb1df371bac0c1a\">\n.flex_column.av-ctfsjhh-31dd3c8d0d94307a9bb1df371bac0c1a{\nborder-radius:0px 0px 0px 0px;\npadding:0px 0px 0px 0px;\n}\n<\/style>\n<div  class='flex_column av-ctfsjhh-31dd3c8d0d94307a9bb1df371bac0c1a av_three_fifth  avia-builder-el-1  el_before_av_two_fifth  avia-builder-el-first  first flex_column_div av-zero-column-padding  '     ><p>\n<style type=\"text\/css\" data-created_by=\"avia_inline_auto\" id=\"style-css-av-lkl7fh8n-867dc223f4bf1ec22c0d59de8b2c6d3c\">\n#top .av_textblock_section.av-lkl7fh8n-867dc223f4bf1ec22c0d59de8b2c6d3c .avia_textblock{\ncolor:#999999;\n}\n<\/style>\n<section  class='av_textblock_section av-lkl7fh8n-867dc223f4bf1ec22c0d59de8b2c6d3c '   itemscope=\"itemscope\" itemtype=\"https:\/\/schema.org\/CreativeWork\" ><div class='avia_textblock newdesign_subtitle av_inherit_color'  itemprop=\"text\" ><p>Workshops am 17. April<\/p>\n<\/div><\/section><br \/>\n<section  class='av_textblock_section av-lkl7ee9b-fdaf92dd8498584ffd86265b2c3718d6 '   itemscope=\"itemscope\" itemtype=\"https:\/\/schema.org\/CreativeWork\" ><div class='avia_textblock newdesign_h1'  itemprop=\"text\" ><h1>Workshops f\u00fcr deine Sch\u00fcler*innen<\/h1>\n<\/div><\/section><br \/>\n<section  class='av_textblock_section av-lkl7hgxj-8a43d27766630e18b7086140e35cf275 '   itemscope=\"itemscope\" itemtype=\"https:\/\/schema.org\/CreativeWork\" ><div class='avia_textblock'  itemprop=\"text\" ><p>Entdecke am 17. April mit deinen Sch\u00fcler*innen in einem Workshop die Welt der K\u00fcnstlichen Intelligenz. Finde das passende Angebot f\u00fcr deine Klasse.<\/p>\n<\/div><\/section><\/p><\/div>\n<style type=\"text\/css\" data-created_by=\"avia_inline_auto\" id=\"style-css-av-c2czipx-17575162ffcc67d4f69a519a6ced2e10\">\n.flex_column.av-c2czipx-17575162ffcc67d4f69a519a6ced2e10{\nborder-radius:0px 0px 0px 0px;\npadding:0px 0px 0px 0px;\n}\n<\/style>\n<div  class='flex_column av-c2czipx-17575162ffcc67d4f69a519a6ced2e10 av_two_fifth  avia-builder-el-5  el_after_av_three_fifth  avia-builder-el-last  flex_column_div av-zero-column-padding  '     ><style type=\"text\/css\" data-created_by=\"avia_inline_auto\" id=\"style-css-av-jvpm5fvh-4eed7e60f2061a63003021c0db5f91c4\">\n.avia-image-container.av-jvpm5fvh-4eed7e60f2061a63003021c0db5f91c4 img.avia_image{\nbox-shadow:none;\n}\n.avia-image-container.av-jvpm5fvh-4eed7e60f2061a63003021c0db5f91c4 .av-image-caption-overlay-center{\ncolor:#ffffff;\n}\n<\/style>\n<div  class='avia-image-container av-jvpm5fvh-4eed7e60f2061a63003021c0db5f91c4 av-styling- avia-align-center  avia-builder-el-6  avia-builder-el-no-sibling '   itemprop=\"image\" itemscope=\"itemscope\" itemtype=\"https:\/\/schema.org\/ImageObject\" ><div class=\"avia-image-container-inner\"><div class=\"avia-image-overlay-wrap\"><img fetchpriority=\"high\" class='wp-image-58511 avia-img-lazy-loading-not-58511 avia_image ' src='https:\/\/fobizz.com\/wp-content\/uploads\/2026\/02\/KI-Kompetenz-fuer-SuS-1030x687.png' alt='' title='KI Kompetenz fuer SuS'  height=\"687\" width=\"1030\"  itemprop=\"thumbnailUrl\"  \/><\/div><\/div><\/div><\/div>\n\n<\/div><\/div><\/main><!-- close content main element --><\/div><\/div><div id='av_section_2'  class='avia-section av-6zcvg9x-69f232f9fc01dc7757a7fc077bb2af10 main_color avia-section-default avia-no-border-styling  avia-builder-el-7  el_after_av_section  avia-builder-el-last  avia-bg-style-scroll container_wrap sidebar_right'  ><div class='container av-section-cont-open' ><div class='template-page content  av-content-small alpha units'><div class='post-entry post-entry-type-page post-entry-59116'><div class='entry-content-wrapper clearfix'>\n<div class='flex_column_table av-4dzzied-b33afc9a86886b236190ace2ecc60ea1 sc-av_one_third av-equal-height-column-flextable'>\n<style type=\"text\/css\" data-created_by=\"avia_inline_auto\" id=\"style-css-av-4dzzied-b33afc9a86886b236190ace2ecc60ea1\">\n.flex_column.av-4dzzied-b33afc9a86886b236190ace2ecc60ea1{\nborder-radius:0px 0px 0px 0px;\npadding:10px 10px 10px 10px;\n}\n<\/style>\n<div  class='flex_column av-4dzzied-b33afc9a86886b236190ace2ecc60ea1 av_one_third  avia-builder-el-8  el_before_av_two_third  avia-builder-el-first  first flex_column_table_cell av-equal-height-column av-align-top  '     ><p>\n<style type=\"text\/css\" data-created_by=\"avia_inline_auto\" id=\"style-css-av-mdq49ylu-34ea5e8d19c5be3751f0793a9a597e6d\">\n#top .av-special-heading.av-mdq49ylu-34ea5e8d19c5be3751f0793a9a597e6d{\npadding-bottom:10px;\ncolor:#22b5b7;\nfont-size:30px;\n}\nbody .av-special-heading.av-mdq49ylu-34ea5e8d19c5be3751f0793a9a597e6d .av-special-heading-tag .heading-char{\nfont-size:25px;\n}\n#top #wrap_all .av-special-heading.av-mdq49ylu-34ea5e8d19c5be3751f0793a9a597e6d .av-special-heading-tag{\nfont-size:30px;\n}\n.av-special-heading.av-mdq49ylu-34ea5e8d19c5be3751f0793a9a597e6d .special-heading-inner-border{\nborder-color:#22b5b7;\n}\n.av-special-heading.av-mdq49ylu-34ea5e8d19c5be3751f0793a9a597e6d .av-subheading{\nfont-size:15px;\n}\n\n@media only screen and (min-width: 480px) and (max-width: 767px){ \n#top #wrap_all .av-special-heading.av-mdq49ylu-34ea5e8d19c5be3751f0793a9a597e6d .av-special-heading-tag{\nfont-size:0.8em;\n}\n}\n\n@media only screen and (max-width: 479px){ \n#top #wrap_all .av-special-heading.av-mdq49ylu-34ea5e8d19c5be3751f0793a9a597e6d .av-special-heading-tag{\nfont-size:0.8em;\n}\n}\n<\/style>\n<div  class='av-special-heading av-mdq49ylu-34ea5e8d19c5be3751f0793a9a597e6d av-special-heading-h3 custom-color-heading blockquote modern-quote  avia-builder-el-9  el_before_av_hr  avia-builder-el-first  av-inherit-size av-linked-heading'><h3 class='av-special-heading-tag '  itemprop=\"headline\"  >Workshops<\/h3><div class=\"special-heading-border\"><div class=\"special-heading-inner-border\"><\/div><\/div><\/div><br \/>\n\n<style type=\"text\/css\" data-created_by=\"avia_inline_auto\" id=\"style-css-av-3qyzjol-0e2a91e796b17489cbca0cdf706ff8d9\">\n#top .hr.av-3qyzjol-0e2a91e796b17489cbca0cdf706ff8d9{\nmargin-top:2px;\nmargin-bottom:15px;\n}\n.hr.av-3qyzjol-0e2a91e796b17489cbca0cdf706ff8d9 .hr-inner{\nwidth:200px;\nborder-color:#22b5b7;\n}\n<\/style>\n<div  class='hr av-3qyzjol-0e2a91e796b17489cbca0cdf706ff8d9 hr-custom  avia-builder-el-10  el_after_av_heading  el_before_av_textblock  hr-left hr-icon-no'><span class='hr-inner inner-border-av-border-thin'><span class=\"hr-inner-style\"><\/span><\/span><\/div><br \/>\n<section  class='av_textblock_section av-mdq5vaoy-7024d4e1470195e0cab8cb7a0fbc32d0 '   itemscope=\"itemscope\" itemtype=\"https:\/\/schema.org\/CreativeWork\" ><div class='avia_textblock'  itemprop=\"text\" ><p>Entdecke gemeinsam mit deinen Sch\u00fcler*innen die Welt der K\u00fcnstlichen Intelligenz.<\/p>\n<h3 class=\"av-special-heading-tag\"><\/h3>\n<\/div><\/section><\/p><\/div><div class='av-flex-placeholder'><\/div>\n<style type=\"text\/css\" data-created_by=\"avia_inline_auto\" id=\"style-css-av-3kdflb9-30b9977ad5a90e79e266a6d3042b2868\">\n.flex_column.av-3kdflb9-30b9977ad5a90e79e266a6d3042b2868{\nborder-radius:0px 0px 0px 0px;\npadding:0px 0px 0px 0px;\n}\n<\/style>\n<div  class='flex_column av-3kdflb9-30b9977ad5a90e79e266a6d3042b2868 av_two_third  avia-builder-el-12  el_after_av_one_third  el_before_av_one_full  flex_column_table_cell av-equal-height-column av-align-top av-zero-column-padding  '     ><section  class='av_textblock_section av-mdq4b7wn-98ac57982fe12d940a603c58efd2f2d3 '   itemscope=\"itemscope\" itemtype=\"https:\/\/schema.org\/CreativeWork\" ><div class='avia_textblock'  itemprop=\"text\" ><ol>\n<li><strong>17. April \u2013 08:30 Uhr<br \/>\nKreative Intelligenz \u2013 Wie viel Kreativit\u00e4t steckt in KI? \u2013 Grundschule<\/strong><br \/>\nZu Beginn l\u00f6sen die Sch\u00fcler*innen ein R\u00e4tsel: Kunst oder KI? Danach lernen sie kurz, wie KI funktioniert und wie man gute Prompts f\u00fcr Bild-KI schreibt. Im Praxisteil gestalten sie ein virtuelles Museum auf einer Pinnwand. Zum Schluss diskutieren sie: Wer war kreativer \u2013 KI oder wir?<\/li>\n<li><strong>17. April &#8211; 10:00 Uhr<br \/>\nErstelle deinen eigenen Study buddy \u2013 ab Klasse 5\u00a0<\/strong><br \/>\nDie Sch\u00fcler*innen entwickeln ihren eigenen \u201eStudy Buddy\u201c und nutzen KI als Unterst\u00fctzung im Unterricht. Dabei erstellen sie KI-gest\u00fctzte Assistenten und lernen, wie man durch gutes Prompting bessere Ergebnisse erzielt.<\/li>\n<\/ol>\n<h3 class=\"av-special-heading-tag\"><\/h3>\n<\/div><\/section><\/div><\/div><!--close column table wrapper. Autoclose: 1 -->\n<style type=\"text\/css\" data-created_by=\"avia_inline_auto\" id=\"style-css-av-6i2j1mt-dc4d8efc13408c21b0b0e5c5ce36310e\">\n.flex_column.av-6i2j1mt-dc4d8efc13408c21b0b0e5c5ce36310e{\nborder-radius:0px 0px 0px 0px;\npadding:0px 0px 0px 0px;\n}\n<\/style>\n<div  class='flex_column av-6i2j1mt-dc4d8efc13408c21b0b0e5c5ce36310e av_one_full  avia-builder-el-14  el_after_av_two_third  el_before_av_one_full  first flex_column_div av-zero-column-padding  column-top-margin'     ><section  id=\"workshops\"  class='av_textblock_section av-65u8zs5-1de07337edcc9d077f9881176f80d4b7 '   itemscope=\"itemscope\" itemtype=\"https:\/\/schema.org\/CreativeWork\" ><div class='avia_textblock newdesign_h1'  itemprop=\"text\" ><h2>Workshop Livestream<\/h2>\n<\/div><\/section><br \/>\n<br \/>\n<section  class='av_textblock_section av-5st7pet-792d5710bab3a180e7031b5651aaa849 '   itemscope=\"itemscope\" itemtype=\"https:\/\/schema.org\/CreativeWork\" ><div class='avia_textblock'  itemprop=\"text\" ><p style=\"text-align: center;\">Die Workshops werden hier eingeblendet. Eine Anmeldung ist nicht erforderlich.<\/p>\n<\/div><\/section><\/p><\/div>\n<style type=\"text\/css\" data-created_by=\"avia_inline_auto\" id=\"style-css-av-rh4owc-77830c86ec97f829d6eb19a2fe2c0269\">\n.flex_column.av-rh4owc-77830c86ec97f829d6eb19a2fe2c0269{\nborder-radius:0px 0px 0px 0px;\npadding:0px 0px 0px 0px;\n}\n<\/style>\n<div  class='flex_column av-rh4owc-77830c86ec97f829d6eb19a2fe2c0269 av_one_full  avia-builder-el-18  el_after_av_one_full  avia-builder-el-last  first flex_column_div av-zero-column-padding  column-top-margin'     ><section  class='av_textblock_section av-mn4fki8t-757738405b513ca13348efa2dd8e2057 '   itemscope=\"itemscope\" itemtype=\"https:\/\/schema.org\/CreativeWork\" ><div class='avia_textblock'  itemprop=\"text\" ><p style=\"text-align: center;\">Auf dieser Seite findest du nach den Workshops auch die Materialien und Teilnahmezertifikate f\u00fcr deine Sch\u00fcler*innen.<\/p>\n<\/div><\/section><\/div><\/div><\/div><\/div><!-- close content main div --><\/div><\/div><div id='after_section_2'  class='main_color av_default_container_wrap container_wrap sidebar_right'  ><div class='container av-section-cont-open' ><div class='template-page content  av-content-small alpha units'><div class='post-entry post-entry-type-page post-entry-59116'><div class='entry-content-wrapper clearfix'>\n","protected":false},"excerpt":{"rendered":"","protected":false},"author":16,"featured_media":58511,"parent":0,"menu_order":0,"comment_status":"closed","ping_status":"closed","template":"","meta":{"_monsterinsights_skip_tracking":false,"_monsterinsights_sitenote_active":false,"_monsterinsights_sitenote_note":"","_monsterinsights_sitenote_category":0,"_uf_show_specific_survey":0,"_uf_disable_surveys":false,"footnotes":""},"class_list":["post-59116","page","type-page","status-publish","has-post-thumbnail","hentry"],"acf":[],"yoast_head":"<!-- This site is optimized with the Yoast SEO Premium plugin v26.2 (Yoast SEO v27.3) - https:\/\/yoast.com\/product\/yoast-seo-premium-wordpress\/ -->\n<title>Workshops f\u00fcr Sch\u00fcler*innen<\/title>\n<meta name=\"description\" content=\"Entdecke am 17. April gemeinsam mit deinen Sch\u00fcler*innen die Welt der K\u00fcnstlichen Intelligenz\" \/>\n<meta name=\"robots\" content=\"index, follow, max-snippet:-1, max-image-preview:large, max-video-preview:-1\" \/>\n<link rel=\"canonical\" href=\"https:\/\/fobizz.com\/de\/schueler_workshops\/\" \/>\n<meta name=\"twitter:card\" content=\"summary_large_image\" \/>\n<meta name=\"twitter:title\" content=\"Workshops f\u00fcr Sch\u00fcler*innen\" \/>\n<meta name=\"twitter:description\" content=\"Entdecke am 17. April gemeinsam mit deinen Sch\u00fcler*innen die Welt der K\u00fcnstlichen Intelligenz\" \/>\n<meta name=\"twitter:image\" content=\"https:\/\/fobizz.com\/wp-content\/uploads\/2026\/02\/KI-Kompetenz-fuer-SuS.png\" \/>\n<meta name=\"twitter:site\" content=\"@fobizz\" \/>\n<meta name=\"twitter:label1\" content=\"Gesch\u00e4tzte Lesezeit\" \/>\n\t<meta name=\"twitter:data1\" content=\"2\u00a0Minuten\" \/>\n<script type=\"application\/ld+json\" class=\"yoast-schema-graph\">{\"@context\":\"https:\\\/\\\/schema.org\",\"@graph\":[{\"@type\":\"WebPage\",\"@id\":\"https:\\\/\\\/fobizz.com\\\/de\\\/schueler_workshops\\\/\",\"url\":\"https:\\\/\\\/fobizz.com\\\/de\\\/schueler_workshops\\\/\",\"name\":\"Workshops f\u00fcr Sch\u00fcler*innen\",\"isPartOf\":{\"@id\":\"https:\\\/\\\/fobizz.com\\\/de\\\/#website\"},\"primaryImageOfPage\":{\"@id\":\"https:\\\/\\\/fobizz.com\\\/de\\\/schueler_workshops\\\/#primaryimage\"},\"image\":{\"@id\":\"https:\\\/\\\/fobizz.com\\\/de\\\/schueler_workshops\\\/#primaryimage\"},\"thumbnailUrl\":\"https:\\\/\\\/fobizz.com\\\/wp-content\\\/uploads\\\/2026\\\/02\\\/KI-Kompetenz-fuer-SuS.png\",\"datePublished\":\"2026-03-24T09:55:04+00:00\",\"dateModified\":\"2026-04-02T05:35:25+00:00\",\"description\":\"Entdecke am 17. April gemeinsam mit deinen Sch\u00fcler*innen die Welt der K\u00fcnstlichen Intelligenz\",\"breadcrumb\":{\"@id\":\"https:\\\/\\\/fobizz.com\\\/de\\\/schueler_workshops\\\/#breadcrumb\"},\"inLanguage\":\"de\",\"potentialAction\":[{\"@type\":\"ReadAction\",\"target\":[\"https:\\\/\\\/fobizz.com\\\/de\\\/schueler_workshops\\\/\"]}]},{\"@type\":\"ImageObject\",\"inLanguage\":\"de\",\"@id\":\"https:\\\/\\\/fobizz.com\\\/de\\\/schueler_workshops\\\/#primaryimage\",\"url\":\"https:\\\/\\\/fobizz.com\\\/wp-content\\\/uploads\\\/2026\\\/02\\\/KI-Kompetenz-fuer-SuS.png\",\"contentUrl\":\"https:\\\/\\\/fobizz.com\\\/wp-content\\\/uploads\\\/2026\\\/02\\\/KI-Kompetenz-fuer-SuS.png\",\"width\":1800,\"height\":1200},{\"@type\":\"BreadcrumbList\",\"@id\":\"https:\\\/\\\/fobizz.com\\\/de\\\/schueler_workshops\\\/#breadcrumb\",\"itemListElement\":[{\"@type\":\"ListItem\",\"position\":1,\"name\":\"Startseite\",\"item\":\"https:\\\/\\\/fobizz.com\\\/de\\\/startpage\\\/\"},{\"@type\":\"ListItem\",\"position\":2,\"name\":\"Workshops f\u00fcr Sch\u00fcler*innen\"}]},{\"@type\":\"WebSite\",\"@id\":\"https:\\\/\\\/fobizz.com\\\/de\\\/#website\",\"url\":\"https:\\\/\\\/fobizz.com\\\/de\\\/\",\"name\":\"fobizz\",\"description\":\"AI &amp; digital Tools for Teachers\",\"publisher\":{\"@id\":\"https:\\\/\\\/fobizz.com\\\/de\\\/#organization\"},\"potentialAction\":[{\"@type\":\"SearchAction\",\"target\":{\"@type\":\"EntryPoint\",\"urlTemplate\":\"https:\\\/\\\/fobizz.com\\\/de\\\/?s={search_term_string}\"},\"query-input\":{\"@type\":\"PropertyValueSpecification\",\"valueRequired\":true,\"valueName\":\"search_term_string\"}}],\"inLanguage\":\"de\"},{\"@type\":\"Organization\",\"@id\":\"https:\\\/\\\/fobizz.com\\\/de\\\/#organization\",\"name\":\"fobizz\",\"url\":\"https:\\\/\\\/fobizz.com\\\/de\\\/\",\"logo\":{\"@type\":\"ImageObject\",\"inLanguage\":\"de\",\"@id\":\"https:\\\/\\\/fobizz.com\\\/de\\\/#\\\/schema\\\/logo\\\/image\\\/\",\"url\":\"https:\\\/\\\/fobizz.com\\\/wp-content\\\/uploads\\\/2023\\\/07\\\/fobi_autor_fobizz.png\",\"contentUrl\":\"https:\\\/\\\/fobizz.com\\\/wp-content\\\/uploads\\\/2023\\\/07\\\/fobi_autor_fobizz.png\",\"width\":200,\"height\":200,\"caption\":\"fobizz\"},\"image\":{\"@id\":\"https:\\\/\\\/fobizz.com\\\/de\\\/#\\\/schema\\\/logo\\\/image\\\/\"},\"sameAs\":[\"https:\\\/\\\/www.facebook.com\\\/fobizz\\\/\",\"https:\\\/\\\/x.com\\\/fobizz\",\"https:\\\/\\\/www.instagram.com\\\/fobizz_com\\\/\",\"https:\\\/\\\/www.youtube.com\\\/@fobizz702\",\"https:\\\/\\\/www.pinterest.de\\\/fobizz_com\"]}]}<\/script>\n<!-- \/ Yoast SEO Premium plugin. -->","yoast_head_json":{"title":"Workshops f\u00fcr Sch\u00fcler*innen","description":"Entdecke am 17. April gemeinsam mit deinen Sch\u00fcler*innen die Welt der K\u00fcnstlichen Intelligenz","robots":{"index":"index","follow":"follow","max-snippet":"max-snippet:-1","max-image-preview":"max-image-preview:large","max-video-preview":"max-video-preview:-1"},"canonical":"https:\/\/fobizz.com\/de\/schueler_workshops\/","twitter_card":"summary_large_image","twitter_title":"Workshops f\u00fcr Sch\u00fcler*innen","twitter_description":"Entdecke am 17. April gemeinsam mit deinen Sch\u00fcler*innen die Welt der K\u00fcnstlichen Intelligenz","twitter_image":"https:\/\/fobizz.com\/wp-content\/uploads\/2026\/02\/KI-Kompetenz-fuer-SuS.png","twitter_site":"@fobizz","twitter_misc":{"Gesch\u00e4tzte Lesezeit":"2\u00a0Minuten"},"schema":{"@context":"https:\/\/schema.org","@graph":[{"@type":"WebPage","@id":"https:\/\/fobizz.com\/de\/schueler_workshops\/","url":"https:\/\/fobizz.com\/de\/schueler_workshops\/","name":"Workshops f\u00fcr Sch\u00fcler*innen","isPartOf":{"@id":"https:\/\/fobizz.com\/de\/#website"},"primaryImageOfPage":{"@id":"https:\/\/fobizz.com\/de\/schueler_workshops\/#primaryimage"},"image":{"@id":"https:\/\/fobizz.com\/de\/schueler_workshops\/#primaryimage"},"thumbnailUrl":"https:\/\/fobizz.com\/wp-content\/uploads\/2026\/02\/KI-Kompetenz-fuer-SuS.png","datePublished":"2026-03-24T09:55:04+00:00","dateModified":"2026-04-02T05:35:25+00:00","description":"Entdecke am 17. April gemeinsam mit deinen Sch\u00fcler*innen die Welt der K\u00fcnstlichen Intelligenz","breadcrumb":{"@id":"https:\/\/fobizz.com\/de\/schueler_workshops\/#breadcrumb"},"inLanguage":"de","potentialAction":[{"@type":"ReadAction","target":["https:\/\/fobizz.com\/de\/schueler_workshops\/"]}]},{"@type":"ImageObject","inLanguage":"de","@id":"https:\/\/fobizz.com\/de\/schueler_workshops\/#primaryimage","url":"https:\/\/fobizz.com\/wp-content\/uploads\/2026\/02\/KI-Kompetenz-fuer-SuS.png","contentUrl":"https:\/\/fobizz.com\/wp-content\/uploads\/2026\/02\/KI-Kompetenz-fuer-SuS.png","width":1800,"height":1200},{"@type":"BreadcrumbList","@id":"https:\/\/fobizz.com\/de\/schueler_workshops\/#breadcrumb","itemListElement":[{"@type":"ListItem","position":1,"name":"Startseite","item":"https:\/\/fobizz.com\/de\/startpage\/"},{"@type":"ListItem","position":2,"name":"Workshops f\u00fcr Sch\u00fcler*innen"}]},{"@type":"WebSite","@id":"https:\/\/fobizz.com\/de\/#website","url":"https:\/\/fobizz.com\/de\/","name":"fobizz","description":"AI &amp; digital Tools for Teachers","publisher":{"@id":"https:\/\/fobizz.com\/de\/#organization"},"potentialAction":[{"@type":"SearchAction","target":{"@type":"EntryPoint","urlTemplate":"https:\/\/fobizz.com\/de\/?s={search_term_string}"},"query-input":{"@type":"PropertyValueSpecification","valueRequired":true,"valueName":"search_term_string"}}],"inLanguage":"de"},{"@type":"Organization","@id":"https:\/\/fobizz.com\/de\/#organization","name":"fobizz","url":"https:\/\/fobizz.com\/de\/","logo":{"@type":"ImageObject","inLanguage":"de","@id":"https:\/\/fobizz.com\/de\/#\/schema\/logo\/image\/","url":"https:\/\/fobizz.com\/wp-content\/uploads\/2023\/07\/fobi_autor_fobizz.png","contentUrl":"https:\/\/fobizz.com\/wp-content\/uploads\/2023\/07\/fobi_autor_fobizz.png","width":200,"height":200,"caption":"fobizz"},"image":{"@id":"https:\/\/fobizz.com\/de\/#\/schema\/logo\/image\/"},"sameAs":["https:\/\/www.facebook.com\/fobizz\/","https:\/\/x.com\/fobizz","https:\/\/www.instagram.com\/fobizz_com\/","https:\/\/www.youtube.com\/@fobizz702","https:\/\/www.pinterest.de\/fobizz_com"]}]}},"_links":{"self":[{"href":"https:\/\/fobizz.com\/de\/wp-json\/wp\/v2\/pages\/59116","targetHints":{"allow":["GET"]}}],"collection":[{"href":"https:\/\/fobizz.com\/de\/wp-json\/wp\/v2\/pages"}],"about":[{"href":"https:\/\/fobizz.com\/de\/wp-json\/wp\/v2\/types\/page"}],"author":[{"embeddable":true,"href":"https:\/\/fobizz.com\/de\/wp-json\/wp\/v2\/users\/16"}],"replies":[{"embeddable":true,"href":"https:\/\/fobizz.com\/de\/wp-json\/wp\/v2\/comments?post=59116"}],"version-history":[{"count":6,"href":"https:\/\/fobizz.com\/de\/wp-json\/wp\/v2\/pages\/59116\/revisions"}],"predecessor-version":[{"id":59385,"href":"https:\/\/fobizz.com\/de\/wp-json\/wp\/v2\/pages\/59116\/revisions\/59385"}],"wp:featuredmedia":[{"embeddable":true,"href":"https:\/\/fobizz.com\/de\/wp-json\/wp\/v2\/media\/58511"}],"wp:attachment":[{"href":"https:\/\/fobizz.com\/de\/wp-json\/wp\/v2\/media?parent=59116"}],"curies":[{"name":"wp","href":"https:\/\/api.w.org\/{rel}","templated":true}]}}