{"id":58732,"date":"2026-01-08T10:12:51","date_gmt":"2026-01-08T09:12:51","guid":{"rendered":"https:\/\/fobizz.com\/?page_id=58732"},"modified":"2026-02-25T12:26:49","modified_gmt":"2026-02-25T11:26:49","slug":"annual-report","status":"publish","type":"page","link":"https:\/\/fobizz.com\/en\/annual-report\/","title":{"rendered":"The fobizz Annual Report 2025"},"content":{"rendered":"<div id='av_section_1'  class='avia-section av-86amy7a-7b950ca09005337ed26ba5dd0d5e42b4 main_color avia-section-default avia-no-border-styling  avia-builder-el-0  el_before_av_section  avia-builder-el-first  newdesign_hero-banner avia-bg-style-scroll container_wrap sidebar_right'  ><div class='container av-section-cont-open' ><main  role=\"main\" itemprop=\"mainContentOfPage\"  class='template-page content  av-content-small alpha units'><div class='post-entry post-entry-type-page post-entry-58732'><div class='entry-content-wrapper clearfix'>\n\n<style type=\"text\/css\" data-created_by=\"avia_inline_auto\" id=\"style-css-av-7pqlwhy-5e97d843f8556100342d2b2454ae79c8\">\n.flex_column.av-7pqlwhy-5e97d843f8556100342d2b2454ae79c8{\nborder-radius:0px 0px 0px 0px;\npadding:0px 0px 0px 0px;\n}\n<\/style>\n<div  class='flex_column av-7pqlwhy-5e97d843f8556100342d2b2454ae79c8 av_three_fifth  avia-builder-el-1  el_before_av_two_fifth  avia-builder-el-first  first flex_column_div av-zero-column-padding  '     ><p>\n<style type=\"text\/css\" data-created_by=\"avia_inline_auto\" id=\"style-css-av-mhywsy51-6c4e3c57256a4d94bb8712e16ba393be\">\n#top .av_textblock_section.av-mhywsy51-6c4e3c57256a4d94bb8712e16ba393be .avia_textblock{\ncolor:#999999;\n}\n<\/style>\n<section  class='av_textblock_section av-mhywsy51-6c4e3c57256a4d94bb8712e16ba393be '   itemscope=\"itemscope\" itemtype=\"https:\/\/schema.org\/CreativeWork\" ><div class='avia_textblock newdesign_subtitle av_inherit_color'  itemprop=\"text\" ><p>Shaping education in times of change<\/p>\n<\/div><\/section><br \/>\n<section  class='av_textblock_section av-lkd0fnhn-891aa593c0397a84415f4bb8b70aac89 '   itemscope=\"itemscope\" itemtype=\"https:\/\/schema.org\/CreativeWork\" ><div class='avia_textblock newdesign_h1'  itemprop=\"text\" ><h1>The fobizz Annual Report 2025<\/h1>\n<\/div><\/section><br \/>\n<section  class='av_textblock_section av-mm1xx65i-525ee6980342419e6ed1d2754887deab '   itemscope=\"itemscope\" itemtype=\"https:\/\/schema.org\/CreativeWork\" ><div class='avia_textblock'  itemprop=\"text\" ><p>2025 was marked by profound changes across the education sector. Digital tools, artificial intelligence, and new requirements for teaching, organization, and professional development have reshaped everyday school life. The fobizz Annual Report 2025 offers insights into how we, together with schools, educators, and educational partners, are shaping this transformation.<\/p>\n<p>The report highlights key developments, practical experiences, and selected projects from the fobizz ecosystem, and outlines what we are working on for the year ahead.<\/p>\n<p>This English version is a translation of the original German report and primarily reflects developments within the German-speaking education landscape. Some features, programs, or services described may not be available in all international contexts.<\/p>\n<\/div><\/section><br \/>\n<div  class='avia-buttonrow-wrap av-mal2nphg-3aa9831b4e897c0558ceacae1f15976b avia-buttonrow-left  avia-builder-el-5  el_after_av_textblock  avia-builder-el-last  newdesign_button-link'>\n\n<style type=\"text\/css\" data-created_by=\"avia_inline_auto\" id=\"style-css-av-mal2mbgp-87563c0b2844d921412bf411829b3ebd\">\n#top #wrap_all .avia-button.av-mal2mbgp-87563c0b2844d921412bf411829b3ebd{\nmargin-bottom:5px;\nmargin-right:5px;\n}\n<\/style>\n<a href='https:\/\/app.fobizz.com\/file_sharing\/public_files\/d6570b22-00c2-4555-8b53-b5f125f0eb4f?token=5fa7573224bf87028a4477d0932fad00'  class='avia-button av-mal2mbgp-87563c0b2844d921412bf411829b3ebd avia-icon_select-no avia-size-medium avia-color-theme-color'  target=\"_blank\"  rel=\"noopener noreferrer\"  aria-label=\"Download now\"><span class='avia_iconbox_title' >Download now<\/span><\/a>\n<\/div><\/p><\/div>\n<style type=\"text\/css\" data-created_by=\"avia_inline_auto\" id=\"style-css-av-7a3fzdy-5df4d44b5fc3785922e00a1b7ba22028\">\n.flex_column.av-7a3fzdy-5df4d44b5fc3785922e00a1b7ba22028{\nborder-radius:0px 0px 0px 0px;\npadding:0px 0px 0px 0px;\n}\n<\/style>\n<div  class='flex_column av-7a3fzdy-5df4d44b5fc3785922e00a1b7ba22028 av_two_fifth  avia-builder-el-6  el_after_av_three_fifth  avia-builder-el-last  flex_column_div av-zero-column-padding  '     ><style type=\"text\/css\" data-created_by=\"avia_inline_auto\" id=\"style-css-av-lkd0j2md-9ab480ce5689a76dab27a2ab8ec80d12\">\n.avia-image-container.av-lkd0j2md-9ab480ce5689a76dab27a2ab8ec80d12 img.avia_image{\nbox-shadow:none;\n}\n.avia-image-container.av-lkd0j2md-9ab480ce5689a76dab27a2ab8ec80d12 .av-image-caption-overlay-center{\ncolor:#ffffff;\n}\n<\/style>\n<div  class='avia-image-container av-lkd0j2md-9ab480ce5689a76dab27a2ab8ec80d12 av-styling- av-img-linked avia-align-center  avia-builder-el-7  avia-builder-el-no-sibling '   itemprop=\"image\" itemscope=\"itemscope\" itemtype=\"https:\/\/schema.org\/ImageObject\" ><div class=\"avia-image-container-inner\"><div class=\"avia-image-overlay-wrap\"><a href=\"https:\/\/app.fobizz.com\/file_sharing\/public_files\/d6570b22-00c2-4555-8b53-b5f125f0eb4f?token=5fa7573224bf87028a4477d0932fad00\" class='avia_image '  target=\"_blank\"  rel=\"noopener noreferrer\" aria-label='Cover fobizz Annual Report 2025'><img decoding=\"async\" fetchpriority=\"high\" class='wp-image-58733 avia-img-lazy-loading-not-58733 avia_image ' src=\"https:\/\/fobizz.com\/wp-content\/uploads\/2026\/02\/Cover-fobizz-Annual-Report-2025.jpg\" alt='' title='Cover fobizz Annual Report 2025'  height=\"1000\" width=\"800\"  itemprop=\"thumbnailUrl\"  \/><\/a><\/div><\/div><\/div><\/div><\/div><\/div><\/main><!-- close content main element --><\/div><\/div><div id='av_section_2'  class='avia-section av-mhyrqnaa-29c449ab6c1880408f367349709c0d93 main_color avia-section-default avia-no-border-styling  avia-builder-el-8  el_after_av_section  avia-builder-el-last  newdesign_image_content avia-bg-style-scroll container_wrap sidebar_right'  ><div class='container av-section-cont-open' ><div class='template-page content  av-content-small alpha units'><div class='post-entry post-entry-type-page post-entry-58732'><div class='entry-content-wrapper clearfix'>\n\n<style type=\"text\/css\" data-created_by=\"avia_inline_auto\" id=\"style-css-av-14u91me-70929703f82dcb291c612a9612c790a7\">\n.flex_column.av-14u91me-70929703f82dcb291c612a9612c790a7{\nborder-radius:0px 0px 0px 0px;\npadding:0px 0px 0px 0px;\n}\n<\/style>\n<div  class='flex_column av-14u91me-70929703f82dcb291c612a9612c790a7 av_one_half  avia-builder-el-9  el_before_av_one_half  avia-builder-el-first  newdesign_image-column first flex_column_div av-zero-column-padding  '     ><style type=\"text\/css\" data-created_by=\"avia_inline_auto\" id=\"style-css-av-mhyrrps4-274e903e4ac00d7432f23daaa1827a97\">\n.avia-image-container.av-mhyrrps4-274e903e4ac00d7432f23daaa1827a97 img.avia_image{\nbox-shadow:none;\n}\n.avia-image-container.av-mhyrrps4-274e903e4ac00d7432f23daaa1827a97 .av-image-caption-overlay-center{\ncolor:#ffffff;\n}\n<\/style>\n<div  class='avia-image-container av-mhyrrps4-274e903e4ac00d7432f23daaa1827a97 av-styling- av-img-linked avia-align-center  avia-builder-el-10  avia-builder-el-no-sibling '   itemprop=\"image\" itemscope=\"itemscope\" itemtype=\"https:\/\/schema.org\/ImageObject\" ><div class=\"avia-image-container-inner\"><div class=\"avia-image-overlay-wrap\"><img decoding=\"async\" fetchpriority=\"high\" class='wp-image-41802 avia-img-lazy-loading-not-41802 avia_image ' src=\"https:\/\/fobizz.com\/wp-content\/uploads\/2023\/07\/Diana_Knodel_600x600.jpg\" alt='' title='Diana_Knodel_600x600'  height=\"600\" width=\"600\"  itemprop=\"thumbnailUrl\"  \/><\/div><\/div><\/div><\/div>\n<style type=\"text\/css\" data-created_by=\"avia_inline_auto\" id=\"style-css-av-lpeipi-958793448ae464fd20f2b7c28888544e\">\n.flex_column.av-lpeipi-958793448ae464fd20f2b7c28888544e{\nborder-radius:0 0 0 0;\npadding:0px 0px 0px 0px;\n}\n<\/style>\n<div  class='flex_column av-lpeipi-958793448ae464fd20f2b7c28888544e av_one_half  avia-builder-el-11  el_after_av_one_half  avia-builder-el-last  flex_column_div av-zero-column-padding  '     ><section  class='av_textblock_section av-lnsndi-0849596ca3fc1effacb24aa630b5130d '   itemscope=\"itemscope\" itemtype=\"https:\/\/schema.org\/CreativeWork\" ><div class='avia_textblock newdesign_h1'  itemprop=\"text\" ><h2>Contact<\/h2>\n<\/div><\/section><br \/>\n<section  class='av_textblock_section av-mhyr89b7-0c8b4aa697e2d983886bb7f22b1b3e84 '   itemscope=\"itemscope\" itemtype=\"https:\/\/schema.org\/CreativeWork\" ><div class='avia_textblock newdesign_description'  itemprop=\"text\" ><p><strong>Questions about the fobizz Annual Report 2025 or interested in an exchange?<\/strong><\/p>\n<p>We are happy to respond to inquiries, press requests, or background conversations.<br \/>\nPlease contact us at <a href=\"mailto:mail@fobizz.com\">mail@fobizz.com<\/a>.<\/p>\n<\/div><\/section><\/p><\/div>\n<\/div><\/div><\/div><!-- close content main div --><\/div><\/div><div id='after_section_2'  class='main_color av_default_container_wrap container_wrap sidebar_right'  ><div class='container av-section-cont-open' ><div class='template-page content  av-content-small alpha units'><div class='post-entry post-entry-type-page post-entry-58732'><div class='entry-content-wrapper clearfix'><\/p>\n","protected":false},"excerpt":{"rendered":"","protected":false},"author":24,"featured_media":58115,"parent":0,"menu_order":0,"comment_status":"closed","ping_status":"closed","template":"","meta":{"_monsterinsights_skip_tracking":false,"_monsterinsights_sitenote_active":false,"_monsterinsights_sitenote_note":"","_monsterinsights_sitenote_category":0,"_uf_show_specific_survey":0,"_uf_disable_surveys":false,"footnotes":""},"class_list":["post-58732","page","type-page","status-publish","has-post-thumbnail","hentry"],"acf":[],"yoast_head":"<!-- This site is optimized with the Yoast SEO Premium plugin v26.2 (Yoast SEO v27.3) - https:\/\/yoast.com\/product\/yoast-seo-premium-wordpress\/ -->\n<title>The fobizz Annual Report 2025<\/title>\n<meta name=\"description\" content=\"Der Bericht b\u00fcndelt zentrale Entwicklungen, Erfahrungen aus der Praxis und ausgew\u00e4hlte Projekte aus dem fobizz-\u00d6kosystem.\" \/>\n<meta name=\"robots\" content=\"noindex, nofollow\" \/>\n<meta name=\"twitter:card\" content=\"summary_large_image\" \/>\n<meta name=\"twitter:title\" content=\"The fobizz Annual Report 2025\" \/>\n<meta name=\"twitter:description\" content=\"Der Bericht b\u00fcndelt zentrale Entwicklungen, Erfahrungen aus der Praxis und ausgew\u00e4hlte Projekte aus dem fobizz-\u00d6kosystem.\" \/>\n<meta name=\"twitter:image\" content=\"https:\/\/fobizz.com\/wp-content\/uploads\/2026\/01\/fobizz-Jahresbericht-Cover.jpg\" \/>\n<meta name=\"twitter:site\" content=\"@fobizz\" \/>\n<meta name=\"twitter:label1\" content=\"Est. reading time\" \/>\n\t<meta name=\"twitter:data1\" content=\"2 minutes\" \/>\n<script type=\"application\/ld+json\" class=\"yoast-schema-graph\">{\"@context\":\"https:\\\/\\\/schema.org\",\"@graph\":[{\"@type\":\"WebPage\",\"@id\":\"https:\\\/\\\/fobizz.com\\\/en\\\/annual-report\\\/\",\"url\":\"https:\\\/\\\/fobizz.com\\\/en\\\/annual-report\\\/\",\"name\":\"The fobizz Annual Report 2025\",\"isPartOf\":{\"@id\":\"https:\\\/\\\/fobizz.com\\\/de\\\/#website\"},\"primaryImageOfPage\":{\"@id\":\"https:\\\/\\\/fobizz.com\\\/en\\\/annual-report\\\/#primaryimage\"},\"image\":{\"@id\":\"https:\\\/\\\/fobizz.com\\\/en\\\/annual-report\\\/#primaryimage\"},\"thumbnailUrl\":\"https:\\\/\\\/fobizz.com\\\/wp-content\\\/uploads\\\/2026\\\/01\\\/fobizz-Jahresbericht-Cover.jpg\",\"datePublished\":\"2026-01-08T09:12:51+00:00\",\"dateModified\":\"2026-02-25T11:26:49+00:00\",\"description\":\"Der Bericht b\u00fcndelt zentrale Entwicklungen, Erfahrungen aus der Praxis und ausgew\u00e4hlte Projekte aus dem fobizz-\u00d6kosystem.\",\"breadcrumb\":{\"@id\":\"https:\\\/\\\/fobizz.com\\\/en\\\/annual-report\\\/#breadcrumb\"},\"inLanguage\":\"en-US\",\"potentialAction\":[{\"@type\":\"ReadAction\",\"target\":[\"https:\\\/\\\/fobizz.com\\\/en\\\/annual-report\\\/\"]}]},{\"@type\":\"ImageObject\",\"inLanguage\":\"en-US\",\"@id\":\"https:\\\/\\\/fobizz.com\\\/en\\\/annual-report\\\/#primaryimage\",\"url\":\"https:\\\/\\\/fobizz.com\\\/wp-content\\\/uploads\\\/2026\\\/01\\\/fobizz-Jahresbericht-Cover.jpg\",\"contentUrl\":\"https:\\\/\\\/fobizz.com\\\/wp-content\\\/uploads\\\/2026\\\/01\\\/fobizz-Jahresbericht-Cover.jpg\",\"width\":1414,\"height\":2000},{\"@type\":\"BreadcrumbList\",\"@id\":\"https:\\\/\\\/fobizz.com\\\/en\\\/annual-report\\\/#breadcrumb\",\"itemListElement\":[{\"@type\":\"ListItem\",\"position\":1,\"name\":\"Startseite\",\"item\":\"https:\\\/\\\/fobizz.com\\\/en\\\/homepage\\\/\"},{\"@type\":\"ListItem\",\"position\":2,\"name\":\"The fobizz Annual Report 2025\"}]},{\"@type\":\"WebSite\",\"@id\":\"https:\\\/\\\/fobizz.com\\\/de\\\/#website\",\"url\":\"https:\\\/\\\/fobizz.com\\\/de\\\/\",\"name\":\"fobizz\",\"description\":\"AI &amp; digital Tools for Teachers\",\"publisher\":{\"@id\":\"https:\\\/\\\/fobizz.com\\\/de\\\/#organization\"},\"potentialAction\":[{\"@type\":\"SearchAction\",\"target\":{\"@type\":\"EntryPoint\",\"urlTemplate\":\"https:\\\/\\\/fobizz.com\\\/de\\\/?s={search_term_string}\"},\"query-input\":{\"@type\":\"PropertyValueSpecification\",\"valueRequired\":true,\"valueName\":\"search_term_string\"}}],\"inLanguage\":\"en-US\"},{\"@type\":\"Organization\",\"@id\":\"https:\\\/\\\/fobizz.com\\\/de\\\/#organization\",\"name\":\"fobizz\",\"url\":\"https:\\\/\\\/fobizz.com\\\/de\\\/\",\"logo\":{\"@type\":\"ImageObject\",\"inLanguage\":\"en-US\",\"@id\":\"https:\\\/\\\/fobizz.com\\\/de\\\/#\\\/schema\\\/logo\\\/image\\\/\",\"url\":\"https:\\\/\\\/fobizz.com\\\/wp-content\\\/uploads\\\/2023\\\/07\\\/fobi_autor_fobizz.png\",\"contentUrl\":\"https:\\\/\\\/fobizz.com\\\/wp-content\\\/uploads\\\/2023\\\/07\\\/fobi_autor_fobizz.png\",\"width\":200,\"height\":200,\"caption\":\"fobizz\"},\"image\":{\"@id\":\"https:\\\/\\\/fobizz.com\\\/de\\\/#\\\/schema\\\/logo\\\/image\\\/\"},\"sameAs\":[\"https:\\\/\\\/www.facebook.com\\\/fobizz\\\/\",\"https:\\\/\\\/x.com\\\/fobizz\",\"https:\\\/\\\/www.instagram.com\\\/fobizz_com\\\/\",\"https:\\\/\\\/www.youtube.com\\\/@fobizz702\",\"https:\\\/\\\/www.pinterest.de\\\/fobizz_com\"]}]}<\/script>\n<!-- \/ Yoast SEO Premium plugin. -->","yoast_head_json":{"title":"The fobizz Annual Report 2025","description":"Der Bericht b\u00fcndelt zentrale Entwicklungen, Erfahrungen aus der Praxis und ausgew\u00e4hlte Projekte aus dem fobizz-\u00d6kosystem.","robots":{"index":"noindex","follow":"nofollow"},"twitter_card":"summary_large_image","twitter_title":"The fobizz Annual Report 2025","twitter_description":"Der Bericht b\u00fcndelt zentrale Entwicklungen, Erfahrungen aus der Praxis und ausgew\u00e4hlte Projekte aus dem fobizz-\u00d6kosystem.","twitter_image":"https:\/\/fobizz.com\/wp-content\/uploads\/2026\/01\/fobizz-Jahresbericht-Cover.jpg","twitter_site":"@fobizz","twitter_misc":{"Est. reading time":"2 minutes"},"schema":{"@context":"https:\/\/schema.org","@graph":[{"@type":"WebPage","@id":"https:\/\/fobizz.com\/en\/annual-report\/","url":"https:\/\/fobizz.com\/en\/annual-report\/","name":"The fobizz Annual Report 2025","isPartOf":{"@id":"https:\/\/fobizz.com\/de\/#website"},"primaryImageOfPage":{"@id":"https:\/\/fobizz.com\/en\/annual-report\/#primaryimage"},"image":{"@id":"https:\/\/fobizz.com\/en\/annual-report\/#primaryimage"},"thumbnailUrl":"https:\/\/fobizz.com\/wp-content\/uploads\/2026\/01\/fobizz-Jahresbericht-Cover.jpg","datePublished":"2026-01-08T09:12:51+00:00","dateModified":"2026-02-25T11:26:49+00:00","description":"Der Bericht b\u00fcndelt zentrale Entwicklungen, Erfahrungen aus der Praxis und ausgew\u00e4hlte Projekte aus dem fobizz-\u00d6kosystem.","breadcrumb":{"@id":"https:\/\/fobizz.com\/en\/annual-report\/#breadcrumb"},"inLanguage":"en-US","potentialAction":[{"@type":"ReadAction","target":["https:\/\/fobizz.com\/en\/annual-report\/"]}]},{"@type":"ImageObject","inLanguage":"en-US","@id":"https:\/\/fobizz.com\/en\/annual-report\/#primaryimage","url":"https:\/\/fobizz.com\/wp-content\/uploads\/2026\/01\/fobizz-Jahresbericht-Cover.jpg","contentUrl":"https:\/\/fobizz.com\/wp-content\/uploads\/2026\/01\/fobizz-Jahresbericht-Cover.jpg","width":1414,"height":2000},{"@type":"BreadcrumbList","@id":"https:\/\/fobizz.com\/en\/annual-report\/#breadcrumb","itemListElement":[{"@type":"ListItem","position":1,"name":"Startseite","item":"https:\/\/fobizz.com\/en\/homepage\/"},{"@type":"ListItem","position":2,"name":"The fobizz Annual Report 2025"}]},{"@type":"WebSite","@id":"https:\/\/fobizz.com\/de\/#website","url":"https:\/\/fobizz.com\/de\/","name":"fobizz","description":"AI &amp; digital Tools for Teachers","publisher":{"@id":"https:\/\/fobizz.com\/de\/#organization"},"potentialAction":[{"@type":"SearchAction","target":{"@type":"EntryPoint","urlTemplate":"https:\/\/fobizz.com\/de\/?s={search_term_string}"},"query-input":{"@type":"PropertyValueSpecification","valueRequired":true,"valueName":"search_term_string"}}],"inLanguage":"en-US"},{"@type":"Organization","@id":"https:\/\/fobizz.com\/de\/#organization","name":"fobizz","url":"https:\/\/fobizz.com\/de\/","logo":{"@type":"ImageObject","inLanguage":"en-US","@id":"https:\/\/fobizz.com\/de\/#\/schema\/logo\/image\/","url":"https:\/\/fobizz.com\/wp-content\/uploads\/2023\/07\/fobi_autor_fobizz.png","contentUrl":"https:\/\/fobizz.com\/wp-content\/uploads\/2023\/07\/fobi_autor_fobizz.png","width":200,"height":200,"caption":"fobizz"},"image":{"@id":"https:\/\/fobizz.com\/de\/#\/schema\/logo\/image\/"},"sameAs":["https:\/\/www.facebook.com\/fobizz\/","https:\/\/x.com\/fobizz","https:\/\/www.instagram.com\/fobizz_com\/","https:\/\/www.youtube.com\/@fobizz702","https:\/\/www.pinterest.de\/fobizz_com"]}]}},"_links":{"self":[{"href":"https:\/\/fobizz.com\/en\/wp-json\/wp\/v2\/pages\/58732","targetHints":{"allow":["GET"]}}],"collection":[{"href":"https:\/\/fobizz.com\/en\/wp-json\/wp\/v2\/pages"}],"about":[{"href":"https:\/\/fobizz.com\/en\/wp-json\/wp\/v2\/types\/page"}],"author":[{"embeddable":true,"href":"https:\/\/fobizz.com\/en\/wp-json\/wp\/v2\/users\/24"}],"replies":[{"embeddable":true,"href":"https:\/\/fobizz.com\/en\/wp-json\/wp\/v2\/comments?post=58732"}],"version-history":[{"count":11,"href":"https:\/\/fobizz.com\/en\/wp-json\/wp\/v2\/pages\/58732\/revisions"}],"predecessor-version":[{"id":58745,"href":"https:\/\/fobizz.com\/en\/wp-json\/wp\/v2\/pages\/58732\/revisions\/58745"}],"wp:featuredmedia":[{"embeddable":true,"href":"https:\/\/fobizz.com\/en\/wp-json\/wp\/v2\/media\/58115"}],"wp:attachment":[{"href":"https:\/\/fobizz.com\/en\/wp-json\/wp\/v2\/media?parent=58732"}],"curies":[{"name":"wp","href":"https:\/\/api.w.org\/{rel}","templated":true}]}}